{"id":3871,"date":"2023-03-21T16:43:28","date_gmt":"2023-03-21T15:43:28","guid":{"rendered":"https:\/\/www.camping-bord-de-loire.com\/politique-de-confidentialite\/"},"modified":"2025-12-03T16:27:46","modified_gmt":"2025-12-03T15:27:46","slug":"politique-de-confidentialite","status":"publish","type":"page","link":"https:\/\/www.camping-bord-de-loire.com\/nl\/politique-de-confidentialite\/","title":{"rendered":"Privacybeleid"},"content":{"rendered":"<section id=\"ls-section-block_8da30b1c88744afb7ae473e0c4ede997\" class=\"ls-section \" >\r\n        <div class=\"container container--wide\">\r\n        \n\n<h1 class=\"ls__heading wp-block-heading has-text-align-center feuille-deco\">PRIVACYBELEID<\/h1>\n\n\n\n<p class=\"ls-paragraph\">Dit privacybeleid beschrijft welke persoonsgegevens worden verzameld of verwerkt wanneer je onze website gebruikt. Dit Privacybeleid beschrijft de soorten persoonsgegevens die worden verzameld wanneer je onze site gebruikt en hoe je persoonsgegevens worden gebruikt, gedeeld en beschermd. Het legt ook uit welke keuzes je hebt met betrekking tot je persoonsgegevens en hoe je contact met ons kunt opnemen.  <\/p>\n\n\n\n<h2 class=\"ls__heading wp-block-heading\">Inhoudsopgave<\/h2>\n\n\n\n<ul class=\"ls-list wp-block-list\">\n<li><a href=\"https:\/\/www.camping-bord-de-loire.com\/nl\/politique-de-confidentialite\/#gdpr-1\">Wie zijn wij?<\/a><\/li>\n\n\n\n<li><a href=\"https:\/\/www.camping-bord-de-loire.com\/nl\/politique-de-confidentialite\/#gdpr-2\">Gebruik van verzamelde persoonsgegevens<\/a><\/li>\n\n\n\n<li><a href=\"https:\/\/www.camping-bord-de-loire.com\/nl\/politique-de-confidentialite\/#gdpr-3\">Reacties<\/a><\/li>\n\n\n\n<li><a href=\"https:\/\/www.camping-bord-de-loire.com\/nl\/politique-de-confidentialite\/#gdpr-4\">Media<\/a><\/li>\n\n\n\n<li><a href=\"https:\/\/www.camping-bord-de-loire.com\/nl\/politique-de-confidentialite\/#gdpr-5\">Contactformulieren<\/a><\/li>\n\n\n\n<li><a href=\"https:\/\/www.camping-bord-de-loire.com\/nl\/politique-de-confidentialite\/#gdpr-6\">Gebruik van cookies<\/a><\/li>\n\n\n\n<li><a href=\"https:\/\/www.camping-bord-de-loire.com\/nl\/politique-de-confidentialite\/#gdpr-7\">Statistieken en analytics<\/a><\/li>\n\n\n\n<li><a href=\"https:\/\/www.camping-bord-de-loire.com\/nl\/politique-de-confidentialite\/#gdpr-8\">Bewaartermijnen van je gegevens<\/a><\/li>\n\n\n\n<li><a href=\"https:\/\/www.camping-bord-de-loire.com\/nl\/politique-de-confidentialite\/#gdpr-9\">Je rechten over je gegevens<\/a><\/li>\n\n\n\n<li><a href=\"https:\/\/www.camping-bord-de-loire.com\/nl\/politique-de-confidentialite\/#gdpr-10\">Overdracht van je persoonsgegevens<\/a><\/li>\n\n\n\n<li><a href=\"https:\/\/www.camping-bord-de-loire.com\/nl\/politique-de-confidentialite\/#gdpr-11\">Hoe we je gegevens beschermen<\/a><\/li>\n\n\n\n<li><a href=\"https:\/\/www.camping-bord-de-loire.com\/nl\/politique-de-confidentialite\/#gdpr-12\">Contactgegevens<\/a><\/li>\n<\/ul>\n\n\n\n<h2 class=\"ls__heading wp-block-heading\" id=\"gdpr-1\">Wie zijn wij?<\/h2>\n\n\n\n<p class=\"ls-paragraph\">Je vindt al onze informatie op de pagina <a href=\"https:\/\/www.camping-bord-de-loire.com\/nl\/?page_id=3548\">juridische vermeldingen<\/a>.<\/p>\n\n\n\n<h2 class=\"ls__heading wp-block-heading\" id=\"gdpr-2\">Gebruik van verzamelde persoonsgegevens<\/h2>\n\n\n\n<p class=\"ls-paragraph\">Wij verzamelen automatisch en direct geen gegevens over jou.<\/p>\n\n\n\n<p class=\"ls-paragraph\">We kunnen echter wel informatie verzamelen, inclusief persoonlijke informatie van derden (zie het gedeelte <a href=\"https:\/\/www.camping-bord-de-loire.com\/nl\/politique-de-confidentialite\/#gdpr-5\">Cookies<\/a>).<\/p>\n\n\n\n<h2 class=\"ls__heading wp-block-heading\" id=\"gdpr-3\">Reacties<\/h2>\n\n\n\n<p class=\"ls-paragraph\">Wanneer je een reactie achterlaat op onze website, worden de gegevens in het reactieformulier, maar ook je IP-adres en de browser user agent opgeslagen om ons te helpen bij het detecteren van ongewenste reacties.<\/p>\n\n\n\n<p class=\"ls-paragraph\">Een geanonimiseerde string die is gemaakt op basis van je e-mailadres (ook wel een hash genoemd) kan worden verzonden naar de Gravatar dienst om te controleren of je deze gebruikt. Het privacybeleid van Gravatar is beschikbaar op https:\/\/automattic.com\/privacy\/. Na goedkeuring van je reactie is je profielfoto publiekelijk zichtbaar naast je reactie. <\/p>\n\n\n\n<h2 class=\"ls__heading wp-block-heading\" id=\"gdpr-4\">Media<\/h2>\n\n\n\n<p class=\"ls-paragraph\">Als je een geregistreerde gebruiker bent en afbeeldingen naar de website uploadt, raden we je aan geen afbeeldingen met GPS-locatiegegevens (EXIF-data) te uploaden. Bezoekers van de website kunnen de locatiegegevens downloaden en extraheren uit deze afbeeldingen. <\/p>\n\n\n\n<h2 class=\"ls__heading wp-block-heading\" id=\"gdpr-5\">Contactformulieren<\/h2>\n\n\n\n<p class=\"ls-paragraph\">Je kunt ervoor kiezen om ons informatie te verstrekken wanneer je een formulier invult. Deze informatie wordt per e-mail naar ons verzonden en wordt nergens anders bewaard dan in onze e-maildienst. Deze informatie wordt alleen gebruikt om op je verzoek te reageren. Als informatie mogelijk voor commerci\u00eble doeleinden wordt gebruikt, zal dit aan het einde van het formulier worden vermeld. We vragen altijd om je toestemming wanneer we informatie via een formulier verzamelen.  <\/p>\n\n\n\n<h2 class=\"ls__heading wp-block-heading\" id=\"gdpr-6\">Gebruik van cookies<\/h2>\n\n\n\n<p class=\"ls-paragraph\"><strong>Wat is een cookie?<\/strong><br\/>Een cookie is een klein gegevensbestand dat wordt overgedragen en opgeslagen op je apparaat. Een cookie stelt ons bijvoorbeeld in staat om je browser, je taal te herkennen of je voorkeuren op te slaan.<br\/>Op onze site worden twee soorten cookies gebruikt: &#8220;sessiecookies&#8221; en &#8220;permanente cookies&#8221;. Sessiecookies verlopen wanneer je je browser sluit, terwijl permanente cookies op je apparaat blijven staan nadat je browser is gesloten en opnieuw kunnen worden gebruikt bij je volgende bezoek aan onze site.  <\/p>\n\n\n\n<p class=\"ls-paragraph\">Meer informatie op <a href=\"https:\/\/allaboutcookies.org\/fr\" target=\"_blank\" rel=\"noreferrer noopener\">allaboutcookies.org<\/a>.<\/p>\n\n\n\n<p class=\"ls-paragraph\"><strong>Onze cookies<\/strong><\/p>\n\n\n\n<p class=\"ls-paragraph\">Als je een reactie achterlaat op onze site, kun je aangeven of je naam, e-mailadres en website in cookies opgeslagen mogen worden. Dit is voor je gemak zodat je deze gegevens niet opnieuw hoeft in te vullen bij een nieuwe reactie. Deze cookies zijn een jaar geldig.  <\/p>\n\n\n\n<p class=\"ls-paragraph\">Als je een account hebt en je logt in op deze site, wordt er een tijdelijke cookie ingesteld om te bepalen of jouw browser cookies accepteert. Deze cookie bevat geen persoonlijke gegevens en wordt automatisch verwijderd zodra je je browser sluit. <\/p>\n\n\n\n<p class=\"ls-paragraph\">Wanneer je inlogt, worden er cookies ingesteld om je aanmeldgegevens en je schermweergave-keuzes op te slaan. Inlogcookies zijn 2 dagen geldig en cookies voor schermweergave-opties zijn een jaar geldig. Als je &#8220;Onthoud mij&#8221; selecteert, wordt je login 2 weken bewaard. Zodra je uitlogt van je account, worden de inlogcookies verwijderd.   <\/p>\n\n\n\n<p class=\"ls-paragraph\">Als je een artikel bewerkt of publiceert wordt een aanvullende cookie door je browser opgeslagen. Deze cookie bevat geen persoonlijke data en heeft enkel het post ID van het artikel dat je hebt bewerkt in zich. Deze cookie is na een dag verlopen.   <\/p>\n\n\n\n<p class=\"ls-paragraph\"><strong>Cookies van derden<\/strong><\/p>\n\n\n\n<p class=\"ls-paragraph\">Artikelen op deze site kunnen ingesloten inhoud bevatten (bijvoorbeeld video&#8217;s, afbeeldingen, artikelen, enz.). Ingesloten inhoud van andere websites gedraagt zich exact hetzelfde alsof de bezoeker deze andere website heeft bezocht. <\/p>\n\n\n\n<p class=\"ls-paragraph\">Deze websites kunnen data over jou verzamelen, cookies gebruiken, tracking van derde partijen insluiten en je interacties met deze ingesloten inhoud monitoren, inclusief de interactie met ingesloten inhoud als je een account hebt en ingelogd bent op die website.<\/p>\n\n\n\n<p class=\"ls-paragraph\">We kunnen bepaalde commerci\u00eble partners toestaan om technologie\u00ebn op onze site te installeren. Deze partners gebruiken deze technologie\u00ebn om ons te helpen analyseren hoe je de site gebruikt, bijvoorbeeld door bij te houden via welke externe diensten je op ons Platform bent gekomen, onze diensten te promoten op onze site en op websites van derden, ons te helpen fraude te detecteren en te voorkomen of risicobeoordelingen uit te voeren, of informatie te verzamelen over je activiteiten op de website. <\/p>\n\n\n\n<p class=\"ls-paragraph\">Onze website kan sociale plugins gebruiken die worden geleverd en beheerd door externe bedrijven, zoals de Facebook &#8220;Vind ik leuk&#8221;-knop. Als gevolg hiervan kun je informatie naar de derde partij sturen over wat je in een bepaald deel van onze site bekijkt. Als je niet bent ingelogd op je account bij de derde partij, kan deze je identiteit niet kennen. Als je wel bent ingelogd op je account bij de derde partij, kan deze de informatie of acties met betrekking tot je interacties met onze site koppelen aan het account dat je bij hen hebt. Raadpleeg het privacybeleid van de derde partij voor meer informatie over hun gegevenspraktijken.    <\/p>\n\n\n\n<p class=\"ls-paragraph\">De lijst met cookies van derden die op deze site worden gebruikt, is beschikbaar via het <a href=\"#moove_gdpr_cookie_modal\">cookie-instellingenpaneel<\/a>.<\/p>\n\n\n\n<h2 class=\"ls__heading wp-block-heading\" id=\"gdpr-7\">Statistieken en analytics<\/h2>\n\n\n\n<p class=\"ls-paragraph\">Voor analyse werken we samen met Google Analytics om informatie te krijgen over het gebruik van onze website om deze te verbeteren. Dit kan worden uitgeschakeld via het <a href=\"#moove_gdpr_cookie_modal\">cookie-instellingenpaneel<\/a>. <\/p>\n\n\n\n<p class=\"ls-paragraph\">Om te voorkomen dat Google Analytics je informatie gebruikt voor analysedoeleinden, kun je ook de Google Analytics Opt-out Browser Add-on installeren door <a href=\"https:\/\/tools.google.com\/dlpage\/gaoptout\" rel=\"noreferrer noopener\" target=\"_blank\">hier<\/a> te klikken. Houd er rekening mee dat we geen controle hebben over deze opt-out link en niet verantwoordelijk zijn voor de beschikbaarheid of nauwkeurigheid van dit mechanisme. Raadpleeg <a href=\"https:\/\/support.google.com\/analytics\/answer\/6004245\" rel=\"noreferrer noopener\" target=\"_blank\">deze documentatie<\/a> voor meer informatie.  <\/p>\n\n\n\n<h2 class=\"ls__heading wp-block-heading\" id=\"gdpr-8\">Bewaartermijnen van je gegevens<\/h2>\n\n\n\n<p class=\"ls-paragraph\">Als je een reactie achterlaat, wordt die reactie en de metadata van die reactie voor altijd bewaard. Op deze manier kunnen we vervolgreacties automatisch herkennen en goedkeuren in plaats van ze in een moderatiewachtrij te houden. <\/p>\n\n\n\n<p class=\"ls-paragraph\">Voor gebruikers die zich registreren op onze website (indien mogelijk), slaan we ook de persoonlijke informatie op die ze verstrekken in hun gebruikersprofiel. Alle gebruikers kunnen op elk moment hun persoonlijke informatie bekijken, bewerken of verwijderen (behalve hun gebruikersnaam). Websitebeheerders kunnen deze informatie ook bekijken en bewerken.  <\/p>\n\n\n\n<h2 class=\"ls__heading wp-block-heading\" id=\"gdpr-9\">Je rechten over je gegevens<\/h2>\n\n\n\n<p class=\"ls-paragraph\">Als je een account hebt of reacties hebt achtergelaten op deze site, kun je verzoeken om een exportbestand van je persoonlijke gegevens die we van je hebben, inclusief alle gegevens die je ons hebt verstrekt. Je kunt ook verzoeken dat we alle persoonlijke gegevens die we van je hebben wissen. Dit bevat geen gegevens die we verplicht moeten bewaren in verband met administratieve, wettelijke of beveiligingsdoeleinden.  <\/p>\n\n\n\n<h2 class=\"ls__heading wp-block-heading\" id=\"gdpr-10\">Overdracht van je persoonsgegevens<\/h2>\n\n\n\n<p class=\"ls-paragraph\">Reacties van bezoekers kunnen door een geautomatiseerde spamdetectieservice worden gecontroleerd<br\/>Alle persoonsgegevens die we verwerken worden verwerkt binnen de Europese Unie.<\/p>\n\n\n\n<h2 class=\"ls__heading wp-block-heading\" id=\"gdpr-11\">Hoe we je gegevens beschermen<\/h2>\n\n\n\n<p class=\"ls-paragraph\">We implementeren en updaten voortdurend de <strong>beveiliging<\/strong> van de site om je informatie te beschermen tegen ongeautoriseerde toegang, verlies, vernietiging of wijziging. We werken er dus aan om je gegevens zo onkwetsbaar mogelijk te maken. Omdat internet geen 100% veilige omgeving is, kunnen we de veiligheid van de overdracht of opslag van je informatie niet volledig garanderen.  <\/p>\n\n\n\n<h2 class=\"ls__heading wp-block-heading\" id=\"gdpr-12\">Contactgegevens<\/h2>\n\n\n\n<p class=\"ls-paragraph\">Voor vragen of verzoeken over je persoonsgegevens kun je contact met ons opnemen via rgpd@geek-tonic.com. Andere contactgegevens zijn beschikbaar op onze <a href=\"https:\/\/www.camping-bord-de-loire.com\/nl\/?page_id=3548\">juridische vermeldingen<\/a>. Houd er rekening mee dat we mogelijk je identiteit moeten verifi\u00ebren voordat we verdere stappen kunnen ondernemen met betrekking tot je verzoek. <\/p>\n\n\r\n    <\/div>\r\n<\/section>","protected":false},"excerpt":{"rendered":"","protected":false},"author":1,"featured_media":0,"parent":0,"menu_order":0,"comment_status":"closed","ping_status":"open","template":"","meta":{"_acf_changed":false,"footnotes":""},"sujet":[],"class_list":["post-3871","page","type-page","status-publish","hentry"],"acf":[],"yoast_head":"<!-- This site is optimized with the Yoast SEO plugin v26.5 - https:\/\/yoast.com\/wordpress\/plugins\/seo\/ -->\n<title>Privacybeleid - Le Jardin de Sully<\/title>\n<meta name=\"robots\" content=\"noindex, nofollow\" \/>\n<meta property=\"og:locale\" content=\"nl_NL\" \/>\n<meta property=\"og:type\" content=\"article\" \/>\n<meta property=\"og:title\" content=\"Privacybeleid - Le Jardin de Sully\" \/>\n<meta property=\"og:url\" content=\"https:\/\/www.camping-bord-de-loire.com\/nl\/politique-de-confidentialite\/\" \/>\n<meta property=\"og:site_name\" content=\"Le Jardin de Sully\" \/>\n<meta property=\"article:publisher\" content=\"https:\/\/www.facebook.com\/CampingLeJardinDeSully\" \/>\n<meta property=\"article:modified_time\" content=\"2025-12-03T15:27:46+00:00\" \/>\n<meta name=\"twitter:card\" content=\"summary_large_image\" \/>\n<meta name=\"twitter:label1\" content=\"Geschatte leestijd\" \/>\n\t<meta name=\"twitter:data1\" content=\"6 minuten\" \/>\n<script type=\"application\/ld+json\" class=\"yoast-schema-graph\">{\"@context\":\"https:\/\/schema.org\",\"@graph\":[{\"@type\":\"WebPage\",\"@id\":\"https:\/\/www.camping-bord-de-loire.com\/nl\/politique-de-confidentialite\/\",\"url\":\"https:\/\/www.camping-bord-de-loire.com\/nl\/politique-de-confidentialite\/\",\"name\":\"Privacybeleid - Le Jardin de Sully\",\"isPartOf\":{\"@id\":\"https:\/\/www.camping-bord-de-loire.com\/#website\"},\"datePublished\":\"2023-03-21T15:43:28+00:00\",\"dateModified\":\"2025-12-03T15:27:46+00:00\",\"breadcrumb\":{\"@id\":\"https:\/\/www.camping-bord-de-loire.com\/nl\/politique-de-confidentialite\/#breadcrumb\"},\"inLanguage\":\"nl-NL\",\"potentialAction\":[{\"@type\":\"ReadAction\",\"target\":[\"https:\/\/www.camping-bord-de-loire.com\/nl\/politique-de-confidentialite\/\"]}]},{\"@type\":\"BreadcrumbList\",\"@id\":\"https:\/\/www.camping-bord-de-loire.com\/nl\/politique-de-confidentialite\/#breadcrumb\",\"itemListElement\":[{\"@type\":\"ListItem\",\"position\":1,\"name\":\"Camping en bord de Loire\",\"item\":\"https:\/\/www.camping-bord-de-loire.com\/nl\/\"},{\"@type\":\"ListItem\",\"position\":2,\"name\":\"Privacybeleid\"}]},{\"@type\":\"WebSite\",\"@id\":\"https:\/\/www.camping-bord-de-loire.com\/#website\",\"url\":\"https:\/\/www.camping-bord-de-loire.com\/\",\"name\":\"Flower Camping le Jardin de Sully\",\"description\":\"\",\"publisher\":{\"@id\":\"https:\/\/www.camping-bord-de-loire.com\/#organization\"},\"alternateName\":\"Camping le Jardin de Sully\",\"potentialAction\":[{\"@type\":\"SearchAction\",\"target\":{\"@type\":\"EntryPoint\",\"urlTemplate\":\"https:\/\/www.camping-bord-de-loire.com\/?s={search_term_string}\"},\"query-input\":{\"@type\":\"PropertyValueSpecification\",\"valueRequired\":true,\"valueName\":\"search_term_string\"}}],\"inLanguage\":\"nl-NL\"},{\"@type\":\"Organization\",\"@id\":\"https:\/\/www.camping-bord-de-loire.com\/#organization\",\"name\":\"Flower Camping Le Jardin De Sully (Ouvert \u00e0 l\u2019ann\u00e9e)\",\"alternateName\":\"Camping le Jardin de Sully\",\"url\":\"https:\/\/www.camping-bord-de-loire.com\/\",\"logo\":{\"@type\":\"ImageObject\",\"inLanguage\":\"nl-NL\",\"@id\":\"https:\/\/www.camping-bord-de-loire.com\/#\/schema\/logo\/image\/\",\"url\":\"https:\/\/www.camping-bord-de-loire.com\/wp-content\/uploads\/2023\/03\/camping-de-sully-logo-blanc.webp\",\"contentUrl\":\"https:\/\/www.camping-bord-de-loire.com\/wp-content\/uploads\/2023\/03\/camping-de-sully-logo-blanc.webp\",\"width\":250,\"height\":193,\"caption\":\"Flower Camping Le Jardin De Sully (Ouvert \u00e0 l\u2019ann\u00e9e)\"},\"image\":{\"@id\":\"https:\/\/www.camping-bord-de-loire.com\/#\/schema\/logo\/image\/\"},\"sameAs\":[\"https:\/\/www.facebook.com\/CampingLeJardinDeSully\"]}]}<\/script>\n<!-- \/ Yoast SEO plugin. -->","yoast_head_json":{"title":"Privacybeleid - Le Jardin de Sully","robots":{"index":"noindex","follow":"nofollow"},"og_locale":"nl_NL","og_type":"article","og_title":"Privacybeleid - Le Jardin de Sully","og_url":"https:\/\/www.camping-bord-de-loire.com\/nl\/politique-de-confidentialite\/","og_site_name":"Le Jardin de Sully","article_publisher":"https:\/\/www.facebook.com\/CampingLeJardinDeSully","article_modified_time":"2025-12-03T15:27:46+00:00","twitter_card":"summary_large_image","twitter_misc":{"Geschatte leestijd":"6 minuten"},"schema":{"@context":"https:\/\/schema.org","@graph":[{"@type":"WebPage","@id":"https:\/\/www.camping-bord-de-loire.com\/nl\/politique-de-confidentialite\/","url":"https:\/\/www.camping-bord-de-loire.com\/nl\/politique-de-confidentialite\/","name":"Privacybeleid - Le Jardin de Sully","isPartOf":{"@id":"https:\/\/www.camping-bord-de-loire.com\/#website"},"datePublished":"2023-03-21T15:43:28+00:00","dateModified":"2025-12-03T15:27:46+00:00","breadcrumb":{"@id":"https:\/\/www.camping-bord-de-loire.com\/nl\/politique-de-confidentialite\/#breadcrumb"},"inLanguage":"nl-NL","potentialAction":[{"@type":"ReadAction","target":["https:\/\/www.camping-bord-de-loire.com\/nl\/politique-de-confidentialite\/"]}]},{"@type":"BreadcrumbList","@id":"https:\/\/www.camping-bord-de-loire.com\/nl\/politique-de-confidentialite\/#breadcrumb","itemListElement":[{"@type":"ListItem","position":1,"name":"Camping en bord de Loire","item":"https:\/\/www.camping-bord-de-loire.com\/nl\/"},{"@type":"ListItem","position":2,"name":"Privacybeleid"}]},{"@type":"WebSite","@id":"https:\/\/www.camping-bord-de-loire.com\/#website","url":"https:\/\/www.camping-bord-de-loire.com\/","name":"Flower Camping le Jardin de Sully","description":"","publisher":{"@id":"https:\/\/www.camping-bord-de-loire.com\/#organization"},"alternateName":"Camping le Jardin de Sully","potentialAction":[{"@type":"SearchAction","target":{"@type":"EntryPoint","urlTemplate":"https:\/\/www.camping-bord-de-loire.com\/?s={search_term_string}"},"query-input":{"@type":"PropertyValueSpecification","valueRequired":true,"valueName":"search_term_string"}}],"inLanguage":"nl-NL"},{"@type":"Organization","@id":"https:\/\/www.camping-bord-de-loire.com\/#organization","name":"Flower Camping Le Jardin De Sully (Ouvert \u00e0 l\u2019ann\u00e9e)","alternateName":"Camping le Jardin de Sully","url":"https:\/\/www.camping-bord-de-loire.com\/","logo":{"@type":"ImageObject","inLanguage":"nl-NL","@id":"https:\/\/www.camping-bord-de-loire.com\/#\/schema\/logo\/image\/","url":"https:\/\/www.camping-bord-de-loire.com\/wp-content\/uploads\/2023\/03\/camping-de-sully-logo-blanc.webp","contentUrl":"https:\/\/www.camping-bord-de-loire.com\/wp-content\/uploads\/2023\/03\/camping-de-sully-logo-blanc.webp","width":250,"height":193,"caption":"Flower Camping Le Jardin De Sully (Ouvert \u00e0 l\u2019ann\u00e9e)"},"image":{"@id":"https:\/\/www.camping-bord-de-loire.com\/#\/schema\/logo\/image\/"},"sameAs":["https:\/\/www.facebook.com\/CampingLeJardinDeSully"]}]}},"_links":{"self":[{"href":"https:\/\/www.camping-bord-de-loire.com\/nl\/wp-json\/wp\/v2\/pages\/3871","targetHints":{"allow":["GET"]}}],"collection":[{"href":"https:\/\/www.camping-bord-de-loire.com\/nl\/wp-json\/wp\/v2\/pages"}],"about":[{"href":"https:\/\/www.camping-bord-de-loire.com\/nl\/wp-json\/wp\/v2\/types\/page"}],"author":[{"embeddable":true,"href":"https:\/\/www.camping-bord-de-loire.com\/nl\/wp-json\/wp\/v2\/users\/1"}],"replies":[{"embeddable":true,"href":"https:\/\/www.camping-bord-de-loire.com\/nl\/wp-json\/wp\/v2\/comments?post=3871"}],"version-history":[{"count":2,"href":"https:\/\/www.camping-bord-de-loire.com\/nl\/wp-json\/wp\/v2\/pages\/3871\/revisions"}],"predecessor-version":[{"id":4027,"href":"https:\/\/www.camping-bord-de-loire.com\/nl\/wp-json\/wp\/v2\/pages\/3871\/revisions\/4027"}],"wp:attachment":[{"href":"https:\/\/www.camping-bord-de-loire.com\/nl\/wp-json\/wp\/v2\/media?parent=3871"}],"wp:term":[{"taxonomy":"sujet","embeddable":true,"href":"https:\/\/www.camping-bord-de-loire.com\/nl\/wp-json\/wp\/v2\/sujet?post=3871"}],"curies":[{"name":"wp","href":"https:\/\/api.w.org\/{rel}","templated":true}]}}