{"id":2871,"date":"2025-11-01T12:30:01","date_gmt":"2025-11-01T11:30:01","guid":{"rendered":"https:\/\/www.camping-bord-de-loire.com\/actualites-conseils\/"},"modified":"2025-12-05T09:26:57","modified_gmt":"2025-12-05T08:26:57","slug":"actualites-conseils","status":"publish","type":"page","link":"https:\/\/www.camping-bord-de-loire.com\/es\/actualites-conseils\/","title":{"rendered":"Noticias y Consejos"},"content":{"rendered":"<section id=\"ls-section-block_d536db6656b9934211c04c0fe083071d\" class=\"ls-section  home-chapeau has-p-b p-b-0\" >\r\n        <div class=\"container container--wide\">\r\n        \n\n<h1 class=\"ls__heading wp-block-heading has-text-align-center deco-center castel\">Noticias de Le Jardin de Sully<\/h1>\n\n\r\n    <\/div>\r\n<\/section><section id=\"ls-section-block_396a65617a41fc276fcbf50e04ddbd65\" class=\"ls-section  page-one has-p-t p-t-10 has-p-b p-b-14\" >\r\n        <div class=\"container container--wide\">\r\n        \n\n<div class=\"wp-block-columns is-layout-flex wp-container-core-columns-is-layout-9d6595d7 wp-block-columns-is-layout-flex\">\n<div class=\"wp-block-column is-layout-flow wp-block-column-is-layout-flow\" style=\"flex-basis:66.66%\">\n<figure class=\"wp-block-image size-full animated fadeIn slow\"><img decoding=\"async\" src=\"https:\/\/www.camping-bord-de-loire.com\/wp-content\/uploads\/2023\/03\/Belvedere-des-Caillettes-&#xA9;Communaute-de-Communes-du-Pithiverais-Gatinais.-_21_-1.webp\" alt=\"monumento de madera\" class=\"wp-image-2768\"\/><\/figure>\n<\/div>\n\n\n\n<div class=\"wp-block-column is-vertically-aligned-center is-layout-flow wp-block-column-is-layout-flow\" style=\"flex-basis:33.33%\">\n<p class=\"ls-paragraph\">Bienvenido a la p\u00e1gina de <strong>Noticias y Consejos<\/strong> del <strong>Flower Camping le Jardin de Sully<\/strong>, tu camping familiar abierto todo el a\u00f1o en Saint-P\u00e8re-sur-Loire, frente al castillo de Sully-sur-Loire.<br\/>Aqu\u00ed encontrar\u00e1s todas nuestras <strong>ideas para estancias<\/strong>, nuestros <strong>consejos pr\u00e1cticos<\/strong> y las <strong>novedades del camping<\/strong> a lo largo de las temporadas.<\/p>\n<\/div>\n<\/div>\n\n\r\n    <\/div>\r\n<\/section><section id=\"ls-section-block_17b1b58be901008eee2383bfb78fa8a8\" class=\"ls-section  page-parallax-bis has-background-image has-parallax has-p-t p-t-14 has-p-b p-b-14\" >\r\n    <div class=\"ls-section__background-image opacity-100\"><img decoding=\"async\" src=\"https:\/\/www.camping-bord-de-loire.com\/wp-content\/uploads\/2023\/04\/visiter-chateau-loire-3-scaled.webp\" alt=\"visitar castillo sully\"><\/div>    <div class=\"container \">\r\n        \r\n    <\/div>\r\n<\/section><section id=\"ls-section-block_9a5fdb290e08f9af0eb817c7708dd8cc\" class=\"ls-section  page-parallax\" >\r\n        <div class=\"container container--full\">\r\n        \n\n<div class=\"wp-block-columns is-layout-flex wp-container-core-columns-is-layout-9d6595d7 wp-block-columns-is-layout-flex\">\n<div class=\"wp-block-column left is-layout-flow wp-block-column-is-layout-flow\"><\/div>\n\n\n\n<div class=\"wp-block-column right has-color-white-background-color has-background is-layout-flow wp-block-column-is-layout-flow\">\n<h2 class=\"ls__heading wp-block-heading deco\">Ideas para estancias en Loiret<\/h2>\n\n\n\n<p class=\"ls-paragraph\">\u00bfTe apetece un fin de semana de oto\u00f1o a orillas del Loira, una estancia acogedora en invierno, una escapada a la naturaleza en primavera o visitar pintorescos pueblos y disfrutar del sol en verano?<br\/><strong>Nuestros art\u00edculos<\/strong> te dan ideas para aprovechar al m\u00e1ximo tu estancia en Loiret, ya sea en mobile home, tienda de campa\u00f1a o autocaravana.<\/p>\n\n\n\n<p class=\"ls-paragraph\">Descubre nuestras sugerencias para fines de semana y nuestros consejos para visitar Sully-sur-Loire y sus alrededores durante todo el a\u00f1o.<\/p>\n<\/div>\n<\/div>\n\n\r\n    <\/div>\r\n<\/section><section id=\"ls-section-block_05a9e01c7fabf9fa7f91def63fbd24c3\" class=\"ls-section  page-two fond-degrade has-p-b p-b-14\" >\r\n        <div class=\"container container--wide\">\r\n        \n\n<div class=\"wp-block-columns is-layout-flex wp-container-core-columns-is-layout-9d6595d7 wp-block-columns-is-layout-flex\">\n<div class=\"wp-block-column is-layout-flow wp-block-column-is-layout-flow\">\n<h2 class=\"ls__heading wp-block-heading deco\">Las novedades del camping<\/h2>\n\n\n\n<p class=\"ls-paragraph\">Sigue los bastidores de <strong><a href=\"https:\/\/www.camping-bord-de-loire.com\/es\/\">Le Jardin de Sully<\/a><\/strong>: obras de mejora, nuevas actividades, proyectos sostenibles o an\u00e9cdotas de la vida del camping.<br\/>Aqu\u00ed compartimos todo lo que hace la vida del camping, con total transparencia y con la cordialidad que nos caracteriza.<\/p>\n\n\n\n<p class=\"ls-paragraph\">\u00a1Consulta regularmente esta secci\u00f3n para no perderte ninguna de nuestras novedades!<\/p>\n\n\n\n<h2 class=\"ls__heading wp-block-heading deco\">Descubrimientos alrededor de Sully-sur-Loire<\/h2>\n\n\n\n<p class=\"ls-paragraph\">El camping es el punto de partida ideal para <strong>explorar el Loira<\/strong> y sus tesoros: patrimonio, gastronom\u00eda, senderismo o paseos en bicicleta.<br\/>Te hacemos descubrir nuestros lugares favoritos, nuestros <strong>pueblos preferidos<\/strong> y los eventos que no te puedes perder en Loiret.<\/p>\n\n\n\n<p class=\"ls-paragraph\">Insp\u00edrate para tus pr\u00f3ximas escapadas en la regi\u00f3n del <strong>Centro-Valle del Loira<\/strong>.<\/p>\n\n\n\n<h2 class=\"ls__heading wp-block-heading deco\">Consejos y pr\u00e1cticas<\/h2>\n\n\n\n<p class=\"ls-paragraph\">Prepara mejor tu estancia gracias a nuestros consejos para viajar ligero, elegir tu alojamiento o descubrir la regi\u00f3n con total tranquilidad.<br\/>Ya seas un campista experimentado o un amante de la comodidad, compartimos nuestros mejores consejos para una estancia exitosa.<\/p>\n<\/div>\n\n\n\n<div class=\"wp-block-column is-layout-flow wp-block-column-is-layout-flow\">\n<figure class=\"wp-block-image size-large\"><img decoding=\"async\" src=\"https:\/\/www.camping-bord-de-loire.com\/wp-content\/uploads\/2025\/10\/2023-09-08-Camping-Le-Jardin-de-Sully-_web_-&#xA9;-Pomme-Jean-Marc_15_0-edited-1.webp\" alt=\"gerentes camping sully\" class=\"wp-image-2793\" style=\"aspect-ratio:3\/4;object-fit:cover\"\/><\/figure>\n<\/div>\n<\/div>\n\n\r\n    <\/div>\r\n<\/section><section id=\"ls-section-block_48b12edc9f327b9366a3b525c0ed115e\" class=\"ls-section  page-maillage has-p-t p-t-14 has-p-b p-b-14\" >\r\n        <div class=\"container container--wide\">\r\n        \n\n<div id=\"ls-heading ls-titre-div-block_4b68a76d19abb7a47206a85aa8e4dbde\" class=\"ls-titre-div deco aligncenter h2-like\" >\n    Encuentra nuestros art\u00edculos<\/div>\n\n\n\n<div class=\"wp-block-columns is-layout-flex wp-container-core-columns-is-layout-9d6595d7 wp-block-columns-is-layout-flex\">\n<div class=\"wp-block-column is-layout-flow wp-block-column-is-layout-flow\">\r\n<div id=\"ls-cta-block_a671a3e6db8944477692a5c451307b6f\" class=\"ls-cta\">  \r\n    \n\n<a href=\"https:\/\/www.camping-bord-de-loire.com\/es\/ideas-para-estancias\/\" target=\"\" rel=\"noopener\" class=\"ls-cta__link\">\n\n\t<div class=\"ls-cta__image\"><img decoding=\"async\" src=\"https:\/\/www.camping-bord-de-loire.com\/wp-content\/uploads\/2023\/03\/escapade-dans-le-loiret-proche-paris.jpg\" alt=\"\"><\/div>\n\t<div class=\"ls-cta__title\">\n\t\tIdeas para estancias\t<\/div>\n\n\t\t\n<\/a><\/div><\/div>\n\n\n\n<div class=\"wp-block-column is-layout-flow wp-block-column-is-layout-flow\">\r\n<div id=\"ls-cta-block_646a4a6c52787e4e29eabc4cfe98a3d6\" class=\"ls-cta\">  \r\n    \n\n<a href=\"https:\/\/www.camping-bord-de-loire.com\/es\/descubre-la-region\/\" target=\"\" rel=\"noopener\" class=\"ls-cta__link\">\n\n\t<div class=\"ls-cta__image\"><img decoding=\"async\" src=\"https:\/\/www.camping-bord-de-loire.com\/wp-content\/uploads\/2025\/11\/camping-ouvert-toute-lannee-proche-paris.jpg\" alt=\"parcelas de camping con caravanas y furgonetas\"><\/div>\n\t<div class=\"ls-cta__title\">\n\t\tDescubrir la regi\u00f3n\t<\/div>\n\n\t\t\n<\/a><\/div><\/div>\n\n\n\n<div class=\"wp-block-column is-layout-flow wp-block-column-is-layout-flow\"><\/div>\n<\/div>\n\n\r\n    <\/div>\r\n<\/section><section id=\"ls-section-block_48b12edc9f327b9366a3b525c0ed115e\" class=\"ls-section  page-maillage has-p-t p-t-14 has-p-b p-b-14\" >\r\n        <div class=\"container container--wide\">\r\n        \n\n<div id=\"ls-heading ls-titre-div-block_9bcb7b71e4bb3b03fd42902e8970f798\" class=\"ls-titre-div deco aligncenter h2-like\" >\n    Prepara ya tus pr\u00f3ximas vacaciones<\/div>\n\n\n\n<p class=\"ls-paragraph\">El <strong>Flower Camping le Jardin de Sully<\/strong> te da la bienvenida todo el a\u00f1o a orillas del Loira, en un entorno tranquilo y verde.<br\/>Para un fin de semana, unas vacaciones o una pausa relajante, nuestros mobile homes, parcelas y lodges te esperan a un paso del castillo de Sully-sur-Loire.<\/p>\n\n\n\n<p class=\"ls-paragraph\"><a href=\"https:\/\/www.camping-bord-de-loire.com\/es\/alquiler-mobil-home-loiret\/\">Descubre nuestros alojamientos<\/a><\/p>\n\n\n\n<p class=\"ls-paragraph\"><a href=\"https:\/\/www.camping-bord-de-loire.com\/es\/acceso-de-contacto\/\">Cont\u00e1ctanos para reservar tu estancia<\/a><\/p>\n\n\n\n<div id=\"ls-heading ls-titre-div-block_9a6ac6e3bceecc9d092a0f1193676edf\" class=\"ls-titre-div deco aligncenter h2-like\" >\n    Descubre el camping y sus alrededores<\/div>\n\n\n<div id=\"ls-maillage-block_cabb4212ef915ecb5076f87462330d02\" class=\"ls-maillage cta-style-normal\" data-rows=\"3\">\r\n    <div class=\"wp-block-columns\"><div class=\"wp-block-column\">\n\n<a href=\"https:\/\/www.camping-bord-de-loire.com\/es\/location-emplacement-loiret\/\" target=\"\" rel=\"noopener\" class=\"ls-cta__link\">\n\n\t<div class=\"ls-cta__image\"><img decoding=\"async\" src=\"https:\/\/www.camping-bord-de-loire.com\/wp-content\/uploads\/2023\/04\/emplacement-caravaning-loiret.webp\" alt=\"parcela caravaning loiret\"><\/div>\n\t<div class=\"ls-cta__title\">\n\t\tNuestras parcelas\t<\/div>\n\n\t\t\n<\/a><\/div><div class=\"wp-block-column\">\n\n<a href=\"https:\/\/www.camping-bord-de-loire.com\/es\/activites-loiret\/\" target=\"\" rel=\"noopener\" class=\"ls-cta__link\">\n\n\t<div class=\"ls-cta__image\"><img decoding=\"async\" src=\"https:\/\/www.camping-bord-de-loire.com\/wp-content\/uploads\/2023\/04\/vacances-sportives-loiret.webp\" alt=\"vacaciones deportivas loiret\"><\/div>\n\t<div class=\"ls-cta__title\">\n\t\tActividades en Loiret\t<\/div>\n\n\t\t\n<\/a><\/div><div class=\"wp-block-column\">\n\n<a href=\"https:\/\/www.camping-bord-de-loire.com\/es\/tourisme-loiret\/\" target=\"\" rel=\"noopener\" class=\"ls-cta__link\">\n\n\t<div class=\"ls-cta__image\"><img decoding=\"async\" src=\"https:\/\/www.camping-bord-de-loire.com\/wp-content\/uploads\/2023\/04\/chateau-loiret-2-768x512.webp\" alt=\"castillo loiret 2\"><\/div>\n\t<div class=\"ls-cta__title\">\n\t\tTurismo\t<\/div>\n\n\t\t\n<\/a><\/div><\/div><\/div>\n\r\n    <\/div>\r\n<\/section><section id=\"ls-section-block_3af3d24fcb966de9b73168a1183968aa\" class=\"ls-section \" >\r\n        <div class=\"container \">\r\n        \r\n    <\/div>\r\n<\/section>","protected":false},"excerpt":{"rendered":"","protected":false},"author":2,"featured_media":2810,"parent":0,"menu_order":0,"comment_status":"closed","ping_status":"closed","template":"","meta":{"_acf_changed":false,"footnotes":""},"sujet":[],"class_list":["post-2871","page","type-page","status-publish","has-post-thumbnail","hentry"],"acf":[],"yoast_head":"<!-- This site is optimized with the Yoast SEO plugin v26.5 - https:\/\/yoast.com\/wordpress\/plugins\/seo\/ -->\n<title>Noticias | Camping le Jardin de Sully en Saint-P\u00e8re-sur-Loire<\/title>\n<meta name=\"description\" content=\"Encuentra todas las noticias, consejos e ideas para estancias en Le Jardin de Sully, un camping familiar abierto todo el a\u00f1o a orillas del Loira.\" \/>\n<meta name=\"robots\" content=\"index, follow, max-snippet:-1, max-image-preview:large, max-video-preview:-1\" \/>\n<link rel=\"canonical\" href=\"https:\/\/www.camping-bord-de-loire.com\/es\/actualites-conseils\/\" \/>\n<meta property=\"og:locale\" content=\"es_ES\" \/>\n<meta property=\"og:type\" content=\"article\" \/>\n<meta property=\"og:title\" content=\"Noticias | Camping le Jardin de Sully en Saint-P\u00e8re-sur-Loire\" \/>\n<meta property=\"og:description\" content=\"Encuentra todas las noticias, consejos e ideas para estancias en Le Jardin de Sully, un camping familiar abierto todo el a\u00f1o a orillas del Loira.\" \/>\n<meta property=\"og:url\" content=\"https:\/\/www.camping-bord-de-loire.com\/es\/actualites-conseils\/\" \/>\n<meta property=\"og:site_name\" content=\"Le Jardin de Sully\" \/>\n<meta property=\"article:publisher\" content=\"https:\/\/www.facebook.com\/CampingLeJardinDeSully\" \/>\n<meta property=\"article:modified_time\" content=\"2025-12-05T08:26:57+00:00\" \/>\n<meta property=\"og:image\" content=\"https:\/\/www.camping-bord-de-loire.com\/wp-content\/uploads\/2023\/03\/photo-de-balade-dans-le-loiret.webp\" \/>\n\t<meta property=\"og:image:width\" content=\"1600\" \/>\n\t<meta property=\"og:image:height\" content=\"896\" \/>\n\t<meta property=\"og:image:type\" content=\"image\/webp\" \/>\n<meta name=\"twitter:card\" content=\"summary_large_image\" \/>\n<meta name=\"twitter:label1\" content=\"Tiempo de lectura\" \/>\n\t<meta name=\"twitter:data1\" content=\"2 minutos\" \/>\n<script type=\"application\/ld+json\" class=\"yoast-schema-graph\">{\"@context\":\"https:\/\/schema.org\",\"@graph\":[{\"@type\":\"WebPage\",\"@id\":\"https:\/\/www.camping-bord-de-loire.com\/es\/actualites-conseils\/\",\"url\":\"https:\/\/www.camping-bord-de-loire.com\/es\/actualites-conseils\/\",\"name\":\"Noticias | Camping le Jardin de Sully en Saint-P\u00e8re-sur-Loire\",\"isPartOf\":{\"@id\":\"https:\/\/www.camping-bord-de-loire.com\/#website\"},\"primaryImageOfPage\":{\"@id\":\"https:\/\/www.camping-bord-de-loire.com\/es\/actualites-conseils\/#primaryimage\"},\"image\":{\"@id\":\"https:\/\/www.camping-bord-de-loire.com\/es\/actualites-conseils\/#primaryimage\"},\"thumbnailUrl\":\"https:\/\/www.camping-bord-de-loire.com\/wp-content\/uploads\/2023\/03\/photo-de-balade-dans-le-loiret.webp\",\"datePublished\":\"2025-11-01T11:30:01+00:00\",\"dateModified\":\"2025-12-05T08:26:57+00:00\",\"description\":\"Encuentra todas las noticias, consejos e ideas para estancias en Le Jardin de Sully, un camping familiar abierto todo el a\u00f1o a orillas del Loira.\",\"breadcrumb\":{\"@id\":\"https:\/\/www.camping-bord-de-loire.com\/es\/actualites-conseils\/#breadcrumb\"},\"inLanguage\":\"es\",\"potentialAction\":[{\"@type\":\"ReadAction\",\"target\":[\"https:\/\/www.camping-bord-de-loire.com\/es\/actualites-conseils\/\"]}]},{\"@type\":\"ImageObject\",\"inLanguage\":\"es\",\"@id\":\"https:\/\/www.camping-bord-de-loire.com\/es\/actualites-conseils\/#primaryimage\",\"url\":\"https:\/\/www.camping-bord-de-loire.com\/wp-content\/uploads\/2023\/03\/photo-de-balade-dans-le-loiret.webp\",\"contentUrl\":\"https:\/\/www.camping-bord-de-loire.com\/wp-content\/uploads\/2023\/03\/photo-de-balade-dans-le-loiret.webp\",\"width\":1600,\"height\":896,\"caption\":\"foto de paseo en loiret\"},{\"@type\":\"BreadcrumbList\",\"@id\":\"https:\/\/www.camping-bord-de-loire.com\/es\/actualites-conseils\/#breadcrumb\",\"itemListElement\":[{\"@type\":\"ListItem\",\"position\":1,\"name\":\"Camping a orillas del Loira\",\"item\":\"https:\/\/www.camping-bord-de-loire.com\/es\/\"},{\"@type\":\"ListItem\",\"position\":2,\"name\":\"Noticias y Consejos\"}]},{\"@type\":\"WebSite\",\"@id\":\"https:\/\/www.camping-bord-de-loire.com\/#website\",\"url\":\"https:\/\/www.camping-bord-de-loire.com\/\",\"name\":\"Flower Camping le Jardin de Sully\",\"description\":\"\",\"publisher\":{\"@id\":\"https:\/\/www.camping-bord-de-loire.com\/#organization\"},\"alternateName\":\"Camping le Jardin de Sully\",\"potentialAction\":[{\"@type\":\"SearchAction\",\"target\":{\"@type\":\"EntryPoint\",\"urlTemplate\":\"https:\/\/www.camping-bord-de-loire.com\/?s={search_term_string}\"},\"query-input\":{\"@type\":\"PropertyValueSpecification\",\"valueRequired\":true,\"valueName\":\"search_term_string\"}}],\"inLanguage\":\"es\"},{\"@type\":\"Organization\",\"@id\":\"https:\/\/www.camping-bord-de-loire.com\/#organization\",\"name\":\"Flower Camping Le Jardin De Sully (Ouvert \u00e0 l\u2019ann\u00e9e)\",\"alternateName\":\"Camping le Jardin de Sully\",\"url\":\"https:\/\/www.camping-bord-de-loire.com\/\",\"logo\":{\"@type\":\"ImageObject\",\"inLanguage\":\"es\",\"@id\":\"https:\/\/www.camping-bord-de-loire.com\/#\/schema\/logo\/image\/\",\"url\":\"https:\/\/www.camping-bord-de-loire.com\/wp-content\/uploads\/2023\/03\/camping-de-sully-logo-blanc.webp\",\"contentUrl\":\"https:\/\/www.camping-bord-de-loire.com\/wp-content\/uploads\/2023\/03\/camping-de-sully-logo-blanc.webp\",\"width\":250,\"height\":193,\"caption\":\"Flower Camping Le Jardin De Sully (Ouvert \u00e0 l\u2019ann\u00e9e)\"},\"image\":{\"@id\":\"https:\/\/www.camping-bord-de-loire.com\/#\/schema\/logo\/image\/\"},\"sameAs\":[\"https:\/\/www.facebook.com\/CampingLeJardinDeSully\"]}]}<\/script>\n<!-- \/ Yoast SEO plugin. -->","yoast_head_json":{"title":"Noticias | Camping le Jardin de Sully en Saint-P\u00e8re-sur-Loire","description":"Encuentra todas las noticias, consejos e ideas para estancias en Le Jardin de Sully, un camping familiar abierto todo el a\u00f1o a orillas del Loira.","robots":{"index":"index","follow":"follow","max-snippet":"max-snippet:-1","max-image-preview":"max-image-preview:large","max-video-preview":"max-video-preview:-1"},"canonical":"https:\/\/www.camping-bord-de-loire.com\/es\/actualites-conseils\/","og_locale":"es_ES","og_type":"article","og_title":"Noticias | Camping le Jardin de Sully en Saint-P\u00e8re-sur-Loire","og_description":"Encuentra todas las noticias, consejos e ideas para estancias en Le Jardin de Sully, un camping familiar abierto todo el a\u00f1o a orillas del Loira.","og_url":"https:\/\/www.camping-bord-de-loire.com\/es\/actualites-conseils\/","og_site_name":"Le Jardin de Sully","article_publisher":"https:\/\/www.facebook.com\/CampingLeJardinDeSully","article_modified_time":"2025-12-05T08:26:57+00:00","og_image":[{"width":1600,"height":896,"url":"https:\/\/www.camping-bord-de-loire.com\/wp-content\/uploads\/2023\/03\/photo-de-balade-dans-le-loiret.webp","type":"image\/webp"}],"twitter_card":"summary_large_image","twitter_misc":{"Tiempo de lectura":"2 minutos"},"schema":{"@context":"https:\/\/schema.org","@graph":[{"@type":"WebPage","@id":"https:\/\/www.camping-bord-de-loire.com\/es\/actualites-conseils\/","url":"https:\/\/www.camping-bord-de-loire.com\/es\/actualites-conseils\/","name":"Noticias | Camping le Jardin de Sully en Saint-P\u00e8re-sur-Loire","isPartOf":{"@id":"https:\/\/www.camping-bord-de-loire.com\/#website"},"primaryImageOfPage":{"@id":"https:\/\/www.camping-bord-de-loire.com\/es\/actualites-conseils\/#primaryimage"},"image":{"@id":"https:\/\/www.camping-bord-de-loire.com\/es\/actualites-conseils\/#primaryimage"},"thumbnailUrl":"https:\/\/www.camping-bord-de-loire.com\/wp-content\/uploads\/2023\/03\/photo-de-balade-dans-le-loiret.webp","datePublished":"2025-11-01T11:30:01+00:00","dateModified":"2025-12-05T08:26:57+00:00","description":"Encuentra todas las noticias, consejos e ideas para estancias en Le Jardin de Sully, un camping familiar abierto todo el a\u00f1o a orillas del Loira.","breadcrumb":{"@id":"https:\/\/www.camping-bord-de-loire.com\/es\/actualites-conseils\/#breadcrumb"},"inLanguage":"es","potentialAction":[{"@type":"ReadAction","target":["https:\/\/www.camping-bord-de-loire.com\/es\/actualites-conseils\/"]}]},{"@type":"ImageObject","inLanguage":"es","@id":"https:\/\/www.camping-bord-de-loire.com\/es\/actualites-conseils\/#primaryimage","url":"https:\/\/www.camping-bord-de-loire.com\/wp-content\/uploads\/2023\/03\/photo-de-balade-dans-le-loiret.webp","contentUrl":"https:\/\/www.camping-bord-de-loire.com\/wp-content\/uploads\/2023\/03\/photo-de-balade-dans-le-loiret.webp","width":1600,"height":896,"caption":"foto de paseo en loiret"},{"@type":"BreadcrumbList","@id":"https:\/\/www.camping-bord-de-loire.com\/es\/actualites-conseils\/#breadcrumb","itemListElement":[{"@type":"ListItem","position":1,"name":"Camping a orillas del Loira","item":"https:\/\/www.camping-bord-de-loire.com\/es\/"},{"@type":"ListItem","position":2,"name":"Noticias y Consejos"}]},{"@type":"WebSite","@id":"https:\/\/www.camping-bord-de-loire.com\/#website","url":"https:\/\/www.camping-bord-de-loire.com\/","name":"Flower Camping le Jardin de Sully","description":"","publisher":{"@id":"https:\/\/www.camping-bord-de-loire.com\/#organization"},"alternateName":"Camping le Jardin de Sully","potentialAction":[{"@type":"SearchAction","target":{"@type":"EntryPoint","urlTemplate":"https:\/\/www.camping-bord-de-loire.com\/?s={search_term_string}"},"query-input":{"@type":"PropertyValueSpecification","valueRequired":true,"valueName":"search_term_string"}}],"inLanguage":"es"},{"@type":"Organization","@id":"https:\/\/www.camping-bord-de-loire.com\/#organization","name":"Flower Camping Le Jardin De Sully (Ouvert \u00e0 l\u2019ann\u00e9e)","alternateName":"Camping le Jardin de Sully","url":"https:\/\/www.camping-bord-de-loire.com\/","logo":{"@type":"ImageObject","inLanguage":"es","@id":"https:\/\/www.camping-bord-de-loire.com\/#\/schema\/logo\/image\/","url":"https:\/\/www.camping-bord-de-loire.com\/wp-content\/uploads\/2023\/03\/camping-de-sully-logo-blanc.webp","contentUrl":"https:\/\/www.camping-bord-de-loire.com\/wp-content\/uploads\/2023\/03\/camping-de-sully-logo-blanc.webp","width":250,"height":193,"caption":"Flower Camping Le Jardin De Sully (Ouvert \u00e0 l\u2019ann\u00e9e)"},"image":{"@id":"https:\/\/www.camping-bord-de-loire.com\/#\/schema\/logo\/image\/"},"sameAs":["https:\/\/www.facebook.com\/CampingLeJardinDeSully"]}]}},"_links":{"self":[{"href":"https:\/\/www.camping-bord-de-loire.com\/es\/wp-json\/wp\/v2\/pages\/2871","targetHints":{"allow":["GET"]}}],"collection":[{"href":"https:\/\/www.camping-bord-de-loire.com\/es\/wp-json\/wp\/v2\/pages"}],"about":[{"href":"https:\/\/www.camping-bord-de-loire.com\/es\/wp-json\/wp\/v2\/types\/page"}],"author":[{"embeddable":true,"href":"https:\/\/www.camping-bord-de-loire.com\/es\/wp-json\/wp\/v2\/users\/2"}],"replies":[{"embeddable":true,"href":"https:\/\/www.camping-bord-de-loire.com\/es\/wp-json\/wp\/v2\/comments?post=2871"}],"version-history":[{"count":13,"href":"https:\/\/www.camping-bord-de-loire.com\/es\/wp-json\/wp\/v2\/pages\/2871\/revisions"}],"predecessor-version":[{"id":4044,"href":"https:\/\/www.camping-bord-de-loire.com\/es\/wp-json\/wp\/v2\/pages\/2871\/revisions\/4044"}],"wp:featuredmedia":[{"embeddable":true,"href":"https:\/\/www.camping-bord-de-loire.com\/es\/wp-json\/wp\/v2\/media\/2810"}],"wp:attachment":[{"href":"https:\/\/www.camping-bord-de-loire.com\/es\/wp-json\/wp\/v2\/media?parent=2871"}],"wp:term":[{"taxonomy":"sujet","embeddable":true,"href":"https:\/\/www.camping-bord-de-loire.com\/es\/wp-json\/wp\/v2\/sujet?post=2871"}],"curies":[{"name":"wp","href":"https:\/\/api.w.org\/{rel}","templated":true}]}}