{"id":1931,"date":"2023-03-22T10:33:49","date_gmt":"2023-03-22T09:33:49","guid":{"rendered":"https:\/\/www.camping-bord-de-loire.com\/turismo-loiret\/"},"modified":"2025-12-03T16:34:20","modified_gmt":"2025-12-03T15:34:20","slug":"tourisme-loiret","status":"publish","type":"page","link":"https:\/\/www.camping-bord-de-loire.com\/es\/tourisme-loiret\/","title":{"rendered":"Los alrededores"},"content":{"rendered":"<section id=\"ls-section-block_58ddd4e7ff940863bad6e0cdaed7ccea\" class=\"ls-section  home-chapeau has-p-b p-b-0\" >\r\n        <div class=\"container container--wide\">\r\n        \n\n<h1 class=\"ls__heading wp-block-heading has-text-align-center deco-center castel\">Tu estancia tur\u00edstica <br\/>en el Loiret<\/h1>\n\n\r\n    <\/div>\r\n<\/section><section id=\"ls-section-block_817245c391d7ce27adb91298b2c6dae5\" class=\"ls-section  page-one has-p-t p-t-10 has-p-b p-b-14\" >\r\n        <div class=\"container container--wide\">\r\n        \n\n<div class=\"wp-block-columns is-layout-flex wp-container-core-columns-is-layout-9d6595d7 wp-block-columns-is-layout-flex\">\n<div class=\"wp-block-column is-layout-flow wp-block-column-is-layout-flow\" style=\"flex-basis:66.66%\">\n<figure class=\"wp-block-image size-full animated fadeIn slow\"><img decoding=\"async\" width=\"864\" height=\"575\" src=\"https:\/\/www.camping-bord-de-loire.com\/wp-content\/uploads\/2023\/04\/tourisme-loiret-1.webp\" alt=\"turismo loiret 1\" class=\"wp-image-1042\" srcset=\"https:\/\/www.camping-bord-de-loire.com\/wp-content\/uploads\/2023\/04\/tourisme-loiret-1.webp 864w, https:\/\/www.camping-bord-de-loire.com\/wp-content\/uploads\/2023\/04\/tourisme-loiret-1-300x200.webp 300w, https:\/\/www.camping-bord-de-loire.com\/wp-content\/uploads\/2023\/04\/tourisme-loiret-1-768x511.webp 768w\" sizes=\"(max-width: 864px) 100vw, 864px\" \/><\/figure>\n<\/div>\n\n\n\n<div class=\"wp-block-column is-vertically-aligned-center is-layout-flow wp-block-column-is-layout-flow\" style=\"flex-basis:33.33%\">\n<h2 class=\"ls__heading wp-block-heading deco\">Las ciudades m\u00e1s bonitas que visitar en el Loiret<\/h2>\n\n\n\n<p class=\"ls-paragraph\">\u00bfC\u00f3mo darte una lista de las ciudades m\u00e1s bonitas que <a href=\"https:\/\/www.tourismeloiret.com\/fr\" target=\"_blank\" rel=\"noreferrer noopener\">visitar en el Loiret<\/a> sin mencionar nuestra <strong>hermosa ciudad de Sully-sur-Loire<\/strong>? Entre las visitas que hacer, no te pierdas su <strong>magn\u00edfico castillo<\/strong>. <\/p>\n\n\n\n<p class=\"ls-paragraph\">Para descubrir una gran ciudad, <strong>Orleans es una joya para el turismo<\/strong>, al igual que Montargis o Briare. \u00a1Buena escapada! <\/p>\n<\/div>\n<\/div>\n\n\r\n    <\/div>\r\n<\/section><section id=\"ls-section-block_68e11e40b4ccdc8ab8ba605c61afbed2\" class=\"ls-section  page-parallax-bis has-background-image has-parallax has-p-t p-t-14 has-p-b p-b-14\" >\r\n    <div class=\"ls-section__background-image opacity-100\"><img decoding=\"async\" src=\"https:\/\/www.camping-bord-de-loire.com\/wp-content\/uploads\/2023\/04\/Chateau-de-Chanterelles.webp\" alt=\"Castillo de Chanterelles\"><\/div>    <div class=\"container \">\r\n        \r\n    <\/div>\r\n<\/section><section id=\"ls-section-block_9505a6e74049a16c9fbe49bc386242b4\" class=\"ls-section  page-parallax\" >\r\n        <div class=\"container container--full\">\r\n        \n\n<div class=\"wp-block-columns is-layout-flex wp-container-core-columns-is-layout-9d6595d7 wp-block-columns-is-layout-flex\">\n<div class=\"wp-block-column left is-layout-flow wp-block-column-is-layout-flow\"><\/div>\n\n\n\n<div class=\"wp-block-column right has-color-white-background-color has-background is-layout-flow wp-block-column-is-layout-flow\">\n<h2 class=\"ls__heading wp-block-heading deco\">Los museos y espacios culturales que descubrir<\/h2>\n\n\n\n<p class=\"ls-paragraph\">\u00bfEres un aficionado a las <strong>salidas a museos y salidas culturales<\/strong> de todo tipo? No dudes en visitar el <a href=\"https:\/\/www.orleans-metropole.fr\/culture\/musees-expositions\/le-musee-des-beaux-arts\" target=\"_blank\" rel=\"noreferrer noopener\">Museo de Bellas Artes de Orleans<\/a>, el <a href=\"http:\/\/www.musee-theatre-forain.fr\/\" target=\"_blank\" rel=\"noreferrer noopener\">Museo del Teatro Ambulante en Artenay<\/a> o tambi\u00e9n el <strong>Museo Girodet en Montargis<\/strong>. <\/p>\n\n\n\n<p class=\"ls-paragraph\">\u00a1El castillo de Beaugency y el castillo de Sully-sur-Loire tambi\u00e9n son para ver! \u00a1Date el gusto en una regi\u00f3n donde la cultura es rica! <\/p>\n<\/div>\n<\/div>\n\n\r\n    <\/div>\r\n<\/section><section id=\"ls-section-block_9cebf667714d3fc53a2c7ea0b8180c9b\" class=\"ls-section  page-two fond-degrade has-p-b p-b-14\" >\r\n        <div class=\"container container--wide\">\r\n        \n\n<div class=\"wp-block-columns is-layout-flex wp-container-core-columns-is-layout-9d6595d7 wp-block-columns-is-layout-flex\">\n<div class=\"wp-block-column is-vertically-aligned-center is-layout-flow wp-block-column-is-layout-flow\" style=\"flex-basis:33.33%\">\n<h2 class=\"ls__heading wp-block-heading deco\">Los castillos m\u00e1s bonitos del Loiret<\/h2>\n\n\n\n<p class=\"ls-paragraph\">Entre los <strong>castillos m\u00e1s bonitos<\/strong> que visitar en el Loiret, encontramos por supuesto el <strong>Castillo de Sully-sur-Loire<\/strong>. Se encuentra a solo 15 minutos a pie del camping y 3 minutos en coche. <\/p>\n\n\n\n<p class=\"ls-paragraph\">Tambi\u00e9n encontrar\u00e1s el castillo de Beaugency (1h), el de Chamerolles (42 min), el de Gu\u00e9delon (1h) o tambi\u00e9n el de Gien (28 min). El Loiret es una <strong>tierra de castillos e historia<\/strong> y los amantes de las <strong>visitas hist\u00f3ricas<\/strong> van a pasar muy buenos momentos. <\/p>\n<\/div>\n\n\n\n<div class=\"wp-block-column is-layout-flow wp-block-column-is-layout-flow\" style=\"flex-basis:66.66%\">\n<figure class=\"wp-block-image size-full animated fadeIn slow\"><img decoding=\"async\" width=\"1000\" height=\"667\" src=\"https:\/\/www.camping-bord-de-loire.com\/wp-content\/uploads\/2023\/04\/visite-chateau-de-gien.webp\" alt=\"visita castillo de gien\" class=\"wp-image-1496\" srcset=\"https:\/\/www.camping-bord-de-loire.com\/wp-content\/uploads\/2023\/04\/visite-chateau-de-gien.webp 1000w, https:\/\/www.camping-bord-de-loire.com\/wp-content\/uploads\/2023\/04\/visite-chateau-de-gien-300x200.webp 300w, https:\/\/www.camping-bord-de-loire.com\/wp-content\/uploads\/2023\/04\/visite-chateau-de-gien-768x512.webp 768w\" sizes=\"(max-width: 1000px) 100vw, 1000px\" \/><figcaption class=\"wp-element-caption\">Castillo de Gien<\/figcaption><\/figure>\n<\/div>\n<\/div>\n\n\r\n    <\/div>\r\n<\/section><section id=\"ls-section-block_817245c391d7ce27adb91298b2c6dae5\" class=\"ls-section  page-one has-p-t p-t-10 has-p-b p-b-14\" >\r\n        <div class=\"container container--wide\">\r\n        \n\n<div class=\"wp-block-columns is-layout-flex wp-container-core-columns-is-layout-9d6595d7 wp-block-columns-is-layout-flex\">\n<div class=\"wp-block-column is-layout-flow wp-block-column-is-layout-flow\" style=\"flex-basis:66.66%\">\n<figure class=\"wp-block-image size-full animated fadeIn slow\"><img decoding=\"async\" width=\"864\" height=\"575\" src=\"https:\/\/www.camping-bord-de-loire.com\/wp-content\/uploads\/2023\/04\/visiter-parc-floral-loiret-1.webp\" alt=\"visitar parque floral loiret\" class=\"wp-image-1030\" srcset=\"https:\/\/www.camping-bord-de-loire.com\/wp-content\/uploads\/2023\/04\/visiter-parc-floral-loiret-1.webp 864w, https:\/\/www.camping-bord-de-loire.com\/wp-content\/uploads\/2023\/04\/visiter-parc-floral-loiret-1-300x200.webp 300w, https:\/\/www.camping-bord-de-loire.com\/wp-content\/uploads\/2023\/04\/visiter-parc-floral-loiret-1-768x511.webp 768w\" sizes=\"(max-width: 864px) 100vw, 864px\" \/><figcaption class=\"wp-element-caption\">Parque Floral de La Source<\/figcaption><\/figure>\n<\/div>\n\n\n\n<div class=\"wp-block-column is-vertically-aligned-center is-layout-flow wp-block-column-is-layout-flow\" style=\"flex-basis:33.33%\">\n<h2 class=\"ls__heading wp-block-heading deco\">Sitios imprescindibles que visitar<\/h2>\n\n\n\n<p class=\"ls-paragraph\">Cuando pasas una estancia en el Loiret, \u00a1hay sitios que visitar y que no te puedes perder! La <strong>ciudad de Orleans<\/strong> y su <strong>catedral de Sainte-Croix<\/strong> forman parte de esta lista de visitas que hacer, al igual que el castillo de Sully-sur-Loire, el Puente Canal de Briare o tambi\u00e9n el Parque Floral de La Source. <\/p>\n\n\n\n<p class=\"ls-paragraph\">\u00a1Estas perlas del turismo en el Loiret te har\u00e1n vivir <strong>hermosas experiencias<\/strong> durante las vacaciones en el <a href=\"https:\/\/www.camping-bord-de-loire.com\/es\/\">camping le Jardin de Sully<\/a>!<\/p>\n<\/div>\n<\/div>\n\n\r\n    <\/div>\r\n<\/section><section id=\"ls-section-block_4006bfffd466798285211fbd7941038b\" class=\"ls-section  page-maillage has-p-t p-t-0 has-p-b p-b-14\" >\r\n        <div class=\"container container--wide\">\r\n        \n\n<div id=\"ls-heading ls-titre-div-block_127e79a1b35c6e9ee26c2a625c4a68bc\" class=\"ls-titre-div deco aligncenter h2-like\" >\n    Descubre las actividades que hacer en el Loiret y nuestros alojamientos<\/div>\n\n\n<div id=\"ls-maillage-block_c2ea3d9395a6f2ab2fdcb32dd5cbcf35\" class=\"ls-maillage cta-style-normal\" data-rows=\"3\">\r\n    <div class=\"wp-block-columns\"><div class=\"wp-block-column\">\n\n<a href=\"https:\/\/www.camping-bord-de-loire.com\/es\/location-mobil-home-loiret\/\" target=\"\" rel=\"noopener\" class=\"ls-cta__link\">\n\n\t<div class=\"ls-cta__image\"><img decoding=\"async\" src=\"https:\/\/www.camping-bord-de-loire.com\/wp-content\/uploads\/2023\/04\/camping-pas-cher-loire-2.webp\" alt=\"camping barato loira 2\"><\/div>\n\t<div class=\"ls-cta__title\">\n\t\tNuestros alojamientos \t<\/div>\n\n\t\t\n<\/a><\/div><div class=\"wp-block-column\">\n\n<a href=\"https:\/\/www.camping-bord-de-loire.com\/es\/cyclisme-loiret\/\" target=\"\" rel=\"noopener\" class=\"ls-cta__link\">\n\n\t<div class=\"ls-cta__image\"><img decoding=\"async\" src=\"https:\/\/www.camping-bord-de-loire.com\/wp-content\/uploads\/2023\/04\/sentiers-cyclistes-loiret.webp\" alt=\"senderos ciclistas loiret\"><\/div>\n\t<div class=\"ls-cta__title\">\n\t\tEl Loiret en bicicleta\t<\/div>\n\n\t\t\n<\/a><\/div><div class=\"wp-block-column\">\n\n<a href=\"https:\/\/www.camping-bord-de-loire.com\/es\/activites-loiret\/\" target=\"\" rel=\"noopener\" class=\"ls-cta__link\">\n\n\t<div class=\"ls-cta__image\"><img decoding=\"async\" src=\"https:\/\/www.camping-bord-de-loire.com\/wp-content\/uploads\/2023\/04\/vacances-sportives-loiret.webp\" alt=\"vacaciones deportivas loiret\"><\/div>\n\t<div class=\"ls-cta__title\">\n\t\tActividades en Loiret\t<\/div>\n\n\t\t\n<\/a><\/div><\/div><\/div>\n\r\n    <\/div>\r\n<\/section>","protected":false},"excerpt":{"rendered":"","protected":false},"author":1,"featured_media":1619,"parent":0,"menu_order":0,"comment_status":"closed","ping_status":"closed","template":"","meta":{"_acf_changed":false,"footnotes":""},"sujet":[],"class_list":["post-1931","page","type-page","status-publish","has-post-thumbnail","hentry"],"acf":[],"yoast_head":"<!-- This site is optimized with the Yoast SEO plugin v26.5 - https:\/\/yoast.com\/wordpress\/plugins\/seo\/ -->\n<title>Turismo en el Loiret | Visitar el Loiret | Descubrir en el Loiret<\/title>\n<meta name=\"description\" content=\"Descubre todas las actividades a orillas del Loira: pesca, senderismo, paseos en bicicleta y a caballo, carreras a pie y circuitos de salud, golf.\" \/>\n<meta name=\"robots\" content=\"index, follow, max-snippet:-1, max-image-preview:large, max-video-preview:-1\" \/>\n<link rel=\"canonical\" href=\"https:\/\/www.camping-bord-de-loire.com\/es\/tourisme-loiret\/\" \/>\n<meta property=\"og:locale\" content=\"es_ES\" \/>\n<meta property=\"og:type\" content=\"article\" \/>\n<meta property=\"og:title\" content=\"Turismo en el Loiret | Visitar el Loiret | Descubrir en el Loiret\" \/>\n<meta property=\"og:description\" content=\"Descubre todas las actividades a orillas del Loira: pesca, senderismo, paseos en bicicleta y a caballo, carreras a pie y circuitos de salud, golf.\" \/>\n<meta property=\"og:url\" content=\"https:\/\/www.camping-bord-de-loire.com\/es\/tourisme-loiret\/\" \/>\n<meta property=\"og:site_name\" content=\"Le Jardin de Sully\" \/>\n<meta property=\"article:publisher\" content=\"https:\/\/www.facebook.com\/CampingLeJardinDeSully\" \/>\n<meta property=\"article:modified_time\" content=\"2025-12-03T15:34:20+00:00\" \/>\n<meta property=\"og:image\" content=\"https:\/\/www.camping-bord-de-loire.com\/wp-content\/uploads\/2023\/04\/visiter-chateau-loire-3-scaled.webp\" \/>\n\t<meta property=\"og:image:width\" content=\"2560\" \/>\n\t<meta property=\"og:image:height\" content=\"937\" \/>\n\t<meta property=\"og:image:type\" content=\"image\/webp\" \/>\n<meta name=\"twitter:card\" content=\"summary_large_image\" \/>\n<meta name=\"twitter:label1\" content=\"Tiempo de lectura\" \/>\n\t<meta name=\"twitter:data1\" content=\"2 minutos\" \/>\n<script type=\"application\/ld+json\" class=\"yoast-schema-graph\">{\"@context\":\"https:\/\/schema.org\",\"@graph\":[{\"@type\":\"WebPage\",\"@id\":\"https:\/\/www.camping-bord-de-loire.com\/es\/tourisme-loiret\/\",\"url\":\"https:\/\/www.camping-bord-de-loire.com\/es\/tourisme-loiret\/\",\"name\":\"Turismo en el Loiret | Visitar el Loiret | Descubrir en el Loiret\",\"isPartOf\":{\"@id\":\"https:\/\/www.camping-bord-de-loire.com\/#website\"},\"primaryImageOfPage\":{\"@id\":\"https:\/\/www.camping-bord-de-loire.com\/es\/tourisme-loiret\/#primaryimage\"},\"image\":{\"@id\":\"https:\/\/www.camping-bord-de-loire.com\/es\/tourisme-loiret\/#primaryimage\"},\"thumbnailUrl\":\"https:\/\/www.camping-bord-de-loire.com\/wp-content\/uploads\/2023\/04\/visiter-chateau-loire-3-scaled.webp\",\"datePublished\":\"2023-03-22T09:33:49+00:00\",\"dateModified\":\"2025-12-03T15:34:20+00:00\",\"description\":\"Descubre todas las actividades a orillas del Loira: pesca, senderismo, paseos en bicicleta y a caballo, carreras a pie y circuitos de salud, golf.\",\"breadcrumb\":{\"@id\":\"https:\/\/www.camping-bord-de-loire.com\/es\/tourisme-loiret\/#breadcrumb\"},\"inLanguage\":\"es\",\"potentialAction\":[{\"@type\":\"ReadAction\",\"target\":[\"https:\/\/www.camping-bord-de-loire.com\/es\/tourisme-loiret\/\"]}]},{\"@type\":\"ImageObject\",\"inLanguage\":\"es\",\"@id\":\"https:\/\/www.camping-bord-de-loire.com\/es\/tourisme-loiret\/#primaryimage\",\"url\":\"https:\/\/www.camping-bord-de-loire.com\/wp-content\/uploads\/2023\/04\/visiter-chateau-loire-3-scaled.webp\",\"contentUrl\":\"https:\/\/www.camping-bord-de-loire.com\/wp-content\/uploads\/2023\/04\/visiter-chateau-loire-3-scaled.webp\",\"width\":2560,\"height\":937,\"caption\":\"visitar castillo sully\"},{\"@type\":\"BreadcrumbList\",\"@id\":\"https:\/\/www.camping-bord-de-loire.com\/es\/tourisme-loiret\/#breadcrumb\",\"itemListElement\":[{\"@type\":\"ListItem\",\"position\":1,\"name\":\"Camping a orillas del Loira\",\"item\":\"https:\/\/www.camping-bord-de-loire.com\/es\/\"},{\"@type\":\"ListItem\",\"position\":2,\"name\":\"Visitar el Loiret\"}]},{\"@type\":\"WebSite\",\"@id\":\"https:\/\/www.camping-bord-de-loire.com\/#website\",\"url\":\"https:\/\/www.camping-bord-de-loire.com\/\",\"name\":\"Flower Camping le Jardin de Sully\",\"description\":\"\",\"publisher\":{\"@id\":\"https:\/\/www.camping-bord-de-loire.com\/#organization\"},\"alternateName\":\"Camping le Jardin de Sully\",\"potentialAction\":[{\"@type\":\"SearchAction\",\"target\":{\"@type\":\"EntryPoint\",\"urlTemplate\":\"https:\/\/www.camping-bord-de-loire.com\/?s={search_term_string}\"},\"query-input\":{\"@type\":\"PropertyValueSpecification\",\"valueRequired\":true,\"valueName\":\"search_term_string\"}}],\"inLanguage\":\"es\"},{\"@type\":\"Organization\",\"@id\":\"https:\/\/www.camping-bord-de-loire.com\/#organization\",\"name\":\"Flower Camping Le Jardin De Sully (Ouvert \u00e0 l\u2019ann\u00e9e)\",\"alternateName\":\"Camping le Jardin de Sully\",\"url\":\"https:\/\/www.camping-bord-de-loire.com\/\",\"logo\":{\"@type\":\"ImageObject\",\"inLanguage\":\"es\",\"@id\":\"https:\/\/www.camping-bord-de-loire.com\/#\/schema\/logo\/image\/\",\"url\":\"https:\/\/www.camping-bord-de-loire.com\/wp-content\/uploads\/2023\/03\/camping-de-sully-logo-blanc.webp\",\"contentUrl\":\"https:\/\/www.camping-bord-de-loire.com\/wp-content\/uploads\/2023\/03\/camping-de-sully-logo-blanc.webp\",\"width\":250,\"height\":193,\"caption\":\"Flower Camping Le Jardin De Sully (Ouvert \u00e0 l\u2019ann\u00e9e)\"},\"image\":{\"@id\":\"https:\/\/www.camping-bord-de-loire.com\/#\/schema\/logo\/image\/\"},\"sameAs\":[\"https:\/\/www.facebook.com\/CampingLeJardinDeSully\"]}]}<\/script>\n<!-- \/ Yoast SEO plugin. -->","yoast_head_json":{"title":"Turismo en el Loiret | Visitar el Loiret | Descubrir en el Loiret","description":"Descubre todas las actividades a orillas del Loira: pesca, senderismo, paseos en bicicleta y a caballo, carreras a pie y circuitos de salud, golf.","robots":{"index":"index","follow":"follow","max-snippet":"max-snippet:-1","max-image-preview":"max-image-preview:large","max-video-preview":"max-video-preview:-1"},"canonical":"https:\/\/www.camping-bord-de-loire.com\/es\/tourisme-loiret\/","og_locale":"es_ES","og_type":"article","og_title":"Turismo en el Loiret | Visitar el Loiret | Descubrir en el Loiret","og_description":"Descubre todas las actividades a orillas del Loira: pesca, senderismo, paseos en bicicleta y a caballo, carreras a pie y circuitos de salud, golf.","og_url":"https:\/\/www.camping-bord-de-loire.com\/es\/tourisme-loiret\/","og_site_name":"Le Jardin de Sully","article_publisher":"https:\/\/www.facebook.com\/CampingLeJardinDeSully","article_modified_time":"2025-12-03T15:34:20+00:00","og_image":[{"width":2560,"height":937,"url":"https:\/\/www.camping-bord-de-loire.com\/wp-content\/uploads\/2023\/04\/visiter-chateau-loire-3-scaled.webp","type":"image\/webp"}],"twitter_card":"summary_large_image","twitter_misc":{"Tiempo de lectura":"2 minutos"},"schema":{"@context":"https:\/\/schema.org","@graph":[{"@type":"WebPage","@id":"https:\/\/www.camping-bord-de-loire.com\/es\/tourisme-loiret\/","url":"https:\/\/www.camping-bord-de-loire.com\/es\/tourisme-loiret\/","name":"Turismo en el Loiret | Visitar el Loiret | Descubrir en el Loiret","isPartOf":{"@id":"https:\/\/www.camping-bord-de-loire.com\/#website"},"primaryImageOfPage":{"@id":"https:\/\/www.camping-bord-de-loire.com\/es\/tourisme-loiret\/#primaryimage"},"image":{"@id":"https:\/\/www.camping-bord-de-loire.com\/es\/tourisme-loiret\/#primaryimage"},"thumbnailUrl":"https:\/\/www.camping-bord-de-loire.com\/wp-content\/uploads\/2023\/04\/visiter-chateau-loire-3-scaled.webp","datePublished":"2023-03-22T09:33:49+00:00","dateModified":"2025-12-03T15:34:20+00:00","description":"Descubre todas las actividades a orillas del Loira: pesca, senderismo, paseos en bicicleta y a caballo, carreras a pie y circuitos de salud, golf.","breadcrumb":{"@id":"https:\/\/www.camping-bord-de-loire.com\/es\/tourisme-loiret\/#breadcrumb"},"inLanguage":"es","potentialAction":[{"@type":"ReadAction","target":["https:\/\/www.camping-bord-de-loire.com\/es\/tourisme-loiret\/"]}]},{"@type":"ImageObject","inLanguage":"es","@id":"https:\/\/www.camping-bord-de-loire.com\/es\/tourisme-loiret\/#primaryimage","url":"https:\/\/www.camping-bord-de-loire.com\/wp-content\/uploads\/2023\/04\/visiter-chateau-loire-3-scaled.webp","contentUrl":"https:\/\/www.camping-bord-de-loire.com\/wp-content\/uploads\/2023\/04\/visiter-chateau-loire-3-scaled.webp","width":2560,"height":937,"caption":"visitar castillo sully"},{"@type":"BreadcrumbList","@id":"https:\/\/www.camping-bord-de-loire.com\/es\/tourisme-loiret\/#breadcrumb","itemListElement":[{"@type":"ListItem","position":1,"name":"Camping a orillas del Loira","item":"https:\/\/www.camping-bord-de-loire.com\/es\/"},{"@type":"ListItem","position":2,"name":"Visitar el Loiret"}]},{"@type":"WebSite","@id":"https:\/\/www.camping-bord-de-loire.com\/#website","url":"https:\/\/www.camping-bord-de-loire.com\/","name":"Flower Camping le Jardin de Sully","description":"","publisher":{"@id":"https:\/\/www.camping-bord-de-loire.com\/#organization"},"alternateName":"Camping le Jardin de Sully","potentialAction":[{"@type":"SearchAction","target":{"@type":"EntryPoint","urlTemplate":"https:\/\/www.camping-bord-de-loire.com\/?s={search_term_string}"},"query-input":{"@type":"PropertyValueSpecification","valueRequired":true,"valueName":"search_term_string"}}],"inLanguage":"es"},{"@type":"Organization","@id":"https:\/\/www.camping-bord-de-loire.com\/#organization","name":"Flower Camping Le Jardin De Sully (Ouvert \u00e0 l\u2019ann\u00e9e)","alternateName":"Camping le Jardin de Sully","url":"https:\/\/www.camping-bord-de-loire.com\/","logo":{"@type":"ImageObject","inLanguage":"es","@id":"https:\/\/www.camping-bord-de-loire.com\/#\/schema\/logo\/image\/","url":"https:\/\/www.camping-bord-de-loire.com\/wp-content\/uploads\/2023\/03\/camping-de-sully-logo-blanc.webp","contentUrl":"https:\/\/www.camping-bord-de-loire.com\/wp-content\/uploads\/2023\/03\/camping-de-sully-logo-blanc.webp","width":250,"height":193,"caption":"Flower Camping Le Jardin De Sully (Ouvert \u00e0 l\u2019ann\u00e9e)"},"image":{"@id":"https:\/\/www.camping-bord-de-loire.com\/#\/schema\/logo\/image\/"},"sameAs":["https:\/\/www.facebook.com\/CampingLeJardinDeSully"]}]}},"_links":{"self":[{"href":"https:\/\/www.camping-bord-de-loire.com\/es\/wp-json\/wp\/v2\/pages\/1931","targetHints":{"allow":["GET"]}}],"collection":[{"href":"https:\/\/www.camping-bord-de-loire.com\/es\/wp-json\/wp\/v2\/pages"}],"about":[{"href":"https:\/\/www.camping-bord-de-loire.com\/es\/wp-json\/wp\/v2\/types\/page"}],"author":[{"embeddable":true,"href":"https:\/\/www.camping-bord-de-loire.com\/es\/wp-json\/wp\/v2\/users\/1"}],"replies":[{"embeddable":true,"href":"https:\/\/www.camping-bord-de-loire.com\/es\/wp-json\/wp\/v2\/comments?post=1931"}],"version-history":[{"count":6,"href":"https:\/\/www.camping-bord-de-loire.com\/es\/wp-json\/wp\/v2\/pages\/1931\/revisions"}],"predecessor-version":[{"id":4104,"href":"https:\/\/www.camping-bord-de-loire.com\/es\/wp-json\/wp\/v2\/pages\/1931\/revisions\/4104"}],"wp:featuredmedia":[{"embeddable":true,"href":"https:\/\/www.camping-bord-de-loire.com\/es\/wp-json\/wp\/v2\/media\/1619"}],"wp:attachment":[{"href":"https:\/\/www.camping-bord-de-loire.com\/es\/wp-json\/wp\/v2\/media?parent=1931"}],"wp:term":[{"taxonomy":"sujet","embeddable":true,"href":"https:\/\/www.camping-bord-de-loire.com\/es\/wp-json\/wp\/v2\/sujet?post=1931"}],"curies":[{"name":"wp","href":"https:\/\/api.w.org\/{rel}","templated":true}]}}