{"id":1881,"date":"2023-03-22T10:32:14","date_gmt":"2023-03-22T09:32:14","guid":{"rendered":"https:\/\/www.camping-bord-de-loire.com\/camping-animaciones-loiret\/"},"modified":"2025-12-03T16:32:02","modified_gmt":"2025-12-03T15:32:02","slug":"camping-animations-loiret","status":"publish","type":"page","link":"https:\/\/www.camping-bord-de-loire.com\/es\/camping-animations-loiret\/","title":{"rendered":"Animaciones"},"content":{"rendered":"<section id=\"ls-section-block_4c13d77c53ba1704ca1f9fbfdc704f55\" class=\"ls-section  home-chapeau has-p-b p-b-0\" >\r\n        <div class=\"container container--wide\">\r\n        \n\n<h1 class=\"ls__heading wp-block-heading has-text-align-center deco-center castel\">Risas y momentos compartidos en su camping con<br\/>animaciones a orillas del Loira<\/h1>\n\n\r\n    <\/div>\r\n<\/section><section id=\"ls-section-block_ccae5c2d5aa98c59a5d782c09ef23e11\" class=\"ls-section  page-one has-p-t p-t-10 has-p-b p-b-14\" >\r\n        <div class=\"container container--wide\">\r\n        \n\n<div class=\"wp-block-columns is-layout-flex wp-container-core-columns-is-layout-9d6595d7 wp-block-columns-is-layout-flex\">\n<div class=\"wp-block-column is-layout-flow wp-block-column-is-layout-flow\" style=\"flex-basis:66.66%\">\n<figure class=\"wp-block-image size-full animated fadeIn slow\"><img decoding=\"async\" width=\"864\" height=\"575\" src=\"https:\/\/www.camping-bord-de-loire.com\/wp-content\/uploads\/2023\/04\/camping-club-enfants-bord-loire.webp\" alt=\"camping club infantil orillas del Loira\" class=\"wp-image-940\" srcset=\"https:\/\/www.camping-bord-de-loire.com\/wp-content\/uploads\/2023\/04\/camping-club-enfants-bord-loire.webp 864w, https:\/\/www.camping-bord-de-loire.com\/wp-content\/uploads\/2023\/04\/camping-club-enfants-bord-loire-300x200.webp 300w, https:\/\/www.camping-bord-de-loire.com\/wp-content\/uploads\/2023\/04\/camping-club-enfants-bord-loire-768x511.webp 768w\" sizes=\"(max-width: 864px) 100vw, 864px\" \/><\/figure>\n<\/div>\n\n\n\n<div class=\"wp-block-column is-vertically-aligned-center is-layout-flow wp-block-column-is-layout-flow\" style=\"flex-basis:33.33%\">\n<h2 class=\"ls__heading wp-block-heading deco\">En temporada estival, participe en nuestras animaciones en Loiret<\/h2>\n\n\n\n<p class=\"ls-paragraph\">En nuestro camping a orillas del Loira, podr\u00e1 disfrutar de <strong>animaciones nocturnas 3 veces por semana<\/strong>. En el programa, loter\u00edas, conciertos de artistas locales y concursos divertidos. <\/p>\n\n\n\n<p class=\"ls-paragraph\">Nuestras <strong>actividades de ocio en familia<\/strong> son ideales para divertir a grandes y peque\u00f1os durante toda la noche. \u00a1Disfrute de animaciones familiares para jugar, cantar, bailar y relajarse al m\u00e1ximo en el <a href=\"https:\/\/www.camping-bord-de-loire.com\/es\/\">camping le Jardin de Sully<\/a>! <\/p>\n<\/div>\n<\/div>\n\n\r\n    <\/div>\r\n<\/section><section id=\"ls-section-block_949e6a255c8dfcb3b44274d793b217af\" class=\"ls-section  page-parallax-bis has-background-image has-parallax has-p-t p-t-14 has-p-b p-b-14\" >\r\n    <div class=\"ls-section__background-image opacity-100\"><img decoding=\"async\" src=\"https:\/\/www.camping-bord-de-loire.com\/wp-content\/uploads\/2023\/04\/camping-animations-bord-loire.webp\" alt=\"camping animaciones orillas del Loira\"><\/div>    <div class=\"container \">\r\n        \r\n    <\/div>\r\n<\/section><section id=\"ls-section-block_0e4d5ec1d53e5e311fc71ec137a647a7\" class=\"ls-section  page-parallax\" >\r\n        <div class=\"container container--full\">\r\n        \n\n<div class=\"wp-block-columns is-layout-flex wp-container-core-columns-is-layout-9d6595d7 wp-block-columns-is-layout-flex\">\n<div class=\"wp-block-column left is-layout-flow wp-block-column-is-layout-flow\"><\/div>\n\n\n\n<div class=\"wp-block-column right has-color-white-background-color has-background is-layout-flow wp-block-column-is-layout-flow\">\n<h2 class=\"ls__heading wp-block-heading deco\">La zona de juegos, ideal para sus hijos<\/h2>\n\n\n\n<p class=\"ls-paragraph\">El <a href=\"https:\/\/www.camping-bord-de-loire.com\/es\/\">camping Jardin de Sully<\/a> es absolutamente perfecto para los viajes en familia con ni\u00f1os. En el mismo camping, sus hijos podr\u00e1n divertirse como locos en nuestra <strong>zona de juegos para ni\u00f1os<\/strong> al aire libre con tobog\u00e1n.  <\/p>\n\n\n\n<p class=\"ls-paragraph\">Durante todo el verano, tambi\u00e9n abrimos nuestro <strong>club infantil<\/strong>, accesible para los <strong>peque\u00f1os de 4 a 12 a\u00f1os<\/strong>. Sus hijos podr\u00e1n participar en numerosas <strong>actividades para ni\u00f1os<\/strong>. En el programa, actividades manuales, deportivas, as\u00ed como juegos al aire libre. \u00a1Nuestro camping con animaciones situado a orillas del Loira le espera en familia!   <\/p>\n<\/div>\n<\/div>\n\n\r\n    <\/div>\r\n<\/section><section id=\"ls-section-block_7dc88c1662a8035f48ba2ffd57dfc9e2\" class=\"ls-section  page-two fond-degrade has-p-b p-b-14\" >\r\n        <div class=\"container container--wide\">\r\n        \n\n<div class=\"wp-block-columns is-layout-flex wp-container-core-columns-is-layout-9d6595d7 wp-block-columns-is-layout-flex\">\n<div class=\"wp-block-column is-vertically-aligned-center is-layout-flow wp-block-column-is-layout-flow\" style=\"flex-basis:33.33%\">\n<h2 class=\"ls__heading wp-block-heading deco\">Los campos de deporte a orillas del Loira<\/h2>\n\n\n\n<p class=\"ls-paragraph\">Nuestro camping en Loiret dispone de todas las infraestructuras que necesitar\u00e1 para <strong>hacer deporte<\/strong> durante las vacaciones. <strong>Campos de deporte<\/strong>, <strong>actividades deportivas<\/strong> y <strong>ocio deportivo<\/strong> le esperan durante el verano.<\/p>\n\n\n\n<p class=\"ls-paragraph\">Sin tener que salir, podr\u00e1 <strong>disfrutar gratuitamente<\/strong> de una <a href=\"https:\/\/www.camping-bord-de-loire.com\/es\/camping-piscina-climatizada-loiret\/\">piscina climatizada del camping<\/a>, un mini-golf, una pista de tenis, mesas de ping pong, varios campos de petanca, un campo de home-ball, un juego hinchable para los ni\u00f1os, as\u00ed como un campo de voleibol.<\/p>\n\n\n\n<p class=\"ls-paragraph\">Tambi\u00e9n se proponen algunas <strong>actividades extra de pago<\/strong>: \u00a1juegue al billar, al futbol\u00edn o al air hockey! Sepa que le <strong>prestamos material deportivo<\/strong> sin ning\u00fan problema. <\/p>\n<\/div>\n\n\n\n<div class=\"wp-block-column is-layout-flow wp-block-column-is-layout-flow\" style=\"flex-basis:66.66%\">\n<figure class=\"wp-block-image size-full animated fadeIn slow\"><img decoding=\"async\" width=\"864\" height=\"575\" src=\"https:\/\/www.camping-bord-de-loire.com\/wp-content\/uploads\/2023\/04\/camping-activites-familiales-loiret.webp\" alt=\"camping actividades familiares loiret\" class=\"wp-image-943\" srcset=\"https:\/\/www.camping-bord-de-loire.com\/wp-content\/uploads\/2023\/04\/camping-activites-familiales-loiret.webp 864w, https:\/\/www.camping-bord-de-loire.com\/wp-content\/uploads\/2023\/04\/camping-activites-familiales-loiret-300x200.webp 300w, https:\/\/www.camping-bord-de-loire.com\/wp-content\/uploads\/2023\/04\/camping-activites-familiales-loiret-768x511.webp 768w\" sizes=\"(max-width: 864px) 100vw, 864px\" \/><\/figure>\n<\/div>\n<\/div>\n\n\r\n    <\/div>\r\n<\/section><section id=\"ls-section-block_332581de9491676ad0412a27548d6312\" class=\"ls-section  page-three has-background-image has-p-t p-t-14 has-p-b p-b-14\" >\r\n    <div class=\"ls-section__background-image opacity-100\"><img decoding=\"async\" src=\"https:\/\/www.camping-bord-de-loire.com\/wp-content\/uploads\/2023\/04\/louer-emplacement-bord-loire-1.webp\" alt=\"alquilar parcela orillas del Loira 1\"><\/div>    <div class=\"container container--wide\">\r\n        \n\n<div class=\"wp-block-columns is-layout-flex wp-container-core-columns-is-layout-9d6595d7 wp-block-columns-is-layout-flex\">\n<div class=\"wp-block-column is-layout-flow wp-block-column-is-layout-flow\">\n<div id=\"ls-heading ls-titre-div-block_ceaf1c2bb15ad06bb4f89d03a9a8f06f\" class=\"ls-titre-div fond-vert border-right-bottom h2-like has-background has-color-2-background-color\" >\n    \u00bfQu\u00e9 opinan nuestros clientes <\/br><span>de nuestras animaciones?<\/span><\/div>\n\n\n<div class=\"avis-container-pages\"><div class=\"avis\"><div class=\"avis-user\"><div class=\"avis-note\">\n                <span><i class=\"sully-etoile\"><\/i><\/span><span><i class=\"sully-etoile\"><\/i><\/span><span><i class=\"sully-etoile\"><\/i><\/span><span><i class=\"sully-etoile\"><\/i><\/span><span><i class=\"sully-etoile\"><\/i><\/span>\n                <\/div><div class=\"avis-name\">Ludovic N.<\/div><div class=\"avis-content\"><div class=\"review\" data-v-eb991888=\"\" data-test=\"review-details-google715763_62fb47fdbc88b74ee451b1e11943375e66c38b413e3e85b34e789411636bbe0bca9d09ea2ff19044c91141c0202bba18\">\n<div class=\"content\" data-v-eb991888=\"\">\n<div class=\"comment\" data-v-eb991888=\"\">\n<div data-v-eb991888=\"\" data-test=\"wrapper-comment\">\n<p data-v-eb991888=\"\" data-test=\"comment\">Pasamos un momento muy agradable en su camping a principios de agosto, el gerente, el personal, la piscina y la animaci\u00f3n de primera, adem\u00e1s no muy lejos de Sully sur Loire con su puente peatonal, son un castillo magn\u00edfico a orillas del Loira y sus comerciantes de primera, muchas gracias [&#8230;] todo fue magn\u00edfico, muchas gracias, volveremos<\/p>\n<\/div>\n<\/div>\n<\/div>\n<\/div>\n<div class=\"details\" data-v-eb991888=\"\" data-test=\"details\"><\/div>\n<\/div><\/div><\/div><div class=\"avis\"><div class=\"avis-user\"><div class=\"avis-note\">\n                <span><i class=\"sully-etoile\"><\/i><\/span><span><i class=\"sully-etoile\"><\/i><\/span><span><i class=\"sully-etoile\"><\/i><\/span><span><i class=\"sully-etoile\"><\/i><\/span><span><i class=\"sully-etoile\"><\/i><\/span>\n                <\/div><div class=\"avis-name\">Quentin C.<\/div><div class=\"avis-content\"><p>\u00a1Camping magn\u00edfico, el equipo de animaci\u00f3n es estupendo! \u00a1Gracias a la animadora por su buen humor y su energ\u00eda! <\/p>\n<\/div><\/div><\/div><\/div>\n<\/div>\n\n\n\n<div class=\"wp-block-column is-layout-flow wp-block-column-is-layout-flow\"><\/div>\n<\/div>\n\n\r\n    <\/div>\r\n<\/section><section id=\"ls-section-block_5e74d2f2c8b1efc5596a424b0ed576ef\" class=\"ls-section  page-maillage has-p-t p-t-14 has-p-b p-b-14\" >\r\n        <div class=\"container container--wide\">\r\n        \n\n<div id=\"ls-heading ls-titre-div-block_9c8db8c7e6e5f8a49156a6a3bbd19b61\" class=\"ls-titre-div deco aligncenter h2-like\" >\n    Descubra nuestra piscina, nuestros alquileres y nuestras parcelas en el camping<\/div>\n\n\n<div id=\"ls-maillage-block_860f558262012e0faa33a941215d3f10\" class=\"ls-maillage cta-style-normal\" data-rows=\"3\">\r\n    <div class=\"wp-block-columns\"><div class=\"wp-block-column\">\n\n<a href=\"https:\/\/www.camping-bord-de-loire.com\/es\/location-mobil-home-loiret\/\" target=\"\" rel=\"noopener\" class=\"ls-cta__link\">\n\n\t<div class=\"ls-cta__image\"><img decoding=\"async\" src=\"https:\/\/www.camping-bord-de-loire.com\/wp-content\/uploads\/2023\/04\/camping-pas-cher-loire-2.webp\" alt=\"camping barato loira 2\"><\/div>\n\t<div class=\"ls-cta__title\">\n\t\tNuestros alojamientos \t<\/div>\n\n\t\t\n<\/a><\/div><div class=\"wp-block-column\">\n\n<a href=\"https:\/\/www.camping-bord-de-loire.com\/es\/location-emplacement-loiret\/\" target=\"\" rel=\"noopener\" class=\"ls-cta__link\">\n\n\t<div class=\"ls-cta__image\"><img decoding=\"async\" src=\"https:\/\/www.camping-bord-de-loire.com\/wp-content\/uploads\/2023\/04\/emplacement-caravaning-loiret.webp\" alt=\"parcela caravaning loiret\"><\/div>\n\t<div class=\"ls-cta__title\">\n\t\tNuestras parcelas\t<\/div>\n\n\t\t\n<\/a><\/div><div class=\"wp-block-column\">\n\n<a href=\"https:\/\/www.camping-bord-de-loire.com\/es\/camping-piscine-chauffee-loiret\/\" target=\"\" rel=\"noopener\" class=\"ls-cta__link\">\n\n\t<div class=\"ls-cta__image\"><img decoding=\"async\" src=\"https:\/\/www.camping-bord-de-loire.com\/wp-content\/uploads\/2023\/04\/camping-piscinebord-loire.webp\" alt=\"camping piscina orilla loira\"><\/div>\n\t<div class=\"ls-cta__title\">\n\t\tNuestra piscina\t<\/div>\n\n\t\t\n<\/a><\/div><\/div><\/div>\n\r\n    <\/div>\r\n<\/section>","protected":false},"excerpt":{"rendered":"","protected":false},"author":1,"featured_media":1638,"parent":0,"menu_order":0,"comment_status":"closed","ping_status":"closed","template":"","meta":{"_acf_changed":false,"footnotes":""},"sujet":[],"class_list":["post-1881","page","type-page","status-publish","has-post-thumbnail","hentry"],"acf":[],"yoast_head":"<!-- This site is optimized with the Yoast SEO plugin v26.5 - https:\/\/yoast.com\/wordpress\/plugins\/seo\/ -->\n<title>Animaciones de camping en Loiret | Actividades, club infantil a orillas del Loira<\/title>\n<meta name=\"description\" content=\"Disfrute de las animaciones de verano en nuestro camping a orillas del Loira: noches tem\u00e1ticas, club infantil, campos de deporte, mini-golf, piscina...\" \/>\n<meta name=\"robots\" content=\"index, follow, max-snippet:-1, max-image-preview:large, max-video-preview:-1\" \/>\n<link rel=\"canonical\" href=\"https:\/\/www.camping-bord-de-loire.com\/es\/camping-animations-loiret\/\" \/>\n<meta property=\"og:locale\" content=\"es_ES\" \/>\n<meta property=\"og:type\" content=\"article\" \/>\n<meta property=\"og:title\" content=\"Animaciones de camping en Loiret | Actividades, club infantil a orillas del Loira\" \/>\n<meta property=\"og:description\" content=\"Disfrute de las animaciones de verano en nuestro camping a orillas del Loira: noches tem\u00e1ticas, club infantil, campos de deporte, mini-golf, piscina...\" \/>\n<meta property=\"og:url\" content=\"https:\/\/www.camping-bord-de-loire.com\/es\/camping-animations-loiret\/\" \/>\n<meta property=\"og:site_name\" content=\"Le Jardin de Sully\" \/>\n<meta property=\"article:publisher\" content=\"https:\/\/www.facebook.com\/CampingLeJardinDeSully\" \/>\n<meta property=\"article:modified_time\" content=\"2025-12-03T15:32:02+00:00\" \/>\n<meta property=\"og:image\" content=\"https:\/\/www.camping-bord-de-loire.com\/wp-content\/uploads\/2023\/04\/camping-activites-enfants-bord-loire.webp\" \/>\n\t<meta property=\"og:image:width\" content=\"1903\" \/>\n\t<meta property=\"og:image:height\" content=\"628\" \/>\n\t<meta property=\"og:image:type\" content=\"image\/webp\" \/>\n<meta name=\"twitter:card\" content=\"summary_large_image\" \/>\n<meta name=\"twitter:label1\" content=\"Tiempo de lectura\" \/>\n\t<meta name=\"twitter:data1\" content=\"2 minutos\" \/>\n<script type=\"application\/ld+json\" class=\"yoast-schema-graph\">{\"@context\":\"https:\/\/schema.org\",\"@graph\":[{\"@type\":\"WebPage\",\"@id\":\"https:\/\/www.camping-bord-de-loire.com\/es\/camping-animations-loiret\/\",\"url\":\"https:\/\/www.camping-bord-de-loire.com\/es\/camping-animations-loiret\/\",\"name\":\"Animaciones de camping en Loiret | Actividades, club infantil a orillas del Loira\",\"isPartOf\":{\"@id\":\"https:\/\/www.camping-bord-de-loire.com\/#website\"},\"primaryImageOfPage\":{\"@id\":\"https:\/\/www.camping-bord-de-loire.com\/es\/camping-animations-loiret\/#primaryimage\"},\"image\":{\"@id\":\"https:\/\/www.camping-bord-de-loire.com\/es\/camping-animations-loiret\/#primaryimage\"},\"thumbnailUrl\":\"https:\/\/www.camping-bord-de-loire.com\/wp-content\/uploads\/2023\/04\/camping-activites-enfants-bord-loire.webp\",\"datePublished\":\"2023-03-22T09:32:14+00:00\",\"dateModified\":\"2025-12-03T15:32:02+00:00\",\"description\":\"Disfrute de las animaciones de verano en nuestro camping a orillas del Loira: noches tem\u00e1ticas, club infantil, campos de deporte, mini-golf, piscina...\",\"breadcrumb\":{\"@id\":\"https:\/\/www.camping-bord-de-loire.com\/es\/camping-animations-loiret\/#breadcrumb\"},\"inLanguage\":\"es\",\"potentialAction\":[{\"@type\":\"ReadAction\",\"target\":[\"https:\/\/www.camping-bord-de-loire.com\/es\/camping-animations-loiret\/\"]}]},{\"@type\":\"ImageObject\",\"inLanguage\":\"es\",\"@id\":\"https:\/\/www.camping-bord-de-loire.com\/es\/camping-animations-loiret\/#primaryimage\",\"url\":\"https:\/\/www.camping-bord-de-loire.com\/wp-content\/uploads\/2023\/04\/camping-activites-enfants-bord-loire.webp\",\"contentUrl\":\"https:\/\/www.camping-bord-de-loire.com\/wp-content\/uploads\/2023\/04\/camping-activites-enfants-bord-loire.webp\",\"width\":1903,\"height\":628,\"caption\":\"camping actividades ni\u00f1os orillas del Loira\"},{\"@type\":\"BreadcrumbList\",\"@id\":\"https:\/\/www.camping-bord-de-loire.com\/es\/camping-animations-loiret\/#breadcrumb\",\"itemListElement\":[{\"@type\":\"ListItem\",\"position\":1,\"name\":\"Camping a orillas del Loira\",\"item\":\"https:\/\/www.camping-bord-de-loire.com\/es\/\"},{\"@type\":\"ListItem\",\"position\":2,\"name\":\"Camping con actividades en Loiret\"}]},{\"@type\":\"WebSite\",\"@id\":\"https:\/\/www.camping-bord-de-loire.com\/#website\",\"url\":\"https:\/\/www.camping-bord-de-loire.com\/\",\"name\":\"Flower Camping le Jardin de Sully\",\"description\":\"\",\"publisher\":{\"@id\":\"https:\/\/www.camping-bord-de-loire.com\/#organization\"},\"alternateName\":\"Camping le Jardin de Sully\",\"potentialAction\":[{\"@type\":\"SearchAction\",\"target\":{\"@type\":\"EntryPoint\",\"urlTemplate\":\"https:\/\/www.camping-bord-de-loire.com\/?s={search_term_string}\"},\"query-input\":{\"@type\":\"PropertyValueSpecification\",\"valueRequired\":true,\"valueName\":\"search_term_string\"}}],\"inLanguage\":\"es\"},{\"@type\":\"Organization\",\"@id\":\"https:\/\/www.camping-bord-de-loire.com\/#organization\",\"name\":\"Flower Camping Le Jardin De Sully (Ouvert \u00e0 l\u2019ann\u00e9e)\",\"alternateName\":\"Camping le Jardin de Sully\",\"url\":\"https:\/\/www.camping-bord-de-loire.com\/\",\"logo\":{\"@type\":\"ImageObject\",\"inLanguage\":\"es\",\"@id\":\"https:\/\/www.camping-bord-de-loire.com\/#\/schema\/logo\/image\/\",\"url\":\"https:\/\/www.camping-bord-de-loire.com\/wp-content\/uploads\/2023\/03\/camping-de-sully-logo-blanc.webp\",\"contentUrl\":\"https:\/\/www.camping-bord-de-loire.com\/wp-content\/uploads\/2023\/03\/camping-de-sully-logo-blanc.webp\",\"width\":250,\"height\":193,\"caption\":\"Flower Camping Le Jardin De Sully (Ouvert \u00e0 l\u2019ann\u00e9e)\"},\"image\":{\"@id\":\"https:\/\/www.camping-bord-de-loire.com\/#\/schema\/logo\/image\/\"},\"sameAs\":[\"https:\/\/www.facebook.com\/CampingLeJardinDeSully\"]}]}<\/script>\n<!-- \/ Yoast SEO plugin. -->","yoast_head_json":{"title":"Animaciones de camping en Loiret | Actividades, club infantil a orillas del Loira","description":"Disfrute de las animaciones de verano en nuestro camping a orillas del Loira: noches tem\u00e1ticas, club infantil, campos de deporte, mini-golf, piscina...","robots":{"index":"index","follow":"follow","max-snippet":"max-snippet:-1","max-image-preview":"max-image-preview:large","max-video-preview":"max-video-preview:-1"},"canonical":"https:\/\/www.camping-bord-de-loire.com\/es\/camping-animations-loiret\/","og_locale":"es_ES","og_type":"article","og_title":"Animaciones de camping en Loiret | Actividades, club infantil a orillas del Loira","og_description":"Disfrute de las animaciones de verano en nuestro camping a orillas del Loira: noches tem\u00e1ticas, club infantil, campos de deporte, mini-golf, piscina...","og_url":"https:\/\/www.camping-bord-de-loire.com\/es\/camping-animations-loiret\/","og_site_name":"Le Jardin de Sully","article_publisher":"https:\/\/www.facebook.com\/CampingLeJardinDeSully","article_modified_time":"2025-12-03T15:32:02+00:00","og_image":[{"width":1903,"height":628,"url":"https:\/\/www.camping-bord-de-loire.com\/wp-content\/uploads\/2023\/04\/camping-activites-enfants-bord-loire.webp","type":"image\/webp"}],"twitter_card":"summary_large_image","twitter_misc":{"Tiempo de lectura":"2 minutos"},"schema":{"@context":"https:\/\/schema.org","@graph":[{"@type":"WebPage","@id":"https:\/\/www.camping-bord-de-loire.com\/es\/camping-animations-loiret\/","url":"https:\/\/www.camping-bord-de-loire.com\/es\/camping-animations-loiret\/","name":"Animaciones de camping en Loiret | Actividades, club infantil a orillas del Loira","isPartOf":{"@id":"https:\/\/www.camping-bord-de-loire.com\/#website"},"primaryImageOfPage":{"@id":"https:\/\/www.camping-bord-de-loire.com\/es\/camping-animations-loiret\/#primaryimage"},"image":{"@id":"https:\/\/www.camping-bord-de-loire.com\/es\/camping-animations-loiret\/#primaryimage"},"thumbnailUrl":"https:\/\/www.camping-bord-de-loire.com\/wp-content\/uploads\/2023\/04\/camping-activites-enfants-bord-loire.webp","datePublished":"2023-03-22T09:32:14+00:00","dateModified":"2025-12-03T15:32:02+00:00","description":"Disfrute de las animaciones de verano en nuestro camping a orillas del Loira: noches tem\u00e1ticas, club infantil, campos de deporte, mini-golf, piscina...","breadcrumb":{"@id":"https:\/\/www.camping-bord-de-loire.com\/es\/camping-animations-loiret\/#breadcrumb"},"inLanguage":"es","potentialAction":[{"@type":"ReadAction","target":["https:\/\/www.camping-bord-de-loire.com\/es\/camping-animations-loiret\/"]}]},{"@type":"ImageObject","inLanguage":"es","@id":"https:\/\/www.camping-bord-de-loire.com\/es\/camping-animations-loiret\/#primaryimage","url":"https:\/\/www.camping-bord-de-loire.com\/wp-content\/uploads\/2023\/04\/camping-activites-enfants-bord-loire.webp","contentUrl":"https:\/\/www.camping-bord-de-loire.com\/wp-content\/uploads\/2023\/04\/camping-activites-enfants-bord-loire.webp","width":1903,"height":628,"caption":"camping actividades ni\u00f1os orillas del Loira"},{"@type":"BreadcrumbList","@id":"https:\/\/www.camping-bord-de-loire.com\/es\/camping-animations-loiret\/#breadcrumb","itemListElement":[{"@type":"ListItem","position":1,"name":"Camping a orillas del Loira","item":"https:\/\/www.camping-bord-de-loire.com\/es\/"},{"@type":"ListItem","position":2,"name":"Camping con actividades en Loiret"}]},{"@type":"WebSite","@id":"https:\/\/www.camping-bord-de-loire.com\/#website","url":"https:\/\/www.camping-bord-de-loire.com\/","name":"Flower Camping le Jardin de Sully","description":"","publisher":{"@id":"https:\/\/www.camping-bord-de-loire.com\/#organization"},"alternateName":"Camping le Jardin de Sully","potentialAction":[{"@type":"SearchAction","target":{"@type":"EntryPoint","urlTemplate":"https:\/\/www.camping-bord-de-loire.com\/?s={search_term_string}"},"query-input":{"@type":"PropertyValueSpecification","valueRequired":true,"valueName":"search_term_string"}}],"inLanguage":"es"},{"@type":"Organization","@id":"https:\/\/www.camping-bord-de-loire.com\/#organization","name":"Flower Camping Le Jardin De Sully (Ouvert \u00e0 l\u2019ann\u00e9e)","alternateName":"Camping le Jardin de Sully","url":"https:\/\/www.camping-bord-de-loire.com\/","logo":{"@type":"ImageObject","inLanguage":"es","@id":"https:\/\/www.camping-bord-de-loire.com\/#\/schema\/logo\/image\/","url":"https:\/\/www.camping-bord-de-loire.com\/wp-content\/uploads\/2023\/03\/camping-de-sully-logo-blanc.webp","contentUrl":"https:\/\/www.camping-bord-de-loire.com\/wp-content\/uploads\/2023\/03\/camping-de-sully-logo-blanc.webp","width":250,"height":193,"caption":"Flower Camping Le Jardin De Sully (Ouvert \u00e0 l\u2019ann\u00e9e)"},"image":{"@id":"https:\/\/www.camping-bord-de-loire.com\/#\/schema\/logo\/image\/"},"sameAs":["https:\/\/www.facebook.com\/CampingLeJardinDeSully"]}]}},"_links":{"self":[{"href":"https:\/\/www.camping-bord-de-loire.com\/es\/wp-json\/wp\/v2\/pages\/1881","targetHints":{"allow":["GET"]}}],"collection":[{"href":"https:\/\/www.camping-bord-de-loire.com\/es\/wp-json\/wp\/v2\/pages"}],"about":[{"href":"https:\/\/www.camping-bord-de-loire.com\/es\/wp-json\/wp\/v2\/types\/page"}],"author":[{"embeddable":true,"href":"https:\/\/www.camping-bord-de-loire.com\/es\/wp-json\/wp\/v2\/users\/1"}],"replies":[{"embeddable":true,"href":"https:\/\/www.camping-bord-de-loire.com\/es\/wp-json\/wp\/v2\/comments?post=1881"}],"version-history":[{"count":9,"href":"https:\/\/www.camping-bord-de-loire.com\/es\/wp-json\/wp\/v2\/pages\/1881\/revisions"}],"predecessor-version":[{"id":4041,"href":"https:\/\/www.camping-bord-de-loire.com\/es\/wp-json\/wp\/v2\/pages\/1881\/revisions\/4041"}],"wp:featuredmedia":[{"embeddable":true,"href":"https:\/\/www.camping-bord-de-loire.com\/es\/wp-json\/wp\/v2\/media\/1638"}],"wp:attachment":[{"href":"https:\/\/www.camping-bord-de-loire.com\/es\/wp-json\/wp\/v2\/media?parent=1881"}],"wp:term":[{"taxonomy":"sujet","embeddable":true,"href":"https:\/\/www.camping-bord-de-loire.com\/es\/wp-json\/wp\/v2\/sujet?post=1881"}],"curies":[{"name":"wp","href":"https:\/\/api.w.org\/{rel}","templated":true}]}}