{"id":1874,"date":"2023-03-22T10:32:27","date_gmt":"2023-03-22T09:32:27","guid":{"rendered":"https:\/\/www.camping-bord-de-loire.com\/camping-piscine-chofer-loiret\/"},"modified":"2025-12-03T16:32:01","modified_gmt":"2025-12-03T15:32:01","slug":"camping-piscine-chauffee-loiret","status":"publish","type":"page","link":"https:\/\/www.camping-bord-de-loire.com\/es\/camping-piscine-chauffee-loiret\/","title":{"rendered":"Piscina"},"content":{"rendered":"<section id=\"ls-section-block_ac7dd47ce6cee151ad3665c9eb85120f\" class=\"ls-section  home-chapeau has-p-b p-b-0\" >\r\n        <div class=\"container container--wide\">\r\n        \n\n<h1 class=\"ls__heading wp-block-heading has-text-align-center deco-center castel m-b-10\">Momento refrescante en la <br\/>piscina climatizada en Loiret<\/h1>\n\n\r\n    <\/div>\r\n<\/section><section id=\"ls-section-block_c035b314fb44d3689d9b6fd6532f3e37\" class=\"ls-section  page-one has-p-t p-t-10 has-p-b p-b-14\" >\r\n        <div class=\"container container--wide\">\r\n        \n\n<div class=\"wp-block-columns is-layout-flex wp-container-core-columns-is-layout-9d6595d7 wp-block-columns-is-layout-flex\">\n<div class=\"wp-block-column is-layout-flow wp-block-column-is-layout-flow\" style=\"flex-basis:66.66%\">\n<figure class=\"wp-block-image size-full animated fadeIn slow\"><img decoding=\"async\" width=\"864\" height=\"575\" src=\"https:\/\/www.camping-bord-de-loire.com\/wp-content\/uploads\/2023\/04\/camping-piscine-chauffee-loire.webp\" alt=\"camping piscina climatizada loira\" class=\"wp-image-804\" srcset=\"https:\/\/www.camping-bord-de-loire.com\/wp-content\/uploads\/2023\/04\/camping-piscine-chauffee-loire.webp 864w, https:\/\/www.camping-bord-de-loire.com\/wp-content\/uploads\/2023\/04\/camping-piscine-chauffee-loire-300x200.webp 300w, https:\/\/www.camping-bord-de-loire.com\/wp-content\/uploads\/2023\/04\/camping-piscine-chauffee-loire-768x511.webp 768w\" sizes=\"(max-width: 864px) 100vw, 864px\" \/><\/figure>\n<\/div>\n\n\n\n<div class=\"wp-block-column is-vertically-aligned-center is-layout-flow wp-block-column-is-layout-flow\" style=\"flex-basis:33.33%\">\n<h2 class=\"ls__heading wp-block-heading deco\">Camping con piscina climatizada a orillas del Loira<\/h2>\n\n\n\n<p class=\"ls-paragraph\">\u00a1Disfruta de <strong>nuestra piscina climatizada<\/strong> desde tu llegada al camping en julio y agosto! Nuestro espacio acu\u00e1tico cuenta con <strong>una piscina infantil para los m\u00e1s peque\u00f1os<\/strong>, as\u00ed como juegos acu\u00e1ticos para divertirse todo el d\u00eda. \u00bfLo mejor? Nuestra <strong>piscina descubierta est\u00e1 climatizada<\/strong> a una temperatura ideal para relajarse y darse un chapuz\u00f3n de lo m\u00e1s agradable.   <\/p>\n\n\n\n<p class=\"ls-paragraph\">Aunque nuestro espacio acu\u00e1tico climatizado no dispone de toboganes, los diferentes <strong>juegos de agua<\/strong> ser\u00e1n m\u00e1s que suficientes para un <strong>ba\u00f1o l\u00fadico<\/strong> para disfrutar solo, en familia o con amigos para los peque\u00f1os.<\/p>\n\n\n\n<p class=\"ls-paragraph\"><mark style=\"background-color:#81dfb8\" class=\"has-inline-color has-color-white-color\">Recuerda traer solo tu traje de ba\u00f1o. <strong>Los pantalones cortos de ba\u00f1o est\u00e1n estrictamente prohibidos<\/strong> y te impedir\u00e1n el acceso a la piscina.<\/mark><\/p>\n<\/div>\n<\/div>\n\n\r\n    <\/div>\r\n<\/section><section id=\"ls-section-block_532ad030f787ac4dc5392783dfd332ae\" class=\"ls-section  page-parallax-bis has-background-image has-parallax has-p-t p-t-14 has-p-b p-b-14\" >\r\n    <div class=\"ls-section__background-image opacity-100\"><img decoding=\"async\" src=\"https:\/\/www.camping-bord-de-loire.com\/wp-content\/uploads\/2023\/04\/camping-pataugeoire-loiret-3.webp\" alt=\"camping piscina infantil loiret\"><\/div>    <div class=\"container \">\r\n        \r\n    <\/div>\r\n<\/section><section id=\"ls-section-block_d75847f267e1f3d40da238553fc67eb0\" class=\"ls-section  page-parallax\" >\r\n        <div class=\"container container--full\">\r\n        \n\n<div class=\"wp-block-columns is-layout-flex wp-container-core-columns-is-layout-9d6595d7 wp-block-columns-is-layout-flex\">\n<div class=\"wp-block-column left is-layout-flow wp-block-column-is-layout-flow\"><\/div>\n\n\n\n<div class=\"wp-block-column right has-color-white-background-color has-background is-layout-flow wp-block-column-is-layout-flow\">\n<h2 class=\"ls__heading wp-block-heading deco\">La piscina infantil con juegos de agua<\/h2>\n\n\n\n<p class=\"ls-paragraph\">\u00a1En el <a href=\"https:\/\/www.camping-bord-de-loire.com\/es\/\">camping Le Jardin de Sully<\/a> lo hemos pensado todo! Para que toda la familia pueda pasar un <strong>momento agradable en la piscina<\/strong>, ponemos a tu disposici\u00f3n una piscina infantil climatizada para los m\u00e1s peque\u00f1os. El beb\u00e9 descubrir\u00e1 o redescubrir\u00e1 el placer de un chapuz\u00f3n al sol, rodeado de sus seres queridos. Adem\u00e1s, nuestros <strong>juegos de agua para ni\u00f1os<\/strong> divertir\u00e1n a peque\u00f1os y mayores para disfrutar de d\u00edas llenos de risas y zambullidas.  <\/p>\n\n\n\n<p class=\"ls-paragraph\"><mark style=\"background-color:#81dfb8\" class=\"has-inline-color has-color-white-color\">Nuestra piscina climatizada en Loiret est\u00e1 <strong>abierta en julio y agosto<\/strong>.<\/mark><\/p>\n<\/div>\n<\/div>\n\n\r\n    <\/div>\r\n<\/section><section id=\"ls-section-block_75b2cf8e5c403830aa0f25c260ecf7c5\" class=\"ls-section  page-two fond-degrade has-p-b p-b-14\" >\r\n        <div class=\"container container--wide\">\r\n        \n\n<div class=\"wp-block-columns is-layout-flex wp-container-core-columns-is-layout-9d6595d7 wp-block-columns-is-layout-flex\">\n<div class=\"wp-block-column is-vertically-aligned-center is-layout-flow wp-block-column-is-layout-flow\" style=\"flex-basis:33.33%\">\n<h2 class=\"ls__heading wp-block-heading deco\">Perfecciona tu bronceado en las tumbonas<\/h2>\n\n\n\n<p class=\"ls-paragraph\">\u00bfQuieres relajarte y tomar el sol en Loiret? <\/p>\n\n\n\n<p class=\"ls-paragraph\">T\u00fambate c\u00f3modamente en una de nuestras tumbonas junto a la piscina y <strong>disfruta de unos merecidos ba\u00f1os de sol<\/strong>. \u00a1No hay nada mejor para perfeccionar tu bronceado!<\/p>\n\n\n\n<p class=\"ls-paragraph\">Rel\u00e1jate, trae un libro, disfruta de una buena dosis de vitamina D junto a la piscina y <strong>saborea un c\u00f3ctel en la terraza<\/strong>.<\/p>\n\n\n\n<p class=\"ls-paragraph\">Nuestro <a href=\"#\">camping a orillas del r\u00edo<\/a> con su <strong>piscina climatizada<\/strong> lo tiene todo previsto para que vivas una <strong>experiencia 100% relajante<\/strong>.<\/p>\n<\/div>\n\n\n\n<div class=\"wp-block-column is-vertically-aligned-center is-layout-flow wp-block-column-is-layout-flow\" style=\"flex-basis:66.66%\">\n<figure class=\"wp-block-image size-full animated fadeIn slow\"><img decoding=\"async\" width=\"864\" height=\"575\" src=\"https:\/\/www.camping-bord-de-loire.com\/wp-content\/uploads\/2023\/04\/camping-piscine-transat-loire.webp\" alt=\"camping piscina tumbona loira\" class=\"wp-image-948\" srcset=\"https:\/\/www.camping-bord-de-loire.com\/wp-content\/uploads\/2023\/04\/camping-piscine-transat-loire.webp 864w, https:\/\/www.camping-bord-de-loire.com\/wp-content\/uploads\/2023\/04\/camping-piscine-transat-loire-300x200.webp 300w, https:\/\/www.camping-bord-de-loire.com\/wp-content\/uploads\/2023\/04\/camping-piscine-transat-loire-768x511.webp 768w\" sizes=\"(max-width: 864px) 100vw, 864px\" \/><\/figure>\n<\/div>\n<\/div>\n\n\r\n    <\/div>\r\n<\/section><section id=\"ls-section-block_e5282e38ef5b68d147966ca57bcea865\" class=\"ls-section  page-three has-background-image has-p-t p-t-14 has-p-b p-b-14\" >\r\n    <div class=\"ls-section__background-image opacity-100\"><img decoding=\"async\" src=\"https:\/\/www.camping-bord-de-loire.com\/wp-content\/uploads\/2023\/04\/camping-piscine-chauffee-loire.webp\" alt=\"camping piscina climatizada loira\"><\/div>    <div class=\"container container--wide\">\r\n        \n\n<div class=\"wp-block-columns is-layout-flex wp-container-core-columns-is-layout-9d6595d7 wp-block-columns-is-layout-flex\">\n<div class=\"wp-block-column is-layout-flow wp-block-column-is-layout-flow\">\n<div id=\"ls-heading ls-titre-div-block_1dfebfe7d5474c2c02f8b7438056a6d4\" class=\"ls-titre-div fond-vert border-right-bottom h2-like has-background has-color-2-background-color\" >\n    \u00bfQu\u00e9 opinan nuestros clientes <\/br><span>de nuestra piscina?<\/span><\/div>\n\n\n<div class=\"avis-container-pages\"><div class=\"avis\"><div class=\"avis-user\"><div class=\"avis-note\">\n                <span><i class=\"sully-etoile\"><\/i><\/span><span><i class=\"sully-etoile\"><\/i><\/span><span><i class=\"sully-etoile\"><\/i><\/span><span><i class=\"sully-etoile\"><\/i><\/span><span><i class=\"sully-etoile\"><\/i><\/span>\n                <\/div><div class=\"avis-name\">Elodie<\/div><div class=\"avis-content\"><p>Pasamos 3 noches en este camping a finales de agosto de 2020.<br \/>\nDe tama\u00f1o humano, tranquilo y relajante.<br \/>\nLa piscina es bastante grande y los ni\u00f1os disfrutaron de la zona reservada para ellos con el tobog\u00e1n.<br \/>\nTen\u00edamos una parcela perfecta, a la sombra.<br \/>\nVolveremos.<\/p>\n<\/div><\/div><\/div><div class=\"avis\"><div class=\"avis-user\"><div class=\"avis-note\">\n                <span><i class=\"sully-etoile\"><\/i><\/span><span><i class=\"sully-etoile\"><\/i><\/span><span><i class=\"sully-etoile\"><\/i><\/span><span><i class=\"sully-etoile\"><\/i><\/span><span><i class=\"sully-etoile\"><\/i><\/span>\n                <\/div><div class=\"avis-name\"> Regis Museux<\/div><div class=\"avis-content\"><p>Camping muy completo en cuanto a servicios. In situ: piscina para adultos y una zona de piscina estupenda para los peque\u00f1os, snack bar, minigolf, tenis. Parcelas suficientes, sanitarios impecables, a orillas del Loira y a 15 minutos a pie de Sully y su magn\u00edfico castillo. Uno se siente bien en este camping, felicitaciones al propietario.   <\/p>\n<\/div><\/div><\/div><div class=\"avis\"><div class=\"avis-user\"><div class=\"avis-note\">\n                <span><i class=\"sully-etoile\"><\/i><\/span><span><i class=\"sully-etoile\"><\/i><\/span><span><i class=\"sully-etoile\"><\/i><\/span><span><i class=\"sully-etoile\"><\/i><\/span><span><i class=\"sully-etoile\"><\/i><\/span>\n                <\/div><div class=\"avis-name\">Sandrine FOURQUET<\/div><div class=\"avis-content\"><p>Fin de semana relajante Buena acogida a nuestra llegada.<br \/>\nEl mobil-home se ajustaba a la descripci\u00f3n del sitio web del camping.<br \/>\nEl camping estaba limpio y la piscina es una verdadera ventaja para una estancia familiar.<br \/>\nPara pasear a mi mascota, el acceso cercano al Loira fue muy apreciado.<\/p>\n<\/div><\/div><\/div><\/div>\n<\/div>\n\n\n\n<div class=\"wp-block-column is-layout-flow wp-block-column-is-layout-flow\"><\/div>\n<\/div>\n\n\r\n    <\/div>\r\n<\/section><section id=\"ls-section-block_92f9de89ffdea5c942e406fa5f0a27e0\" class=\"ls-section  page-maillage has-p-t p-t-14 has-p-b p-b-14\" >\r\n        <div class=\"container container--wide\">\r\n        \n\n<div id=\"ls-heading ls-titre-div-block_054fb17a4d16d33b8e3d17da208a0f96\" class=\"ls-titre-div deco aligncenter h2-like\" >\n    Descubre los servicios, alojamientos y parcelas de nuestro camping<\/div>\n\n\n<div id=\"ls-maillage-block_b95414fa0cc98cbcdcba35b88f28ddf1\" class=\"ls-maillage cta-style-normal\" data-rows=\"3\">\r\n    <div class=\"wp-block-columns\"><div class=\"wp-block-column\">\n\n<a href=\"https:\/\/www.camping-bord-de-loire.com\/es\/location-mobil-home-loiret\/\" target=\"\" rel=\"noopener\" class=\"ls-cta__link\">\n\n\t<div class=\"ls-cta__image\"><img decoding=\"async\" src=\"https:\/\/www.camping-bord-de-loire.com\/wp-content\/uploads\/2023\/04\/camping-pas-cher-loire-2.webp\" alt=\"camping barato loira 2\"><\/div>\n\t<div class=\"ls-cta__title\">\n\t\tNuestros alojamientos \t<\/div>\n\n\t\t\n<\/a><\/div><div class=\"wp-block-column\">\n\n<a href=\"https:\/\/www.camping-bord-de-loire.com\/es\/location-emplacement-loiret\/\" target=\"\" rel=\"noopener\" class=\"ls-cta__link\">\n\n\t<div class=\"ls-cta__image\"><img decoding=\"async\" src=\"https:\/\/www.camping-bord-de-loire.com\/wp-content\/uploads\/2023\/04\/emplacement-caravaning-loiret.webp\" alt=\"parcela caravaning loiret\"><\/div>\n\t<div class=\"ls-cta__title\">\n\t\tNuestras parcelas\t<\/div>\n\n\t\t\n<\/a><\/div><div class=\"wp-block-column\">\n\n<a href=\"https:\/\/www.camping-bord-de-loire.com\/es\/camping-avec-snack-loiret\/\" target=\"\" rel=\"noopener\" class=\"ls-cta__link\">\n\n\t<div class=\"ls-cta__image\"><img decoding=\"async\" src=\"https:\/\/www.camping-bord-de-loire.com\/wp-content\/uploads\/2023\/04\/camping-jeux-societe-loire.webp\" alt=\"camping juegos sociedad loire\"><\/div>\n\t<div class=\"ls-cta__title\">\n\t\tNuestros servicios \t<\/div>\n\n\t\t\n<\/a><\/div><\/div><\/div>\n\r\n    <\/div>\r\n<\/section>","protected":false},"excerpt":{"rendered":"","protected":false},"author":1,"featured_media":1647,"parent":0,"menu_order":0,"comment_status":"closed","ping_status":"closed","template":"","meta":{"_acf_changed":false,"footnotes":""},"sujet":[],"class_list":["post-1874","page","type-page","status-publish","has-post-thumbnail","hentry"],"acf":[],"yoast_head":"<!-- This site is optimized with the Yoast SEO plugin v26.5 - https:\/\/yoast.com\/wordpress\/plugins\/seo\/ -->\n<title>Camping con piscina climatizada en Loiret | Piscina climatizada a orillas del Loira<\/title>\n<meta name=\"robots\" content=\"index, follow, max-snippet:-1, max-image-preview:large, max-video-preview:-1\" \/>\n<link rel=\"canonical\" href=\"https:\/\/www.camping-bord-de-loire.com\/es\/camping-piscine-chauffee-loiret\/\" \/>\n<meta property=\"og:locale\" content=\"es_ES\" \/>\n<meta property=\"og:type\" content=\"article\" \/>\n<meta property=\"og:title\" content=\"Camping con piscina climatizada en Loiret | Piscina climatizada a orillas del Loira\" \/>\n<meta property=\"og:url\" content=\"https:\/\/www.camping-bord-de-loire.com\/es\/camping-piscine-chauffee-loiret\/\" \/>\n<meta property=\"og:site_name\" content=\"Le Jardin de Sully\" \/>\n<meta property=\"article:publisher\" content=\"https:\/\/www.facebook.com\/CampingLeJardinDeSully\" \/>\n<meta property=\"article:modified_time\" content=\"2025-12-03T15:32:01+00:00\" \/>\n<meta property=\"og:image\" content=\"https:\/\/www.camping-bord-de-loire.com\/wp-content\/uploads\/2023\/04\/camping-piscine-chauffee-bord-loire.webp\" \/>\n\t<meta property=\"og:image:width\" content=\"1903\" \/>\n\t<meta property=\"og:image:height\" content=\"628\" \/>\n\t<meta property=\"og:image:type\" content=\"image\/webp\" \/>\n<meta name=\"twitter:card\" content=\"summary_large_image\" \/>\n<meta name=\"twitter:label1\" content=\"Tiempo de lectura\" \/>\n\t<meta name=\"twitter:data1\" content=\"2 minutos\" \/>\n<script type=\"application\/ld+json\" class=\"yoast-schema-graph\">{\"@context\":\"https:\/\/schema.org\",\"@graph\":[{\"@type\":\"WebPage\",\"@id\":\"https:\/\/www.camping-bord-de-loire.com\/es\/camping-piscine-chauffee-loiret\/\",\"url\":\"https:\/\/www.camping-bord-de-loire.com\/es\/camping-piscine-chauffee-loiret\/\",\"name\":\"Camping con piscina climatizada en Loiret | Piscina climatizada a orillas del Loira\",\"isPartOf\":{\"@id\":\"https:\/\/www.camping-bord-de-loire.com\/#website\"},\"primaryImageOfPage\":{\"@id\":\"https:\/\/www.camping-bord-de-loire.com\/es\/camping-piscine-chauffee-loiret\/#primaryimage\"},\"image\":{\"@id\":\"https:\/\/www.camping-bord-de-loire.com\/es\/camping-piscine-chauffee-loiret\/#primaryimage\"},\"thumbnailUrl\":\"https:\/\/www.camping-bord-de-loire.com\/wp-content\/uploads\/2023\/04\/camping-piscine-chauffee-bord-loire.webp\",\"datePublished\":\"2023-03-22T09:32:27+00:00\",\"dateModified\":\"2025-12-03T15:32:01+00:00\",\"breadcrumb\":{\"@id\":\"https:\/\/www.camping-bord-de-loire.com\/es\/camping-piscine-chauffee-loiret\/#breadcrumb\"},\"inLanguage\":\"es\",\"potentialAction\":[{\"@type\":\"ReadAction\",\"target\":[\"https:\/\/www.camping-bord-de-loire.com\/es\/camping-piscine-chauffee-loiret\/\"]}]},{\"@type\":\"ImageObject\",\"inLanguage\":\"es\",\"@id\":\"https:\/\/www.camping-bord-de-loire.com\/es\/camping-piscine-chauffee-loiret\/#primaryimage\",\"url\":\"https:\/\/www.camping-bord-de-loire.com\/wp-content\/uploads\/2023\/04\/camping-piscine-chauffee-bord-loire.webp\",\"contentUrl\":\"https:\/\/www.camping-bord-de-loire.com\/wp-content\/uploads\/2023\/04\/camping-piscine-chauffee-bord-loire.webp\",\"width\":1903,\"height\":628,\"caption\":\"camping piscina climatizada orilla loira\"},{\"@type\":\"BreadcrumbList\",\"@id\":\"https:\/\/www.camping-bord-de-loire.com\/es\/camping-piscine-chauffee-loiret\/#breadcrumb\",\"itemListElement\":[{\"@type\":\"ListItem\",\"position\":1,\"name\":\"Camping a orillas del Loira\",\"item\":\"https:\/\/www.camping-bord-de-loire.com\/es\/\"},{\"@type\":\"ListItem\",\"position\":2,\"name\":\"Camping con piscina climatizada a orillas del Loira\"}]},{\"@type\":\"WebSite\",\"@id\":\"https:\/\/www.camping-bord-de-loire.com\/#website\",\"url\":\"https:\/\/www.camping-bord-de-loire.com\/\",\"name\":\"Flower Camping le Jardin de Sully\",\"description\":\"\",\"publisher\":{\"@id\":\"https:\/\/www.camping-bord-de-loire.com\/#organization\"},\"alternateName\":\"Camping le Jardin de Sully\",\"potentialAction\":[{\"@type\":\"SearchAction\",\"target\":{\"@type\":\"EntryPoint\",\"urlTemplate\":\"https:\/\/www.camping-bord-de-loire.com\/?s={search_term_string}\"},\"query-input\":{\"@type\":\"PropertyValueSpecification\",\"valueRequired\":true,\"valueName\":\"search_term_string\"}}],\"inLanguage\":\"es\"},{\"@type\":\"Organization\",\"@id\":\"https:\/\/www.camping-bord-de-loire.com\/#organization\",\"name\":\"Flower Camping Le Jardin De Sully (Ouvert \u00e0 l\u2019ann\u00e9e)\",\"alternateName\":\"Camping le Jardin de Sully\",\"url\":\"https:\/\/www.camping-bord-de-loire.com\/\",\"logo\":{\"@type\":\"ImageObject\",\"inLanguage\":\"es\",\"@id\":\"https:\/\/www.camping-bord-de-loire.com\/#\/schema\/logo\/image\/\",\"url\":\"https:\/\/www.camping-bord-de-loire.com\/wp-content\/uploads\/2023\/03\/camping-de-sully-logo-blanc.webp\",\"contentUrl\":\"https:\/\/www.camping-bord-de-loire.com\/wp-content\/uploads\/2023\/03\/camping-de-sully-logo-blanc.webp\",\"width\":250,\"height\":193,\"caption\":\"Flower Camping Le Jardin De Sully (Ouvert \u00e0 l\u2019ann\u00e9e)\"},\"image\":{\"@id\":\"https:\/\/www.camping-bord-de-loire.com\/#\/schema\/logo\/image\/\"},\"sameAs\":[\"https:\/\/www.facebook.com\/CampingLeJardinDeSully\"]}]}<\/script>\n<!-- \/ Yoast SEO plugin. -->","yoast_head_json":{"title":"Camping con piscina climatizada en Loiret | Piscina climatizada a orillas del Loira","robots":{"index":"index","follow":"follow","max-snippet":"max-snippet:-1","max-image-preview":"max-image-preview:large","max-video-preview":"max-video-preview:-1"},"canonical":"https:\/\/www.camping-bord-de-loire.com\/es\/camping-piscine-chauffee-loiret\/","og_locale":"es_ES","og_type":"article","og_title":"Camping con piscina climatizada en Loiret | Piscina climatizada a orillas del Loira","og_url":"https:\/\/www.camping-bord-de-loire.com\/es\/camping-piscine-chauffee-loiret\/","og_site_name":"Le Jardin de Sully","article_publisher":"https:\/\/www.facebook.com\/CampingLeJardinDeSully","article_modified_time":"2025-12-03T15:32:01+00:00","og_image":[{"width":1903,"height":628,"url":"https:\/\/www.camping-bord-de-loire.com\/wp-content\/uploads\/2023\/04\/camping-piscine-chauffee-bord-loire.webp","type":"image\/webp"}],"twitter_card":"summary_large_image","twitter_misc":{"Tiempo de lectura":"2 minutos"},"schema":{"@context":"https:\/\/schema.org","@graph":[{"@type":"WebPage","@id":"https:\/\/www.camping-bord-de-loire.com\/es\/camping-piscine-chauffee-loiret\/","url":"https:\/\/www.camping-bord-de-loire.com\/es\/camping-piscine-chauffee-loiret\/","name":"Camping con piscina climatizada en Loiret | Piscina climatizada a orillas del Loira","isPartOf":{"@id":"https:\/\/www.camping-bord-de-loire.com\/#website"},"primaryImageOfPage":{"@id":"https:\/\/www.camping-bord-de-loire.com\/es\/camping-piscine-chauffee-loiret\/#primaryimage"},"image":{"@id":"https:\/\/www.camping-bord-de-loire.com\/es\/camping-piscine-chauffee-loiret\/#primaryimage"},"thumbnailUrl":"https:\/\/www.camping-bord-de-loire.com\/wp-content\/uploads\/2023\/04\/camping-piscine-chauffee-bord-loire.webp","datePublished":"2023-03-22T09:32:27+00:00","dateModified":"2025-12-03T15:32:01+00:00","breadcrumb":{"@id":"https:\/\/www.camping-bord-de-loire.com\/es\/camping-piscine-chauffee-loiret\/#breadcrumb"},"inLanguage":"es","potentialAction":[{"@type":"ReadAction","target":["https:\/\/www.camping-bord-de-loire.com\/es\/camping-piscine-chauffee-loiret\/"]}]},{"@type":"ImageObject","inLanguage":"es","@id":"https:\/\/www.camping-bord-de-loire.com\/es\/camping-piscine-chauffee-loiret\/#primaryimage","url":"https:\/\/www.camping-bord-de-loire.com\/wp-content\/uploads\/2023\/04\/camping-piscine-chauffee-bord-loire.webp","contentUrl":"https:\/\/www.camping-bord-de-loire.com\/wp-content\/uploads\/2023\/04\/camping-piscine-chauffee-bord-loire.webp","width":1903,"height":628,"caption":"camping piscina climatizada orilla loira"},{"@type":"BreadcrumbList","@id":"https:\/\/www.camping-bord-de-loire.com\/es\/camping-piscine-chauffee-loiret\/#breadcrumb","itemListElement":[{"@type":"ListItem","position":1,"name":"Camping a orillas del Loira","item":"https:\/\/www.camping-bord-de-loire.com\/es\/"},{"@type":"ListItem","position":2,"name":"Camping con piscina climatizada a orillas del Loira"}]},{"@type":"WebSite","@id":"https:\/\/www.camping-bord-de-loire.com\/#website","url":"https:\/\/www.camping-bord-de-loire.com\/","name":"Flower Camping le Jardin de Sully","description":"","publisher":{"@id":"https:\/\/www.camping-bord-de-loire.com\/#organization"},"alternateName":"Camping le Jardin de Sully","potentialAction":[{"@type":"SearchAction","target":{"@type":"EntryPoint","urlTemplate":"https:\/\/www.camping-bord-de-loire.com\/?s={search_term_string}"},"query-input":{"@type":"PropertyValueSpecification","valueRequired":true,"valueName":"search_term_string"}}],"inLanguage":"es"},{"@type":"Organization","@id":"https:\/\/www.camping-bord-de-loire.com\/#organization","name":"Flower Camping Le Jardin De Sully (Ouvert \u00e0 l\u2019ann\u00e9e)","alternateName":"Camping le Jardin de Sully","url":"https:\/\/www.camping-bord-de-loire.com\/","logo":{"@type":"ImageObject","inLanguage":"es","@id":"https:\/\/www.camping-bord-de-loire.com\/#\/schema\/logo\/image\/","url":"https:\/\/www.camping-bord-de-loire.com\/wp-content\/uploads\/2023\/03\/camping-de-sully-logo-blanc.webp","contentUrl":"https:\/\/www.camping-bord-de-loire.com\/wp-content\/uploads\/2023\/03\/camping-de-sully-logo-blanc.webp","width":250,"height":193,"caption":"Flower Camping Le Jardin De Sully (Ouvert \u00e0 l\u2019ann\u00e9e)"},"image":{"@id":"https:\/\/www.camping-bord-de-loire.com\/#\/schema\/logo\/image\/"},"sameAs":["https:\/\/www.facebook.com\/CampingLeJardinDeSully"]}]}},"_links":{"self":[{"href":"https:\/\/www.camping-bord-de-loire.com\/es\/wp-json\/wp\/v2\/pages\/1874","targetHints":{"allow":["GET"]}}],"collection":[{"href":"https:\/\/www.camping-bord-de-loire.com\/es\/wp-json\/wp\/v2\/pages"}],"about":[{"href":"https:\/\/www.camping-bord-de-loire.com\/es\/wp-json\/wp\/v2\/types\/page"}],"author":[{"embeddable":true,"href":"https:\/\/www.camping-bord-de-loire.com\/es\/wp-json\/wp\/v2\/users\/1"}],"replies":[{"embeddable":true,"href":"https:\/\/www.camping-bord-de-loire.com\/es\/wp-json\/wp\/v2\/comments?post=1874"}],"version-history":[{"count":5,"href":"https:\/\/www.camping-bord-de-loire.com\/es\/wp-json\/wp\/v2\/pages\/1874\/revisions"}],"predecessor-version":[{"id":4065,"href":"https:\/\/www.camping-bord-de-loire.com\/es\/wp-json\/wp\/v2\/pages\/1874\/revisions\/4065"}],"wp:featuredmedia":[{"embeddable":true,"href":"https:\/\/www.camping-bord-de-loire.com\/es\/wp-json\/wp\/v2\/media\/1647"}],"wp:attachment":[{"href":"https:\/\/www.camping-bord-de-loire.com\/es\/wp-json\/wp\/v2\/media?parent=1874"}],"wp:term":[{"taxonomy":"sujet","embeddable":true,"href":"https:\/\/www.camping-bord-de-loire.com\/es\/wp-json\/wp\/v2\/sujet?post=1874"}],"curies":[{"name":"wp","href":"https:\/\/api.w.org\/{rel}","templated":true}]}}