{"id":1866,"date":"2023-03-22T10:33:30","date_gmt":"2023-03-22T09:33:30","guid":{"rendered":"https:\/\/www.camping-bord-de-loire.com\/camping-barato-loiret\/"},"modified":"2025-12-10T18:50:49","modified_gmt":"2025-12-10T17:50:49","slug":"camping-pas-cher-loiret","status":"publish","type":"page","link":"https:\/\/www.camping-bord-de-loire.com\/es\/camping-pas-cher-loiret\/","title":{"rendered":"Tarifas"},"content":{"rendered":"<section id=\"ls-section-block_851e154ba9f7ad2e6ab6d989549e252a\" class=\"ls-section  home-chapeau has-p-b p-b-0\" >\r\n        <div class=\"container container--wide\">\r\n        \n\n<h1 class=\"ls__heading wp-block-heading has-text-align-center deco-center castel\">Al\u00f3jate en un camping econ\u00f3mico<br\/>en Loiret<\/h1>\n\n\r\n    <\/div>\r\n<\/section><section id=\"ls-section-block_f3a05ef5ceaacf717cb95c4c9837ddf1\" class=\"ls-section \" >\r\n        <div class=\"container \">\r\n        \n\n<script>\n    window.ctoutvert = {\n\t\tid: 3090, \n\t\tlang: 'auto', \n\t\turl: 'https:\/\/bookingpremium.secureholiday.net\/widgets\/'\n    };\n\n    (function (w, d, s, ctv, r, js, fjs) {\n        r=new XMLHttpRequest();r.open('GET',w[ctv].url+'js\/src.json');\n        r.responseType='json';r.json=true;r.send();\n        r.onload=function(){w[ctv].src=r.responseType=='json'?r.response:JSON.parse(r.response);\n        js.src=w[ctv].src[0];fjs.parentNode.insertBefore(js, fjs);}\n        js=d.createElement(s),fjs=d.getElementsByTagName(s)[0];\n        js.id='ctvwidget';js.async=1;\n    }(window, document, 'script', 'ctoutvert'));\n<\/script>\n\n<ctv-availability data-product-id=\"131783;122807;140913;36940;62919;81930;36937;122803;36935;36939;36938;122805;93424;69483\" data-background-color=\"#FFFFFFFF\"><\/ctv-availability>\n\n\r\n    <\/div>\r\n<\/section>\n<p class=\"ls-paragraph has-text-align-center\">Para tus <strong><a href=\"https:\/\/www.camping-bord-de-loire.com\/es\/gite-pas-cher-sully-sur-loire-dampierre\/\">viajes de negocios<\/a><\/strong> de corta o larga duraci\u00f3n en alojamientos o parcelas, no dudes en contactarnos.<br\/>Aplicamos <strong>tarifas especiales<\/strong> para estas estancias.<\/p>\n<section id=\"ls-section-block_fe8ba0288f02b412d64b535b0a851e15\" class=\"ls-section  page-one has-p-t p-t-10 has-p-b p-b-14\" >\r\n        <div class=\"container container--wide\">\r\n        \n\n<div class=\"wp-block-columns is-layout-flex wp-container-core-columns-is-layout-9d6595d7 wp-block-columns-is-layout-flex\">\n<div class=\"wp-block-column is-layout-flow wp-block-column-is-layout-flow\" style=\"flex-basis:66.66%\">\n<figure class=\"wp-block-image size-large is-resized animated fadeIn slow\"><img decoding=\"async\" src=\"https:\/\/www.camping-bord-de-loire.com\/wp-content\/uploads\/2023\/06\/2023-06-26-HomeFlower-001-BD-&#xA9;-Flower-Camping-le-Jardin-de-Sully-1024x683.jpg\" alt=\"Casa M&#xF3;vil Premium Homeflower en Flower Camping le Jardin de Sully\" class=\"wp-image-2085\" style=\"width:1024px;height:683px\"\/><\/figure>\n<\/div>\n\n\n\n<div class=\"wp-block-column is-vertically-aligned-center is-layout-flow wp-block-column-is-layout-flow\" style=\"flex-basis:33.33%\">\n<h2 class=\"ls__heading wp-block-heading deco\">Tu alojamiento con la mejor relaci\u00f3n calidad\/precio a orillas del Loira<\/h2>\n\n\n\n<p class=\"ls-paragraph\">\u00bfBuscas un <strong>camping barato en Loiret<\/strong>? \u00a1Est\u00e1s en el lugar correcto! <\/p>\n\n\n\n<p class=\"ls-paragraph\">Te ofrecemos la <strong>mejor relaci\u00f3n calidad\/precio<\/strong> para <a href=\"https:\/\/www.camping-bord-de-loire.com\/es\/alquiler-mobil-home-loiret\/\">alojamientos vacacionales en la regi\u00f3n de Loiret<\/a>. Nuestro <strong>camping econ\u00f3mico<\/strong> te permite alquilar casas m\u00f3viles, alojamientos singulares y parcelas al mejor precio durante todo el a\u00f1o. <\/p>\n\n\n\n<p class=\"ls-paragraph addReadMore showlesscontent\">En temporada alta, podr\u00e1s, por ejemplo, alquilar una casa m\u00f3vil por semana desde solo 385 \u20ac.<br\/><br\/>En cuanto a nuestras <a href=\"https:\/\/www.camping-bord-de-loire.com\/es\/alquiler-parcela-loiret\/\">parcelas, podr\u00e1s alquilar<\/a> una desde 6 \u20ac para una persona y 15 \u20ac para familias, por noche seg\u00fan la temporada. \u00a1No lo dudes m\u00e1s y reserva en nuestro camping con la <strong>mejor relaci\u00f3n calidad\/precio<\/strong>! <\/p>\n<\/div>\n<\/div>\n\n\r\n    <\/div>\r\n<\/section><section id=\"ls-section-block_f92e39a4057315f4e46ececa5d86a8c8\" class=\"ls-section  page-parallax-bis has-background-image has-parallax has-p-t p-t-14 has-p-b p-b-14\" >\r\n    <div class=\"ls-section__background-image opacity-100\"><img decoding=\"async\" src=\"https:\/\/www.camping-bord-de-loire.com\/wp-content\/uploads\/2023\/04\/camping-meilleur-prix-loiret-1.webp\" alt=\"camping mejor precio loiret 1\"><\/div>    <div class=\"container \">\r\n        \r\n    <\/div>\r\n<\/section><section id=\"ls-section-block_3c952d6833faabbab71158ff60654717\" class=\"ls-section  page-parallax has-p-b p-b-0\" >\r\n        <div class=\"container container--full\">\r\n        \n\n<div class=\"wp-block-columns is-layout-flex wp-container-core-columns-is-layout-9d6595d7 wp-block-columns-is-layout-flex\">\n<div class=\"wp-block-column left is-layout-flow wp-block-column-is-layout-flow\"><\/div>\n\n\n\n<div class=\"wp-block-column right has-color-white-background-color has-background is-layout-flow wp-block-column-is-layout-flow\">\n<h2 class=\"ls__heading wp-block-heading deco\" id=\"promotions\">Todas nuestras promociones en el camping<\/h2>\n\n\n\n<p class=\"ls-paragraph\">Durante todo el a\u00f1o, nuestro <a href=\"https:\/\/www.camping-bord-de-loire.com\/es\/\">camping en Loiret<\/a> te ofrece las mejores tarifas. Para ello, te proponemos las <strong>mejores promociones<\/strong> para el alquiler de parcelas, casas m\u00f3viles y alojamientos singulares. <\/p>\n\n\n\n<p class=\"ls-paragraph\">Nuestro <strong>camping con ofertas promocionales<\/strong> permite que todos y cada uno de vosotros disfrut\u00e9is de unas fant\u00e1sticas vacaciones sin arruinaros. Para conocer nuestras tarifas, \u00a1no dudes en elegir el alojamiento que te interese! <\/p>\n<\/div>\n<\/div>\n\n\r\n    <\/div>\r\n<\/section><section id=\"ls-section-block_172b5400ca43a9f04d5a0d89b964095a\" class=\"ls-section  has-p-t p-t-0\" >\r\n        <div class=\"container \">\r\n        \n\n<script>\n    window.ctoutvert = {\n\t\tid: 3090, \n\t\tlang: 'auto', \n\t\turl: 'https:\/\/bookingpremium.secureholiday.net\/widgets\/'\n    };\n\n    (function (w, d, s, ctv, r, js, fjs) {\n        r=new XMLHttpRequest();r.open('GET',w[ctv].url+'js\/src.json');\n        r.responseType='json';r.json=true;r.send();\n        r.onload=function(){w[ctv].src=r.responseType=='json'?r.response:JSON.parse(r.response);\n        js.src=w[ctv].src[0];fjs.parentNode.insertBefore(js, fjs);}\n        js=d.createElement(s),fjs=d.getElementsByTagName(s)[0];\n        js.id='ctvwidget';js.async=1;\n    }(window, document, 'script', 'ctoutvert'));\n<\/script>\n\n<ctv-offers data-display-mode=\"carousel\"><\/ctv-offers>\n\n\r\n    <\/div>\r\n<\/section><section id=\"ls-section-block_291f83d6ed12cd227d4ca4f851e97b76\" class=\"ls-section  page-two fond-degrade has-p-b p-b-14\" >\r\n        <div class=\"container container--wide\">\r\n        \n\n<div class=\"wp-block-columns is-layout-flex wp-container-core-columns-is-layout-9d6595d7 wp-block-columns-is-layout-flex\">\n<div class=\"wp-block-column is-vertically-aligned-center is-layout-flow wp-block-column-is-layout-flow\" style=\"flex-basis:33.33%\">\n<h2 class=\"ls__heading wp-block-heading deco\">Reserva directamente en nuestra web y benef\u00edciate de los precios m\u00e1s bajos<\/h2>\n\n\n\n<p class=\"ls-paragraph\">\u00bfQuieres pasar tus vacaciones en un <strong>camping barato a orillas del Loira<\/strong> y disfrutar de los mejores precios posibles? En ese caso, te recomendamos <strong>reservar directamente a trav\u00e9s de nuestra p\u00e1gina web<\/strong>. <\/p>\n\n\n\n<p class=\"ls-paragraph\">Reservar directamente te permite <strong>aprovechar todas nuestras promociones<\/strong> y nuestros <strong>precios bajos en tiempo real<\/strong>. \u00a1Consigue la casa m\u00f3vil de tus sue\u00f1os al <strong>precio m\u00e1s ventajoso<\/strong>! <\/p>\n\n\n\n<p class=\"ls-paragraph\">\u00a1Nuestro camping con la mejor relaci\u00f3n calidad\/precio de Loiret te espera! Para cualquier consulta sobre tu reserva directa en nuestra web, \u00a1no dudes en contactarnos por tel\u00e9fono! <\/p>\n<\/div>\n\n\n\n<div class=\"wp-block-column is-layout-flow wp-block-column-is-layout-flow\" style=\"flex-basis:66.66%\">\n<figure class=\"wp-block-image size-full animated fadeIn slow\"><img decoding=\"async\" width=\"864\" height=\"575\" src=\"https:\/\/www.camping-bord-de-loire.com\/wp-content\/uploads\/2023\/04\/location-petit-prix-loire.webp\" alt=\"alojamiento econ&#xF3;mico loira\" class=\"wp-image-839\" srcset=\"https:\/\/www.camping-bord-de-loire.com\/wp-content\/uploads\/2023\/04\/location-petit-prix-loire.webp 864w, https:\/\/www.camping-bord-de-loire.com\/wp-content\/uploads\/2023\/04\/location-petit-prix-loire-300x200.webp 300w, https:\/\/www.camping-bord-de-loire.com\/wp-content\/uploads\/2023\/04\/location-petit-prix-loire-768x511.webp 768w\" sizes=\"(max-width: 864px) 100vw, 864px\" \/><\/figure>\n<\/div>\n<\/div>\n\n\r\n    <\/div>\r\n<\/section><section id=\"ls-section-block_cc15901352f08ac1d34812b6739d79f6\" class=\"ls-section  page-maillage has-p-t p-t-14 has-p-b p-b-14\" >\r\n        <div class=\"container container--wide\">\r\n        \n\n<div id=\"ls-heading ls-titre-div-block_33e6cd62480cb87f5823713d5f615727\" class=\"ls-titre-div deco aligncenter h2-like\" >\n    Descubre nuestros alojamientos, parcelas y actividades en el camping<\/div>\n\n\n<div id=\"ls-maillage-block_3784a59c2f6b9a8c3cbda77535848fda\" class=\"ls-maillage cta-style-normal\" data-rows=\"3\">\r\n    <div class=\"wp-block-columns\"><div class=\"wp-block-column\">\n\n<a href=\"https:\/\/www.camping-bord-de-loire.com\/es\/location-mobil-home-loiret\/\" target=\"\" rel=\"noopener\" class=\"ls-cta__link\">\n\n\t<div class=\"ls-cta__image\"><img decoding=\"async\" src=\"https:\/\/www.camping-bord-de-loire.com\/wp-content\/uploads\/2023\/04\/camping-pas-cher-loire-2.webp\" alt=\"camping barato loira 2\"><\/div>\n\t<div class=\"ls-cta__title\">\n\t\tNuestros alojamientos \t<\/div>\n\n\t\t\n<\/a><\/div><div class=\"wp-block-column\">\n\n<a href=\"https:\/\/www.camping-bord-de-loire.com\/es\/location-emplacement-loiret\/\" target=\"\" rel=\"noopener\" class=\"ls-cta__link\">\n\n\t<div class=\"ls-cta__image\"><img decoding=\"async\" src=\"https:\/\/www.camping-bord-de-loire.com\/wp-content\/uploads\/2023\/04\/emplacement-caravaning-loiret.webp\" alt=\"parcela caravaning loiret\"><\/div>\n\t<div class=\"ls-cta__title\">\n\t\tNuestras parcelas\t<\/div>\n\n\t\t\n<\/a><\/div><div class=\"wp-block-column\">\n\n<a href=\"https:\/\/www.camping-bord-de-loire.com\/es\/camping-animations-loiret\/\" target=\"\" rel=\"noopener\" class=\"ls-cta__link\">\n\n\t<div class=\"ls-cta__image\"><img decoding=\"async\" src=\"https:\/\/www.camping-bord-de-loire.com\/wp-content\/uploads\/2023\/04\/camping-anomations-enfants-loiret.webp\" alt=\"camping animaciones ni\u00f1os loiret\"><\/div>\n\t<div class=\"ls-cta__title\">\n\t\tNuestras animaciones\t<\/div>\n\n\t\t\n<\/a><\/div><\/div><\/div>\n\r\n    <\/div>\r\n<\/section>","protected":false},"excerpt":{"rendered":"<p>Para tus viajes de negocios de corta o larga duraci\u00f3n en alojamientos o parcelas, no dudes en contactarnos.Aplicamos tarifas especiales para estas estancias.<\/p>\n","protected":false},"author":1,"featured_media":1747,"parent":0,"menu_order":0,"comment_status":"closed","ping_status":"closed","template":"","meta":{"_acf_changed":false,"footnotes":""},"sujet":[],"class_list":["post-1866","page","type-page","status-publish","has-post-thumbnail","hentry"],"acf":[],"yoast_head":"<!-- This site is optimized with the Yoast SEO plugin v26.5 - https:\/\/yoast.com\/wordpress\/plugins\/seo\/ -->\n<title>Camping barato en Loiret | Camping econ\u00f3mico a orillas del Loira<\/title>\n<meta name=\"robots\" content=\"index, follow, max-snippet:-1, max-image-preview:large, max-video-preview:-1\" \/>\n<link rel=\"canonical\" href=\"https:\/\/www.camping-bord-de-loire.com\/es\/camping-pas-cher-loiret\/\" \/>\n<meta property=\"og:locale\" content=\"es_ES\" \/>\n<meta property=\"og:type\" content=\"article\" \/>\n<meta property=\"og:title\" content=\"Camping barato en Loiret | Camping econ\u00f3mico a orillas del Loira\" \/>\n<meta property=\"og:description\" content=\"Para tus viajes de negocios de corta o larga duraci\u00f3n en alojamientos o parcelas, no dudes en contactarnos.Aplicamos tarifas especiales para estas estancias.\" \/>\n<meta property=\"og:url\" content=\"https:\/\/www.camping-bord-de-loire.com\/es\/camping-pas-cher-loiret\/\" \/>\n<meta property=\"og:site_name\" content=\"Le Jardin de Sully\" \/>\n<meta property=\"article:publisher\" content=\"https:\/\/www.facebook.com\/CampingLeJardinDeSully\" \/>\n<meta property=\"article:modified_time\" content=\"2025-12-10T17:50:49+00:00\" \/>\n<meta property=\"og:image\" content=\"https:\/\/www.camping-bord-de-loire.com\/wp-content\/uploads\/2023\/03\/camping-sully-loiret.webp\" \/>\n\t<meta property=\"og:image:width\" content=\"2000\" \/>\n\t<meta property=\"og:image:height\" content=\"976\" \/>\n\t<meta property=\"og:image:type\" content=\"image\/webp\" \/>\n<meta name=\"twitter:card\" content=\"summary_large_image\" \/>\n<meta name=\"twitter:label1\" content=\"Tiempo de lectura\" \/>\n\t<meta name=\"twitter:data1\" content=\"2 minutos\" \/>\n<script type=\"application\/ld+json\" class=\"yoast-schema-graph\">{\"@context\":\"https:\/\/schema.org\",\"@graph\":[{\"@type\":\"WebPage\",\"@id\":\"https:\/\/www.camping-bord-de-loire.com\/es\/camping-pas-cher-loiret\/\",\"url\":\"https:\/\/www.camping-bord-de-loire.com\/es\/camping-pas-cher-loiret\/\",\"name\":\"Camping barato en Loiret | Camping econ\u00f3mico a orillas del Loira\",\"isPartOf\":{\"@id\":\"https:\/\/www.camping-bord-de-loire.com\/#website\"},\"primaryImageOfPage\":{\"@id\":\"https:\/\/www.camping-bord-de-loire.com\/es\/camping-pas-cher-loiret\/#primaryimage\"},\"image\":{\"@id\":\"https:\/\/www.camping-bord-de-loire.com\/es\/camping-pas-cher-loiret\/#primaryimage\"},\"thumbnailUrl\":\"https:\/\/www.camping-bord-de-loire.com\/wp-content\/uploads\/2023\/03\/camping-sully-loiret.webp\",\"datePublished\":\"2023-03-22T09:33:30+00:00\",\"dateModified\":\"2025-12-10T17:50:49+00:00\",\"breadcrumb\":{\"@id\":\"https:\/\/www.camping-bord-de-loire.com\/es\/camping-pas-cher-loiret\/#breadcrumb\"},\"inLanguage\":\"es\",\"potentialAction\":[{\"@type\":\"ReadAction\",\"target\":[\"https:\/\/www.camping-bord-de-loire.com\/es\/camping-pas-cher-loiret\/\"]}]},{\"@type\":\"ImageObject\",\"inLanguage\":\"es\",\"@id\":\"https:\/\/www.camping-bord-de-loire.com\/es\/camping-pas-cher-loiret\/#primaryimage\",\"url\":\"https:\/\/www.camping-bord-de-loire.com\/wp-content\/uploads\/2023\/03\/camping-sully-loiret.webp\",\"contentUrl\":\"https:\/\/www.camping-bord-de-loire.com\/wp-content\/uploads\/2023\/03\/camping-sully-loiret.webp\",\"width\":2000,\"height\":976,\"caption\":\"camping sully loiret\"},{\"@type\":\"BreadcrumbList\",\"@id\":\"https:\/\/www.camping-bord-de-loire.com\/es\/camping-pas-cher-loiret\/#breadcrumb\",\"itemListElement\":[{\"@type\":\"ListItem\",\"position\":1,\"name\":\"Camping a orillas del Loira\",\"item\":\"https:\/\/www.camping-bord-de-loire.com\/es\/\"},{\"@type\":\"ListItem\",\"position\":2,\"name\":\"Camping barato en Loiret\"}]},{\"@type\":\"WebSite\",\"@id\":\"https:\/\/www.camping-bord-de-loire.com\/#website\",\"url\":\"https:\/\/www.camping-bord-de-loire.com\/\",\"name\":\"Flower Camping le Jardin de Sully\",\"description\":\"\",\"publisher\":{\"@id\":\"https:\/\/www.camping-bord-de-loire.com\/#organization\"},\"alternateName\":\"Camping le Jardin de Sully\",\"potentialAction\":[{\"@type\":\"SearchAction\",\"target\":{\"@type\":\"EntryPoint\",\"urlTemplate\":\"https:\/\/www.camping-bord-de-loire.com\/?s={search_term_string}\"},\"query-input\":{\"@type\":\"PropertyValueSpecification\",\"valueRequired\":true,\"valueName\":\"search_term_string\"}}],\"inLanguage\":\"es\"},{\"@type\":\"Organization\",\"@id\":\"https:\/\/www.camping-bord-de-loire.com\/#organization\",\"name\":\"Flower Camping Le Jardin De Sully (Ouvert \u00e0 l\u2019ann\u00e9e)\",\"alternateName\":\"Camping le Jardin de Sully\",\"url\":\"https:\/\/www.camping-bord-de-loire.com\/\",\"logo\":{\"@type\":\"ImageObject\",\"inLanguage\":\"es\",\"@id\":\"https:\/\/www.camping-bord-de-loire.com\/#\/schema\/logo\/image\/\",\"url\":\"https:\/\/www.camping-bord-de-loire.com\/wp-content\/uploads\/2023\/03\/camping-de-sully-logo-blanc.webp\",\"contentUrl\":\"https:\/\/www.camping-bord-de-loire.com\/wp-content\/uploads\/2023\/03\/camping-de-sully-logo-blanc.webp\",\"width\":250,\"height\":193,\"caption\":\"Flower Camping Le Jardin De Sully (Ouvert \u00e0 l\u2019ann\u00e9e)\"},\"image\":{\"@id\":\"https:\/\/www.camping-bord-de-loire.com\/#\/schema\/logo\/image\/\"},\"sameAs\":[\"https:\/\/www.facebook.com\/CampingLeJardinDeSully\"]}]}<\/script>\n<!-- \/ Yoast SEO plugin. -->","yoast_head_json":{"title":"Camping barato en Loiret | Camping econ\u00f3mico a orillas del Loira","robots":{"index":"index","follow":"follow","max-snippet":"max-snippet:-1","max-image-preview":"max-image-preview:large","max-video-preview":"max-video-preview:-1"},"canonical":"https:\/\/www.camping-bord-de-loire.com\/es\/camping-pas-cher-loiret\/","og_locale":"es_ES","og_type":"article","og_title":"Camping barato en Loiret | Camping econ\u00f3mico a orillas del Loira","og_description":"Para tus viajes de negocios de corta o larga duraci\u00f3n en alojamientos o parcelas, no dudes en contactarnos.Aplicamos tarifas especiales para estas estancias.","og_url":"https:\/\/www.camping-bord-de-loire.com\/es\/camping-pas-cher-loiret\/","og_site_name":"Le Jardin de Sully","article_publisher":"https:\/\/www.facebook.com\/CampingLeJardinDeSully","article_modified_time":"2025-12-10T17:50:49+00:00","og_image":[{"width":2000,"height":976,"url":"https:\/\/www.camping-bord-de-loire.com\/wp-content\/uploads\/2023\/03\/camping-sully-loiret.webp","type":"image\/webp"}],"twitter_card":"summary_large_image","twitter_misc":{"Tiempo de lectura":"2 minutos"},"schema":{"@context":"https:\/\/schema.org","@graph":[{"@type":"WebPage","@id":"https:\/\/www.camping-bord-de-loire.com\/es\/camping-pas-cher-loiret\/","url":"https:\/\/www.camping-bord-de-loire.com\/es\/camping-pas-cher-loiret\/","name":"Camping barato en Loiret | Camping econ\u00f3mico a orillas del Loira","isPartOf":{"@id":"https:\/\/www.camping-bord-de-loire.com\/#website"},"primaryImageOfPage":{"@id":"https:\/\/www.camping-bord-de-loire.com\/es\/camping-pas-cher-loiret\/#primaryimage"},"image":{"@id":"https:\/\/www.camping-bord-de-loire.com\/es\/camping-pas-cher-loiret\/#primaryimage"},"thumbnailUrl":"https:\/\/www.camping-bord-de-loire.com\/wp-content\/uploads\/2023\/03\/camping-sully-loiret.webp","datePublished":"2023-03-22T09:33:30+00:00","dateModified":"2025-12-10T17:50:49+00:00","breadcrumb":{"@id":"https:\/\/www.camping-bord-de-loire.com\/es\/camping-pas-cher-loiret\/#breadcrumb"},"inLanguage":"es","potentialAction":[{"@type":"ReadAction","target":["https:\/\/www.camping-bord-de-loire.com\/es\/camping-pas-cher-loiret\/"]}]},{"@type":"ImageObject","inLanguage":"es","@id":"https:\/\/www.camping-bord-de-loire.com\/es\/camping-pas-cher-loiret\/#primaryimage","url":"https:\/\/www.camping-bord-de-loire.com\/wp-content\/uploads\/2023\/03\/camping-sully-loiret.webp","contentUrl":"https:\/\/www.camping-bord-de-loire.com\/wp-content\/uploads\/2023\/03\/camping-sully-loiret.webp","width":2000,"height":976,"caption":"camping sully loiret"},{"@type":"BreadcrumbList","@id":"https:\/\/www.camping-bord-de-loire.com\/es\/camping-pas-cher-loiret\/#breadcrumb","itemListElement":[{"@type":"ListItem","position":1,"name":"Camping a orillas del Loira","item":"https:\/\/www.camping-bord-de-loire.com\/es\/"},{"@type":"ListItem","position":2,"name":"Camping barato en Loiret"}]},{"@type":"WebSite","@id":"https:\/\/www.camping-bord-de-loire.com\/#website","url":"https:\/\/www.camping-bord-de-loire.com\/","name":"Flower Camping le Jardin de Sully","description":"","publisher":{"@id":"https:\/\/www.camping-bord-de-loire.com\/#organization"},"alternateName":"Camping le Jardin de Sully","potentialAction":[{"@type":"SearchAction","target":{"@type":"EntryPoint","urlTemplate":"https:\/\/www.camping-bord-de-loire.com\/?s={search_term_string}"},"query-input":{"@type":"PropertyValueSpecification","valueRequired":true,"valueName":"search_term_string"}}],"inLanguage":"es"},{"@type":"Organization","@id":"https:\/\/www.camping-bord-de-loire.com\/#organization","name":"Flower Camping Le Jardin De Sully (Ouvert \u00e0 l\u2019ann\u00e9e)","alternateName":"Camping le Jardin de Sully","url":"https:\/\/www.camping-bord-de-loire.com\/","logo":{"@type":"ImageObject","inLanguage":"es","@id":"https:\/\/www.camping-bord-de-loire.com\/#\/schema\/logo\/image\/","url":"https:\/\/www.camping-bord-de-loire.com\/wp-content\/uploads\/2023\/03\/camping-de-sully-logo-blanc.webp","contentUrl":"https:\/\/www.camping-bord-de-loire.com\/wp-content\/uploads\/2023\/03\/camping-de-sully-logo-blanc.webp","width":250,"height":193,"caption":"Flower Camping Le Jardin De Sully (Ouvert \u00e0 l\u2019ann\u00e9e)"},"image":{"@id":"https:\/\/www.camping-bord-de-loire.com\/#\/schema\/logo\/image\/"},"sameAs":["https:\/\/www.facebook.com\/CampingLeJardinDeSully"]}]}},"_links":{"self":[{"href":"https:\/\/www.camping-bord-de-loire.com\/es\/wp-json\/wp\/v2\/pages\/1866","targetHints":{"allow":["GET"]}}],"collection":[{"href":"https:\/\/www.camping-bord-de-loire.com\/es\/wp-json\/wp\/v2\/pages"}],"about":[{"href":"https:\/\/www.camping-bord-de-loire.com\/es\/wp-json\/wp\/v2\/types\/page"}],"author":[{"embeddable":true,"href":"https:\/\/www.camping-bord-de-loire.com\/es\/wp-json\/wp\/v2\/users\/1"}],"replies":[{"embeddable":true,"href":"https:\/\/www.camping-bord-de-loire.com\/es\/wp-json\/wp\/v2\/comments?post=1866"}],"version-history":[{"count":10,"href":"https:\/\/www.camping-bord-de-loire.com\/es\/wp-json\/wp\/v2\/pages\/1866\/revisions"}],"predecessor-version":[{"id":4138,"href":"https:\/\/www.camping-bord-de-loire.com\/es\/wp-json\/wp\/v2\/pages\/1866\/revisions\/4138"}],"wp:featuredmedia":[{"embeddable":true,"href":"https:\/\/www.camping-bord-de-loire.com\/es\/wp-json\/wp\/v2\/media\/1747"}],"wp:attachment":[{"href":"https:\/\/www.camping-bord-de-loire.com\/es\/wp-json\/wp\/v2\/media?parent=1866"}],"wp:term":[{"taxonomy":"sujet","embeddable":true,"href":"https:\/\/www.camping-bord-de-loire.com\/es\/wp-json\/wp\/v2\/sujet?post=1866"}],"curies":[{"name":"wp","href":"https:\/\/api.w.org\/{rel}","templated":true}]}}