{"id":1837,"date":"2023-03-22T10:33:20","date_gmt":"2023-03-22T09:33:20","guid":{"rendered":"https:\/\/www.camping-bord-de-loire.com\/alquiler-parcela-loiret\/"},"modified":"2025-12-03T16:33:47","modified_gmt":"2025-12-03T15:33:47","slug":"location-emplacement-loiret","status":"publish","type":"page","link":"https:\/\/www.camping-bord-de-loire.com\/es\/location-emplacement-loiret\/","title":{"rendered":"Parcelas"},"content":{"rendered":"<section id=\"ls-section-block_f3e17a2b93b7dab49d1b02eb45fc4ae8\" class=\"ls-section  home-chapeau has-p-b p-b-0\" >\r\n        <div class=\"container container--wide\">\r\n        \n\n<h1 class=\"ls__heading wp-block-heading has-text-align-center deco-center castel\">Tus vacaciones en camping y caravaning<br\/>en Sully-sur-Loire<\/h1>\n\n\r\n    <\/div>\r\n<\/section><section id=\"ls-section-block_7f7e360f6a109386fa486bbae6f17e8a\" class=\"ls-section \" >\r\n        <div class=\"container \">\r\n        \n\n<script>\n    window.ctoutvert = {\n\t\tid: 3090, \n\t\tlang: 'auto', \n\t\turl: 'https:\/\/bookingpremium.secureholiday.net\/widgets\/'\n    };\n\n    (function (w, d, s, ctv, r, js, fjs) {\n        r=new XMLHttpRequest();r.open('GET',w[ctv].url+'js\/src.json');\n        r.responseType='json';r.json=true;r.send();\n        r.onload=function(){w[ctv].src=r.responseType=='json'?r.response:JSON.parse(r.response);\n        js.src=w[ctv].src[0];fjs.parentNode.insertBefore(js, fjs);}\n        js=d.createElement(s),fjs=d.getElementsByTagName(s)[0];\n        js.id='ctvwidget';js.async=1;\ndata-product-pitch ;\n\n\n    }(window, document, 'script', 'ctoutvert'));\n<\/script>\n\n<ctv-availability data-product-id=\"122808;36766;36767\" data-background-color=\"#FFFFFFFF\"><\/ctv-availability>\n<ctv-offers data-product-id=\"122808\" data-display-mode=\"carousel\"><\/ctv-offers>\n\n\r\n    <\/div>\r\n<\/section><section id=\"ls-section-block_0b452ee6c1932e5b2e534056a3f0385c\" class=\"ls-section  page-one has-p-t p-t-10 has-p-b p-b-14\" >\r\n        <div class=\"container container--wide\">\r\n        \n\n<div class=\"wp-block-columns is-layout-flex wp-container-core-columns-is-layout-9d6595d7 wp-block-columns-is-layout-flex\">\n<div class=\"wp-block-column is-vertically-aligned-center is-layout-flow wp-block-column-is-layout-flow\" style=\"flex-basis:66.66%\">\n<figure class=\"wp-block-image size-full animated fadeIn slow\"><img decoding=\"async\" width=\"800\" height=\"600\" src=\"https:\/\/www.camping-bord-de-loire.com\/wp-content\/uploads\/2023\/04\/louer-emplacement-loiret.webp\" alt=\"alquilar parcela loiret\" class=\"wp-image-786\" srcset=\"https:\/\/www.camping-bord-de-loire.com\/wp-content\/uploads\/2023\/04\/louer-emplacement-loiret.webp 800w, https:\/\/www.camping-bord-de-loire.com\/wp-content\/uploads\/2023\/04\/louer-emplacement-loiret-300x225.webp 300w, https:\/\/www.camping-bord-de-loire.com\/wp-content\/uploads\/2023\/04\/louer-emplacement-loiret-768x576.webp 768w\" sizes=\"(max-width: 800px) 100vw, 800px\" \/><\/figure>\n<\/div>\n\n\n\n<div class=\"wp-block-column is-vertically-aligned-center is-layout-flow wp-block-column-is-layout-flow\" style=\"flex-basis:33.33%\">\n<h2 class=\"ls__heading wp-block-heading deco\">Alquiler de parcelas en Loiret<\/h2>\n\n\n\n<p class=\"ls-paragraph\">En el <a href=\"https:\/\/www.camping-bord-de-loire.com\/es\/\">camping Le Jardin de Sully<\/a>, podr\u00e1s <strong>alquilar una parcela para caravana o tienda de campa\u00f1a<\/strong> adaptada a tus necesidades y presupuesto, para <strong>un m\u00e1ximo de 6 personas<\/strong>. Las parcelas son soleadas o sombreadas, no dudes en indicarnos tu preferencia en el momento de la reserva si tienes alguna. <\/p>\n\n\n\n<p class=\"ls-paragraph\">Podr\u00e1s elegir entre <a href=\"https:\/\/www.camping-bord-de-loire.com\/es\/camping-pas-cher-loiret\/\">alquileres de parcelas a bajo precio<\/a>:<\/p>\n\n\n\n<p class=\"ls-paragraph\">Ten en cuenta que todas nuestras <strong>parcelas se pueden alquilar con electricidad<\/strong> y podemos <strong>prestarte adaptadores<\/strong> si los necesitas.<\/p>\n<\/div>\n<\/div>\n\n\r\n    <\/div>\r\n<\/section><section id=\"ls-section-block_ce7c7595f8975342f59085a7e4860b72\" class=\"ls-section  page-parallax-bis has-background-image has-parallax has-p-t p-t-14 has-p-b p-b-14\" >\r\n    <div class=\"ls-section__background-image opacity-100\"><img decoding=\"async\" src=\"https:\/\/www.camping-bord-de-loire.com\/wp-content\/uploads\/2023\/04\/louer-emplacement-bord-loire.webp\" alt=\"alquilar parcela orillas loira\"><\/div>    <div class=\"container \">\r\n        \r\n    <\/div>\r\n<\/section><section id=\"ls-section-block_f38ede1093497d7836d12e353c8ffd11\" class=\"ls-section  page-parallax\" >\r\n        <div class=\"container container--full\">\r\n        \n\n<div class=\"wp-block-columns is-layout-flex wp-container-core-columns-is-layout-9d6595d7 wp-block-columns-is-layout-flex\">\n<div class=\"wp-block-column left is-layout-flow wp-block-column-is-layout-flow\"><\/div>\n\n\n\n<div class=\"wp-block-column right has-color-white-background-color has-background is-layout-flow wp-block-column-is-layout-flow\">\n<h2 class=\"ls__heading wp-block-heading deco\">Nuestros equipamientos adicionales<\/h2>\n\n\n\n<p class=\"ls-paragraph\">Para a\u00fan m\u00e1s comodidad durante tus vacaciones, podr\u00e1s <strong>alquilar una nevera<\/strong> si la necesitas. Al no estar incluida con la parcela de alquiler, este <strong>alquiler adicional<\/strong> te permitir\u00e1 mantener tus alimentos y bebidas frescas, para disfrutar a\u00fan m\u00e1s de tus vacaciones en el camping. <\/p>\n\n\n\n<p class=\"ls-paragraph\">\u00bfTienes <strong>mascotas<\/strong> y quieres llevarlas contigo de vacaciones? En nuestro camping a orillas del Loira, \u00a1es posible! Podr\u00e1s traer <strong>hasta 2 mascotas con un suplemento<\/strong>. \u00a1Ya no necesitas buscar una ni\u00f1era para tu perro o gato!   <\/p>\n<\/div>\n<\/div>\n\n\r\n    <\/div>\r\n<\/section><section id=\"ls-section-block_66a0f4cf6f22509f9c2b0855bb252e9c\" class=\"ls-section  page-two fond-degrade has-p-b p-b-14\" >\r\n        <div class=\"container container--wide\">\r\n        \n\n<div class=\"wp-block-columns is-layout-flex wp-container-core-columns-is-layout-9d6595d7 wp-block-columns-is-layout-flex\">\n<div class=\"wp-block-column is-vertically-aligned-center is-layout-flow wp-block-column-is-layout-flow\" style=\"flex-basis:33.33%\">\n<h2 class=\"ls__heading wp-block-heading deco\">Nuestros sanitarios cerca de tu parcela<\/h2>\n\n\n\n<p class=\"ls-paragraph\">Nuestro camping de 3 estrellas se centra ante todo en la comodidad, ya sea que elijas alojarte en una parcela o que <a href=\"https:\/\/www.camping-bord-de-loire.com\/es\/location-mobil-home-loiret\/\">alquiles una casa m\u00f3vil<\/a>.<br\/>Para nosotros, cada detalle cuenta para hacer tu estancia agradable. Por eso, ponemos a tu disposici\u00f3n sanitarios modernos, limpios y pr\u00e1cticos. Situados en las proximidades directas de tu parcela, te garantizan un acceso f\u00e1cil y r\u00e1pido en todo momento.  <\/p>\n\n\n\n<p class=\"ls-paragraph\">Nuestros sanitarios para campistas se mantienen diariamente y est\u00e1n adaptados a tus necesidades. <\/p>\n\n\n\n<p class=\"ls-paragraph\">Disponemos de <strong>2 bloques de sanitarios<\/strong>, uno de los cuales est\u00e1 <strong>calefactado<\/strong>, es <strong>accesible para Personas con Movilidad Reducida<\/strong> y cuenta con un <strong>espacio para beb\u00e9s<\/strong> para los m\u00e1s peque\u00f1os. <\/p>\n\n\n\n<p class=\"ls-paragraph\">\u00a1El alquiler de parcelas en Loiret para tus vacaciones nunca ha sido tan agradable y c\u00f3modo!<\/p>\n<\/div>\n\n\n\n<div class=\"wp-block-column is-layout-flow wp-block-column-is-layout-flow\" style=\"flex-basis:66.66%\">\n<figure class=\"wp-block-gallery has-nested-images columns-default is-cropped wp-block-gallery-1 is-layout-flex wp-block-gallery-is-layout-flex\">\n<figure class=\"wp-block-image size-large\"><a href=\"https:\/\/www.camping-bord-de-loire.com\/wp-content\/uploads\/2023\/03\/douches.webp\"><img decoding=\"async\" width=\"1000\" height=\"750\" data-id=\"1366\" src=\"https:\/\/www.camping-bord-de-loire.com\/wp-content\/uploads\/2023\/03\/douches.webp\" alt=\"duchas\" class=\"wp-image-1366\" srcset=\"https:\/\/www.camping-bord-de-loire.com\/wp-content\/uploads\/2023\/03\/douches.webp 1000w, https:\/\/www.camping-bord-de-loire.com\/wp-content\/uploads\/2023\/03\/douches-300x225.webp 300w, https:\/\/www.camping-bord-de-loire.com\/wp-content\/uploads\/2023\/03\/douches-768x576.webp 768w\" sizes=\"(max-width: 1000px) 100vw, 1000px\" \/><\/a><\/figure>\n\n\n\n<figure class=\"wp-block-image size-large\"><a href=\"https:\/\/www.camping-bord-de-loire.com\/wp-content\/uploads\/2023\/04\/sanitaires-propres.webp\"><img decoding=\"async\" width=\"1000\" height=\"750\" data-id=\"1362\" src=\"https:\/\/www.camping-bord-de-loire.com\/wp-content\/uploads\/2023\/04\/sanitaires-propres.webp\" alt=\"sanitarios limpios\" class=\"wp-image-1362\" srcset=\"https:\/\/www.camping-bord-de-loire.com\/wp-content\/uploads\/2023\/04\/sanitaires-propres.webp 1000w, https:\/\/www.camping-bord-de-loire.com\/wp-content\/uploads\/2023\/04\/sanitaires-propres-300x225.webp 300w, https:\/\/www.camping-bord-de-loire.com\/wp-content\/uploads\/2023\/04\/sanitaires-propres-768x576.webp 768w\" sizes=\"(max-width: 1000px) 100vw, 1000px\" \/><\/a><\/figure>\n<\/figure>\n\n\n<div class=\"wp-block-image animated fadeIn slow\">\n<figure class=\"aligncenter size-full\"><img decoding=\"async\" width=\"864\" height=\"575\" src=\"https:\/\/www.camping-bord-de-loire.com\/wp-content\/uploads\/2023\/04\/location-emplacement-loiret-3.webp\" alt=\"alquiler parcela loiret 3\" class=\"wp-image-783\" srcset=\"https:\/\/www.camping-bord-de-loire.com\/wp-content\/uploads\/2023\/04\/location-emplacement-loiret-3.webp 864w, https:\/\/www.camping-bord-de-loire.com\/wp-content\/uploads\/2023\/04\/location-emplacement-loiret-3-300x200.webp 300w, https:\/\/www.camping-bord-de-loire.com\/wp-content\/uploads\/2023\/04\/location-emplacement-loiret-3-768x511.webp 768w\" sizes=\"(max-width: 864px) 100vw, 864px\" \/><\/figure>\n<\/div><\/div>\n<\/div>\n\n\r\n    <\/div>\r\n<\/section><section id=\"ls-section-block_0ddae04dbe9e7b7242f2d5349ef5f857\" class=\"ls-section  page-three has-background-image has-p-t p-t-14 has-p-b p-b-14\" >\r\n    <div class=\"ls-section__background-image opacity-100\"><img decoding=\"async\" src=\"https:\/\/www.camping-bord-de-loire.com\/wp-content\/uploads\/2023\/04\/sanitaires-propres.webp\" alt=\"sanitarios limpios\"><\/div>    <div class=\"container container--wide\">\r\n        \n\n<div class=\"wp-block-columns is-layout-flex wp-container-core-columns-is-layout-9d6595d7 wp-block-columns-is-layout-flex\">\n<div class=\"wp-block-column is-layout-flow wp-block-column-is-layout-flow\">\n<div id=\"ls-heading ls-titre-div-block_55392569b9fd1ab03246321f9e8f6e88\" class=\"ls-titre-div fond-vert border-right-bottom h2-like has-background has-color-2-background-color\" >\n    \u00bfQu\u00e9 opinan nuestros clientes <\/br><span>de la piscina?<\/span><\/div>\n\n\n<div class=\"avis-container-pages\"><div class=\"avis\"><div class=\"avis-user\"><div class=\"avis-note\">\n                <span><i class=\"sully-etoile\"><\/i><\/span><span><i class=\"sully-etoile\"><\/i><\/span><span><i class=\"sully-etoile\"><\/i><\/span><span><i class=\"sully-etoile\"><\/i><\/span><span><i class=\"sully-etoile\"><\/i><\/span>\n                <\/div><div class=\"avis-name\">Karine Bouttefeux<\/div><div class=\"avis-content\"><p>Excelentes instalaciones para los ni\u00f1os. Hermosas parcelas. Una ubicaci\u00f3n geogr\u00e1fica estupenda.  <\/p>\n<\/div><\/div><\/div><div class=\"avis\"><div class=\"avis-user\"><div class=\"avis-note\">\n                <span><i class=\"sully-etoile\"><\/i><\/span><span><i class=\"sully-etoile\"><\/i><\/span><span><i class=\"sully-etoile\"><\/i><\/span><span><i class=\"sully-etoile\"><\/i><\/span><span><i class=\"sully-etoile\"><\/i><\/span>\n                <\/div><div class=\"avis-name\">Vincent LORENTZ<\/div><div class=\"avis-content\"><p>Camping agradable con una recepci\u00f3n amistosa. Parcelas tranquilas cerca del Loira. <\/p>\n<\/div><\/div><\/div><div class=\"avis\"><div class=\"avis-user\"><div class=\"avis-note\">\n                <span><i class=\"sully-etoile\"><\/i><\/span><span><i class=\"sully-etoile\"><\/i><\/span><span><i class=\"sully-etoile\"><\/i><\/span><span><i class=\"sully-etoile\"><\/i><\/span><span><i class=\"sully-etoile\"><\/i><\/span>\n                <\/div><div class=\"avis-name\"> Nicolas Franchet<\/div><div class=\"avis-content\"><p>Muy buen camping. Los propietarios son muy acogedores. Lo recomiendo de verdad.<br \/>\nM\u00f3vil, peque\u00f1a caba\u00f1a bien equipada y parcelas para autocaravanas y tiendas de campa\u00f1a.  <\/p>\n<\/div><\/div><\/div><\/div>\n<\/div>\n\n\n\n<div class=\"wp-block-column is-layout-flow wp-block-column-is-layout-flow\"><\/div>\n<\/div>\n\n\r\n    <\/div>\r\n<\/section><section id=\"ls-section-block_6335ecb83ab31480f129eed870031f54\" class=\"ls-section  page-maillage has-p-t p-t-14 has-p-b p-b-14\" >\r\n        <div class=\"container container--wide\">\r\n        \n\n<div id=\"ls-heading ls-titre-div-block_998bd46d95b2f8b5991e1502f9ac1962\" class=\"ls-titre-div deco aligncenter h2-like\" >\n    Descubre nuestros alojamientos, nuestras tarifas y nuestra piscina en el camping<\/div>\n\n\n<div id=\"ls-maillage-block_d6dff2fce95c4846995613e6b31be4cb\" class=\"ls-maillage cta-style-normal\" data-rows=\"3\">\r\n    <div class=\"wp-block-columns\"><div class=\"wp-block-column\">\n\n<a href=\"https:\/\/www.camping-bord-de-loire.com\/es\/location-mobil-home-loiret\/\" target=\"\" rel=\"noopener\" class=\"ls-cta__link\">\n\n\t<div class=\"ls-cta__image\"><img decoding=\"async\" src=\"https:\/\/www.camping-bord-de-loire.com\/wp-content\/uploads\/2023\/04\/camping-pas-cher-loire-2.webp\" alt=\"camping barato loira 2\"><\/div>\n\t<div class=\"ls-cta__title\">\n\t\tNuestros alojamientos \t<\/div>\n\n\t\t\n<\/a><\/div><div class=\"wp-block-column\">\n\n<a href=\"https:\/\/www.camping-bord-de-loire.com\/es\/camping-pas-cher-loiret\/\" target=\"\" rel=\"noopener\" class=\"ls-cta__link\">\n\n\t<div class=\"ls-cta__image\"><img decoding=\"async\" src=\"https:\/\/www.camping-bord-de-loire.com\/wp-content\/uploads\/2023\/04\/camping-pas-cher-loire-1.webp\" alt=\"camping barato loira 1\"><\/div>\n\t<div class=\"ls-cta__title\">\n\t\tNuestras tarifas\t<\/div>\n\n\t\t\n<\/a><\/div><div class=\"wp-block-column\">\n\n<a href=\"https:\/\/www.camping-bord-de-loire.com\/es\/camping-piscine-chauffee-loiret\/\" target=\"\" rel=\"noopener\" class=\"ls-cta__link\">\n\n\t<div class=\"ls-cta__image\"><img decoding=\"async\" src=\"https:\/\/www.camping-bord-de-loire.com\/wp-content\/uploads\/2023\/04\/camping-piscinebord-loire.webp\" alt=\"camping piscina orilla loira\"><\/div>\n\t<div class=\"ls-cta__title\">\n\t\tNuestra piscina\t<\/div>\n\n\t\t\n<\/a><\/div><\/div><\/div>\n\r\n    <\/div>\r\n<\/section>","protected":false},"excerpt":{"rendered":"","protected":false},"author":1,"featured_media":1666,"parent":0,"menu_order":0,"comment_status":"closed","ping_status":"closed","template":"","meta":{"_acf_changed":false,"footnotes":""},"sujet":[],"class_list":["post-1837","page","type-page","status-publish","has-post-thumbnail","hentry"],"acf":[],"yoast_head":"<!-- This site is optimized with the Yoast SEO plugin v26.5 - https:\/\/yoast.com\/wordpress\/plugins\/seo\/ -->\n<title>Parcela para autocaravana, caravana | Parcela a orillas del Loira<\/title>\n<meta name=\"description\" content=\"Le Jardin de Sully te ofrece parcelas de camping tranquilas a orillas del r\u00edo con vistas al Loira.\" \/>\n<meta name=\"robots\" content=\"index, follow, max-snippet:-1, max-image-preview:large, max-video-preview:-1\" \/>\n<link rel=\"canonical\" href=\"https:\/\/www.camping-bord-de-loire.com\/es\/location-emplacement-loiret\/\" \/>\n<meta property=\"og:locale\" content=\"es_ES\" \/>\n<meta property=\"og:type\" content=\"article\" \/>\n<meta property=\"og:title\" content=\"Parcela para autocaravana, caravana | Parcela a orillas del Loira\" \/>\n<meta property=\"og:description\" content=\"Le Jardin de Sully te ofrece parcelas de camping tranquilas a orillas del r\u00edo con vistas al Loira.\" \/>\n<meta property=\"og:url\" content=\"https:\/\/www.camping-bord-de-loire.com\/es\/location-emplacement-loiret\/\" \/>\n<meta property=\"og:site_name\" content=\"Le Jardin de Sully\" \/>\n<meta property=\"article:publisher\" content=\"https:\/\/www.facebook.com\/CampingLeJardinDeSully\" \/>\n<meta property=\"article:modified_time\" content=\"2025-12-03T15:33:47+00:00\" \/>\n<meta property=\"og:image\" content=\"https:\/\/www.camping-bord-de-loire.com\/wp-content\/uploads\/2023\/04\/emplacement-caravaning-bord-loire.webp\" \/>\n\t<meta property=\"og:image:width\" content=\"1903\" \/>\n\t<meta property=\"og:image:height\" content=\"628\" \/>\n\t<meta property=\"og:image:type\" content=\"image\/webp\" \/>\n<meta name=\"twitter:card\" content=\"summary_large_image\" \/>\n<meta name=\"twitter:label1\" content=\"Tiempo de lectura\" \/>\n\t<meta name=\"twitter:data1\" content=\"2 minutos\" \/>\n<script type=\"application\/ld+json\" class=\"yoast-schema-graph\">{\"@context\":\"https:\/\/schema.org\",\"@graph\":[{\"@type\":\"WebPage\",\"@id\":\"https:\/\/www.camping-bord-de-loire.com\/es\/location-emplacement-loiret\/\",\"url\":\"https:\/\/www.camping-bord-de-loire.com\/es\/location-emplacement-loiret\/\",\"name\":\"Parcela para autocaravana, caravana | Parcela a orillas del Loira\",\"isPartOf\":{\"@id\":\"https:\/\/www.camping-bord-de-loire.com\/#website\"},\"primaryImageOfPage\":{\"@id\":\"https:\/\/www.camping-bord-de-loire.com\/es\/location-emplacement-loiret\/#primaryimage\"},\"image\":{\"@id\":\"https:\/\/www.camping-bord-de-loire.com\/es\/location-emplacement-loiret\/#primaryimage\"},\"thumbnailUrl\":\"https:\/\/www.camping-bord-de-loire.com\/wp-content\/uploads\/2023\/04\/emplacement-caravaning-bord-loire.webp\",\"datePublished\":\"2023-03-22T09:33:20+00:00\",\"dateModified\":\"2025-12-03T15:33:47+00:00\",\"description\":\"Le Jardin de Sully te ofrece parcelas de camping tranquilas a orillas del r\u00edo con vistas al Loira.\",\"breadcrumb\":{\"@id\":\"https:\/\/www.camping-bord-de-loire.com\/es\/location-emplacement-loiret\/#breadcrumb\"},\"inLanguage\":\"es\",\"potentialAction\":[{\"@type\":\"ReadAction\",\"target\":[\"https:\/\/www.camping-bord-de-loire.com\/es\/location-emplacement-loiret\/\"]}]},{\"@type\":\"ImageObject\",\"inLanguage\":\"es\",\"@id\":\"https:\/\/www.camping-bord-de-loire.com\/es\/location-emplacement-loiret\/#primaryimage\",\"url\":\"https:\/\/www.camping-bord-de-loire.com\/wp-content\/uploads\/2023\/04\/emplacement-caravaning-bord-loire.webp\",\"contentUrl\":\"https:\/\/www.camping-bord-de-loire.com\/wp-content\/uploads\/2023\/04\/emplacement-caravaning-bord-loire.webp\",\"width\":1903,\"height\":628,\"caption\":\"parcela caravaning orillas loira\"},{\"@type\":\"BreadcrumbList\",\"@id\":\"https:\/\/www.camping-bord-de-loire.com\/es\/location-emplacement-loiret\/#breadcrumb\",\"itemListElement\":[{\"@type\":\"ListItem\",\"position\":1,\"name\":\"Camping a orillas del Loira\",\"item\":\"https:\/\/www.camping-bord-de-loire.com\/es\/\"},{\"@type\":\"ListItem\",\"position\":2,\"name\":\"Alquiler de parcelas en Loiret\"}]},{\"@type\":\"WebSite\",\"@id\":\"https:\/\/www.camping-bord-de-loire.com\/#website\",\"url\":\"https:\/\/www.camping-bord-de-loire.com\/\",\"name\":\"Flower Camping le Jardin de Sully\",\"description\":\"\",\"publisher\":{\"@id\":\"https:\/\/www.camping-bord-de-loire.com\/#organization\"},\"alternateName\":\"Camping le Jardin de Sully\",\"potentialAction\":[{\"@type\":\"SearchAction\",\"target\":{\"@type\":\"EntryPoint\",\"urlTemplate\":\"https:\/\/www.camping-bord-de-loire.com\/?s={search_term_string}\"},\"query-input\":{\"@type\":\"PropertyValueSpecification\",\"valueRequired\":true,\"valueName\":\"search_term_string\"}}],\"inLanguage\":\"es\"},{\"@type\":\"Organization\",\"@id\":\"https:\/\/www.camping-bord-de-loire.com\/#organization\",\"name\":\"Flower Camping Le Jardin De Sully (Ouvert \u00e0 l\u2019ann\u00e9e)\",\"alternateName\":\"Camping le Jardin de Sully\",\"url\":\"https:\/\/www.camping-bord-de-loire.com\/\",\"logo\":{\"@type\":\"ImageObject\",\"inLanguage\":\"es\",\"@id\":\"https:\/\/www.camping-bord-de-loire.com\/#\/schema\/logo\/image\/\",\"url\":\"https:\/\/www.camping-bord-de-loire.com\/wp-content\/uploads\/2023\/03\/camping-de-sully-logo-blanc.webp\",\"contentUrl\":\"https:\/\/www.camping-bord-de-loire.com\/wp-content\/uploads\/2023\/03\/camping-de-sully-logo-blanc.webp\",\"width\":250,\"height\":193,\"caption\":\"Flower Camping Le Jardin De Sully (Ouvert \u00e0 l\u2019ann\u00e9e)\"},\"image\":{\"@id\":\"https:\/\/www.camping-bord-de-loire.com\/#\/schema\/logo\/image\/\"},\"sameAs\":[\"https:\/\/www.facebook.com\/CampingLeJardinDeSully\"]}]}<\/script>\n<!-- \/ Yoast SEO plugin. -->","yoast_head_json":{"title":"Parcela para autocaravana, caravana | Parcela a orillas del Loira","description":"Le Jardin de Sully te ofrece parcelas de camping tranquilas a orillas del r\u00edo con vistas al Loira.","robots":{"index":"index","follow":"follow","max-snippet":"max-snippet:-1","max-image-preview":"max-image-preview:large","max-video-preview":"max-video-preview:-1"},"canonical":"https:\/\/www.camping-bord-de-loire.com\/es\/location-emplacement-loiret\/","og_locale":"es_ES","og_type":"article","og_title":"Parcela para autocaravana, caravana | Parcela a orillas del Loira","og_description":"Le Jardin de Sully te ofrece parcelas de camping tranquilas a orillas del r\u00edo con vistas al Loira.","og_url":"https:\/\/www.camping-bord-de-loire.com\/es\/location-emplacement-loiret\/","og_site_name":"Le Jardin de Sully","article_publisher":"https:\/\/www.facebook.com\/CampingLeJardinDeSully","article_modified_time":"2025-12-03T15:33:47+00:00","og_image":[{"width":1903,"height":628,"url":"https:\/\/www.camping-bord-de-loire.com\/wp-content\/uploads\/2023\/04\/emplacement-caravaning-bord-loire.webp","type":"image\/webp"}],"twitter_card":"summary_large_image","twitter_misc":{"Tiempo de lectura":"2 minutos"},"schema":{"@context":"https:\/\/schema.org","@graph":[{"@type":"WebPage","@id":"https:\/\/www.camping-bord-de-loire.com\/es\/location-emplacement-loiret\/","url":"https:\/\/www.camping-bord-de-loire.com\/es\/location-emplacement-loiret\/","name":"Parcela para autocaravana, caravana | Parcela a orillas del Loira","isPartOf":{"@id":"https:\/\/www.camping-bord-de-loire.com\/#website"},"primaryImageOfPage":{"@id":"https:\/\/www.camping-bord-de-loire.com\/es\/location-emplacement-loiret\/#primaryimage"},"image":{"@id":"https:\/\/www.camping-bord-de-loire.com\/es\/location-emplacement-loiret\/#primaryimage"},"thumbnailUrl":"https:\/\/www.camping-bord-de-loire.com\/wp-content\/uploads\/2023\/04\/emplacement-caravaning-bord-loire.webp","datePublished":"2023-03-22T09:33:20+00:00","dateModified":"2025-12-03T15:33:47+00:00","description":"Le Jardin de Sully te ofrece parcelas de camping tranquilas a orillas del r\u00edo con vistas al Loira.","breadcrumb":{"@id":"https:\/\/www.camping-bord-de-loire.com\/es\/location-emplacement-loiret\/#breadcrumb"},"inLanguage":"es","potentialAction":[{"@type":"ReadAction","target":["https:\/\/www.camping-bord-de-loire.com\/es\/location-emplacement-loiret\/"]}]},{"@type":"ImageObject","inLanguage":"es","@id":"https:\/\/www.camping-bord-de-loire.com\/es\/location-emplacement-loiret\/#primaryimage","url":"https:\/\/www.camping-bord-de-loire.com\/wp-content\/uploads\/2023\/04\/emplacement-caravaning-bord-loire.webp","contentUrl":"https:\/\/www.camping-bord-de-loire.com\/wp-content\/uploads\/2023\/04\/emplacement-caravaning-bord-loire.webp","width":1903,"height":628,"caption":"parcela caravaning orillas loira"},{"@type":"BreadcrumbList","@id":"https:\/\/www.camping-bord-de-loire.com\/es\/location-emplacement-loiret\/#breadcrumb","itemListElement":[{"@type":"ListItem","position":1,"name":"Camping a orillas del Loira","item":"https:\/\/www.camping-bord-de-loire.com\/es\/"},{"@type":"ListItem","position":2,"name":"Alquiler de parcelas en Loiret"}]},{"@type":"WebSite","@id":"https:\/\/www.camping-bord-de-loire.com\/#website","url":"https:\/\/www.camping-bord-de-loire.com\/","name":"Flower Camping le Jardin de Sully","description":"","publisher":{"@id":"https:\/\/www.camping-bord-de-loire.com\/#organization"},"alternateName":"Camping le Jardin de Sully","potentialAction":[{"@type":"SearchAction","target":{"@type":"EntryPoint","urlTemplate":"https:\/\/www.camping-bord-de-loire.com\/?s={search_term_string}"},"query-input":{"@type":"PropertyValueSpecification","valueRequired":true,"valueName":"search_term_string"}}],"inLanguage":"es"},{"@type":"Organization","@id":"https:\/\/www.camping-bord-de-loire.com\/#organization","name":"Flower Camping Le Jardin De Sully (Ouvert \u00e0 l\u2019ann\u00e9e)","alternateName":"Camping le Jardin de Sully","url":"https:\/\/www.camping-bord-de-loire.com\/","logo":{"@type":"ImageObject","inLanguage":"es","@id":"https:\/\/www.camping-bord-de-loire.com\/#\/schema\/logo\/image\/","url":"https:\/\/www.camping-bord-de-loire.com\/wp-content\/uploads\/2023\/03\/camping-de-sully-logo-blanc.webp","contentUrl":"https:\/\/www.camping-bord-de-loire.com\/wp-content\/uploads\/2023\/03\/camping-de-sully-logo-blanc.webp","width":250,"height":193,"caption":"Flower Camping Le Jardin De Sully (Ouvert \u00e0 l\u2019ann\u00e9e)"},"image":{"@id":"https:\/\/www.camping-bord-de-loire.com\/#\/schema\/logo\/image\/"},"sameAs":["https:\/\/www.facebook.com\/CampingLeJardinDeSully"]}]}},"_links":{"self":[{"href":"https:\/\/www.camping-bord-de-loire.com\/es\/wp-json\/wp\/v2\/pages\/1837","targetHints":{"allow":["GET"]}}],"collection":[{"href":"https:\/\/www.camping-bord-de-loire.com\/es\/wp-json\/wp\/v2\/pages"}],"about":[{"href":"https:\/\/www.camping-bord-de-loire.com\/es\/wp-json\/wp\/v2\/types\/page"}],"author":[{"embeddable":true,"href":"https:\/\/www.camping-bord-de-loire.com\/es\/wp-json\/wp\/v2\/users\/1"}],"replies":[{"embeddable":true,"href":"https:\/\/www.camping-bord-de-loire.com\/es\/wp-json\/wp\/v2\/comments?post=1837"}],"version-history":[{"count":10,"href":"https:\/\/www.camping-bord-de-loire.com\/es\/wp-json\/wp\/v2\/pages\/1837\/revisions"}],"predecessor-version":[{"id":4094,"href":"https:\/\/www.camping-bord-de-loire.com\/es\/wp-json\/wp\/v2\/pages\/1837\/revisions\/4094"}],"wp:featuredmedia":[{"embeddable":true,"href":"https:\/\/www.camping-bord-de-loire.com\/es\/wp-json\/wp\/v2\/media\/1666"}],"wp:attachment":[{"href":"https:\/\/www.camping-bord-de-loire.com\/es\/wp-json\/wp\/v2\/media?parent=1837"}],"wp:term":[{"taxonomy":"sujet","embeddable":true,"href":"https:\/\/www.camping-bord-de-loire.com\/es\/wp-json\/wp\/v2\/sujet?post=1837"}],"curies":[{"name":"wp","href":"https:\/\/api.w.org\/{rel}","templated":true}]}}