{"id":1827,"date":"2023-04-18T16:37:04","date_gmt":"2023-04-18T14:37:04","guid":{"rendered":"https:\/\/www.camping-bord-de-loire.com\/aviso-legal\/"},"modified":"2025-12-03T16:32:02","modified_gmt":"2025-12-03T15:32:02","slug":"mentions-legales","status":"publish","type":"page","link":"https:\/\/www.camping-bord-de-loire.com\/es\/mentions-legales\/","title":{"rendered":"Aviso legal"},"content":{"rendered":"<section id=\"ls-section-block_1f2993ba74bece45d353074ffa4a7295\" class=\"ls-section \" >\r\n        <div class=\"container container--wide\">\r\n        \n\n<h1 class=\"ls__heading wp-block-heading has-text-align-center\">Aviso legal<\/h1>\n\n\r\n    <\/div>\r\n<\/section><section id=\"ls-section-block_1f2993ba74bece45d353074ffa4a7295\" class=\"ls-section \" >\r\n        <div class=\"container container--wide\">\r\n        \n\n<h2 class=\"ls__heading wp-block-heading\">Responsable del sitio<\/h2>\n\n\n\n<p class=\"ls-paragraph\"><strong>Camping Le Jardin de Sully<\/strong><br\/>1 rue d&#8217;Orl\u00e9ans<br\/>45600 SAINT-P\u00c8RE-SUR-LOIRE<br\/>Tel.: 02 38 67 10 84<br\/>Email: lejardindesully@gmail.com<br\/>SIRET: 79291129900016<br\/>Capital social: 1.000,00 \u20ac<br\/>IVA intracomunitario: FR 96 792911299<br\/>Responsable de publicaci\u00f3n: Christelle Aubry <\/p>\n\n\n\n<h2 class=\"ls__heading wp-block-heading\">DESARROLLO<\/h2>\n\n\n\n<p class=\"ls-paragraph\"><strong>GEEK TONIC<\/strong><br\/>Representada por D. Yohan Darmayan en calidad de Gerente<br\/>Sede social: 50 AV. DU LAC MARION 64200 BIARRITZ<br\/>Tel.: 05 32 74 11 52<br\/>Email: support@geek-tonic.com<br\/>Sitio web: <a href=\"https:\/\/www.geek-tonic.com\/\">www.geek-tonic.com<\/a><br\/>SIRET: 89746755100015<br\/>APE: 6201Z <\/p>\n\n\n\n<h2 class=\"ls__heading wp-block-heading\">DERECHOS DE AUTOR Y COPYRIGHT<\/h2>\n\n\n\n<p class=\"ls-paragraph\">Todo el contenido de este sitio est\u00e1 sujeto a derechos de autor y propiedad intelectual seg\u00fan la legislaci\u00f3n francesa. Queda prohibida cualquier reproducci\u00f3n (incluidas las fotos, iconos y documentos descargables) sin el consentimiento previo de GEEK TONIC. Se proh\u00edbe la reproducci\u00f3n de todo o parte del sitio en formato papel o electr\u00f3nico en cualquier soporte electr\u00f3nico. GEEK TONIC declina toda responsabilidad sobre el contenido presente en el sitio web. GEEK TONIC tambi\u00e9n declina toda responsabilidad sobre los enlaces externos que apuntan al presente sitio.   <\/p>\n\n\n\n<h2 class=\"ls__heading wp-block-heading\" id=\"m-t-6\">DATOS PERSONALES E INFORMACI\u00d3N NOMINATIVA<\/h2>\n\n\n\n<p class=\"ls-paragraph\">Dispones de un derecho de acceso, modificaci\u00f3n, rectificaci\u00f3n y supresi\u00f3n de los datos que te conciernen seg\u00fan el art\u00edculo 34 de la Ley \u00abInform\u00e1tica y Libertades\u00bb n\u00b0 78-17 del 6 de enero de 1978, modificada el 6 de agosto de 2018. Para ejercer este derecho de acceso, puedes hacerlo mediante simple solicitud por escrito al editor del sitio. <\/p>\n\n\n\n<h2 class=\"ls__heading wp-block-heading\">LEGISLACI\u00d3N<\/h2>\n\n\n\n<p class=\"ls-paragraph\">Seg\u00fan la ley del 11 de marzo de 1957 (art. 41) y el c\u00f3digo de propiedad intelectual del 1 de julio de 1992, est\u00e1 prohibido reproducir parcial o totalmente cualquier parte del sitio sin la autorizaci\u00f3n previa del editor del sitio. Los logotipos, visuales, fotos, v\u00eddeos, dise\u00f1os gr\u00e1ficos y textos son propiedad de sus respectivos titulares. Este sitio puede, sin saberlo, haber sido enlazado a otros sitios mediante hiperv\u00ednculos. El editor del sitio declina toda responsabilidad por la informaci\u00f3n presentada en estos otros sitios. El usuario reconoce que el uso de este sitio est\u00e1 regido por el derecho franc\u00e9s.    <\/p>\n\n\r\n    <\/div>\r\n<\/section>","protected":false},"excerpt":{"rendered":"","protected":false},"author":1,"featured_media":0,"parent":0,"menu_order":0,"comment_status":"closed","ping_status":"closed","template":"","meta":{"_acf_changed":false,"footnotes":""},"sujet":[],"class_list":["post-1827","page","type-page","status-publish","hentry"],"acf":[],"yoast_head":"<!-- This site is optimized with the Yoast SEO plugin v26.5 - https:\/\/yoast.com\/wordpress\/plugins\/seo\/ -->\n<title>Aviso legal - Le Jardin de Sully<\/title>\n<meta name=\"robots\" content=\"noindex, nofollow\" \/>\n<meta property=\"og:locale\" content=\"es_ES\" \/>\n<meta property=\"og:type\" content=\"article\" \/>\n<meta property=\"og:title\" content=\"Aviso legal - Le Jardin de Sully\" \/>\n<meta property=\"og:url\" content=\"https:\/\/www.camping-bord-de-loire.com\/es\/mentions-legales\/\" \/>\n<meta property=\"og:site_name\" content=\"Le Jardin de Sully\" \/>\n<meta property=\"article:publisher\" content=\"https:\/\/www.facebook.com\/CampingLeJardinDeSully\" \/>\n<meta property=\"article:modified_time\" content=\"2025-12-03T15:32:02+00:00\" \/>\n<meta name=\"twitter:card\" content=\"summary_large_image\" \/>\n<meta name=\"twitter:label1\" content=\"Tiempo de lectura\" \/>\n\t<meta name=\"twitter:data1\" content=\"2 minutos\" \/>\n<script type=\"application\/ld+json\" class=\"yoast-schema-graph\">{\"@context\":\"https:\/\/schema.org\",\"@graph\":[{\"@type\":\"WebPage\",\"@id\":\"https:\/\/www.camping-bord-de-loire.com\/es\/mentions-legales\/\",\"url\":\"https:\/\/www.camping-bord-de-loire.com\/es\/mentions-legales\/\",\"name\":\"Aviso legal - Le Jardin de Sully\",\"isPartOf\":{\"@id\":\"https:\/\/www.camping-bord-de-loire.com\/#website\"},\"datePublished\":\"2023-04-18T14:37:04+00:00\",\"dateModified\":\"2025-12-03T15:32:02+00:00\",\"breadcrumb\":{\"@id\":\"https:\/\/www.camping-bord-de-loire.com\/es\/mentions-legales\/#breadcrumb\"},\"inLanguage\":\"es\",\"potentialAction\":[{\"@type\":\"ReadAction\",\"target\":[\"https:\/\/www.camping-bord-de-loire.com\/es\/mentions-legales\/\"]}]},{\"@type\":\"BreadcrumbList\",\"@id\":\"https:\/\/www.camping-bord-de-loire.com\/es\/mentions-legales\/#breadcrumb\",\"itemListElement\":[{\"@type\":\"ListItem\",\"position\":1,\"name\":\"Camping a orillas del Loira\",\"item\":\"https:\/\/www.camping-bord-de-loire.com\/es\/\"},{\"@type\":\"ListItem\",\"position\":2,\"name\":\"Aviso legal\"}]},{\"@type\":\"WebSite\",\"@id\":\"https:\/\/www.camping-bord-de-loire.com\/#website\",\"url\":\"https:\/\/www.camping-bord-de-loire.com\/\",\"name\":\"Flower Camping le Jardin de Sully\",\"description\":\"\",\"publisher\":{\"@id\":\"https:\/\/www.camping-bord-de-loire.com\/#organization\"},\"alternateName\":\"Camping le Jardin de Sully\",\"potentialAction\":[{\"@type\":\"SearchAction\",\"target\":{\"@type\":\"EntryPoint\",\"urlTemplate\":\"https:\/\/www.camping-bord-de-loire.com\/?s={search_term_string}\"},\"query-input\":{\"@type\":\"PropertyValueSpecification\",\"valueRequired\":true,\"valueName\":\"search_term_string\"}}],\"inLanguage\":\"es\"},{\"@type\":\"Organization\",\"@id\":\"https:\/\/www.camping-bord-de-loire.com\/#organization\",\"name\":\"Flower Camping Le Jardin De Sully (Ouvert \u00e0 l\u2019ann\u00e9e)\",\"alternateName\":\"Camping le Jardin de Sully\",\"url\":\"https:\/\/www.camping-bord-de-loire.com\/\",\"logo\":{\"@type\":\"ImageObject\",\"inLanguage\":\"es\",\"@id\":\"https:\/\/www.camping-bord-de-loire.com\/#\/schema\/logo\/image\/\",\"url\":\"https:\/\/www.camping-bord-de-loire.com\/wp-content\/uploads\/2023\/03\/camping-de-sully-logo-blanc.webp\",\"contentUrl\":\"https:\/\/www.camping-bord-de-loire.com\/wp-content\/uploads\/2023\/03\/camping-de-sully-logo-blanc.webp\",\"width\":250,\"height\":193,\"caption\":\"Flower Camping Le Jardin De Sully (Ouvert \u00e0 l\u2019ann\u00e9e)\"},\"image\":{\"@id\":\"https:\/\/www.camping-bord-de-loire.com\/#\/schema\/logo\/image\/\"},\"sameAs\":[\"https:\/\/www.facebook.com\/CampingLeJardinDeSully\"]}]}<\/script>\n<!-- \/ Yoast SEO plugin. -->","yoast_head_json":{"title":"Aviso legal - Le Jardin de Sully","robots":{"index":"noindex","follow":"nofollow"},"og_locale":"es_ES","og_type":"article","og_title":"Aviso legal - Le Jardin de Sully","og_url":"https:\/\/www.camping-bord-de-loire.com\/es\/mentions-legales\/","og_site_name":"Le Jardin de Sully","article_publisher":"https:\/\/www.facebook.com\/CampingLeJardinDeSully","article_modified_time":"2025-12-03T15:32:02+00:00","twitter_card":"summary_large_image","twitter_misc":{"Tiempo de lectura":"2 minutos"},"schema":{"@context":"https:\/\/schema.org","@graph":[{"@type":"WebPage","@id":"https:\/\/www.camping-bord-de-loire.com\/es\/mentions-legales\/","url":"https:\/\/www.camping-bord-de-loire.com\/es\/mentions-legales\/","name":"Aviso legal - Le Jardin de Sully","isPartOf":{"@id":"https:\/\/www.camping-bord-de-loire.com\/#website"},"datePublished":"2023-04-18T14:37:04+00:00","dateModified":"2025-12-03T15:32:02+00:00","breadcrumb":{"@id":"https:\/\/www.camping-bord-de-loire.com\/es\/mentions-legales\/#breadcrumb"},"inLanguage":"es","potentialAction":[{"@type":"ReadAction","target":["https:\/\/www.camping-bord-de-loire.com\/es\/mentions-legales\/"]}]},{"@type":"BreadcrumbList","@id":"https:\/\/www.camping-bord-de-loire.com\/es\/mentions-legales\/#breadcrumb","itemListElement":[{"@type":"ListItem","position":1,"name":"Camping a orillas del Loira","item":"https:\/\/www.camping-bord-de-loire.com\/es\/"},{"@type":"ListItem","position":2,"name":"Aviso legal"}]},{"@type":"WebSite","@id":"https:\/\/www.camping-bord-de-loire.com\/#website","url":"https:\/\/www.camping-bord-de-loire.com\/","name":"Flower Camping le Jardin de Sully","description":"","publisher":{"@id":"https:\/\/www.camping-bord-de-loire.com\/#organization"},"alternateName":"Camping le Jardin de Sully","potentialAction":[{"@type":"SearchAction","target":{"@type":"EntryPoint","urlTemplate":"https:\/\/www.camping-bord-de-loire.com\/?s={search_term_string}"},"query-input":{"@type":"PropertyValueSpecification","valueRequired":true,"valueName":"search_term_string"}}],"inLanguage":"es"},{"@type":"Organization","@id":"https:\/\/www.camping-bord-de-loire.com\/#organization","name":"Flower Camping Le Jardin De Sully (Ouvert \u00e0 l\u2019ann\u00e9e)","alternateName":"Camping le Jardin de Sully","url":"https:\/\/www.camping-bord-de-loire.com\/","logo":{"@type":"ImageObject","inLanguage":"es","@id":"https:\/\/www.camping-bord-de-loire.com\/#\/schema\/logo\/image\/","url":"https:\/\/www.camping-bord-de-loire.com\/wp-content\/uploads\/2023\/03\/camping-de-sully-logo-blanc.webp","contentUrl":"https:\/\/www.camping-bord-de-loire.com\/wp-content\/uploads\/2023\/03\/camping-de-sully-logo-blanc.webp","width":250,"height":193,"caption":"Flower Camping Le Jardin De Sully (Ouvert \u00e0 l\u2019ann\u00e9e)"},"image":{"@id":"https:\/\/www.camping-bord-de-loire.com\/#\/schema\/logo\/image\/"},"sameAs":["https:\/\/www.facebook.com\/CampingLeJardinDeSully"]}]}},"_links":{"self":[{"href":"https:\/\/www.camping-bord-de-loire.com\/es\/wp-json\/wp\/v2\/pages\/1827","targetHints":{"allow":["GET"]}}],"collection":[{"href":"https:\/\/www.camping-bord-de-loire.com\/es\/wp-json\/wp\/v2\/pages"}],"about":[{"href":"https:\/\/www.camping-bord-de-loire.com\/es\/wp-json\/wp\/v2\/types\/page"}],"author":[{"embeddable":true,"href":"https:\/\/www.camping-bord-de-loire.com\/es\/wp-json\/wp\/v2\/users\/1"}],"replies":[{"embeddable":true,"href":"https:\/\/www.camping-bord-de-loire.com\/es\/wp-json\/wp\/v2\/comments?post=1827"}],"version-history":[{"count":5,"href":"https:\/\/www.camping-bord-de-loire.com\/es\/wp-json\/wp\/v2\/pages\/1827\/revisions"}],"predecessor-version":[{"id":4072,"href":"https:\/\/www.camping-bord-de-loire.com\/es\/wp-json\/wp\/v2\/pages\/1827\/revisions\/4072"}],"wp:attachment":[{"href":"https:\/\/www.camping-bord-de-loire.com\/es\/wp-json\/wp\/v2\/media?parent=1827"}],"wp:term":[{"taxonomy":"sujet","embeddable":true,"href":"https:\/\/www.camping-bord-de-loire.com\/es\/wp-json\/wp\/v2\/sujet?post=1827"}],"curies":[{"name":"wp","href":"https:\/\/api.w.org\/{rel}","templated":true}]}}