{"id":1823,"date":"2023-03-21T16:43:28","date_gmt":"2023-03-21T15:43:28","guid":{"rendered":"https:\/\/www.camping-bord-de-loire.com\/politica-de-privacidad\/"},"modified":"2025-12-03T16:28:34","modified_gmt":"2025-12-03T15:28:34","slug":"politique-de-confidentialite","status":"publish","type":"page","link":"https:\/\/www.camping-bord-de-loire.com\/es\/politique-de-confidentialite\/","title":{"rendered":"Pol\u00edtica de privacidad"},"content":{"rendered":"<section id=\"ls-section-block_866ec20c02b69228c32bca141058a0a9\" class=\"ls-section \" >\r\n        <div class=\"container container--wide\">\r\n        \n\n<h1 class=\"ls__heading wp-block-heading has-text-align-center feuille-deco\">POL\u00cdTICA DE PRIVACIDAD<\/h1>\n\n\n\n<p class=\"ls-paragraph\">Esta pol\u00edtica de privacidad describe los datos personales que se recopilan o generan (procesan) cuando utilizas el sitio web. Esta Pol\u00edtica de Privacidad describe los tipos de datos personales recopilados cuando usas nuestro sitio y c\u00f3mo se utilizan, comparten y protegen tus datos personales. Tambi\u00e9n explica las opciones que tienes con respecto a tus datos personales y c\u00f3mo contactarnos.  <\/p>\n\n\n\n<h2 class=\"ls__heading wp-block-heading\">Tabla de contenidos<\/h2>\n\n\n\n<ul class=\"ls-list wp-block-list\">\n<li><a href=\"https:\/\/www.camping-bord-de-loire.com\/es\/politique-de-confidentialite\/#gdpr-1\">\u00bfQui\u00e9nes somos?<\/a><\/li>\n\n\n\n<li><a href=\"https:\/\/www.camping-bord-de-loire.com\/es\/politique-de-confidentialite\/#gdpr-2\">Uso de los datos personales recopilados<\/a><\/li>\n\n\n\n<li><a href=\"https:\/\/www.camping-bord-de-loire.com\/es\/politique-de-confidentialite\/#gdpr-3\">Comentarios<\/a><\/li>\n\n\n\n<li><a href=\"https:\/\/www.camping-bord-de-loire.com\/es\/politique-de-confidentialite\/#gdpr-4\">Medios<\/a><\/li>\n\n\n\n<li><a href=\"https:\/\/www.camping-bord-de-loire.com\/es\/politique-de-confidentialite\/#gdpr-5\">Formularios de contacto<\/a><\/li>\n\n\n\n<li><a href=\"https:\/\/www.camping-bord-de-loire.com\/es\/politique-de-confidentialite\/#gdpr-6\">Uso de cookies<\/a><\/li>\n\n\n\n<li><a href=\"https:\/\/www.camping-bord-de-loire.com\/es\/politique-de-confidentialite\/#gdpr-7\">Estad\u00edsticas y mediciones de audiencia<\/a><\/li>\n\n\n\n<li><a href=\"https:\/\/www.camping-bord-de-loire.com\/es\/politique-de-confidentialite\/#gdpr-8\">Duraci\u00f3n del almacenamiento de tus datos<\/a><\/li>\n\n\n\n<li><a href=\"https:\/\/www.camping-bord-de-loire.com\/es\/politique-de-confidentialite\/#gdpr-9\">Los derechos que tienes sobre tus datos<\/a><\/li>\n\n\n\n<li><a href=\"https:\/\/www.camping-bord-de-loire.com\/es\/politique-de-confidentialite\/#gdpr-10\">Transmisi\u00f3n de tus datos personales<\/a><\/li>\n\n\n\n<li><a href=\"https:\/\/www.camping-bord-de-loire.com\/es\/politique-de-confidentialite\/#gdpr-11\">C\u00f3mo protegemos tus datos<\/a><\/li>\n\n\n\n<li><a href=\"https:\/\/www.camping-bord-de-loire.com\/es\/politique-de-confidentialite\/#gdpr-12\">Informaci\u00f3n de contacto<\/a><\/li>\n<\/ul>\n\n\n\n<h2 class=\"ls__heading wp-block-heading\" id=\"gdpr-1\">\u00bfQui\u00e9nes somos?<\/h2>\n\n\n\n<p class=\"ls-paragraph\">Descubre toda nuestra informaci\u00f3n en la p\u00e1gina de <a href=\"https:\/\/www.camping-bord-de-loire.com\/es\/aviso-legal\/\">aviso legal<\/a>.<\/p>\n\n\n\n<h2 class=\"ls__heading wp-block-heading\" id=\"gdpr-2\">Uso de los datos personales recopilados<\/h2>\n\n\n\n<p class=\"ls-paragraph\">No recopilamos autom\u00e1tica ni directamente ning\u00fan dato sobre ti.<\/p>\n\n\n\n<p class=\"ls-paragraph\">No obstante, podemos recopilar informaci\u00f3n, incluida informaci\u00f3n personal, de terceros (ver la secci\u00f3n <a href=\"https:\/\/www.camping-bord-de-loire.com\/es\/politique-de-confidentialite\/#gdpr-5\">Cookies<\/a>).<\/p>\n\n\n\n<h2 class=\"ls__heading wp-block-heading\" id=\"gdpr-3\">Comentarios<\/h2>\n\n\n\n<p class=\"ls-paragraph\">Cuando dejas un comentario en nuestro sitio web, se recopilan los datos introducidos en el formulario de comentarios, as\u00ed como tu direcci\u00f3n IP y el agente de usuario de tu navegador para ayudarnos a detectar comentarios no deseados.<\/p>\n\n\n\n<p class=\"ls-paragraph\">Una cadena anonimizada creada a partir de tu direcci\u00f3n de correo electr\u00f3nico (tambi\u00e9n llamada hash) puede ser enviada al servicio Gravatar para comprobar si lo est\u00e1s usando. La pol\u00edtica de privacidad del servicio Gravatar est\u00e1 disponible en https:\/\/automattic.com\/privacy\/. Despu\u00e9s de la aprobaci\u00f3n de tu comentario, la imagen de tu perfil ser\u00e1 visible p\u00fablicamente junto a tu comentario. <\/p>\n\n\n\n<h2 class=\"ls__heading wp-block-heading\" id=\"gdpr-4\">Medios<\/h2>\n\n\n\n<p class=\"ls-paragraph\">Si eres un usuario registrado y subes im\u00e1genes al sitio web, te recomendamos que evites subir im\u00e1genes con datos EXIF de coordenadas GPS. Los visitantes de tu sitio web pueden descargar y extraer datos de ubicaci\u00f3n de estas im\u00e1genes. <\/p>\n\n\n\n<h2 class=\"ls__heading wp-block-heading\" id=\"gdpr-5\">Formularios de contacto<\/h2>\n\n\n\n<p class=\"ls-paragraph\">Puedes optar por proporcionarnos informaci\u00f3n cuando rellenas un formulario. Esta informaci\u00f3n se nos transmitir\u00e1 por correo electr\u00f3nico y no se almacenar\u00e1 en ning\u00fan otro lugar que no sea nuestro servicio de correo electr\u00f3nico. Esta informaci\u00f3n se utilizar\u00e1 \u00fanicamente para responder a tu solicitud. Si la informaci\u00f3n es susceptible de ser utilizada con fines comerciales, se indicar\u00e1 al final del formulario. Siempre solicitaremos tu consentimiento cuando recopilemos informaci\u00f3n a trav\u00e9s de un formulario.  <\/p>\n\n\n\n<h2 class=\"ls__heading wp-block-heading\" id=\"gdpr-6\">Uso de cookies<\/h2>\n\n\n\n<p class=\"ls-paragraph\"><strong>\u00bfQu\u00e9 es una cookie?<\/strong><br\/>Una cookie es un peque\u00f1o archivo de datos que se transfiere y almacena en tu dispositivo. En concreto, una cookie nos permite, por ejemplo, reconocer tu navegador, tu idioma o guardar tus preferencias.<br\/>En nuestro sitio se utilizan dos tipos de cookies: las \u00abcookies de sesi\u00f3n\u00bb y las \u00abcookies persistentes\u00bb. Las cookies de sesi\u00f3n caducan cuando cierras tu navegador, mientras que las cookies persistentes permanecen en tu dispositivo una vez que has cerrado el navegador y pueden volver a utilizarse en tu pr\u00f3xima visita a nuestro sitio.  <\/p>\n\n\n\n<p class=\"ls-paragraph\">M\u00e1s informaci\u00f3n en <a href=\"https:\/\/allaboutcookies.org\/fr\" target=\"_blank\" rel=\"noreferrer noopener\">allaboutcookies.org<\/a>.<\/p>\n\n\n\n<p class=\"ls-paragraph\"><strong>Nuestras cookies<\/strong><\/p>\n\n\n\n<p class=\"ls-paragraph\">Si dejas un comentario en nuestro sitio, se te ofrecer\u00e1 la opci\u00f3n de guardar tu nombre, direcci\u00f3n de correo electr\u00f3nico y sitio web en cookies. Esto es \u00fanicamente para tu comodidad, para que no tengas que volver a introducir estos datos si dejas otro comentario m\u00e1s adelante. Estas cookies caducan al cabo de un a\u00f1o.  <\/p>\n\n\n\n<p class=\"ls-paragraph\">Si tienes una cuenta y te conectas a este sitio, se crear\u00e1 una cookie temporal para determinar si tu navegador acepta cookies. No contiene datos personales y se eliminar\u00e1 autom\u00e1ticamente cuando cierres tu navegador. <\/p>\n\n\n\n<p class=\"ls-paragraph\">Cuando inicies sesi\u00f3n, tambi\u00e9n configuraremos varias cookies para guardar tu informaci\u00f3n de inicio de sesi\u00f3n y tus preferencias de pantalla. Las cookies de inicio de sesi\u00f3n duran dos d\u00edas, y las cookies de opciones de pantalla duran un a\u00f1o. Si seleccionas \u00abRecu\u00e9rdame\u00bb, tu inicio de sesi\u00f3n persistir\u00e1 durante dos semanas. Si cierras tu sesi\u00f3n, las cookies de inicio de sesi\u00f3n se eliminar\u00e1n.   <\/p>\n\n\n\n<p class=\"ls-paragraph\">Si editas o publicas un art\u00edculo, se guardar\u00e1 una cookie adicional en tu navegador. Esta cookie no incluye datos personales y simplemente indica el ID del art\u00edculo que acabas de editar. Caduca despu\u00e9s de 1 d\u00eda.   <\/p>\n\n\n\n<p class=\"ls-paragraph\"><strong>Cookies de terceros<\/strong><\/p>\n\n\n\n<p class=\"ls-paragraph\">Los art\u00edculos en este sitio pueden incluir contenido incrustado (por ejemplo, v\u00eddeos, im\u00e1genes, art\u00edculos, etc.). El contenido incrustado de otros sitios web se comporta exactamente de la misma manera que si el visitante hubiera visitado el otro sitio web. <\/p>\n\n\n\n<p class=\"ls-paragraph\">Estos sitios web pueden recopilar datos sobre ti, utilizar cookies, incorporar un seguimiento adicional de terceros, y supervisar tu interacci\u00f3n con ese contenido incrustado, incluido el seguimiento de tu interacci\u00f3n con el contenido incrustado si tienes una cuenta y est\u00e1s conectado a esos sitios web.<\/p>\n\n\n\n<p class=\"ls-paragraph\">Podemos permitir que ciertos socios comerciales instalen tecnolog\u00edas en nuestro sitio. Estos socios utilizan estas tecnolog\u00edas para ayudarnos a analizar c\u00f3mo utilizas el sitio, por ejemplo, anotando los servicios de terceros a trav\u00e9s de los cuales llegaste a la Plataforma, comercializar y promocionar nuestros servicios en nuestro sitio y en sitios web de terceros, ayudarnos a detectar y prevenir fraudes o realizar evaluaciones de riesgos, o recopilar informaci\u00f3n sobre tus actividades en el sitio web. <\/p>\n\n\n\n<p class=\"ls-paragraph\">Nuestro sitio web puede utilizar plugins sociales proporcionados y operados por empresas de terceros, como el bot\u00f3n \u00abMe gusta\u00bb de Facebook. Como resultado, puedes enviar al tercero la informaci\u00f3n que est\u00e1s viendo en una secci\u00f3n particular de nuestro sitio. Si no est\u00e1s conectado a tu cuenta con el tercero, este no podr\u00e1 conocer tu identidad. Si est\u00e1s conectado a tu cuenta con el tercero, entonces este podr\u00e1 vincular la informaci\u00f3n o acciones relacionadas con tus interacciones con nuestro sitio a la cuenta que tienes con el tercero en cuesti\u00f3n. Por favor, consulta las pol\u00edticas de privacidad del tercero para obtener m\u00e1s informaci\u00f3n sobre sus pr\u00e1cticas de datos.    <\/p>\n\n\n\n<p class=\"ls-paragraph\">La lista de cookies de terceros utilizadas en este sitio est\u00e1 disponible desde el <a href=\"#moove_gdpr_cookie_modal\">panel de gesti\u00f3n de cookies<\/a>.<\/p>\n\n\n\n<h2 class=\"ls__heading wp-block-heading\" id=\"gdpr-7\">Estad\u00edsticas y mediciones de audiencia<\/h2>\n\n\n\n<p class=\"ls-paragraph\">En cuanto al an\u00e1lisis, trabajamos con Google Analytics para obtener informaci\u00f3n sobre el uso de nuestro sitio web con el fin de mejorarlo. Este puede desactivarse desde el <a href=\"#moove_gdpr_cookie_modal\">panel de gesti\u00f3n de cookies<\/a>. <\/p>\n\n\n\n<p class=\"ls-paragraph\">Para evitar que Google Analytics utilice tu informaci\u00f3n con fines de an\u00e1lisis, tambi\u00e9n puedes instalar el Complemento de navegador para la desactivaci\u00f3n de Google Analytics haciendo clic <a href=\"https:\/\/tools.google.com\/dlpage\/gaoptout\" rel=\"noreferrer noopener\" target=\"_blank\">aqu\u00ed<\/a>. Ten en cuenta que no tenemos control sobre este enlace de desactivaci\u00f3n y no somos responsables de la disponibilidad o precisi\u00f3n de este mecanismo. Consulta <a href=\"https:\/\/support.google.com\/analytics\/answer\/6004245\" rel=\"noreferrer noopener\" target=\"_blank\">esta documentaci\u00f3n<\/a> para obtener m\u00e1s informaci\u00f3n.  <\/p>\n\n\n\n<h2 class=\"ls__heading wp-block-heading\" id=\"gdpr-8\">Duraci\u00f3n del almacenamiento de tus datos<\/h2>\n\n\n\n<p class=\"ls-paragraph\">Si dejas un comentario, el comentario y sus metadatos se conservan indefinidamente. Esto es para que podamos reconocer y aprobar autom\u00e1ticamente cualquier comentario de seguimiento en lugar de mantenerlos en una cola de moderaci\u00f3n. <\/p>\n\n\n\n<p class=\"ls-paragraph\">Para los usuarios que se registran en nuestro sitio (si es posible), tambi\u00e9n almacenamos la informaci\u00f3n personal que proporcionan en su perfil de usuario. Todos los usuarios pueden ver, editar o eliminar su informaci\u00f3n personal en cualquier momento (excepto que no pueden cambiar su nombre de usuario). Los administradores del sitio tambi\u00e9n pueden ver y editar esa informaci\u00f3n.  <\/p>\n\n\n\n<h2 class=\"ls__heading wp-block-heading\" id=\"gdpr-9\">Los derechos que tienes sobre tus datos<\/h2>\n\n\n\n<p class=\"ls-paragraph\">Si tienes una cuenta o has dejado comentarios en el sitio, puedes solicitar recibir un archivo exportado de los datos personales que tenemos sobre ti, incluyendo cualquier dato que nos hayas proporcionado. Tambi\u00e9n puedes solicitar que eliminemos cualquier dato personal que tengamos sobre ti. Esto no incluye ning\u00fan dato que estemos obligados a conservar con fines administrativos, legales o de seguridad.  <\/p>\n\n\n\n<h2 class=\"ls__heading wp-block-heading\" id=\"gdpr-10\">Transmisi\u00f3n de tus datos personales<\/h2>\n\n\n\n<p class=\"ls-paragraph\">Los comentarios de los visitantes pueden ser verificados a trav\u00e9s de un servicio automatizado de detecci\u00f3n de spam.<br\/>Todos los datos personales que procesamos se tratan en el coraz\u00f3n de la Uni\u00f3n Europea.<\/p>\n\n\n\n<h2 class=\"ls__heading wp-block-heading\" id=\"gdpr-11\">C\u00f3mo protegemos tus datos<\/h2>\n\n\n\n<p class=\"ls-paragraph\">Implementamos y actualizamos constantemente la <strong>seguridad<\/strong> del sitio para proteger tu informaci\u00f3n contra accesos, p\u00e9rdidas, destrucci\u00f3n o alteraciones no autorizados. Por lo tanto, trabajamos para hacer que tus datos sean lo m\u00e1s invulnerables posible. Dado que Internet no es un entorno 100% seguro, no podemos garantizar completamente la seguridad de la transmisi\u00f3n o el almacenamiento de tu informaci\u00f3n.  <\/p>\n\n\n\n<h2 class=\"ls__heading wp-block-heading\" id=\"gdpr-12\">Informaci\u00f3n de contacto<\/h2>\n\n\n\n<p class=\"ls-paragraph\">Para cualquier solicitud o pregunta sobre tus datos personales, cont\u00e1ctanos en rgpd@geek-tonic.com. Otra informaci\u00f3n de contacto est\u00e1 disponible en nuestro <a href=\"https:\/\/www.camping-bord-de-loire.com\/es\/aviso-legal\/\">aviso legal<\/a>. Ten en cuenta que podemos pedirte que verifiques tu identidad antes de tomar medidas adicionales con respecto a tu solicitud. <\/p>\n\n\r\n    <\/div>\r\n<\/section>","protected":false},"excerpt":{"rendered":"","protected":false},"author":1,"featured_media":0,"parent":0,"menu_order":0,"comment_status":"closed","ping_status":"open","template":"","meta":{"_acf_changed":false,"footnotes":""},"sujet":[],"class_list":["post-1823","page","type-page","status-publish","hentry"],"acf":[],"yoast_head":"<!-- This site is optimized with the Yoast SEO plugin v26.5 - https:\/\/yoast.com\/wordpress\/plugins\/seo\/ -->\n<title>Pol\u00edtica de privacidad - Le Jardin de Sully<\/title>\n<meta name=\"robots\" content=\"noindex, nofollow\" \/>\n<meta property=\"og:locale\" content=\"es_ES\" \/>\n<meta property=\"og:type\" content=\"article\" \/>\n<meta property=\"og:title\" content=\"Pol\u00edtica de privacidad - Le Jardin de Sully\" \/>\n<meta property=\"og:url\" content=\"https:\/\/www.camping-bord-de-loire.com\/es\/politique-de-confidentialite\/\" \/>\n<meta property=\"og:site_name\" content=\"Le Jardin de Sully\" \/>\n<meta property=\"article:publisher\" content=\"https:\/\/www.facebook.com\/CampingLeJardinDeSully\" \/>\n<meta property=\"article:modified_time\" content=\"2025-12-03T15:28:34+00:00\" \/>\n<meta name=\"twitter:card\" content=\"summary_large_image\" \/>\n<meta name=\"twitter:label1\" content=\"Tiempo de lectura\" \/>\n\t<meta name=\"twitter:data1\" content=\"7 minutos\" \/>\n<script type=\"application\/ld+json\" class=\"yoast-schema-graph\">{\"@context\":\"https:\/\/schema.org\",\"@graph\":[{\"@type\":\"WebPage\",\"@id\":\"https:\/\/www.camping-bord-de-loire.com\/es\/politique-de-confidentialite\/\",\"url\":\"https:\/\/www.camping-bord-de-loire.com\/es\/politique-de-confidentialite\/\",\"name\":\"Pol\u00edtica de privacidad - Le Jardin de Sully\",\"isPartOf\":{\"@id\":\"https:\/\/www.camping-bord-de-loire.com\/#website\"},\"datePublished\":\"2023-03-21T15:43:28+00:00\",\"dateModified\":\"2025-12-03T15:28:34+00:00\",\"breadcrumb\":{\"@id\":\"https:\/\/www.camping-bord-de-loire.com\/es\/politique-de-confidentialite\/#breadcrumb\"},\"inLanguage\":\"es\",\"potentialAction\":[{\"@type\":\"ReadAction\",\"target\":[\"https:\/\/www.camping-bord-de-loire.com\/es\/politique-de-confidentialite\/\"]}]},{\"@type\":\"BreadcrumbList\",\"@id\":\"https:\/\/www.camping-bord-de-loire.com\/es\/politique-de-confidentialite\/#breadcrumb\",\"itemListElement\":[{\"@type\":\"ListItem\",\"position\":1,\"name\":\"Camping a orillas del Loira\",\"item\":\"https:\/\/www.camping-bord-de-loire.com\/es\/\"},{\"@type\":\"ListItem\",\"position\":2,\"name\":\"Pol\u00edtica de privacidad\"}]},{\"@type\":\"WebSite\",\"@id\":\"https:\/\/www.camping-bord-de-loire.com\/#website\",\"url\":\"https:\/\/www.camping-bord-de-loire.com\/\",\"name\":\"Flower Camping le Jardin de Sully\",\"description\":\"\",\"publisher\":{\"@id\":\"https:\/\/www.camping-bord-de-loire.com\/#organization\"},\"alternateName\":\"Camping le Jardin de Sully\",\"potentialAction\":[{\"@type\":\"SearchAction\",\"target\":{\"@type\":\"EntryPoint\",\"urlTemplate\":\"https:\/\/www.camping-bord-de-loire.com\/?s={search_term_string}\"},\"query-input\":{\"@type\":\"PropertyValueSpecification\",\"valueRequired\":true,\"valueName\":\"search_term_string\"}}],\"inLanguage\":\"es\"},{\"@type\":\"Organization\",\"@id\":\"https:\/\/www.camping-bord-de-loire.com\/#organization\",\"name\":\"Flower Camping Le Jardin De Sully (Ouvert \u00e0 l\u2019ann\u00e9e)\",\"alternateName\":\"Camping le Jardin de Sully\",\"url\":\"https:\/\/www.camping-bord-de-loire.com\/\",\"logo\":{\"@type\":\"ImageObject\",\"inLanguage\":\"es\",\"@id\":\"https:\/\/www.camping-bord-de-loire.com\/#\/schema\/logo\/image\/\",\"url\":\"https:\/\/www.camping-bord-de-loire.com\/wp-content\/uploads\/2023\/03\/camping-de-sully-logo-blanc.webp\",\"contentUrl\":\"https:\/\/www.camping-bord-de-loire.com\/wp-content\/uploads\/2023\/03\/camping-de-sully-logo-blanc.webp\",\"width\":250,\"height\":193,\"caption\":\"Flower Camping Le Jardin De Sully (Ouvert \u00e0 l\u2019ann\u00e9e)\"},\"image\":{\"@id\":\"https:\/\/www.camping-bord-de-loire.com\/#\/schema\/logo\/image\/\"},\"sameAs\":[\"https:\/\/www.facebook.com\/CampingLeJardinDeSully\"]}]}<\/script>\n<!-- \/ Yoast SEO plugin. -->","yoast_head_json":{"title":"Pol\u00edtica de privacidad - Le Jardin de Sully","robots":{"index":"noindex","follow":"nofollow"},"og_locale":"es_ES","og_type":"article","og_title":"Pol\u00edtica de privacidad - Le Jardin de Sully","og_url":"https:\/\/www.camping-bord-de-loire.com\/es\/politique-de-confidentialite\/","og_site_name":"Le Jardin de Sully","article_publisher":"https:\/\/www.facebook.com\/CampingLeJardinDeSully","article_modified_time":"2025-12-03T15:28:34+00:00","twitter_card":"summary_large_image","twitter_misc":{"Tiempo de lectura":"7 minutos"},"schema":{"@context":"https:\/\/schema.org","@graph":[{"@type":"WebPage","@id":"https:\/\/www.camping-bord-de-loire.com\/es\/politique-de-confidentialite\/","url":"https:\/\/www.camping-bord-de-loire.com\/es\/politique-de-confidentialite\/","name":"Pol\u00edtica de privacidad - Le Jardin de Sully","isPartOf":{"@id":"https:\/\/www.camping-bord-de-loire.com\/#website"},"datePublished":"2023-03-21T15:43:28+00:00","dateModified":"2025-12-03T15:28:34+00:00","breadcrumb":{"@id":"https:\/\/www.camping-bord-de-loire.com\/es\/politique-de-confidentialite\/#breadcrumb"},"inLanguage":"es","potentialAction":[{"@type":"ReadAction","target":["https:\/\/www.camping-bord-de-loire.com\/es\/politique-de-confidentialite\/"]}]},{"@type":"BreadcrumbList","@id":"https:\/\/www.camping-bord-de-loire.com\/es\/politique-de-confidentialite\/#breadcrumb","itemListElement":[{"@type":"ListItem","position":1,"name":"Camping a orillas del Loira","item":"https:\/\/www.camping-bord-de-loire.com\/es\/"},{"@type":"ListItem","position":2,"name":"Pol\u00edtica de privacidad"}]},{"@type":"WebSite","@id":"https:\/\/www.camping-bord-de-loire.com\/#website","url":"https:\/\/www.camping-bord-de-loire.com\/","name":"Flower Camping le Jardin de Sully","description":"","publisher":{"@id":"https:\/\/www.camping-bord-de-loire.com\/#organization"},"alternateName":"Camping le Jardin de Sully","potentialAction":[{"@type":"SearchAction","target":{"@type":"EntryPoint","urlTemplate":"https:\/\/www.camping-bord-de-loire.com\/?s={search_term_string}"},"query-input":{"@type":"PropertyValueSpecification","valueRequired":true,"valueName":"search_term_string"}}],"inLanguage":"es"},{"@type":"Organization","@id":"https:\/\/www.camping-bord-de-loire.com\/#organization","name":"Flower Camping Le Jardin De Sully (Ouvert \u00e0 l\u2019ann\u00e9e)","alternateName":"Camping le Jardin de Sully","url":"https:\/\/www.camping-bord-de-loire.com\/","logo":{"@type":"ImageObject","inLanguage":"es","@id":"https:\/\/www.camping-bord-de-loire.com\/#\/schema\/logo\/image\/","url":"https:\/\/www.camping-bord-de-loire.com\/wp-content\/uploads\/2023\/03\/camping-de-sully-logo-blanc.webp","contentUrl":"https:\/\/www.camping-bord-de-loire.com\/wp-content\/uploads\/2023\/03\/camping-de-sully-logo-blanc.webp","width":250,"height":193,"caption":"Flower Camping Le Jardin De Sully (Ouvert \u00e0 l\u2019ann\u00e9e)"},"image":{"@id":"https:\/\/www.camping-bord-de-loire.com\/#\/schema\/logo\/image\/"},"sameAs":["https:\/\/www.facebook.com\/CampingLeJardinDeSully"]}]}},"_links":{"self":[{"href":"https:\/\/www.camping-bord-de-loire.com\/es\/wp-json\/wp\/v2\/pages\/1823","targetHints":{"allow":["GET"]}}],"collection":[{"href":"https:\/\/www.camping-bord-de-loire.com\/es\/wp-json\/wp\/v2\/pages"}],"about":[{"href":"https:\/\/www.camping-bord-de-loire.com\/es\/wp-json\/wp\/v2\/types\/page"}],"author":[{"embeddable":true,"href":"https:\/\/www.camping-bord-de-loire.com\/es\/wp-json\/wp\/v2\/users\/1"}],"replies":[{"embeddable":true,"href":"https:\/\/www.camping-bord-de-loire.com\/es\/wp-json\/wp\/v2\/comments?post=1823"}],"version-history":[{"count":10,"href":"https:\/\/www.camping-bord-de-loire.com\/es\/wp-json\/wp\/v2\/pages\/1823\/revisions"}],"predecessor-version":[{"id":4028,"href":"https:\/\/www.camping-bord-de-loire.com\/es\/wp-json\/wp\/v2\/pages\/1823\/revisions\/4028"}],"wp:attachment":[{"href":"https:\/\/www.camping-bord-de-loire.com\/es\/wp-json\/wp\/v2\/media?parent=1823"}],"wp:term":[{"taxonomy":"sujet","embeddable":true,"href":"https:\/\/www.camping-bord-de-loire.com\/es\/wp-json\/wp\/v2\/sujet?post=1823"}],"curies":[{"name":"wp","href":"https:\/\/api.w.org\/{rel}","templated":true}]}}