{"id":1813,"date":"2023-03-22T10:34:50","date_gmt":"2023-03-22T09:34:50","guid":{"rendered":"https:\/\/www.camping-bord-de-loire.com\/acceso-de-contacto\/"},"modified":"2025-12-05T09:26:57","modified_gmt":"2025-12-05T08:26:57","slug":"acceso-de-contacto","status":"publish","type":"page","link":"https:\/\/www.camping-bord-de-loire.com\/es\/acceso-de-contacto\/","title":{"rendered":"Contacto y acceso"},"content":{"rendered":"<section id=\"ls-section-block_2b0362bd9403534e9915ec10b65f85ee\" class=\"ls-section  page-contact\" >\r\n        <div class=\"container \">\r\n        \n\n<h1 class=\"ls__heading wp-block-heading has-text-align-center\">Contacto y acceso <\/h1>\n\n\r\n    <\/div>\r\n<\/section><section id=\"ls-section-block_f7473c1d4447d079c76ee4319b1b470d\" class=\"ls-section  page-one\" >\r\n        <div class=\"container container--wide\">\r\n        \n\n<div class=\"wp-block-columns is-layout-flex wp-container-core-columns-is-layout-9d6595d7 wp-block-columns-is-layout-flex\">\n<div class=\"wp-block-column is-vertically-aligned-top is-layout-flow wp-block-column-is-layout-flow\">\n<h2 class=\"ls__heading wp-block-heading\">Cont\u00e1ctanos<\/h2>\n\n\n\n<p class=\"ls-paragraph\">\u00bfQuieres alojarte en el <a href=\"https:\/\/www.camping-bord-de-loire.com\/es\/\">camping Le Jardin de Sully<\/a> pero tienes algunas dudas antes de reservar tu estancia?<\/p>\n\n\n\n<p class=\"ls-paragraph\">No dudes en contactarnos, nuestro equipo estar\u00e1 encantado de responderte r\u00e1pidamente. <\/p>\n\n\n\n<p class=\"ls-paragraph\">Puedes enviarnos tu consulta:<\/p>\n\n\n\n<ul class=\"ls-list wp-block-list\">\n\n<li>a trav\u00e9s del formulario de contacto adjunto, <\/li>\n\n\n<li>por correo electr\u00f3nico <strong>lejardindesully@gmail.com<\/strong> <\/li>\n\n\n<li>o por tel\u00e9fono al <strong>02 38 67 10 84<\/strong><\/li>\n\n<\/ul>\n<\/div>\n\n\n\n<div class=\"wp-block-column is-layout-flow wp-block-column-is-layout-flow\">\n<div class=\"wp-block-contact-form-7-contact-form-selector\">\n<div class=\"wpcf7 no-js\" id=\"wpcf7-f1809-o1\" lang=\"es-ES\" dir=\"ltr\" data-wpcf7-id=\"1809\">\n<div class=\"screen-reader-response\"><p role=\"status\" aria-live=\"polite\" aria-atomic=\"true\"><\/p> <ul><\/ul><\/div>\n<form action=\"\/es\/wp-json\/wp\/v2\/pages\/1813#wpcf7-f1809-o1\" method=\"post\" class=\"wpcf7-form init\" aria-label=\"Formulario de contacto\" novalidate=\"novalidate\" data-status=\"init\">\n<fieldset class=\"hidden-fields-container\"><input type=\"hidden\" name=\"_wpcf7\" value=\"1809\" \/><input type=\"hidden\" name=\"_wpcf7_version\" value=\"6.1.4\" \/><input type=\"hidden\" name=\"_wpcf7_locale\" value=\"es_ES\" \/><input type=\"hidden\" name=\"_wpcf7_unit_tag\" value=\"wpcf7-f1809-o1\" \/><input type=\"hidden\" name=\"_wpcf7_container_post\" value=\"0\" \/><input type=\"hidden\" name=\"_wpcf7_posted_data_hash\" value=\"\" \/><input type=\"hidden\" name=\"_wpcf7_recaptcha_response\" value=\"\" \/>\n<\/fieldset>\n<p><label> Te llamas<br \/>\n<span class=\"wpcf7-form-control-wrap\" data-name=\"your-name\"><input size=\"40\" maxlength=\"400\" class=\"wpcf7-form-control wpcf7-text wpcf7-validates-as-required\" autocomplete=\"name\" aria-required=\"true\" aria-invalid=\"false\" value=\"\" type=\"text\" name=\"your-name\" \/><\/span> <\/label>\n<\/p>\n<p><label> Su correo electr\u00f3nico<br \/>\n<span class=\"wpcf7-form-control-wrap\" data-name=\"your-email\"><input size=\"40\" maxlength=\"400\" class=\"wpcf7-form-control wpcf7-email wpcf7-validates-as-required wpcf7-text wpcf7-validates-as-email\" autocomplete=\"email\" aria-required=\"true\" aria-invalid=\"false\" value=\"\" type=\"email\" name=\"your-email\" \/><\/span> <\/label>\n<\/p>\n<p><label> Objeto<br \/>\n<span class=\"wpcf7-form-control-wrap\" data-name=\"your-subject\"><input size=\"40\" maxlength=\"400\" class=\"wpcf7-form-control wpcf7-text wpcf7-validates-as-required\" aria-required=\"true\" aria-invalid=\"false\" value=\"\" type=\"text\" name=\"your-subject\" \/><\/span> <\/label>\n<\/p>\n<p><label> Tu mensaje<br \/>\n<span class=\"wpcf7-form-control-wrap\" data-name=\"your-message\"><textarea cols=\"40\" rows=\"10\" maxlength=\"2000\" class=\"wpcf7-form-control wpcf7-textarea\" aria-invalid=\"false\" name=\"your-message\"><\/textarea><\/span> <\/label>\n<\/p>\n<p><span class=\"wpcf7-form-control-wrap\" data-name=\"acceptance-553\"><span class=\"wpcf7-form-control wpcf7-acceptance\"><span class=\"wpcf7-list-item\"><label><input type=\"checkbox\" name=\"acceptance-553\" value=\"1\" aria-invalid=\"false\" \/><span class=\"wpcf7-list-item-label\">Al marcar esta casilla, acepto la <a href=\"https:\/\/www.camping-bord-de-loire.com\/es\/politica-de-privacidad\/\" rel=\"nofollow\" target=\"_blank\">Pol\u00edtica de privacidad<\/a> de este sitio.<\/span><\/label><\/span><\/span><\/span><input class=\"wpcf7-form-control wpcf7-submit has-spinner\" type=\"submit\" value=\"Enviar\" \/>\n<\/p><div class=\"wpcf7-response-output\" aria-hidden=\"true\"><\/div>\n<\/form>\n<\/div>\n<\/div>\n<\/div>\n<\/div>\n\n\r\n    <\/div>\r\n<\/section><section id=\"ls-section-block_24f901fd6c1947061f710065aac4a36c\" class=\"ls-section  page-two fond-degrade\" >\r\n        <div class=\"container container--full\">\r\n        \n\n<div class=\"wp-block-columns is-layout-flex wp-container-core-columns-is-layout-9d6595d7 wp-block-columns-is-layout-flex\">\n<div class=\"wp-block-column is-layout-flow wp-block-column-is-layout-flow\">\n<iframe src=\"https:\/\/www.google.com\/maps\/embed?pb=!1m23!1m12!1m3!1d99122.11831394646!2d2.3305638153904757!3d47.78033958584455!2m3!1f0!2f0!3f0!3m2!1i1024!2i768!4f13.1!4m8!3e0!4m0!4m5!1s0x47e5152cdf4368b1%3A0x6faf9a793f8c3855!2sFlower%20Camping%20Le%20Jardin%20De%20Sully%2C%201%20Rue%20d'Orl%C3%A9ans%2C%2045600%20Saint-P%C3%A8re-sur-Loire!3m2!1d47.771485999999996!2d2.3622449!5e0!3m2!1sfr!2sfr!4v1681735470503!5m2!1sfr!2sfr\" width=\"100%\" height=\"450\" style=\"border:0;\" allowfullscreen=\"\" loading=\"lazy\" referrerpolicy=\"no-referrer-when-downgrade\"><\/iframe>\n<\/div>\n\n\n\n<div class=\"wp-block-column is-vertically-aligned-center is-layout-flow wp-block-column-is-layout-flow\">\n<h2 class=\"ls__heading wp-block-heading\">C\u00f3mo llegar al camping<\/h2>\n\n\n\n<p class=\"ls-paragraph\">El camping Le Jardin de Sully est\u00e1 situado en: 1 Rue d&#8217;Orl\u00e9ans, 45600 Saint-P\u00e8re-sur-Loire<\/p>\n\n\n\n<p class=\"ls-paragraph\">Coordenadas GPS: <\/p>\n\n\n\n<ul class=\"ls-list wp-block-list\">\n\n<li>Latitud: 47.771563<\/li>\n\n\n<li>Longitud: 2.362490<\/li>\n\n<\/ul>\n<\/div>\n<\/div>\n\n\n\n<div class=\"wp-block-columns is-layout-flex wp-container-core-columns-is-layout-9d6595d7 wp-block-columns-is-layout-flex\">\n<div class=\"wp-block-column is-vertically-aligned-center is-layout-flow wp-block-column-is-layout-flow\">\n<h2 class=\"ls__heading wp-block-heading\">En coche<\/h2>\n\n\n\n<p class=\"ls-paragraph\">Desde <strong>Orleans<\/strong> (45 minutos): acceso r\u00e1pido por la <strong>D2060<\/strong>, <strong>D951<\/strong> y luego <strong>D60<\/strong>.<\/p>\n\n\n\n<p class=\"ls-paragraph\">Desde <strong>Par\u00eds<\/strong> (1h45): autopistas <strong>A10<\/strong> o <strong>A77<\/strong> y luego direcci\u00f3n Sully-sur-Loire (<strong>D2060<\/strong>).<\/p>\n<\/div>\n\n\n\n<div class=\"wp-block-column is-layout-flow wp-block-column-is-layout-flow\">\n<h2 class=\"ls__heading wp-block-heading\">En transporte p\u00fablico<\/h2>\n\n\n\n<p class=\"ls-paragraph\">Estaciones de tren m\u00e1s cercanas: <strong>Orleans<\/strong>, <strong>Les Aubrais<\/strong> (45 km) y <strong>Gien<\/strong> (25 km).<\/p>\n\n\n\n<p class=\"ls-paragraph\"><strong><a href=\"https:\/\/www.remi-centrevaldeloire.fr\/horaires-et-itineraires\/horaires-car-remi\/\">Bus R\u00e9mi<\/a><\/strong>: l\u00edneas <strong>3<\/strong>, <strong>7A<\/strong> y <strong>7B<\/strong> que dan servicio a Sully-sur-Loire.<\/p>\n\n\n\n<p class=\"ls-paragraph\">Desde la parada de autob\u00fas de Sully, llegar al camping a pie (15 minutos por la pasarela), en bicicleta o en coche compartido.<\/p>\n<\/div>\n<\/div>\n\n\r\n    <\/div>\r\n<\/section>","protected":false},"excerpt":{"rendered":"","protected":false},"author":1,"featured_media":1741,"parent":0,"menu_order":0,"comment_status":"closed","ping_status":"closed","template":"","meta":{"_acf_changed":false,"footnotes":""},"sujet":[],"class_list":["post-1813","page","type-page","status-publish","has-post-thumbnail","hentry"],"acf":[],"yoast_head":"<!-- This site is optimized with the Yoast SEO plugin v26.5 - https:\/\/yoast.com\/wordpress\/plugins\/seo\/ -->\n<title>Contactar con el camping Le Jardin de Sully<\/title>\n<meta name=\"description\" content=\"Camping le Jardin de Sully, 1 RUE D&#039;ORL\u00c9ANS 45600 Saint P\u00e8re sur Loire. Tel\u00e9fono: 02 38 67 10 84 - lejardindesully@gmail.com\" \/>\n<meta name=\"robots\" content=\"index, follow, max-snippet:-1, max-image-preview:large, max-video-preview:-1\" \/>\n<link rel=\"canonical\" href=\"https:\/\/www.camping-bord-de-loire.com\/es\/acceso-de-contacto\/\" \/>\n<meta property=\"og:locale\" content=\"es_ES\" \/>\n<meta property=\"og:type\" content=\"article\" \/>\n<meta property=\"og:title\" content=\"Contactar con el camping Le Jardin de Sully\" \/>\n<meta property=\"og:description\" content=\"Camping le Jardin de Sully, 1 RUE D&#039;ORL\u00c9ANS 45600 Saint P\u00e8re sur Loire. Tel\u00e9fono: 02 38 67 10 84 - lejardindesully@gmail.com\" \/>\n<meta property=\"og:url\" content=\"https:\/\/www.camping-bord-de-loire.com\/es\/acceso-de-contacto\/\" \/>\n<meta property=\"og:site_name\" content=\"Le Jardin de Sully\" \/>\n<meta property=\"article:publisher\" content=\"https:\/\/www.facebook.com\/CampingLeJardinDeSully\" \/>\n<meta property=\"article:modified_time\" content=\"2025-12-05T08:26:57+00:00\" \/>\n<meta property=\"og:image\" content=\"https:\/\/www.camping-bord-de-loire.com\/wp-content\/uploads\/2023\/04\/camping-loiret-1.webp\" \/>\n\t<meta property=\"og:image:width\" content=\"2000\" \/>\n\t<meta property=\"og:image:height\" content=\"660\" \/>\n\t<meta property=\"og:image:type\" content=\"image\/webp\" \/>\n<meta name=\"twitter:card\" content=\"summary_large_image\" \/>\n<meta name=\"twitter:label1\" content=\"Tiempo de lectura\" \/>\n\t<meta name=\"twitter:data1\" content=\"1 minuto\" \/>\n<script type=\"application\/ld+json\" class=\"yoast-schema-graph\">{\"@context\":\"https:\/\/schema.org\",\"@graph\":[{\"@type\":\"WebPage\",\"@id\":\"https:\/\/www.camping-bord-de-loire.com\/es\/acceso-de-contacto\/\",\"url\":\"https:\/\/www.camping-bord-de-loire.com\/es\/acceso-de-contacto\/\",\"name\":\"Contactar con el camping Le Jardin de Sully\",\"isPartOf\":{\"@id\":\"https:\/\/www.camping-bord-de-loire.com\/#website\"},\"primaryImageOfPage\":{\"@id\":\"https:\/\/www.camping-bord-de-loire.com\/es\/acceso-de-contacto\/#primaryimage\"},\"image\":{\"@id\":\"https:\/\/www.camping-bord-de-loire.com\/es\/acceso-de-contacto\/#primaryimage\"},\"thumbnailUrl\":\"https:\/\/www.camping-bord-de-loire.com\/wp-content\/uploads\/2023\/04\/camping-loiret-1.webp\",\"datePublished\":\"2023-03-22T09:34:50+00:00\",\"dateModified\":\"2025-12-05T08:26:57+00:00\",\"description\":\"Camping le Jardin de Sully, 1 RUE D'ORL\u00c9ANS 45600 Saint P\u00e8re sur Loire. Tel\u00e9fono: 02 38 67 10 84 - lejardindesully@gmail.com\",\"breadcrumb\":{\"@id\":\"https:\/\/www.camping-bord-de-loire.com\/es\/acceso-de-contacto\/#breadcrumb\"},\"inLanguage\":\"es\",\"potentialAction\":[{\"@type\":\"ReadAction\",\"target\":[\"https:\/\/www.camping-bord-de-loire.com\/es\/acceso-de-contacto\/\"]}]},{\"@type\":\"ImageObject\",\"inLanguage\":\"es\",\"@id\":\"https:\/\/www.camping-bord-de-loire.com\/es\/acceso-de-contacto\/#primaryimage\",\"url\":\"https:\/\/www.camping-bord-de-loire.com\/wp-content\/uploads\/2023\/04\/camping-loiret-1.webp\",\"contentUrl\":\"https:\/\/www.camping-bord-de-loire.com\/wp-content\/uploads\/2023\/04\/camping-loiret-1.webp\",\"width\":2000,\"height\":660,\"caption\":\"encontrar camping loiret\"},{\"@type\":\"BreadcrumbList\",\"@id\":\"https:\/\/www.camping-bord-de-loire.com\/es\/acceso-de-contacto\/#breadcrumb\",\"itemListElement\":[{\"@type\":\"ListItem\",\"position\":1,\"name\":\"Camping a orillas del Loira\",\"item\":\"https:\/\/www.camping-bord-de-loire.com\/es\/\"},{\"@type\":\"ListItem\",\"position\":2,\"name\":\"Contacto y c\u00f3mo llegar\"}]},{\"@type\":\"WebSite\",\"@id\":\"https:\/\/www.camping-bord-de-loire.com\/#website\",\"url\":\"https:\/\/www.camping-bord-de-loire.com\/\",\"name\":\"Flower Camping le Jardin de Sully\",\"description\":\"\",\"publisher\":{\"@id\":\"https:\/\/www.camping-bord-de-loire.com\/#organization\"},\"alternateName\":\"Camping le Jardin de Sully\",\"potentialAction\":[{\"@type\":\"SearchAction\",\"target\":{\"@type\":\"EntryPoint\",\"urlTemplate\":\"https:\/\/www.camping-bord-de-loire.com\/?s={search_term_string}\"},\"query-input\":{\"@type\":\"PropertyValueSpecification\",\"valueRequired\":true,\"valueName\":\"search_term_string\"}}],\"inLanguage\":\"es\"},{\"@type\":\"Organization\",\"@id\":\"https:\/\/www.camping-bord-de-loire.com\/#organization\",\"name\":\"Flower Camping Le Jardin De Sully (Ouvert \u00e0 l\u2019ann\u00e9e)\",\"alternateName\":\"Camping le Jardin de Sully\",\"url\":\"https:\/\/www.camping-bord-de-loire.com\/\",\"logo\":{\"@type\":\"ImageObject\",\"inLanguage\":\"es\",\"@id\":\"https:\/\/www.camping-bord-de-loire.com\/#\/schema\/logo\/image\/\",\"url\":\"https:\/\/www.camping-bord-de-loire.com\/wp-content\/uploads\/2023\/03\/camping-de-sully-logo-blanc.webp\",\"contentUrl\":\"https:\/\/www.camping-bord-de-loire.com\/wp-content\/uploads\/2023\/03\/camping-de-sully-logo-blanc.webp\",\"width\":250,\"height\":193,\"caption\":\"Flower Camping Le Jardin De Sully (Ouvert \u00e0 l\u2019ann\u00e9e)\"},\"image\":{\"@id\":\"https:\/\/www.camping-bord-de-loire.com\/#\/schema\/logo\/image\/\"},\"sameAs\":[\"https:\/\/www.facebook.com\/CampingLeJardinDeSully\"]}]}<\/script>\n<!-- \/ Yoast SEO plugin. -->","yoast_head_json":{"title":"Contactar con el camping Le Jardin de Sully","description":"Camping le Jardin de Sully, 1 RUE D'ORL\u00c9ANS 45600 Saint P\u00e8re sur Loire. Tel\u00e9fono: 02 38 67 10 84 - lejardindesully@gmail.com","robots":{"index":"index","follow":"follow","max-snippet":"max-snippet:-1","max-image-preview":"max-image-preview:large","max-video-preview":"max-video-preview:-1"},"canonical":"https:\/\/www.camping-bord-de-loire.com\/es\/acceso-de-contacto\/","og_locale":"es_ES","og_type":"article","og_title":"Contactar con el camping Le Jardin de Sully","og_description":"Camping le Jardin de Sully, 1 RUE D'ORL\u00c9ANS 45600 Saint P\u00e8re sur Loire. Tel\u00e9fono: 02 38 67 10 84 - lejardindesully@gmail.com","og_url":"https:\/\/www.camping-bord-de-loire.com\/es\/acceso-de-contacto\/","og_site_name":"Le Jardin de Sully","article_publisher":"https:\/\/www.facebook.com\/CampingLeJardinDeSully","article_modified_time":"2025-12-05T08:26:57+00:00","og_image":[{"width":2000,"height":660,"url":"https:\/\/www.camping-bord-de-loire.com\/wp-content\/uploads\/2023\/04\/camping-loiret-1.webp","type":"image\/webp"}],"twitter_card":"summary_large_image","twitter_misc":{"Tiempo de lectura":"1 minuto"},"schema":{"@context":"https:\/\/schema.org","@graph":[{"@type":"WebPage","@id":"https:\/\/www.camping-bord-de-loire.com\/es\/acceso-de-contacto\/","url":"https:\/\/www.camping-bord-de-loire.com\/es\/acceso-de-contacto\/","name":"Contactar con el camping Le Jardin de Sully","isPartOf":{"@id":"https:\/\/www.camping-bord-de-loire.com\/#website"},"primaryImageOfPage":{"@id":"https:\/\/www.camping-bord-de-loire.com\/es\/acceso-de-contacto\/#primaryimage"},"image":{"@id":"https:\/\/www.camping-bord-de-loire.com\/es\/acceso-de-contacto\/#primaryimage"},"thumbnailUrl":"https:\/\/www.camping-bord-de-loire.com\/wp-content\/uploads\/2023\/04\/camping-loiret-1.webp","datePublished":"2023-03-22T09:34:50+00:00","dateModified":"2025-12-05T08:26:57+00:00","description":"Camping le Jardin de Sully, 1 RUE D'ORL\u00c9ANS 45600 Saint P\u00e8re sur Loire. Tel\u00e9fono: 02 38 67 10 84 - lejardindesully@gmail.com","breadcrumb":{"@id":"https:\/\/www.camping-bord-de-loire.com\/es\/acceso-de-contacto\/#breadcrumb"},"inLanguage":"es","potentialAction":[{"@type":"ReadAction","target":["https:\/\/www.camping-bord-de-loire.com\/es\/acceso-de-contacto\/"]}]},{"@type":"ImageObject","inLanguage":"es","@id":"https:\/\/www.camping-bord-de-loire.com\/es\/acceso-de-contacto\/#primaryimage","url":"https:\/\/www.camping-bord-de-loire.com\/wp-content\/uploads\/2023\/04\/camping-loiret-1.webp","contentUrl":"https:\/\/www.camping-bord-de-loire.com\/wp-content\/uploads\/2023\/04\/camping-loiret-1.webp","width":2000,"height":660,"caption":"encontrar camping loiret"},{"@type":"BreadcrumbList","@id":"https:\/\/www.camping-bord-de-loire.com\/es\/acceso-de-contacto\/#breadcrumb","itemListElement":[{"@type":"ListItem","position":1,"name":"Camping a orillas del Loira","item":"https:\/\/www.camping-bord-de-loire.com\/es\/"},{"@type":"ListItem","position":2,"name":"Contacto y c\u00f3mo llegar"}]},{"@type":"WebSite","@id":"https:\/\/www.camping-bord-de-loire.com\/#website","url":"https:\/\/www.camping-bord-de-loire.com\/","name":"Flower Camping le Jardin de Sully","description":"","publisher":{"@id":"https:\/\/www.camping-bord-de-loire.com\/#organization"},"alternateName":"Camping le Jardin de Sully","potentialAction":[{"@type":"SearchAction","target":{"@type":"EntryPoint","urlTemplate":"https:\/\/www.camping-bord-de-loire.com\/?s={search_term_string}"},"query-input":{"@type":"PropertyValueSpecification","valueRequired":true,"valueName":"search_term_string"}}],"inLanguage":"es"},{"@type":"Organization","@id":"https:\/\/www.camping-bord-de-loire.com\/#organization","name":"Flower Camping Le Jardin De Sully (Ouvert \u00e0 l\u2019ann\u00e9e)","alternateName":"Camping le Jardin de Sully","url":"https:\/\/www.camping-bord-de-loire.com\/","logo":{"@type":"ImageObject","inLanguage":"es","@id":"https:\/\/www.camping-bord-de-loire.com\/#\/schema\/logo\/image\/","url":"https:\/\/www.camping-bord-de-loire.com\/wp-content\/uploads\/2023\/03\/camping-de-sully-logo-blanc.webp","contentUrl":"https:\/\/www.camping-bord-de-loire.com\/wp-content\/uploads\/2023\/03\/camping-de-sully-logo-blanc.webp","width":250,"height":193,"caption":"Flower Camping Le Jardin De Sully (Ouvert \u00e0 l\u2019ann\u00e9e)"},"image":{"@id":"https:\/\/www.camping-bord-de-loire.com\/#\/schema\/logo\/image\/"},"sameAs":["https:\/\/www.facebook.com\/CampingLeJardinDeSully"]}]}},"_links":{"self":[{"href":"https:\/\/www.camping-bord-de-loire.com\/es\/wp-json\/wp\/v2\/pages\/1813","targetHints":{"allow":["GET"]}}],"collection":[{"href":"https:\/\/www.camping-bord-de-loire.com\/es\/wp-json\/wp\/v2\/pages"}],"about":[{"href":"https:\/\/www.camping-bord-de-loire.com\/es\/wp-json\/wp\/v2\/types\/page"}],"author":[{"embeddable":true,"href":"https:\/\/www.camping-bord-de-loire.com\/es\/wp-json\/wp\/v2\/users\/1"}],"replies":[{"embeddable":true,"href":"https:\/\/www.camping-bord-de-loire.com\/es\/wp-json\/wp\/v2\/comments?post=1813"}],"version-history":[{"count":6,"href":"https:\/\/www.camping-bord-de-loire.com\/es\/wp-json\/wp\/v2\/pages\/1813\/revisions"}],"predecessor-version":[{"id":4116,"href":"https:\/\/www.camping-bord-de-loire.com\/es\/wp-json\/wp\/v2\/pages\/1813\/revisions\/4116"}],"wp:featuredmedia":[{"embeddable":true,"href":"https:\/\/www.camping-bord-de-loire.com\/es\/wp-json\/wp\/v2\/media\/1741"}],"wp:attachment":[{"href":"https:\/\/www.camping-bord-de-loire.com\/es\/wp-json\/wp\/v2\/media?parent=1813"}],"wp:term":[{"taxonomy":"sujet","embeddable":true,"href":"https:\/\/www.camping-bord-de-loire.com\/es\/wp-json\/wp\/v2\/sujet?post=1813"}],"curies":[{"name":"wp","href":"https:\/\/api.w.org\/{rel}","templated":true}]}}