{"id":3972,"date":"2023-03-22T10:34:04","date_gmt":"2023-03-22T09:34:04","guid":{"rendered":"https:\/\/www.camping-bord-de-loire.com\/activites-loiret\/"},"modified":"2025-12-03T16:25:50","modified_gmt":"2025-12-03T15:25:50","slug":"activites-loiret","status":"publish","type":"page","link":"https:\/\/www.camping-bord-de-loire.com\/de\/activites-loiret\/","title":{"rendered":"Die Aktivit\u00e4ten"},"content":{"rendered":"<section id=\"ls-section-block_cefa20cd8c5bce064571fe7a791b7a46\" class=\"ls-section  home-chapeau has-p-b p-b-0\" >\r\n        <div class=\"container container--wide\">\r\n        \n\n<h1 class=\"ls__heading wp-block-heading has-text-align-center deco-center castel\">Alle Aktivit\u00e4ten f\u00fcr die Familie<br\/>oder mit Freunden im Loiret<\/h1>\n\n\r\n    <\/div>\r\n<\/section><section id=\"ls-section-block_72272e367c0af8be0b7a167198fb7256\" class=\"ls-section  page-one has-p-t p-t-10 has-p-b p-b-14\" >\r\n        <div class=\"container container--wide\">\r\n        \n\n<div class=\"wp-block-columns is-layout-flex wp-container-core-columns-is-layout-9d6595d7 wp-block-columns-is-layout-flex\">\n<div class=\"wp-block-column is-layout-flow wp-block-column-is-layout-flow\" style=\"flex-basis:66.66%\">\n<figure class=\"wp-block-image size-full animated fadeIn slow\"><img decoding=\"async\" width=\"1000\" height=\"666\" src=\"https:\/\/www.camping-bord-de-loire.com\/wp-content\/uploads\/2023\/04\/activite-accrobranbre-neuvy.webp\" alt=\"Hochseilgarten-Aktivit&#xE4;t Loiret\" class=\"wp-image-1349\" srcset=\"https:\/\/www.camping-bord-de-loire.com\/wp-content\/uploads\/2023\/04\/activite-accrobranbre-neuvy.webp 1000w, https:\/\/www.camping-bord-de-loire.com\/wp-content\/uploads\/2023\/04\/activite-accrobranbre-neuvy-300x200.webp 300w, https:\/\/www.camping-bord-de-loire.com\/wp-content\/uploads\/2023\/04\/activite-accrobranbre-neuvy-768x511.webp 768w\" sizes=\"(max-width: 1000px) 100vw, 1000px\" \/><\/figure>\n<\/div>\n\n\n\n<div class=\"wp-block-column is-vertically-aligned-center is-layout-flow wp-block-column-is-layout-flow\" style=\"flex-basis:33.33%\">\n<h2 class=\"ls__heading wp-block-heading deco\">Aktivit\u00e4ten f\u00fcr einen Familienausflug<\/h2>\n\n\n\n<p class=\"ls-paragraph\">Du f\u00e4hrst mit deiner Familie und den Kindern in den Urlaub und m\u00f6chtest <strong>Familienaktivit\u00e4ten<\/strong> f\u00fcr den Aufenthalt auf dem <a href=\"https:\/\/www.camping-bord-de-loire.com\/de\/\">Campingplatz Le Jardin de Sully<\/a> planen? Der <a href=\"https:\/\/www.chateausully.fr\/\" target=\"_blank\" rel=\"noreferrer noopener\">Besuch der Schl\u00f6sser von Sully<\/a> oder <a href=\"https:\/\/www.chateau-de-st-fargeau.com\/\" target=\"_blank\" rel=\"noreferrer noopener nofollow\">Saint Fargeau<\/a> (56 Minuten entfernt) sind gute Optionen. Das <a href=\"https:\/\/www.museeducirqueetdelillusion.com\/\" target=\"_blank\" rel=\"noreferrer noopener\">Zirkus- und Illusionsmuseum<\/a> findest du 11 km vom Campingplatz entfernt und nat\u00fcrlich den Zoo von Beauval in 130 km Entfernung (1,5 Stunden).  <\/p>\n\n\n\n<p class=\"ls-paragraph\">Du kannst sie auch mitnehmen, um <strong>p\u00e4dagogische Bauernh\u00f6fe zu besuchen<\/strong>, einen <strong>Spaziergang im Wald von Orl\u00e9ans zu machen<\/strong>, eine <strong>Fahrradtour<\/strong> auf dem Radweg der Loire \u00e0 V\u00e9lo zu unternehmen oder sie in den <a href=\"https:\/\/famillypark45.fr\/\" target=\"_blank\" rel=\"noreferrer noopener\">Familly Park<\/a> mitzunehmen, um in Neuvy-en-Sullias <strong>Hochseilgarten<\/strong> zu machen.<\/p>\n<\/div>\n<\/div>\n\n\r\n    <\/div>\r\n<\/section><section id=\"ls-section-block_8f7d85c156c9a1e61c3d53d03b1e4ef2\" class=\"ls-section  page-parallax-bis has-background-image has-parallax has-p-t p-t-14 has-p-b p-b-14\" >\r\n    <div class=\"ls-section__background-image opacity-100\"><img decoding=\"async\" src=\"https:\/\/www.camping-bord-de-loire.com\/wp-content\/uploads\/2023\/04\/canoe-loire-scaled-1.webp\" alt=\"Kanuurlaub Loiret\"><\/div>    <div class=\"container \">\r\n        \r\n    <\/div>\r\n<\/section><section id=\"ls-section-block_19d370e82d0e3c30db44adfa7654ab49\" class=\"ls-section  page-parallax\" >\r\n        <div class=\"container container--full\">\r\n        \n\n<div class=\"wp-block-columns is-layout-flex wp-container-core-columns-is-layout-9d6595d7 wp-block-columns-is-layout-flex\">\n<div class=\"wp-block-column left is-layout-flow wp-block-column-is-layout-flow\"><\/div>\n\n\n\n<div class=\"wp-block-column right has-color-white-background-color has-background is-layout-flow wp-block-column-is-layout-flow\">\n<h2 class=\"ls__heading wp-block-heading deco\">Sportlich? Wanderungen und sportliche Aktivit\u00e4ten im Loiret <\/h2>\n\n\n\n<p class=\"ls-paragraph\">Im Loiret gibt es viele Outdoor-Aktivit\u00e4ten f\u00fcr jeden Geschmack.<br\/><strong>Wandere auf dem ber\u00fchmten GR3<\/strong> und entdecke unber\u00fchrte Landschaften.<br\/>Nutze den Radweg der <strong>Loire \u00e0 V\u00e9lo<\/strong> f\u00fcr eine unvergessliche Naturfahrt.<br\/>Nur 100 Meter vom Campingplatz entfernt, <strong>probiere Kanu-Kajak aus<\/strong> und fahre die Loire hinunter.<br\/>F\u00fcr mehr Nervenkitzel, probiere den Hochseilgarten aus und erlebe ein einzigartiges Sporterlebnis.<\/p>\n<\/div>\n<\/div>\n\n\r\n    <\/div>\r\n<\/section><section id=\"ls-section-block_6828dc840e5dd2a73d2fc82327a28095\" class=\"ls-section  page-two fond-degrade has-p-b p-b-14\" >\r\n        <div class=\"container container--wide\">\r\n        \n\n<div class=\"wp-block-columns is-layout-flex wp-container-core-columns-is-layout-9d6595d7 wp-block-columns-is-layout-flex\">\n<div class=\"wp-block-column is-vertically-aligned-center is-layout-flow wp-block-column-is-layout-flow\" style=\"flex-basis:33.33%\">\n<p class=\"ls-paragraph\">Du kannst auch verschiedene Sportarten direkt auf unserem Campingplatz an der Loire aus\u00fcben!<\/p>\n\n\n\n<p class=\"ls-paragraph\">An <strong>sportlichen Aktivit\u00e4ten<\/strong> mangelt es im Loiret nicht. Du kannst dich um deinen K\u00f6rper k\u00fcmmern und dich im Urlaub ohne Probleme austoben! <\/p>\n<\/div>\n\n\n\n<div class=\"wp-block-column is-layout-flow wp-block-column-is-layout-flow\" style=\"flex-basis:66.66%\">\n<figure class=\"wp-block-image size-full animated fadeIn slow\"><img decoding=\"async\" width=\"1008\" height=\"600\" src=\"https:\/\/www.camping-bord-de-loire.com\/wp-content\/uploads\/2023\/04\/randonnees-gr3-loiret.webp\" alt=\"Wanderungen GR3 Loiret\" class=\"wp-image-1491\" srcset=\"https:\/\/www.camping-bord-de-loire.com\/wp-content\/uploads\/2023\/04\/randonnees-gr3-loiret.webp 1008w, https:\/\/www.camping-bord-de-loire.com\/wp-content\/uploads\/2023\/04\/randonnees-gr3-loiret-300x179.webp 300w, https:\/\/www.camping-bord-de-loire.com\/wp-content\/uploads\/2023\/04\/randonnees-gr3-loiret-768x457.webp 768w\" sizes=\"(max-width: 1008px) 100vw, 1008px\" \/><\/figure>\n<\/div>\n<\/div>\n\n\r\n    <\/div>\r\n<\/section><section id=\"ls-section-block_9f5c10d9adf77f2d88b78f131272673a\" class=\"ls-section  page-maillage has-p-t p-t-14 has-p-b p-b-14\" >\r\n        <div class=\"container container--wide\">\r\n        \n\n<div id=\"ls-heading ls-titre-div-block_03e9836ae2db4ba5f699e54cd0b246c8\" class=\"ls-titre-div deco aligncenter h2-like\" >\n    Entdecke unsere Unterk\u00fcnfte und die Umgebung des Campingplatzes<\/div>\n\n\n<div id=\"ls-maillage-block_ba7748e7a13bf77ebc722e8a593d37af\" class=\"ls-maillage cta-style-normal\" data-rows=\"3\">\r\n    <div class=\"wp-block-columns\"><div class=\"wp-block-column\">\n\n<a href=\"https:\/\/www.camping-bord-de-loire.com\/de\/location-emplacement-loiret\/\" target=\"\" rel=\"noopener\" class=\"ls-cta__link\">\n\n\t<div class=\"ls-cta__image\"><img decoding=\"async\" src=\"https:\/\/www.camping-bord-de-loire.com\/wp-content\/uploads\/2023\/04\/emplacement-caravaning-loiret.webp\" alt=\"Wohnwagenstellplatz Loiret\"><\/div>\n\t<div class=\"ls-cta__title\">\n\t\tUnsere Stellpl\u00e4tze\t<\/div>\n\n\t\t\n<\/a><\/div><div class=\"wp-block-column\">\n\n<a href=\"https:\/\/www.camping-bord-de-loire.com\/de\/camping-avec-snack-loiret\/\" target=\"\" rel=\"noopener\" class=\"ls-cta__link\">\n\n\t<div class=\"ls-cta__image\"><img decoding=\"async\" src=\"https:\/\/www.camping-bord-de-loire.com\/wp-content\/uploads\/2023\/04\/camping-jeux-societe-loire.webp\" alt=\"Camping Gesellschaftsspiele Loire\"><\/div>\n\t<div class=\"ls-cta__title\">\n\t\tUnsere Services \t<\/div>\n\n\t\t\n<\/a><\/div><div class=\"wp-block-column\">\n\n<a href=\"https:\/\/www.camping-bord-de-loire.com\/de\/location-mobil-home-loiret\/\" target=\"\" rel=\"noopener\" class=\"ls-cta__link\">\n\n\t<div class=\"ls-cta__image\"><img decoding=\"async\" src=\"https:\/\/www.camping-bord-de-loire.com\/wp-content\/uploads\/2023\/04\/camping-pas-cher-loire-2.webp\" alt=\"g\u00fcnstiger Campingplatz Loire 2\"><\/div>\n\t<div class=\"ls-cta__title\">\n\t\tUnsere Unterk\u00fcnfte \t<\/div>\n\n\t\t\n<\/a><\/div><\/div><\/div>\n\r\n    <\/div>\r\n<\/section>","protected":false},"excerpt":{"rendered":"","protected":false},"author":1,"featured_media":3574,"parent":0,"menu_order":0,"comment_status":"closed","ping_status":"closed","template":"","meta":{"_acf_changed":false,"footnotes":""},"sujet":[],"class_list":["post-3972","page","type-page","status-publish","has-post-thumbnail","hentry"],"acf":[],"yoast_head":"<!-- This site is optimized with the Yoast SEO plugin v26.5 - https:\/\/yoast.com\/wordpress\/plugins\/seo\/ -->\n<title>Aktivit\u00e4ten im Loiret | Sportliche Aktivit\u00e4ten im Loiret<\/title>\n<meta name=\"description\" content=\"Entdecke die Aktivit\u00e4ten im Loiret rund um den Campingplatz Le Jardin de Sully.\" \/>\n<meta name=\"robots\" content=\"index, follow, max-snippet:-1, max-image-preview:large, max-video-preview:-1\" \/>\n<link rel=\"canonical\" href=\"https:\/\/www.camping-bord-de-loire.com\/de\/activites-loiret\/\" \/>\n<meta property=\"og:locale\" content=\"de_DE\" \/>\n<meta property=\"og:type\" content=\"article\" \/>\n<meta property=\"og:title\" content=\"Aktivit\u00e4ten im Loiret | Sportliche Aktivit\u00e4ten im Loiret\" \/>\n<meta property=\"og:description\" content=\"Entdecke die Aktivit\u00e4ten im Loiret rund um den Campingplatz Le Jardin de Sully.\" \/>\n<meta property=\"og:url\" content=\"https:\/\/www.camping-bord-de-loire.com\/de\/activites-loiret\/\" \/>\n<meta property=\"og:site_name\" content=\"Le Jardin de Sully\" \/>\n<meta property=\"article:publisher\" content=\"https:\/\/www.facebook.com\/CampingLeJardinDeSully\" \/>\n<meta property=\"article:modified_time\" content=\"2025-12-03T15:25:50+00:00\" \/>\n<meta property=\"og:image\" content=\"https:\/\/www.camping-bord-de-loire.com\/wp-content\/uploads\/2023\/04\/activites-sportives-loiret.webp\" \/>\n\t<meta property=\"og:image:width\" content=\"2000\" \/>\n\t<meta property=\"og:image:height\" content=\"660\" \/>\n\t<meta property=\"og:image:type\" content=\"image\/webp\" \/>\n<meta name=\"twitter:card\" content=\"summary_large_image\" \/>\n<meta name=\"twitter:label1\" content=\"Gesch\u00e4tzte Lesezeit\" \/>\n\t<meta name=\"twitter:data1\" content=\"1\u00a0Minute\" \/>\n<script type=\"application\/ld+json\" class=\"yoast-schema-graph\">{\"@context\":\"https:\/\/schema.org\",\"@graph\":[{\"@type\":\"WebPage\",\"@id\":\"https:\/\/www.camping-bord-de-loire.com\/de\/activites-loiret\/\",\"url\":\"https:\/\/www.camping-bord-de-loire.com\/de\/activites-loiret\/\",\"name\":\"Aktivit\u00e4ten im Loiret | Sportliche Aktivit\u00e4ten im Loiret\",\"isPartOf\":{\"@id\":\"https:\/\/www.camping-bord-de-loire.com\/#website\"},\"primaryImageOfPage\":{\"@id\":\"https:\/\/www.camping-bord-de-loire.com\/de\/activites-loiret\/#primaryimage\"},\"image\":{\"@id\":\"https:\/\/www.camping-bord-de-loire.com\/de\/activites-loiret\/#primaryimage\"},\"thumbnailUrl\":\"https:\/\/www.camping-bord-de-loire.com\/wp-content\/uploads\/2023\/04\/activites-sportives-loiret.webp\",\"datePublished\":\"2023-03-22T09:34:04+00:00\",\"dateModified\":\"2025-12-03T15:25:50+00:00\",\"description\":\"Entdecke die Aktivit\u00e4ten im Loiret rund um den Campingplatz Le Jardin de Sully.\",\"breadcrumb\":{\"@id\":\"https:\/\/www.camping-bord-de-loire.com\/de\/activites-loiret\/#breadcrumb\"},\"inLanguage\":\"de\",\"potentialAction\":[{\"@type\":\"ReadAction\",\"target\":[\"https:\/\/www.camping-bord-de-loire.com\/de\/activites-loiret\/\"]}]},{\"@type\":\"ImageObject\",\"inLanguage\":\"de\",\"@id\":\"https:\/\/www.camping-bord-de-loire.com\/de\/activites-loiret\/#primaryimage\",\"url\":\"https:\/\/www.camping-bord-de-loire.com\/wp-content\/uploads\/2023\/04\/activites-sportives-loiret.webp\",\"contentUrl\":\"https:\/\/www.camping-bord-de-loire.com\/wp-content\/uploads\/2023\/04\/activites-sportives-loiret.webp\",\"width\":2000,\"height\":660,\"caption\":\"Sportliche Aktivit\u00e4ten Loiret\"},{\"@type\":\"BreadcrumbList\",\"@id\":\"https:\/\/www.camping-bord-de-loire.com\/de\/activites-loiret\/#breadcrumb\",\"itemListElement\":[{\"@type\":\"ListItem\",\"position\":1,\"name\":\"Camping en bord de Loire\",\"item\":\"https:\/\/www.camping-bord-de-loire.com\/de\/\"},{\"@type\":\"ListItem\",\"position\":2,\"name\":\"Sportliche Aktivit\u00e4ten im Loiret\"}]},{\"@type\":\"WebSite\",\"@id\":\"https:\/\/www.camping-bord-de-loire.com\/#website\",\"url\":\"https:\/\/www.camping-bord-de-loire.com\/\",\"name\":\"Flower Camping le Jardin de Sully\",\"description\":\"\",\"publisher\":{\"@id\":\"https:\/\/www.camping-bord-de-loire.com\/#organization\"},\"alternateName\":\"Camping le Jardin de Sully\",\"potentialAction\":[{\"@type\":\"SearchAction\",\"target\":{\"@type\":\"EntryPoint\",\"urlTemplate\":\"https:\/\/www.camping-bord-de-loire.com\/?s={search_term_string}\"},\"query-input\":{\"@type\":\"PropertyValueSpecification\",\"valueRequired\":true,\"valueName\":\"search_term_string\"}}],\"inLanguage\":\"de\"},{\"@type\":\"Organization\",\"@id\":\"https:\/\/www.camping-bord-de-loire.com\/#organization\",\"name\":\"Flower Camping Le Jardin De Sully (Ouvert \u00e0 l\u2019ann\u00e9e)\",\"alternateName\":\"Camping le Jardin de Sully\",\"url\":\"https:\/\/www.camping-bord-de-loire.com\/\",\"logo\":{\"@type\":\"ImageObject\",\"inLanguage\":\"de\",\"@id\":\"https:\/\/www.camping-bord-de-loire.com\/#\/schema\/logo\/image\/\",\"url\":\"https:\/\/www.camping-bord-de-loire.com\/wp-content\/uploads\/2023\/03\/camping-de-sully-logo-blanc.webp\",\"contentUrl\":\"https:\/\/www.camping-bord-de-loire.com\/wp-content\/uploads\/2023\/03\/camping-de-sully-logo-blanc.webp\",\"width\":250,\"height\":193,\"caption\":\"Flower Camping Le Jardin De Sully (Ouvert \u00e0 l\u2019ann\u00e9e)\"},\"image\":{\"@id\":\"https:\/\/www.camping-bord-de-loire.com\/#\/schema\/logo\/image\/\"},\"sameAs\":[\"https:\/\/www.facebook.com\/CampingLeJardinDeSully\"]}]}<\/script>\n<!-- \/ Yoast SEO plugin. -->","yoast_head_json":{"title":"Aktivit\u00e4ten im Loiret | Sportliche Aktivit\u00e4ten im Loiret","description":"Entdecke die Aktivit\u00e4ten im Loiret rund um den Campingplatz Le Jardin de Sully.","robots":{"index":"index","follow":"follow","max-snippet":"max-snippet:-1","max-image-preview":"max-image-preview:large","max-video-preview":"max-video-preview:-1"},"canonical":"https:\/\/www.camping-bord-de-loire.com\/de\/activites-loiret\/","og_locale":"de_DE","og_type":"article","og_title":"Aktivit\u00e4ten im Loiret | Sportliche Aktivit\u00e4ten im Loiret","og_description":"Entdecke die Aktivit\u00e4ten im Loiret rund um den Campingplatz Le Jardin de Sully.","og_url":"https:\/\/www.camping-bord-de-loire.com\/de\/activites-loiret\/","og_site_name":"Le Jardin de Sully","article_publisher":"https:\/\/www.facebook.com\/CampingLeJardinDeSully","article_modified_time":"2025-12-03T15:25:50+00:00","og_image":[{"width":2000,"height":660,"url":"https:\/\/www.camping-bord-de-loire.com\/wp-content\/uploads\/2023\/04\/activites-sportives-loiret.webp","type":"image\/webp"}],"twitter_card":"summary_large_image","twitter_misc":{"Gesch\u00e4tzte Lesezeit":"1\u00a0Minute"},"schema":{"@context":"https:\/\/schema.org","@graph":[{"@type":"WebPage","@id":"https:\/\/www.camping-bord-de-loire.com\/de\/activites-loiret\/","url":"https:\/\/www.camping-bord-de-loire.com\/de\/activites-loiret\/","name":"Aktivit\u00e4ten im Loiret | Sportliche Aktivit\u00e4ten im Loiret","isPartOf":{"@id":"https:\/\/www.camping-bord-de-loire.com\/#website"},"primaryImageOfPage":{"@id":"https:\/\/www.camping-bord-de-loire.com\/de\/activites-loiret\/#primaryimage"},"image":{"@id":"https:\/\/www.camping-bord-de-loire.com\/de\/activites-loiret\/#primaryimage"},"thumbnailUrl":"https:\/\/www.camping-bord-de-loire.com\/wp-content\/uploads\/2023\/04\/activites-sportives-loiret.webp","datePublished":"2023-03-22T09:34:04+00:00","dateModified":"2025-12-03T15:25:50+00:00","description":"Entdecke die Aktivit\u00e4ten im Loiret rund um den Campingplatz Le Jardin de Sully.","breadcrumb":{"@id":"https:\/\/www.camping-bord-de-loire.com\/de\/activites-loiret\/#breadcrumb"},"inLanguage":"de","potentialAction":[{"@type":"ReadAction","target":["https:\/\/www.camping-bord-de-loire.com\/de\/activites-loiret\/"]}]},{"@type":"ImageObject","inLanguage":"de","@id":"https:\/\/www.camping-bord-de-loire.com\/de\/activites-loiret\/#primaryimage","url":"https:\/\/www.camping-bord-de-loire.com\/wp-content\/uploads\/2023\/04\/activites-sportives-loiret.webp","contentUrl":"https:\/\/www.camping-bord-de-loire.com\/wp-content\/uploads\/2023\/04\/activites-sportives-loiret.webp","width":2000,"height":660,"caption":"Sportliche Aktivit\u00e4ten Loiret"},{"@type":"BreadcrumbList","@id":"https:\/\/www.camping-bord-de-loire.com\/de\/activites-loiret\/#breadcrumb","itemListElement":[{"@type":"ListItem","position":1,"name":"Camping en bord de Loire","item":"https:\/\/www.camping-bord-de-loire.com\/de\/"},{"@type":"ListItem","position":2,"name":"Sportliche Aktivit\u00e4ten im Loiret"}]},{"@type":"WebSite","@id":"https:\/\/www.camping-bord-de-loire.com\/#website","url":"https:\/\/www.camping-bord-de-loire.com\/","name":"Flower Camping le Jardin de Sully","description":"","publisher":{"@id":"https:\/\/www.camping-bord-de-loire.com\/#organization"},"alternateName":"Camping le Jardin de Sully","potentialAction":[{"@type":"SearchAction","target":{"@type":"EntryPoint","urlTemplate":"https:\/\/www.camping-bord-de-loire.com\/?s={search_term_string}"},"query-input":{"@type":"PropertyValueSpecification","valueRequired":true,"valueName":"search_term_string"}}],"inLanguage":"de"},{"@type":"Organization","@id":"https:\/\/www.camping-bord-de-loire.com\/#organization","name":"Flower Camping Le Jardin De Sully (Ouvert \u00e0 l\u2019ann\u00e9e)","alternateName":"Camping le Jardin de Sully","url":"https:\/\/www.camping-bord-de-loire.com\/","logo":{"@type":"ImageObject","inLanguage":"de","@id":"https:\/\/www.camping-bord-de-loire.com\/#\/schema\/logo\/image\/","url":"https:\/\/www.camping-bord-de-loire.com\/wp-content\/uploads\/2023\/03\/camping-de-sully-logo-blanc.webp","contentUrl":"https:\/\/www.camping-bord-de-loire.com\/wp-content\/uploads\/2023\/03\/camping-de-sully-logo-blanc.webp","width":250,"height":193,"caption":"Flower Camping Le Jardin De Sully (Ouvert \u00e0 l\u2019ann\u00e9e)"},"image":{"@id":"https:\/\/www.camping-bord-de-loire.com\/#\/schema\/logo\/image\/"},"sameAs":["https:\/\/www.facebook.com\/CampingLeJardinDeSully"]}]}},"_links":{"self":[{"href":"https:\/\/www.camping-bord-de-loire.com\/de\/wp-json\/wp\/v2\/pages\/3972","targetHints":{"allow":["GET"]}}],"collection":[{"href":"https:\/\/www.camping-bord-de-loire.com\/de\/wp-json\/wp\/v2\/pages"}],"about":[{"href":"https:\/\/www.camping-bord-de-loire.com\/de\/wp-json\/wp\/v2\/types\/page"}],"author":[{"embeddable":true,"href":"https:\/\/www.camping-bord-de-loire.com\/de\/wp-json\/wp\/v2\/users\/1"}],"replies":[{"embeddable":true,"href":"https:\/\/www.camping-bord-de-loire.com\/de\/wp-json\/wp\/v2\/comments?post=3972"}],"version-history":[{"count":3,"href":"https:\/\/www.camping-bord-de-loire.com\/de\/wp-json\/wp\/v2\/pages\/3972\/revisions"}],"predecessor-version":[{"id":4016,"href":"https:\/\/www.camping-bord-de-loire.com\/de\/wp-json\/wp\/v2\/pages\/3972\/revisions\/4016"}],"wp:featuredmedia":[{"embeddable":true,"href":"https:\/\/www.camping-bord-de-loire.com\/de\/wp-json\/wp\/v2\/media\/3574"}],"wp:attachment":[{"href":"https:\/\/www.camping-bord-de-loire.com\/de\/wp-json\/wp\/v2\/media?parent=3972"}],"wp:term":[{"taxonomy":"sujet","embeddable":true,"href":"https:\/\/www.camping-bord-de-loire.com\/de\/wp-json\/wp\/v2\/sujet?post=3972"}],"curies":[{"name":"wp","href":"https:\/\/api.w.org\/{rel}","templated":true}]}}