{"id":3954,"date":"2023-03-22T10:33:49","date_gmt":"2023-03-22T09:33:49","guid":{"rendered":"https:\/\/www.camping-bord-de-loire.com\/tourisme-loiret\/"},"modified":"2025-12-03T16:35:25","modified_gmt":"2025-12-03T15:35:25","slug":"tourisme-loiret","status":"publish","type":"page","link":"https:\/\/www.camping-bord-de-loire.com\/de\/tourisme-loiret\/","title":{"rendered":"Die Umgebung"},"content":{"rendered":"<section id=\"ls-section-block_aa785fd2791f20463aec6684ae5fbde4\" class=\"ls-section  home-chapeau has-p-b p-b-0\" >\r\n        <div class=\"container container--wide\">\r\n        \n\n<h1 class=\"ls__heading wp-block-heading has-text-align-center deco-center castel\">Dein touristischer Aufenthalt <br\/>im Loiret<\/h1>\n\n\r\n    <\/div>\r\n<\/section><section id=\"ls-section-block_5300f0c6dbf2784a32fd128fb9563fbb\" class=\"ls-section  page-one has-p-t p-t-10 has-p-b p-b-14\" >\r\n        <div class=\"container container--wide\">\r\n        \n\n<div class=\"wp-block-columns is-layout-flex wp-container-core-columns-is-layout-9d6595d7 wp-block-columns-is-layout-flex\">\n<div class=\"wp-block-column is-layout-flow wp-block-column-is-layout-flow\" style=\"flex-basis:66.66%\">\n<figure class=\"wp-block-image size-full animated fadeIn slow\"><img decoding=\"async\" width=\"864\" height=\"575\" src=\"https:\/\/www.camping-bord-de-loire.com\/wp-content\/uploads\/2023\/04\/tourisme-loiret-1.webp\" alt=\"Tourismus Loiret 1\" class=\"wp-image-1042\" srcset=\"https:\/\/www.camping-bord-de-loire.com\/wp-content\/uploads\/2023\/04\/tourisme-loiret-1.webp 864w, https:\/\/www.camping-bord-de-loire.com\/wp-content\/uploads\/2023\/04\/tourisme-loiret-1-300x200.webp 300w, https:\/\/www.camping-bord-de-loire.com\/wp-content\/uploads\/2023\/04\/tourisme-loiret-1-768x511.webp 768w\" sizes=\"(max-width: 864px) 100vw, 864px\" \/><\/figure>\n<\/div>\n\n\n\n<div class=\"wp-block-column is-vertically-aligned-center is-layout-flow wp-block-column-is-layout-flow\" style=\"flex-basis:33.33%\">\n<h2 class=\"ls__heading wp-block-heading deco\">Die sch\u00f6nsten St\u00e4dte im Loiret, die man besuchen kann<\/h2>\n\n\n\n<p class=\"ls-paragraph\">Wie k\u00f6nnten wir euch eine Liste der sch\u00f6nsten St\u00e4dte zum <a href=\"https:\/\/www.tourismeloiret.com\/fr\" target=\"_blank\" rel=\"noreferrer noopener\">Besuch im Loiret<\/a> geben, ohne unsere <strong>sch\u00f6ne Stadt Sully-sur-Loire<\/strong> zu erw\u00e4hnen? Unter den Ausflugszielen solltet ihr sein <strong>pr\u00e4chtiges Schloss<\/strong> nicht verpassen. <\/p>\n\n\n\n<p class=\"ls-paragraph\">F\u00fcr die Entdeckung einer gro\u00dfen Stadt ist <strong>Orl\u00e9ans ein Juwel f\u00fcr den Tourismus<\/strong>, ebenso wie Montargis oder Briare. Viel Spa\u00df bei eurem Ausflug! <\/p>\n<\/div>\n<\/div>\n\n\r\n    <\/div>\r\n<\/section><section id=\"ls-section-block_4cc4db24daa94da8f21b5aba7c420f21\" class=\"ls-section  page-parallax-bis has-background-image has-parallax has-p-t p-t-14 has-p-b p-b-14\" >\r\n    <div class=\"ls-section__background-image opacity-100\"><img decoding=\"async\" src=\"https:\/\/www.camping-bord-de-loire.com\/wp-content\/uploads\/2023\/04\/Chateau-de-Chanterelles.webp\" alt=\"Schloss Chanterelles\"><\/div>    <div class=\"container \">\r\n        \r\n    <\/div>\r\n<\/section><section id=\"ls-section-block_f058b6804119a8608695d11a7527e769\" class=\"ls-section  page-parallax\" >\r\n        <div class=\"container container--full\">\r\n        \n\n<div class=\"wp-block-columns is-layout-flex wp-container-core-columns-is-layout-9d6595d7 wp-block-columns-is-layout-flex\">\n<div class=\"wp-block-column left is-layout-flow wp-block-column-is-layout-flow\"><\/div>\n\n\n\n<div class=\"wp-block-column right has-color-white-background-color has-background is-layout-flow wp-block-column-is-layout-flow\">\n<h2 class=\"ls__heading wp-block-heading deco\">Museen und kulturelle Einrichtungen zum Entdecken<\/h2>\n\n\n\n<p class=\"ls-paragraph\">Seid ihr Liebhaber von <strong>Museumsbesuchen und kulturellen Ausfl\u00fcgen<\/strong> aller Art? Z\u00f6gert nicht, das <a href=\"https:\/\/www.orleans-metropole.fr\/culture\/musees-expositions\/le-musee-des-beaux-arts\" target=\"_blank\" rel=\"noreferrer noopener\">Mus\u00e9e des Beaux-Arts d\u2019Orl\u00e9ans<\/a>, das <a href=\"http:\/\/www.musee-theatre-forain.fr\/\" target=\"_blank\" rel=\"noreferrer noopener\">Mus\u00e9e du Th\u00e9\u00e2tre Forain in Artenay<\/a> oder das <strong>Mus\u00e9e Girodet in Montargis<\/strong> zu besuchen. <\/p>\n\n\n\n<p class=\"ls-paragraph\">Das Schloss Beaugency und das Schloss Sully-sur-Loire sind ebenfalls sehenswert! Lasst es euch gut gehen in einer Region, in der die Kultur reich ist! <\/p>\n<\/div>\n<\/div>\n\n\r\n    <\/div>\r\n<\/section><section id=\"ls-section-block_e76399651305398563fdc02045aa3ed7\" class=\"ls-section  page-two fond-degrade has-p-b p-b-14\" >\r\n        <div class=\"container container--wide\">\r\n        \n\n<div class=\"wp-block-columns is-layout-flex wp-container-core-columns-is-layout-9d6595d7 wp-block-columns-is-layout-flex\">\n<div class=\"wp-block-column is-vertically-aligned-center is-layout-flow wp-block-column-is-layout-flow\" style=\"flex-basis:33.33%\">\n<h2 class=\"ls__heading wp-block-heading deco\">Die sch\u00f6nsten Schl\u00f6sser im Loiret<\/h2>\n\n\n\n<p class=\"ls-paragraph\">Unter den <strong>sch\u00f6nsten Schl\u00f6ssern<\/strong>, die man im Loiret besuchen kann, befindet sich nat\u00fcrlich das <strong>Schloss Sully-sur-Loire<\/strong>. Es ist nur 15 Gehminuten vom Campingplatz und 3 Autominuten entfernt. <\/p>\n\n\n\n<p class=\"ls-paragraph\">Ihr findet auch das Schloss Beaugency (1 Std.), das von Chamerolles (42 Min.), von Gu\u00e9delon (1 Std.) oder das von Gien (28 Min.). Das Loiret ist ein <strong>Land der Schl\u00f6sser und der Geschichte<\/strong> und Liebhaber <strong>historischer Besichtigungen<\/strong> werden hier eine sehr gute Zeit verbringen. <\/p>\n<\/div>\n\n\n\n<div class=\"wp-block-column is-layout-flow wp-block-column-is-layout-flow\" style=\"flex-basis:66.66%\">\n<figure class=\"wp-block-image size-full animated fadeIn slow\"><img decoding=\"async\" width=\"1000\" height=\"667\" src=\"https:\/\/www.camping-bord-de-loire.com\/wp-content\/uploads\/2023\/04\/visite-chateau-de-gien.webp\" alt=\"Besuch Schloss Gien\" class=\"wp-image-1496\" srcset=\"https:\/\/www.camping-bord-de-loire.com\/wp-content\/uploads\/2023\/04\/visite-chateau-de-gien.webp 1000w, https:\/\/www.camping-bord-de-loire.com\/wp-content\/uploads\/2023\/04\/visite-chateau-de-gien-300x200.webp 300w, https:\/\/www.camping-bord-de-loire.com\/wp-content\/uploads\/2023\/04\/visite-chateau-de-gien-768x512.webp 768w\" sizes=\"(max-width: 1000px) 100vw, 1000px\" \/><figcaption class=\"wp-element-caption\">Schloss Gien<\/figcaption><\/figure>\n<\/div>\n<\/div>\n\n\r\n    <\/div>\r\n<\/section><section id=\"ls-section-block_5300f0c6dbf2784a32fd128fb9563fbb\" class=\"ls-section  page-one has-p-t p-t-10 has-p-b p-b-14\" >\r\n        <div class=\"container container--wide\">\r\n        \n\n<div class=\"wp-block-columns is-layout-flex wp-container-core-columns-is-layout-9d6595d7 wp-block-columns-is-layout-flex\">\n<div class=\"wp-block-column is-layout-flow wp-block-column-is-layout-flow\" style=\"flex-basis:66.66%\">\n<figure class=\"wp-block-image size-full animated fadeIn slow\"><img decoding=\"async\" width=\"864\" height=\"575\" src=\"https:\/\/www.camping-bord-de-loire.com\/wp-content\/uploads\/2023\/04\/visiter-parc-floral-loiret-1.webp\" alt=\"Parc Floral Loiret besuchen\" class=\"wp-image-1030\" srcset=\"https:\/\/www.camping-bord-de-loire.com\/wp-content\/uploads\/2023\/04\/visiter-parc-floral-loiret-1.webp 864w, https:\/\/www.camping-bord-de-loire.com\/wp-content\/uploads\/2023\/04\/visiter-parc-floral-loiret-1-300x200.webp 300w, https:\/\/www.camping-bord-de-loire.com\/wp-content\/uploads\/2023\/04\/visiter-parc-floral-loiret-1-768x511.webp 768w\" sizes=\"(max-width: 864px) 100vw, 864px\" \/><figcaption class=\"wp-element-caption\">Parc Floral de La Source<\/figcaption><\/figure>\n<\/div>\n\n\n\n<div class=\"wp-block-column is-vertically-aligned-center is-layout-flow wp-block-column-is-layout-flow\" style=\"flex-basis:33.33%\">\n<h2 class=\"ls__heading wp-block-heading deco\">Unverzichtbare Sehensw\u00fcrdigkeiten<\/h2>\n\n\n\n<p class=\"ls-paragraph\">Wenn man einen Aufenthalt im Loiret verbringt, gibt es Sehensw\u00fcrdigkeiten, die man besuchen und nicht verpassen sollte! Die <strong>Stadt Orl\u00e9ans<\/strong> und ihre <strong>Kathedrale Sainte-Croix<\/strong> geh\u00f6ren zu dieser Liste der Ausflugsziele, ebenso wie das Schloss Sully-sur-Loire, die Kanalbr\u00fccke von Briare oder der Parc Floral de La Source. <\/p>\n\n\n\n<p class=\"ls-paragraph\">Diese touristischen Perlen im Loiret werden euch w\u00e4hrend eures Urlaubs auf dem <strong>wundervolle Erlebnisse<\/strong> <a href=\"https:\/\/www.camping-bord-de-loire.com\/de\/\">Campingplatz Le Jardin de Sully<\/a> bescheren!<\/p>\n<\/div>\n<\/div>\n\n\r\n    <\/div>\r\n<\/section><section id=\"ls-section-block_f0696c34a2233863ad2355ad913250ec\" class=\"ls-section  page-maillage has-p-t p-t-0 has-p-b p-b-14\" >\r\n        <div class=\"container container--wide\">\r\n        \n\n<div id=\"ls-heading ls-titre-div-block_fdd39bb1ba0b0a9781a29f0a11a6e528\" class=\"ls-titre-div deco aligncenter h2-like\" >\n    Entdeckt die Aktivit\u00e4ten im Loiret und unsere Unterk\u00fcnfte<\/div>\n\n\n<div id=\"ls-maillage-block_66b43cd1495477c0242b5a69eeb24048\" class=\"ls-maillage cta-style-normal\" data-rows=\"3\">\r\n    <div class=\"wp-block-columns\"><div class=\"wp-block-column\">\n\n<a href=\"https:\/\/www.camping-bord-de-loire.com\/de\/cyclisme-loiret\/\" target=\"\" rel=\"noopener\" class=\"ls-cta__link\">\n\n\t<div class=\"ls-cta__image\"><img decoding=\"async\" src=\"https:\/\/www.camping-bord-de-loire.com\/wp-content\/uploads\/2023\/04\/sentiers-cyclistes-loiret.webp\" alt=\"Radwege Loiret\"><\/div>\n\t<div class=\"ls-cta__title\">\n\t\tLoiret mit dem Fahrrad\t<\/div>\n\n\t\t\n<\/a><\/div><div class=\"wp-block-column\">\n\n<a href=\"https:\/\/www.camping-bord-de-loire.com\/de\/location-mobil-home-loiret\/\" target=\"\" rel=\"noopener\" class=\"ls-cta__link\">\n\n\t<div class=\"ls-cta__image\"><img decoding=\"async\" src=\"https:\/\/www.camping-bord-de-loire.com\/wp-content\/uploads\/2023\/04\/camping-pas-cher-loire-2.webp\" alt=\"g\u00fcnstiger Campingplatz Loire 2\"><\/div>\n\t<div class=\"ls-cta__title\">\n\t\tUnsere Unterk\u00fcnfte \t<\/div>\n\n\t\t\n<\/a><\/div><div class=\"wp-block-column\">\n\n<a href=\"https:\/\/www.camping-bord-de-loire.com\/de\/activites-loiret\/\" target=\"\" rel=\"noopener\" class=\"ls-cta__link\">\n\n\t<div class=\"ls-cta__image\"><img decoding=\"async\" src=\"https:\/\/www.camping-bord-de-loire.com\/wp-content\/uploads\/2023\/04\/vacances-sportives-loiret.webp\" alt=\"Sporturlaub Loiret\"><\/div>\n\t<div class=\"ls-cta__title\">\n\t\tAktivit\u00e4ten im Loiret\t<\/div>\n\n\t\t\n<\/a><\/div><\/div><\/div>\n\r\n    <\/div>\r\n<\/section>","protected":false},"excerpt":{"rendered":"","protected":false},"author":1,"featured_media":3593,"parent":0,"menu_order":0,"comment_status":"closed","ping_status":"closed","template":"","meta":{"_acf_changed":false,"footnotes":""},"sujet":[],"class_list":["post-3954","page","type-page","status-publish","has-post-thumbnail","hentry"],"acf":[],"yoast_head":"<!-- This site is optimized with the Yoast SEO plugin v26.5 - https:\/\/yoast.com\/wordpress\/plugins\/seo\/ -->\n<title>Tourismus im Loiret | Loiret besuchen | Loiret entdecken<\/title>\n<meta name=\"description\" content=\"Entdeckt alle Aktivit\u00e4ten an der Loire: Angeln, Wandern, Rad- und Reitausfl\u00fcge, Laufen und Fitnesspfade, Golf.\" \/>\n<meta name=\"robots\" content=\"index, follow, max-snippet:-1, max-image-preview:large, max-video-preview:-1\" \/>\n<link rel=\"canonical\" href=\"https:\/\/www.camping-bord-de-loire.com\/de\/tourisme-loiret\/\" \/>\n<meta property=\"og:locale\" content=\"de_DE\" \/>\n<meta property=\"og:type\" content=\"article\" \/>\n<meta property=\"og:title\" content=\"Tourismus im Loiret | Loiret besuchen | Loiret entdecken\" \/>\n<meta property=\"og:description\" content=\"Entdeckt alle Aktivit\u00e4ten an der Loire: Angeln, Wandern, Rad- und Reitausfl\u00fcge, Laufen und Fitnesspfade, Golf.\" \/>\n<meta property=\"og:url\" content=\"https:\/\/www.camping-bord-de-loire.com\/de\/tourisme-loiret\/\" \/>\n<meta property=\"og:site_name\" content=\"Le Jardin de Sully\" \/>\n<meta property=\"article:publisher\" content=\"https:\/\/www.facebook.com\/CampingLeJardinDeSully\" \/>\n<meta property=\"article:modified_time\" content=\"2025-12-03T15:35:25+00:00\" \/>\n<meta property=\"og:image\" content=\"https:\/\/www.camping-bord-de-loire.com\/wp-content\/uploads\/2023\/04\/visiter-chateau-loire-3-scaled.webp\" \/>\n\t<meta property=\"og:image:width\" content=\"2560\" \/>\n\t<meta property=\"og:image:height\" content=\"937\" \/>\n\t<meta property=\"og:image:type\" content=\"image\/webp\" \/>\n<meta name=\"twitter:card\" content=\"summary_large_image\" \/>\n<meta name=\"twitter:label1\" content=\"Gesch\u00e4tzte Lesezeit\" \/>\n\t<meta name=\"twitter:data1\" content=\"2\u00a0Minuten\" \/>\n<script type=\"application\/ld+json\" class=\"yoast-schema-graph\">{\"@context\":\"https:\/\/schema.org\",\"@graph\":[{\"@type\":\"WebPage\",\"@id\":\"https:\/\/www.camping-bord-de-loire.com\/de\/tourisme-loiret\/\",\"url\":\"https:\/\/www.camping-bord-de-loire.com\/de\/tourisme-loiret\/\",\"name\":\"Tourismus im Loiret | Loiret besuchen | Loiret entdecken\",\"isPartOf\":{\"@id\":\"https:\/\/www.camping-bord-de-loire.com\/#website\"},\"primaryImageOfPage\":{\"@id\":\"https:\/\/www.camping-bord-de-loire.com\/de\/tourisme-loiret\/#primaryimage\"},\"image\":{\"@id\":\"https:\/\/www.camping-bord-de-loire.com\/de\/tourisme-loiret\/#primaryimage\"},\"thumbnailUrl\":\"https:\/\/www.camping-bord-de-loire.com\/wp-content\/uploads\/2023\/04\/visiter-chateau-loire-3-scaled.webp\",\"datePublished\":\"2023-03-22T09:33:49+00:00\",\"dateModified\":\"2025-12-03T15:35:25+00:00\",\"description\":\"Entdeckt alle Aktivit\u00e4ten an der Loire: Angeln, Wandern, Rad- und Reitausfl\u00fcge, Laufen und Fitnesspfade, Golf.\",\"breadcrumb\":{\"@id\":\"https:\/\/www.camping-bord-de-loire.com\/de\/tourisme-loiret\/#breadcrumb\"},\"inLanguage\":\"de\",\"potentialAction\":[{\"@type\":\"ReadAction\",\"target\":[\"https:\/\/www.camping-bord-de-loire.com\/de\/tourisme-loiret\/\"]}]},{\"@type\":\"ImageObject\",\"inLanguage\":\"de\",\"@id\":\"https:\/\/www.camping-bord-de-loire.com\/de\/tourisme-loiret\/#primaryimage\",\"url\":\"https:\/\/www.camping-bord-de-loire.com\/wp-content\/uploads\/2023\/04\/visiter-chateau-loire-3-scaled.webp\",\"contentUrl\":\"https:\/\/www.camping-bord-de-loire.com\/wp-content\/uploads\/2023\/04\/visiter-chateau-loire-3-scaled.webp\",\"width\":2560,\"height\":937,\"caption\":\"Schloss Sully besuchen\"},{\"@type\":\"BreadcrumbList\",\"@id\":\"https:\/\/www.camping-bord-de-loire.com\/de\/tourisme-loiret\/#breadcrumb\",\"itemListElement\":[{\"@type\":\"ListItem\",\"position\":1,\"name\":\"Camping en bord de Loire\",\"item\":\"https:\/\/www.camping-bord-de-loire.com\/de\/\"},{\"@type\":\"ListItem\",\"position\":2,\"name\":\"Loiret besuchen\"}]},{\"@type\":\"WebSite\",\"@id\":\"https:\/\/www.camping-bord-de-loire.com\/#website\",\"url\":\"https:\/\/www.camping-bord-de-loire.com\/\",\"name\":\"Flower Camping le Jardin de Sully\",\"description\":\"\",\"publisher\":{\"@id\":\"https:\/\/www.camping-bord-de-loire.com\/#organization\"},\"alternateName\":\"Camping le Jardin de Sully\",\"potentialAction\":[{\"@type\":\"SearchAction\",\"target\":{\"@type\":\"EntryPoint\",\"urlTemplate\":\"https:\/\/www.camping-bord-de-loire.com\/?s={search_term_string}\"},\"query-input\":{\"@type\":\"PropertyValueSpecification\",\"valueRequired\":true,\"valueName\":\"search_term_string\"}}],\"inLanguage\":\"de\"},{\"@type\":\"Organization\",\"@id\":\"https:\/\/www.camping-bord-de-loire.com\/#organization\",\"name\":\"Flower Camping Le Jardin De Sully (Ouvert \u00e0 l\u2019ann\u00e9e)\",\"alternateName\":\"Camping le Jardin de Sully\",\"url\":\"https:\/\/www.camping-bord-de-loire.com\/\",\"logo\":{\"@type\":\"ImageObject\",\"inLanguage\":\"de\",\"@id\":\"https:\/\/www.camping-bord-de-loire.com\/#\/schema\/logo\/image\/\",\"url\":\"https:\/\/www.camping-bord-de-loire.com\/wp-content\/uploads\/2023\/03\/camping-de-sully-logo-blanc.webp\",\"contentUrl\":\"https:\/\/www.camping-bord-de-loire.com\/wp-content\/uploads\/2023\/03\/camping-de-sully-logo-blanc.webp\",\"width\":250,\"height\":193,\"caption\":\"Flower Camping Le Jardin De Sully (Ouvert \u00e0 l\u2019ann\u00e9e)\"},\"image\":{\"@id\":\"https:\/\/www.camping-bord-de-loire.com\/#\/schema\/logo\/image\/\"},\"sameAs\":[\"https:\/\/www.facebook.com\/CampingLeJardinDeSully\"]}]}<\/script>\n<!-- \/ Yoast SEO plugin. -->","yoast_head_json":{"title":"Tourismus im Loiret | Loiret besuchen | Loiret entdecken","description":"Entdeckt alle Aktivit\u00e4ten an der Loire: Angeln, Wandern, Rad- und Reitausfl\u00fcge, Laufen und Fitnesspfade, Golf.","robots":{"index":"index","follow":"follow","max-snippet":"max-snippet:-1","max-image-preview":"max-image-preview:large","max-video-preview":"max-video-preview:-1"},"canonical":"https:\/\/www.camping-bord-de-loire.com\/de\/tourisme-loiret\/","og_locale":"de_DE","og_type":"article","og_title":"Tourismus im Loiret | Loiret besuchen | Loiret entdecken","og_description":"Entdeckt alle Aktivit\u00e4ten an der Loire: Angeln, Wandern, Rad- und Reitausfl\u00fcge, Laufen und Fitnesspfade, Golf.","og_url":"https:\/\/www.camping-bord-de-loire.com\/de\/tourisme-loiret\/","og_site_name":"Le Jardin de Sully","article_publisher":"https:\/\/www.facebook.com\/CampingLeJardinDeSully","article_modified_time":"2025-12-03T15:35:25+00:00","og_image":[{"width":2560,"height":937,"url":"https:\/\/www.camping-bord-de-loire.com\/wp-content\/uploads\/2023\/04\/visiter-chateau-loire-3-scaled.webp","type":"image\/webp"}],"twitter_card":"summary_large_image","twitter_misc":{"Gesch\u00e4tzte Lesezeit":"2\u00a0Minuten"},"schema":{"@context":"https:\/\/schema.org","@graph":[{"@type":"WebPage","@id":"https:\/\/www.camping-bord-de-loire.com\/de\/tourisme-loiret\/","url":"https:\/\/www.camping-bord-de-loire.com\/de\/tourisme-loiret\/","name":"Tourismus im Loiret | Loiret besuchen | Loiret entdecken","isPartOf":{"@id":"https:\/\/www.camping-bord-de-loire.com\/#website"},"primaryImageOfPage":{"@id":"https:\/\/www.camping-bord-de-loire.com\/de\/tourisme-loiret\/#primaryimage"},"image":{"@id":"https:\/\/www.camping-bord-de-loire.com\/de\/tourisme-loiret\/#primaryimage"},"thumbnailUrl":"https:\/\/www.camping-bord-de-loire.com\/wp-content\/uploads\/2023\/04\/visiter-chateau-loire-3-scaled.webp","datePublished":"2023-03-22T09:33:49+00:00","dateModified":"2025-12-03T15:35:25+00:00","description":"Entdeckt alle Aktivit\u00e4ten an der Loire: Angeln, Wandern, Rad- und Reitausfl\u00fcge, Laufen und Fitnesspfade, Golf.","breadcrumb":{"@id":"https:\/\/www.camping-bord-de-loire.com\/de\/tourisme-loiret\/#breadcrumb"},"inLanguage":"de","potentialAction":[{"@type":"ReadAction","target":["https:\/\/www.camping-bord-de-loire.com\/de\/tourisme-loiret\/"]}]},{"@type":"ImageObject","inLanguage":"de","@id":"https:\/\/www.camping-bord-de-loire.com\/de\/tourisme-loiret\/#primaryimage","url":"https:\/\/www.camping-bord-de-loire.com\/wp-content\/uploads\/2023\/04\/visiter-chateau-loire-3-scaled.webp","contentUrl":"https:\/\/www.camping-bord-de-loire.com\/wp-content\/uploads\/2023\/04\/visiter-chateau-loire-3-scaled.webp","width":2560,"height":937,"caption":"Schloss Sully besuchen"},{"@type":"BreadcrumbList","@id":"https:\/\/www.camping-bord-de-loire.com\/de\/tourisme-loiret\/#breadcrumb","itemListElement":[{"@type":"ListItem","position":1,"name":"Camping en bord de Loire","item":"https:\/\/www.camping-bord-de-loire.com\/de\/"},{"@type":"ListItem","position":2,"name":"Loiret besuchen"}]},{"@type":"WebSite","@id":"https:\/\/www.camping-bord-de-loire.com\/#website","url":"https:\/\/www.camping-bord-de-loire.com\/","name":"Flower Camping le Jardin de Sully","description":"","publisher":{"@id":"https:\/\/www.camping-bord-de-loire.com\/#organization"},"alternateName":"Camping le Jardin de Sully","potentialAction":[{"@type":"SearchAction","target":{"@type":"EntryPoint","urlTemplate":"https:\/\/www.camping-bord-de-loire.com\/?s={search_term_string}"},"query-input":{"@type":"PropertyValueSpecification","valueRequired":true,"valueName":"search_term_string"}}],"inLanguage":"de"},{"@type":"Organization","@id":"https:\/\/www.camping-bord-de-loire.com\/#organization","name":"Flower Camping Le Jardin De Sully (Ouvert \u00e0 l\u2019ann\u00e9e)","alternateName":"Camping le Jardin de Sully","url":"https:\/\/www.camping-bord-de-loire.com\/","logo":{"@type":"ImageObject","inLanguage":"de","@id":"https:\/\/www.camping-bord-de-loire.com\/#\/schema\/logo\/image\/","url":"https:\/\/www.camping-bord-de-loire.com\/wp-content\/uploads\/2023\/03\/camping-de-sully-logo-blanc.webp","contentUrl":"https:\/\/www.camping-bord-de-loire.com\/wp-content\/uploads\/2023\/03\/camping-de-sully-logo-blanc.webp","width":250,"height":193,"caption":"Flower Camping Le Jardin De Sully (Ouvert \u00e0 l\u2019ann\u00e9e)"},"image":{"@id":"https:\/\/www.camping-bord-de-loire.com\/#\/schema\/logo\/image\/"},"sameAs":["https:\/\/www.facebook.com\/CampingLeJardinDeSully"]}]}},"_links":{"self":[{"href":"https:\/\/www.camping-bord-de-loire.com\/de\/wp-json\/wp\/v2\/pages\/3954","targetHints":{"allow":["GET"]}}],"collection":[{"href":"https:\/\/www.camping-bord-de-loire.com\/de\/wp-json\/wp\/v2\/pages"}],"about":[{"href":"https:\/\/www.camping-bord-de-loire.com\/de\/wp-json\/wp\/v2\/types\/page"}],"author":[{"embeddable":true,"href":"https:\/\/www.camping-bord-de-loire.com\/de\/wp-json\/wp\/v2\/users\/1"}],"replies":[{"embeddable":true,"href":"https:\/\/www.camping-bord-de-loire.com\/de\/wp-json\/wp\/v2\/comments?post=3954"}],"version-history":[{"count":2,"href":"https:\/\/www.camping-bord-de-loire.com\/de\/wp-json\/wp\/v2\/pages\/3954\/revisions"}],"predecessor-version":[{"id":4113,"href":"https:\/\/www.camping-bord-de-loire.com\/de\/wp-json\/wp\/v2\/pages\/3954\/revisions\/4113"}],"wp:featuredmedia":[{"embeddable":true,"href":"https:\/\/www.camping-bord-de-loire.com\/de\/wp-json\/wp\/v2\/media\/3593"}],"wp:attachment":[{"href":"https:\/\/www.camping-bord-de-loire.com\/de\/wp-json\/wp\/v2\/media?parent=3954"}],"wp:term":[{"taxonomy":"sujet","embeddable":true,"href":"https:\/\/www.camping-bord-de-loire.com\/de\/wp-json\/wp\/v2\/sujet?post=3954"}],"curies":[{"name":"wp","href":"https:\/\/api.w.org\/{rel}","templated":true}]}}