{"id":3938,"date":"2023-03-22T10:32:49","date_gmt":"2023-03-22T09:32:49","guid":{"rendered":"https:\/\/www.camping-bord-de-loire.com\/camping-bord-riviere-loiret\/"},"modified":"2025-12-03T16:34:20","modified_gmt":"2025-12-03T15:34:20","slug":"camping-bord-riviere-loiret","status":"publish","type":"page","link":"https:\/\/www.camping-bord-de-loire.com\/de\/camping-bord-riviere-loiret\/","title":{"rendered":"Flussufer"},"content":{"rendered":"<section id=\"ls-section-block_42527eba82cd3ae1f85af01d8597de14\" class=\"ls-section  home-chapeau has-p-b p-b-0\" >\r\n        <div class=\"container container--wide\">\r\n        \n\n<h1 class=\"ls__heading wp-block-heading has-text-align-center deco-center castel\">Campingurlaub am<br\/>Flussufer im Loiret<\/h1>\n\n\r\n    <\/div>\r\n<\/section><section id=\"ls-section-block_fa7bdbc3f53abe7c33386c9bfd8a1118\" class=\"ls-section  page-one has-p-t p-t-10 has-p-b p-b-14\" >\r\n        <div class=\"container container--wide\">\r\n        \n\n<div class=\"wp-block-columns is-layout-flex wp-container-core-columns-is-layout-9d6595d7 wp-block-columns-is-layout-flex\">\n<div class=\"wp-block-column is-layout-flow wp-block-column-is-layout-flow\" style=\"flex-basis:66.66%\">\n<figure class=\"wp-block-image size-full animated fadeIn slow\"><img decoding=\"async\" width=\"864\" height=\"575\" src=\"https:\/\/www.camping-bord-de-loire.com\/wp-content\/uploads\/2023\/04\/hebergement-bord-loire.webp\" alt=\"Unterkunft an der Loire\" class=\"wp-image-801\" srcset=\"https:\/\/www.camping-bord-de-loire.com\/wp-content\/uploads\/2023\/04\/hebergement-bord-loire.webp 864w, https:\/\/www.camping-bord-de-loire.com\/wp-content\/uploads\/2023\/04\/hebergement-bord-loire-300x200.webp 300w, https:\/\/www.camping-bord-de-loire.com\/wp-content\/uploads\/2023\/04\/hebergement-bord-loire-768x511.webp 768w\" sizes=\"(max-width: 864px) 100vw, 864px\" \/><\/figure>\n<\/div>\n\n\n\n<div class=\"wp-block-column is-vertically-aligned-center is-layout-flow wp-block-column-is-layout-flow\" style=\"flex-basis:33.33%\">\n<h2 class=\"ls__heading wp-block-heading deco\">Ihre Unterkunft am Ufer der Loire<\/h2>\n\n\n\n<p class=\"ls-paragraph\">Unser <a href=\"https:\/\/www.camping-bord-de-loire.com\/de\/\">Campingplatz im Loiret<\/a> bietet Ihnen <strong>direkten Zugang zum Fluss<\/strong> f\u00fcr einen naturnahen Urlaub. Genie\u00dfen Sie die Landschaft und entspannen Sie sich beim <strong>sanften Rauschen der Loire<\/strong>. Nichts ist besser, um <strong>neue Kraft zu sch\u00f6pfen und sich zu entspannen<\/strong>, allein oder mit anderen!  <\/p>\n\n\n\n<p class=\"ls-paragraph\">Beachten Sie, dass Sie dort <strong>angeln oder Kanu\/Kajak fahren<\/strong> k\u00f6nnen, aber das Baden ist verboten. Einige <g id=\"gid_1\">Stellpl\u00e4tze, die sich direkt am Fluss befinden<\/g>, sind auf Anfrage bei Ihrer Buchung verf\u00fcgbar. Unseren Campingplatz <strong>am Ufer der Loire<\/strong> zu w\u00e4hlen, bedeutet, ein authentisches Naturerlebnis im Herzen des Loiret zu erleben.  <\/p>\n<\/div>\n<\/div>\n\n\r\n    <\/div>\r\n<\/section><section id=\"ls-section-block_734dfc7c6e7618a44fb470dc90ea3fa1\" class=\"ls-section  page-parallax-bis has-background-image has-parallax has-p-t p-t-14 has-p-b p-b-14\" >\r\n    <div class=\"ls-section__background-image opacity-100\"><img decoding=\"async\" src=\"https:\/\/www.camping-bord-de-loire.com\/wp-content\/uploads\/2023\/04\/camping-canoe-bord-loire-2-1.webp\" alt=\"Kanu im Loiret\"><\/div>    <div class=\"container \">\r\n        \r\n    <\/div>\r\n<\/section><section id=\"ls-section-block_8539a0a6051c708f20de9b9755c728f5\" class=\"ls-section  page-parallax\" >\r\n        <div class=\"container container--full\">\r\n        \n\n<div class=\"wp-block-columns is-layout-flex wp-container-core-columns-is-layout-9d6595d7 wp-block-columns-is-layout-flex\">\n<div class=\"wp-block-column left is-layout-flow wp-block-column-is-layout-flow\"><\/div>\n\n\n\n<div class=\"wp-block-column right has-color-white-background-color has-background is-layout-flow wp-block-column-is-layout-flow\">\n<h2 class=\"ls__heading wp-block-heading deco\">Wassersportaktivit\u00e4ten auf der Loire an hei\u00dfen Sommertagen<\/h2>\n\n\n\n<p class=\"ls-paragraph\">Ein Aufenthalt auf einem <strong>Campingplatz am Ufer der Loire<\/strong> bietet viele Vorteile. Unser 3-Sterne-Campingplatz erm\u00f6glicht es Ihnen, verschiedene Wassersportaktivit\u00e4ten auf der Loire zu genie\u00dfen, insbesondere Kanu- und Kajakfahren, mit der M\u00f6glichkeit, Ausr\u00fcstung weniger als 100 Meter vom Campingplatz entfernt zu mieten. Ob Anf\u00e4nger oder Fortgeschrittener, entdecken Sie diesen Sport und genie\u00dfen Sie dabei die unber\u00fchrte Natur des Loiret, reich an Fauna und Flora.  <\/p>\n\n\n\n<p class=\"ls-paragraph addReadMore showlesscontent\">Unser <a href=\"https:\/\/www.camping-bord-de-loire.com\/de\/camping-piscine-chauffee-loiret\/\">Campingplatz mit beheiztem Pool<\/a> ist ideal <strong>am Flussufer<\/strong> gelegen und passt sich all Ihren W\u00fcnschen an. Gro\u00df und Klein k\u00f6nnen in den Ferien <strong>Wassersport<\/strong> betreiben, eine ideale M\u00f6glichkeit, unsere sch\u00f6ne Natur in vollen Z\u00fcgen zu genie\u00dfen! <\/p>\n<\/div>\n<\/div>\n\n\r\n    <\/div>\r\n<\/section><section id=\"ls-section-block_6f479df284c4edc75661a8e919974594\" class=\"ls-section  page-two fond-degrade has-p-b p-b-14\" >\r\n        <div class=\"container container--wide\">\r\n        \n\n<div class=\"wp-block-columns is-layout-flex wp-container-core-columns-is-layout-9d6595d7 wp-block-columns-is-layout-flex\">\n<div class=\"wp-block-column is-vertically-aligned-center is-layout-flow wp-block-column-is-layout-flow\" style=\"flex-basis:33.33%\">\n<h2 class=\"ls__heading wp-block-heading deco\">Angeln in der Loire<\/h2>\n\n\n\n<p class=\"ls-paragraph\">Um <strong>direkt am Campingplatz zu angeln<\/strong>, bieten wir Ihnen <strong>Angelkarten<\/strong> an, damit Sie alle zug\u00e4nglichen Angelpl\u00e4tze rund um Le Jardin de Sully f\u00fcr einen Tag, eine Woche oder ein Jahr finden k\u00f6nnen.<\/p>\n\n\n\n<p class=\"ls-paragraph\">Die <strong>ideale Lage unseres Campingplatzes am Ufer der Loire<\/strong> erm\u00f6glicht es Ihnen, in der N\u00e4he zu angeln. Mit direktem Zugang zu den Ufern genie\u00dfen Sie einen Angelplatz, ohne lange Wege vom Campingplatz zur\u00fccklegen zu m\u00fcssen. Nichts ist besser als eine gute <strong>Angeltour<\/strong>, um sich allein oder mit anderen w\u00e4hrend der Sommerferien zu entspannen!  <\/p>\n<\/div>\n\n\n\n<div class=\"wp-block-column is-layout-flow wp-block-column-is-layout-flow\" style=\"flex-basis:66.66%\">\n<figure class=\"wp-block-image size-full animated fadeIn slow\"><img decoding=\"async\" width=\"864\" height=\"575\" src=\"https:\/\/www.camping-bord-de-loire.com\/wp-content\/uploads\/2023\/04\/camping-bord-riviere-loire.webp\" alt=\"Campingplatz am Flussufer der Loire\" class=\"wp-image-1004\" srcset=\"https:\/\/www.camping-bord-de-loire.com\/wp-content\/uploads\/2023\/04\/camping-bord-riviere-loire.webp 864w, https:\/\/www.camping-bord-de-loire.com\/wp-content\/uploads\/2023\/04\/camping-bord-riviere-loire-300x200.webp 300w, https:\/\/www.camping-bord-de-loire.com\/wp-content\/uploads\/2023\/04\/camping-bord-riviere-loire-768x511.webp 768w\" sizes=\"(max-width: 864px) 100vw, 864px\" \/><\/figure>\n<\/div>\n<\/div>\n\n\r\n    <\/div>\r\n<\/section><section id=\"ls-section-block_549dedf184ae8e5eae451ce6ea929885\" class=\"ls-section  page-maillage has-p-t p-t-14 has-p-b p-b-14\" >\r\n        <div class=\"container container--wide\">\r\n        \n\n<div id=\"ls-heading ls-titre-div-block_317004a16b2fd1f75d9d7674cab18779\" class=\"ls-titre-div deco aligncenter h2-like\" >\n    Entdecke die Dienstleistungen, Mietunterk\u00fcnfte und Stellpl\u00e4tze unseres Campingplatzes<\/div>\n\n\n<div id=\"ls-maillage-block_ab550d178981ed4ef9de4c32d1ea1762\" class=\"ls-maillage cta-style-normal\" data-rows=\"3\">\r\n    <div class=\"wp-block-columns\"><div class=\"wp-block-column\">\n\n<a href=\"https:\/\/www.camping-bord-de-loire.com\/de\/location-emplacement-loiret\/\" target=\"\" rel=\"noopener\" class=\"ls-cta__link\">\n\n\t<div class=\"ls-cta__image\"><img decoding=\"async\" src=\"https:\/\/www.camping-bord-de-loire.com\/wp-content\/uploads\/2023\/04\/emplacement-caravaning-loiret.webp\" alt=\"Wohnwagenstellplatz Loiret\"><\/div>\n\t<div class=\"ls-cta__title\">\n\t\tUnsere Stellpl\u00e4tze\t<\/div>\n\n\t\t\n<\/a><\/div><div class=\"wp-block-column\">\n\n<a href=\"https:\/\/www.camping-bord-de-loire.com\/de\/camping-avec-snack-loiret\/\" target=\"\" rel=\"noopener\" class=\"ls-cta__link\">\n\n\t<div class=\"ls-cta__image\"><img decoding=\"async\" src=\"https:\/\/www.camping-bord-de-loire.com\/wp-content\/uploads\/2023\/04\/camping-jeux-societe-loire.webp\" alt=\"Camping Gesellschaftsspiele Loire\"><\/div>\n\t<div class=\"ls-cta__title\">\n\t\tUnsere Services \t<\/div>\n\n\t\t\n<\/a><\/div><div class=\"wp-block-column\">\n\n<a href=\"https:\/\/www.camping-bord-de-loire.com\/de\/location-mobil-home-loiret\/\" target=\"\" rel=\"noopener\" class=\"ls-cta__link\">\n\n\t<div class=\"ls-cta__image\"><img decoding=\"async\" src=\"https:\/\/www.camping-bord-de-loire.com\/wp-content\/uploads\/2023\/04\/camping-pas-cher-loire-2.webp\" alt=\"g\u00fcnstiger Campingplatz Loire 2\"><\/div>\n\t<div class=\"ls-cta__title\">\n\t\tUnsere Unterk\u00fcnfte \t<\/div>\n\n\t\t\n<\/a><\/div><\/div><\/div>\n\r\n    <\/div>\r\n<\/section>","protected":false},"excerpt":{"rendered":"","protected":false},"author":1,"featured_media":3641,"parent":0,"menu_order":0,"comment_status":"closed","ping_status":"closed","template":"","meta":{"_acf_changed":false,"footnotes":""},"sujet":[],"class_list":["post-3938","page","type-page","status-publish","has-post-thumbnail","hentry"],"acf":[],"yoast_head":"<!-- This site is optimized with the Yoast SEO plugin v26.5 - https:\/\/yoast.com\/wordpress\/plugins\/seo\/ -->\n<title>Flussufer - Le Jardin de Sully<\/title>\n<meta name=\"description\" content=\"\u00dcbernachten Sie auf dem Campingplatz Le Jardin de Sully am Ufer der Loire und genie\u00dfen Sie das Angeln im Loiret, nur wenige Schritte von Ihrer Unterkunft entfernt.\" \/>\n<meta name=\"robots\" content=\"index, follow, max-snippet:-1, max-image-preview:large, max-video-preview:-1\" \/>\n<link rel=\"canonical\" href=\"https:\/\/www.camping-bord-de-loire.com\/de\/camping-bord-riviere-loiret\/\" \/>\n<meta property=\"og:locale\" content=\"de_DE\" \/>\n<meta property=\"og:type\" content=\"article\" \/>\n<meta property=\"og:title\" content=\"Flussufer - Le Jardin de Sully\" \/>\n<meta property=\"og:description\" content=\"\u00dcbernachten Sie auf dem Campingplatz Le Jardin de Sully am Ufer der Loire und genie\u00dfen Sie das Angeln im Loiret, nur wenige Schritte von Ihrer Unterkunft entfernt.\" \/>\n<meta property=\"og:url\" content=\"https:\/\/www.camping-bord-de-loire.com\/de\/camping-bord-riviere-loiret\/\" \/>\n<meta property=\"og:site_name\" content=\"Le Jardin de Sully\" \/>\n<meta property=\"article:publisher\" content=\"https:\/\/www.facebook.com\/CampingLeJardinDeSully\" \/>\n<meta property=\"article:modified_time\" content=\"2025-12-03T15:34:20+00:00\" \/>\n<meta property=\"og:image\" content=\"https:\/\/www.camping-bord-de-loire.com\/wp-content\/uploads\/2023\/04\/canoe-bord-loire-2.webp\" \/>\n\t<meta property=\"og:image:width\" content=\"1903\" \/>\n\t<meta property=\"og:image:height\" content=\"628\" \/>\n\t<meta property=\"og:image:type\" content=\"image\/webp\" \/>\n<meta name=\"twitter:card\" content=\"summary_large_image\" \/>\n<meta name=\"twitter:label1\" content=\"Gesch\u00e4tzte Lesezeit\" \/>\n\t<meta name=\"twitter:data1\" content=\"2\u00a0Minuten\" \/>\n<script type=\"application\/ld+json\" class=\"yoast-schema-graph\">{\"@context\":\"https:\/\/schema.org\",\"@graph\":[{\"@type\":\"WebPage\",\"@id\":\"https:\/\/www.camping-bord-de-loire.com\/de\/camping-bord-riviere-loiret\/\",\"url\":\"https:\/\/www.camping-bord-de-loire.com\/de\/camping-bord-riviere-loiret\/\",\"name\":\"Flussufer - Le Jardin de Sully\",\"isPartOf\":{\"@id\":\"https:\/\/www.camping-bord-de-loire.com\/#website\"},\"primaryImageOfPage\":{\"@id\":\"https:\/\/www.camping-bord-de-loire.com\/de\/camping-bord-riviere-loiret\/#primaryimage\"},\"image\":{\"@id\":\"https:\/\/www.camping-bord-de-loire.com\/de\/camping-bord-riviere-loiret\/#primaryimage\"},\"thumbnailUrl\":\"https:\/\/www.camping-bord-de-loire.com\/wp-content\/uploads\/2023\/04\/canoe-bord-loire-2.webp\",\"datePublished\":\"2023-03-22T09:32:49+00:00\",\"dateModified\":\"2025-12-03T15:34:20+00:00\",\"description\":\"\u00dcbernachten Sie auf dem Campingplatz Le Jardin de Sully am Ufer der Loire und genie\u00dfen Sie das Angeln im Loiret, nur wenige Schritte von Ihrer Unterkunft entfernt.\",\"breadcrumb\":{\"@id\":\"https:\/\/www.camping-bord-de-loire.com\/de\/camping-bord-riviere-loiret\/#breadcrumb\"},\"inLanguage\":\"de\",\"potentialAction\":[{\"@type\":\"ReadAction\",\"target\":[\"https:\/\/www.camping-bord-de-loire.com\/de\/camping-bord-riviere-loiret\/\"]}]},{\"@type\":\"ImageObject\",\"inLanguage\":\"de\",\"@id\":\"https:\/\/www.camping-bord-de-loire.com\/de\/camping-bord-riviere-loiret\/#primaryimage\",\"url\":\"https:\/\/www.camping-bord-de-loire.com\/wp-content\/uploads\/2023\/04\/canoe-bord-loire-2.webp\",\"contentUrl\":\"https:\/\/www.camping-bord-de-loire.com\/wp-content\/uploads\/2023\/04\/canoe-bord-loire-2.webp\",\"width\":1903,\"height\":628,\"caption\":\"Kanu am Ufer der Loire 2\"},{\"@type\":\"BreadcrumbList\",\"@id\":\"https:\/\/www.camping-bord-de-loire.com\/de\/camping-bord-riviere-loiret\/#breadcrumb\",\"itemListElement\":[{\"@type\":\"ListItem\",\"position\":1,\"name\":\"Camping en bord de Loire\",\"item\":\"https:\/\/www.camping-bord-de-loire.com\/de\/\"},{\"@type\":\"ListItem\",\"position\":2,\"name\":\"Flussufer\"}]},{\"@type\":\"WebSite\",\"@id\":\"https:\/\/www.camping-bord-de-loire.com\/#website\",\"url\":\"https:\/\/www.camping-bord-de-loire.com\/\",\"name\":\"Flower Camping le Jardin de Sully\",\"description\":\"\",\"publisher\":{\"@id\":\"https:\/\/www.camping-bord-de-loire.com\/#organization\"},\"alternateName\":\"Camping le Jardin de Sully\",\"potentialAction\":[{\"@type\":\"SearchAction\",\"target\":{\"@type\":\"EntryPoint\",\"urlTemplate\":\"https:\/\/www.camping-bord-de-loire.com\/?s={search_term_string}\"},\"query-input\":{\"@type\":\"PropertyValueSpecification\",\"valueRequired\":true,\"valueName\":\"search_term_string\"}}],\"inLanguage\":\"de\"},{\"@type\":\"Organization\",\"@id\":\"https:\/\/www.camping-bord-de-loire.com\/#organization\",\"name\":\"Flower Camping Le Jardin De Sully (Ouvert \u00e0 l\u2019ann\u00e9e)\",\"alternateName\":\"Camping le Jardin de Sully\",\"url\":\"https:\/\/www.camping-bord-de-loire.com\/\",\"logo\":{\"@type\":\"ImageObject\",\"inLanguage\":\"de\",\"@id\":\"https:\/\/www.camping-bord-de-loire.com\/#\/schema\/logo\/image\/\",\"url\":\"https:\/\/www.camping-bord-de-loire.com\/wp-content\/uploads\/2023\/03\/camping-de-sully-logo-blanc.webp\",\"contentUrl\":\"https:\/\/www.camping-bord-de-loire.com\/wp-content\/uploads\/2023\/03\/camping-de-sully-logo-blanc.webp\",\"width\":250,\"height\":193,\"caption\":\"Flower Camping Le Jardin De Sully (Ouvert \u00e0 l\u2019ann\u00e9e)\"},\"image\":{\"@id\":\"https:\/\/www.camping-bord-de-loire.com\/#\/schema\/logo\/image\/\"},\"sameAs\":[\"https:\/\/www.facebook.com\/CampingLeJardinDeSully\"]}]}<\/script>\n<!-- \/ Yoast SEO plugin. -->","yoast_head_json":{"title":"Flussufer - Le Jardin de Sully","description":"\u00dcbernachten Sie auf dem Campingplatz Le Jardin de Sully am Ufer der Loire und genie\u00dfen Sie das Angeln im Loiret, nur wenige Schritte von Ihrer Unterkunft entfernt.","robots":{"index":"index","follow":"follow","max-snippet":"max-snippet:-1","max-image-preview":"max-image-preview:large","max-video-preview":"max-video-preview:-1"},"canonical":"https:\/\/www.camping-bord-de-loire.com\/de\/camping-bord-riviere-loiret\/","og_locale":"de_DE","og_type":"article","og_title":"Flussufer - Le Jardin de Sully","og_description":"\u00dcbernachten Sie auf dem Campingplatz Le Jardin de Sully am Ufer der Loire und genie\u00dfen Sie das Angeln im Loiret, nur wenige Schritte von Ihrer Unterkunft entfernt.","og_url":"https:\/\/www.camping-bord-de-loire.com\/de\/camping-bord-riviere-loiret\/","og_site_name":"Le Jardin de Sully","article_publisher":"https:\/\/www.facebook.com\/CampingLeJardinDeSully","article_modified_time":"2025-12-03T15:34:20+00:00","og_image":[{"width":1903,"height":628,"url":"https:\/\/www.camping-bord-de-loire.com\/wp-content\/uploads\/2023\/04\/canoe-bord-loire-2.webp","type":"image\/webp"}],"twitter_card":"summary_large_image","twitter_misc":{"Gesch\u00e4tzte Lesezeit":"2\u00a0Minuten"},"schema":{"@context":"https:\/\/schema.org","@graph":[{"@type":"WebPage","@id":"https:\/\/www.camping-bord-de-loire.com\/de\/camping-bord-riviere-loiret\/","url":"https:\/\/www.camping-bord-de-loire.com\/de\/camping-bord-riviere-loiret\/","name":"Flussufer - Le Jardin de Sully","isPartOf":{"@id":"https:\/\/www.camping-bord-de-loire.com\/#website"},"primaryImageOfPage":{"@id":"https:\/\/www.camping-bord-de-loire.com\/de\/camping-bord-riviere-loiret\/#primaryimage"},"image":{"@id":"https:\/\/www.camping-bord-de-loire.com\/de\/camping-bord-riviere-loiret\/#primaryimage"},"thumbnailUrl":"https:\/\/www.camping-bord-de-loire.com\/wp-content\/uploads\/2023\/04\/canoe-bord-loire-2.webp","datePublished":"2023-03-22T09:32:49+00:00","dateModified":"2025-12-03T15:34:20+00:00","description":"\u00dcbernachten Sie auf dem Campingplatz Le Jardin de Sully am Ufer der Loire und genie\u00dfen Sie das Angeln im Loiret, nur wenige Schritte von Ihrer Unterkunft entfernt.","breadcrumb":{"@id":"https:\/\/www.camping-bord-de-loire.com\/de\/camping-bord-riviere-loiret\/#breadcrumb"},"inLanguage":"de","potentialAction":[{"@type":"ReadAction","target":["https:\/\/www.camping-bord-de-loire.com\/de\/camping-bord-riviere-loiret\/"]}]},{"@type":"ImageObject","inLanguage":"de","@id":"https:\/\/www.camping-bord-de-loire.com\/de\/camping-bord-riviere-loiret\/#primaryimage","url":"https:\/\/www.camping-bord-de-loire.com\/wp-content\/uploads\/2023\/04\/canoe-bord-loire-2.webp","contentUrl":"https:\/\/www.camping-bord-de-loire.com\/wp-content\/uploads\/2023\/04\/canoe-bord-loire-2.webp","width":1903,"height":628,"caption":"Kanu am Ufer der Loire 2"},{"@type":"BreadcrumbList","@id":"https:\/\/www.camping-bord-de-loire.com\/de\/camping-bord-riviere-loiret\/#breadcrumb","itemListElement":[{"@type":"ListItem","position":1,"name":"Camping en bord de Loire","item":"https:\/\/www.camping-bord-de-loire.com\/de\/"},{"@type":"ListItem","position":2,"name":"Flussufer"}]},{"@type":"WebSite","@id":"https:\/\/www.camping-bord-de-loire.com\/#website","url":"https:\/\/www.camping-bord-de-loire.com\/","name":"Flower Camping le Jardin de Sully","description":"","publisher":{"@id":"https:\/\/www.camping-bord-de-loire.com\/#organization"},"alternateName":"Camping le Jardin de Sully","potentialAction":[{"@type":"SearchAction","target":{"@type":"EntryPoint","urlTemplate":"https:\/\/www.camping-bord-de-loire.com\/?s={search_term_string}"},"query-input":{"@type":"PropertyValueSpecification","valueRequired":true,"valueName":"search_term_string"}}],"inLanguage":"de"},{"@type":"Organization","@id":"https:\/\/www.camping-bord-de-loire.com\/#organization","name":"Flower Camping Le Jardin De Sully (Ouvert \u00e0 l\u2019ann\u00e9e)","alternateName":"Camping le Jardin de Sully","url":"https:\/\/www.camping-bord-de-loire.com\/","logo":{"@type":"ImageObject","inLanguage":"de","@id":"https:\/\/www.camping-bord-de-loire.com\/#\/schema\/logo\/image\/","url":"https:\/\/www.camping-bord-de-loire.com\/wp-content\/uploads\/2023\/03\/camping-de-sully-logo-blanc.webp","contentUrl":"https:\/\/www.camping-bord-de-loire.com\/wp-content\/uploads\/2023\/03\/camping-de-sully-logo-blanc.webp","width":250,"height":193,"caption":"Flower Camping Le Jardin De Sully (Ouvert \u00e0 l\u2019ann\u00e9e)"},"image":{"@id":"https:\/\/www.camping-bord-de-loire.com\/#\/schema\/logo\/image\/"},"sameAs":["https:\/\/www.facebook.com\/CampingLeJardinDeSully"]}]}},"_links":{"self":[{"href":"https:\/\/www.camping-bord-de-loire.com\/de\/wp-json\/wp\/v2\/pages\/3938","targetHints":{"allow":["GET"]}}],"collection":[{"href":"https:\/\/www.camping-bord-de-loire.com\/de\/wp-json\/wp\/v2\/pages"}],"about":[{"href":"https:\/\/www.camping-bord-de-loire.com\/de\/wp-json\/wp\/v2\/types\/page"}],"author":[{"embeddable":true,"href":"https:\/\/www.camping-bord-de-loire.com\/de\/wp-json\/wp\/v2\/users\/1"}],"replies":[{"embeddable":true,"href":"https:\/\/www.camping-bord-de-loire.com\/de\/wp-json\/wp\/v2\/comments?post=3938"}],"version-history":[{"count":2,"href":"https:\/\/www.camping-bord-de-loire.com\/de\/wp-json\/wp\/v2\/pages\/3938\/revisions"}],"predecessor-version":[{"id":4102,"href":"https:\/\/www.camping-bord-de-loire.com\/de\/wp-json\/wp\/v2\/pages\/3938\/revisions\/4102"}],"wp:featuredmedia":[{"embeddable":true,"href":"https:\/\/www.camping-bord-de-loire.com\/de\/wp-json\/wp\/v2\/media\/3641"}],"wp:attachment":[{"href":"https:\/\/www.camping-bord-de-loire.com\/de\/wp-json\/wp\/v2\/media?parent=3938"}],"wp:term":[{"taxonomy":"sujet","embeddable":true,"href":"https:\/\/www.camping-bord-de-loire.com\/de\/wp-json\/wp\/v2\/sujet?post=3938"}],"curies":[{"name":"wp","href":"https:\/\/api.w.org\/{rel}","templated":true}]}}