{"id":3937,"date":"2023-03-22T10:32:14","date_gmt":"2023-03-22T09:32:14","guid":{"rendered":"https:\/\/www.camping-bord-de-loire.com\/camping-animations-loiret\/"},"modified":"2025-12-03T16:29:31","modified_gmt":"2025-12-03T15:29:31","slug":"camping-animations-loiret","status":"publish","type":"page","link":"https:\/\/www.camping-bord-de-loire.com\/de\/camping-animations-loiret\/","title":{"rendered":"Animationen"},"content":{"rendered":"<section id=\"ls-section-block_a7ac1b42176963ecb1ad816cc9f8622d\" class=\"ls-section  home-chapeau has-p-b p-b-0\" >\r\n        <div class=\"container container--wide\">\r\n        \n\n<h1 class=\"ls__heading wp-block-heading has-text-align-center deco-center castel\">Lachen und gemeinsame Erlebnisse auf Ihrem Campingplatz mit<br\/>Animationen an der Loire<\/h1>\n\n\r\n    <\/div>\r\n<\/section><section id=\"ls-section-block_a96d319fe4dd713ba094e4995d4e7e4f\" class=\"ls-section  page-one has-p-t p-t-10 has-p-b p-b-14\" >\r\n        <div class=\"container container--wide\">\r\n        \n\n<div class=\"wp-block-columns is-layout-flex wp-container-core-columns-is-layout-9d6595d7 wp-block-columns-is-layout-flex\">\n<div class=\"wp-block-column is-layout-flow wp-block-column-is-layout-flow\" style=\"flex-basis:66.66%\">\n<figure class=\"wp-block-image size-full animated fadeIn slow\"><img decoding=\"async\" width=\"864\" height=\"575\" src=\"https:\/\/www.camping-bord-de-loire.com\/wp-content\/uploads\/2023\/04\/camping-club-enfants-bord-loire.webp\" alt=\"Camping Kinderclub an der Loire\" class=\"wp-image-940\" srcset=\"https:\/\/www.camping-bord-de-loire.com\/wp-content\/uploads\/2023\/04\/camping-club-enfants-bord-loire.webp 864w, https:\/\/www.camping-bord-de-loire.com\/wp-content\/uploads\/2023\/04\/camping-club-enfants-bord-loire-300x200.webp 300w, https:\/\/www.camping-bord-de-loire.com\/wp-content\/uploads\/2023\/04\/camping-club-enfants-bord-loire-768x511.webp 768w\" sizes=\"(max-width: 864px) 100vw, 864px\" \/><\/figure>\n<\/div>\n\n\n\n<div class=\"wp-block-column is-vertically-aligned-center is-layout-flow wp-block-column-is-layout-flow\" style=\"flex-basis:33.33%\">\n<h2 class=\"ls__heading wp-block-heading deco\">In der Sommersaison nehmen Sie an unseren Animationen im Loiret teil<\/h2>\n\n\n\n<p class=\"ls-paragraph\">Auf unserem Campingplatz an der Loire k\u00f6nnen Sie <strong>dreimal pro Woche Abendanimationen<\/strong> genie\u00dfen. Auf dem Programm stehen Lottospiele, Konzerte lokaler K\u00fcnstler und lustige Quizze! <\/p>\n\n\n\n<p class=\"ls-paragraph\">Unsere <strong>Freizeitaktivit\u00e4ten f\u00fcr die ganze Familie<\/strong> sind ideal, um Gro\u00df und Klein den ganzen Abend zu unterhalten. Nutzen Sie die Familienanimationen, um zu spielen, zu singen, zu tanzen und sich auf dem <a href=\"https:\/\/www.camping-bord-de-loire.com\/de\/\">Campingplatz Le Jardin de Sully<\/a> maximal zu entspannen! <\/p>\n<\/div>\n<\/div>\n\n\r\n    <\/div>\r\n<\/section><section id=\"ls-section-block_dd4b86c0ee50103f326e1ac76d9232c4\" class=\"ls-section  page-parallax-bis has-background-image has-parallax has-p-t p-t-14 has-p-b p-b-14\" >\r\n    <div class=\"ls-section__background-image opacity-100\"><img decoding=\"async\" src=\"https:\/\/www.camping-bord-de-loire.com\/wp-content\/uploads\/2023\/04\/camping-animations-bord-loire.webp\" alt=\"Camping Animationen an der Loire\"><\/div>    <div class=\"container \">\r\n        \r\n    <\/div>\r\n<\/section><section id=\"ls-section-block_af96a9e6cee0c1f40ddaa3e9a2299d05\" class=\"ls-section  page-parallax\" >\r\n        <div class=\"container container--full\">\r\n        \n\n<div class=\"wp-block-columns is-layout-flex wp-container-core-columns-is-layout-9d6595d7 wp-block-columns-is-layout-flex\">\n<div class=\"wp-block-column left is-layout-flow wp-block-column-is-layout-flow\"><\/div>\n\n\n\n<div class=\"wp-block-column right has-color-white-background-color has-background is-layout-flow wp-block-column-is-layout-flow\">\n<h2 class=\"ls__heading wp-block-heading deco\">Der Spielplatz, ideal f\u00fcr Ihre Kinder<\/h2>\n\n\n\n<p class=\"ls-paragraph\">Der <a href=\"https:\/\/www.camping-bord-de-loire.com\/de\/\">Campingplatz Jardin de Sully<\/a> ist absolut perfekt f\u00fcr Familienreisen mit Kindern. Vor Ort k\u00f6nnen sich Ihre Kinder auf unserem <strong>Kinderspielplatz<\/strong> im Freien mit Rutsche austoben!   <\/p>\n\n\n\n<p class=\"ls-paragraph\">Den ganzen Sommer \u00fcber \u00f6ffnen wir auch unseren <strong>Kinderclub<\/strong>, zug\u00e4nglich f\u00fcr <strong>Kinder von 4 bis 12 Jahren<\/strong>. Ihre Kleinen k\u00f6nnen an zahlreichen <strong>Kinderaktivit\u00e4ten<\/strong> teilnehmen. Auf dem Programm stehen Bastelaktivit\u00e4ten, sportliche Aktivit\u00e4ten sowie Spiele im Freien. Unser Campingplatz mit Animationen an der Loire erwartet Sie und Ihre Familie!   <\/p>\n<\/div>\n<\/div>\n\n\r\n    <\/div>\r\n<\/section><section id=\"ls-section-block_072e2487ded9751279795e979f8d5126\" class=\"ls-section  page-two fond-degrade has-p-b p-b-14\" >\r\n        <div class=\"container container--wide\">\r\n        \n\n<div class=\"wp-block-columns is-layout-flex wp-container-core-columns-is-layout-9d6595d7 wp-block-columns-is-layout-flex\">\n<div class=\"wp-block-column is-vertically-aligned-center is-layout-flow wp-block-column-is-layout-flow\" style=\"flex-basis:33.33%\">\n<h2 class=\"ls__heading wp-block-heading deco\">Die Sportpl\u00e4tze an der Loire<\/h2>\n\n\n\n<p class=\"ls-paragraph\">Unser Campingplatz im Loiret verf\u00fcgt \u00fcber alle Einrichtungen, die Sie ben\u00f6tigen, um <strong>im Urlaub Sport zu treiben<\/strong>! <strong>Sportpl\u00e4tze<\/strong>, <strong>sportliche Aktivit\u00e4ten<\/strong> und <strong>sportliche Freizeitangebote<\/strong> stehen den ganzen Sommer \u00fcber zur Verf\u00fcgung!<\/p>\n\n\n\n<p class=\"ls-paragraph\">Ohne den Campingplatz verlassen zu m\u00fcssen, k\u00f6nnen Sie <strong>kostenlos nutzen<\/strong>: ein <a href=\"https:\/\/www.camping-bord-de-loire.com\/de\/camping-piscine-chauffee-loiret\/\">beheiztes Schwimmbad des Campingplatzes<\/a>, einen Minigolfplatz, einen Tennisplatz, Tischtennisplatten, mehrere Boulepl\u00e4tze, einen Home-Ball-Platz, eine H\u00fcpfburg f\u00fcr Kinder sowie einen Volleyballplatz.<\/p>\n\n\n\n<p class=\"ls-paragraph\">Einige <strong>kostenpflichtige Zusatzaktivit\u00e4ten<\/strong> werden ebenfalls angeboten: Spielen Sie Billard, Kicker oder Airhockey! Wir <strong>verleihen Ihnen Sportger\u00e4te<\/strong> ohne Probleme. <\/p>\n<\/div>\n\n\n\n<div class=\"wp-block-column is-layout-flow wp-block-column-is-layout-flow\" style=\"flex-basis:66.66%\">\n<figure class=\"wp-block-image size-full animated fadeIn slow\"><img decoding=\"async\" width=\"864\" height=\"575\" src=\"https:\/\/www.camping-bord-de-loire.com\/wp-content\/uploads\/2023\/04\/camping-activites-familiales-loiret.webp\" alt=\"Camping Familienaktivit&#xE4;ten Loiret\" class=\"wp-image-943\" srcset=\"https:\/\/www.camping-bord-de-loire.com\/wp-content\/uploads\/2023\/04\/camping-activites-familiales-loiret.webp 864w, https:\/\/www.camping-bord-de-loire.com\/wp-content\/uploads\/2023\/04\/camping-activites-familiales-loiret-300x200.webp 300w, https:\/\/www.camping-bord-de-loire.com\/wp-content\/uploads\/2023\/04\/camping-activites-familiales-loiret-768x511.webp 768w\" sizes=\"(max-width: 864px) 100vw, 864px\" \/><\/figure>\n<\/div>\n<\/div>\n\n\r\n    <\/div>\r\n<\/section><section id=\"ls-section-block_e25a71ecf2e83caf87ab3a335c6309c4\" class=\"ls-section  page-three has-background-image has-p-t p-t-14 has-p-b p-b-14\" >\r\n    <div class=\"ls-section__background-image opacity-100\"><img decoding=\"async\" src=\"https:\/\/www.camping-bord-de-loire.com\/wp-content\/uploads\/2023\/04\/louer-emplacement-bord-loire-1.webp\" alt=\"Stellplatz mieten an der Loire 1\"><\/div>    <div class=\"container container--wide\">\r\n        \n\n<div class=\"wp-block-columns is-layout-flex wp-container-core-columns-is-layout-9d6595d7 wp-block-columns-is-layout-flex\">\n<div class=\"wp-block-column is-layout-flow wp-block-column-is-layout-flow\">\n<div id=\"ls-heading ls-titre-div-block_cb0a43ebdd07a7d09882175b33ca02e6\" class=\"ls-titre-div fond-vert border-right-bottom h2-like has-background has-color-2-background-color\" >\n    Was denken unsere Kunden <\/br><span>\u00fcber unsere Animationen?<\/span><\/div>\n\n\n<div class=\"avis-container-pages\"><div class=\"avis\"><div class=\"avis-user\"><div class=\"avis-note\">\n                <span><i class=\"sully-etoile\"><\/i><\/span><span><i class=\"sully-etoile\"><\/i><\/span><span><i class=\"sully-etoile\"><\/i><\/span><span><i class=\"sully-etoile\"><\/i><\/span><span><i class=\"sully-etoile\"><\/i><\/span>\n                <\/div><div class=\"avis-name\">Ludovic N.<\/div><div class=\"avis-content\"><div class=\"review\" data-v-eb991888=\"\" data-test=\"review-details-google715763_62fb47fdbc88b74ee451b1e11943375e66c38b413e3e85b34e789411636bbe0bca9d09ea2ff19044c91141c0202bba18\">\n<div class=\"content\" data-v-eb991888=\"\">\n<div class=\"comment\" data-v-eb991888=\"\">\n<div data-v-eb991888=\"\" data-test=\"wrapper-comment\">\n<p data-v-eb991888=\"\" data-test=\"comment\">Wir hatten Anfang August eine sehr sch\u00f6ne Zeit auf Ihrem Campingplatz, Manager, Personal, Schwimmbad und Animation waren top, und dazu nicht weit von Sully-sur-Loire mit seiner Fu\u00dfg\u00e4ngerbr\u00fccke, seinem wundersch\u00f6nen Schloss an der Loire und seinen hervorragenden Gesch\u00e4ften. Vielen Dank [&#8230;] alles war super, vielen Dank, wir kommen wieder.<\/p>\n<\/div>\n<\/div>\n<\/div>\n<\/div>\n<div class=\"details\" data-v-eb991888=\"\" data-test=\"details\"><\/div>\n<\/div><\/div><\/div><div class=\"avis\"><div class=\"avis-user\"><div class=\"avis-note\">\n                <span><i class=\"sully-etoile\"><\/i><\/span><span><i class=\"sully-etoile\"><\/i><\/span><span><i class=\"sully-etoile\"><\/i><\/span><span><i class=\"sully-etoile\"><\/i><\/span><span><i class=\"sully-etoile\"><\/i><\/span>\n                <\/div><div class=\"avis-name\">Quentin C.<\/div><div class=\"avis-content\"><p>Super Campingplatz, das Animationsteam ist super! Vielen Dank an die Animateurin f\u00fcr ihre gute Laune und Energie! <\/p>\n<\/div><\/div><\/div><\/div>\n<\/div>\n\n\n\n<div class=\"wp-block-column is-layout-flow wp-block-column-is-layout-flow\"><\/div>\n<\/div>\n\n\r\n    <\/div>\r\n<\/section><section id=\"ls-section-block_91dad34d41b0611552efe2f1dc3a9823\" class=\"ls-section  page-maillage has-p-t p-t-14 has-p-b p-b-14\" >\r\n        <div class=\"container container--wide\">\r\n        \n\n<div id=\"ls-heading ls-titre-div-block_c63fe7f8909b26bb1b7ddc2018d6a913\" class=\"ls-titre-div deco aligncenter h2-like\" >\n    Entdecken Sie unser Schwimmbad, unsere Mietunterk\u00fcnfte und unsere Stellpl\u00e4tze auf dem Campingplatz<\/div>\n\n\n<div id=\"ls-maillage-block_4bde65be8cfdf8371ab9454feb1ee83a\" class=\"ls-maillage cta-style-normal\" data-rows=\"3\">\r\n    <div class=\"wp-block-columns\"><div class=\"wp-block-column\">\n\n<a href=\"https:\/\/www.camping-bord-de-loire.com\/de\/location-emplacement-loiret\/\" target=\"\" rel=\"noopener\" class=\"ls-cta__link\">\n\n\t<div class=\"ls-cta__image\"><img decoding=\"async\" src=\"https:\/\/www.camping-bord-de-loire.com\/wp-content\/uploads\/2023\/04\/emplacement-caravaning-loiret.webp\" alt=\"Wohnwagenstellplatz Loiret\"><\/div>\n\t<div class=\"ls-cta__title\">\n\t\tUnsere Stellpl\u00e4tze\t<\/div>\n\n\t\t\n<\/a><\/div><div class=\"wp-block-column\">\n\n<a href=\"https:\/\/www.camping-bord-de-loire.com\/de\/camping-piscine-chauffee-loiret\/\" target=\"\" rel=\"noopener\" class=\"ls-cta__link\">\n\n\t<div class=\"ls-cta__image\"><img decoding=\"async\" src=\"https:\/\/www.camping-bord-de-loire.com\/wp-content\/uploads\/2023\/04\/camping-piscinebord-loire.webp\" alt=\"Campingplatz Pool Loireufer\"><\/div>\n\t<div class=\"ls-cta__title\">\n\t\tUnser Pool\t<\/div>\n\n\t\t\n<\/a><\/div><div class=\"wp-block-column\">\n\n<a href=\"https:\/\/www.camping-bord-de-loire.com\/de\/location-mobil-home-loiret\/\" target=\"\" rel=\"noopener\" class=\"ls-cta__link\">\n\n\t<div class=\"ls-cta__image\"><img decoding=\"async\" src=\"https:\/\/www.camping-bord-de-loire.com\/wp-content\/uploads\/2023\/04\/camping-pas-cher-loire-2.webp\" alt=\"g\u00fcnstiger Campingplatz Loire 2\"><\/div>\n\t<div class=\"ls-cta__title\">\n\t\tUnsere Unterk\u00fcnfte \t<\/div>\n\n\t\t\n<\/a><\/div><\/div><\/div>\n\r\n    <\/div>\r\n<\/section>","protected":false},"excerpt":{"rendered":"","protected":false},"author":1,"featured_media":3727,"parent":0,"menu_order":0,"comment_status":"closed","ping_status":"closed","template":"","meta":{"_acf_changed":false,"footnotes":""},"sujet":[],"class_list":["post-3937","page","type-page","status-publish","has-post-thumbnail","hentry"],"acf":[],"yoast_head":"<!-- This site is optimized with the Yoast SEO plugin v26.5 - https:\/\/yoast.com\/wordpress\/plugins\/seo\/ -->\n<title>Camping-Animationen Loiret | Aktivit\u00e4ten, Kinderclub an der Loire<\/title>\n<meta name=\"description\" content=\"Genie\u00dfen Sie die Sommeranimationen auf unserem Campingplatz an der Loire: Themenabende, Kinderclub, Sportpl\u00e4tze, Minigolf, Schwimmbad...\" \/>\n<meta name=\"robots\" content=\"index, follow, max-snippet:-1, max-image-preview:large, max-video-preview:-1\" \/>\n<link rel=\"canonical\" href=\"https:\/\/www.camping-bord-de-loire.com\/de\/camping-animations-loiret\/\" \/>\n<meta property=\"og:locale\" content=\"de_DE\" \/>\n<meta property=\"og:type\" content=\"article\" \/>\n<meta property=\"og:title\" content=\"Camping-Animationen Loiret | Aktivit\u00e4ten, Kinderclub an der Loire\" \/>\n<meta property=\"og:description\" content=\"Genie\u00dfen Sie die Sommeranimationen auf unserem Campingplatz an der Loire: Themenabende, Kinderclub, Sportpl\u00e4tze, Minigolf, Schwimmbad...\" \/>\n<meta property=\"og:url\" content=\"https:\/\/www.camping-bord-de-loire.com\/de\/camping-animations-loiret\/\" \/>\n<meta property=\"og:site_name\" content=\"Le Jardin de Sully\" \/>\n<meta property=\"article:publisher\" content=\"https:\/\/www.facebook.com\/CampingLeJardinDeSully\" \/>\n<meta property=\"article:modified_time\" content=\"2025-12-03T15:29:31+00:00\" \/>\n<meta property=\"og:image\" content=\"https:\/\/www.camping-bord-de-loire.com\/wp-content\/uploads\/2023\/04\/camping-activites-enfants-bord-loire.webp\" \/>\n\t<meta property=\"og:image:width\" content=\"1903\" \/>\n\t<meta property=\"og:image:height\" content=\"628\" \/>\n\t<meta property=\"og:image:type\" content=\"image\/webp\" \/>\n<meta name=\"twitter:card\" content=\"summary_large_image\" \/>\n<meta name=\"twitter:label1\" content=\"Gesch\u00e4tzte Lesezeit\" \/>\n\t<meta name=\"twitter:data1\" content=\"1\u00a0Minute\" \/>\n<script type=\"application\/ld+json\" class=\"yoast-schema-graph\">{\"@context\":\"https:\/\/schema.org\",\"@graph\":[{\"@type\":\"WebPage\",\"@id\":\"https:\/\/www.camping-bord-de-loire.com\/de\/camping-animations-loiret\/\",\"url\":\"https:\/\/www.camping-bord-de-loire.com\/de\/camping-animations-loiret\/\",\"name\":\"Camping-Animationen Loiret | Aktivit\u00e4ten, Kinderclub an der Loire\",\"isPartOf\":{\"@id\":\"https:\/\/www.camping-bord-de-loire.com\/#website\"},\"primaryImageOfPage\":{\"@id\":\"https:\/\/www.camping-bord-de-loire.com\/de\/camping-animations-loiret\/#primaryimage\"},\"image\":{\"@id\":\"https:\/\/www.camping-bord-de-loire.com\/de\/camping-animations-loiret\/#primaryimage\"},\"thumbnailUrl\":\"https:\/\/www.camping-bord-de-loire.com\/wp-content\/uploads\/2023\/04\/camping-activites-enfants-bord-loire.webp\",\"datePublished\":\"2023-03-22T09:32:14+00:00\",\"dateModified\":\"2025-12-03T15:29:31+00:00\",\"description\":\"Genie\u00dfen Sie die Sommeranimationen auf unserem Campingplatz an der Loire: Themenabende, Kinderclub, Sportpl\u00e4tze, Minigolf, Schwimmbad...\",\"breadcrumb\":{\"@id\":\"https:\/\/www.camping-bord-de-loire.com\/de\/camping-animations-loiret\/#breadcrumb\"},\"inLanguage\":\"de\",\"potentialAction\":[{\"@type\":\"ReadAction\",\"target\":[\"https:\/\/www.camping-bord-de-loire.com\/de\/camping-animations-loiret\/\"]}]},{\"@type\":\"ImageObject\",\"inLanguage\":\"de\",\"@id\":\"https:\/\/www.camping-bord-de-loire.com\/de\/camping-animations-loiret\/#primaryimage\",\"url\":\"https:\/\/www.camping-bord-de-loire.com\/wp-content\/uploads\/2023\/04\/camping-activites-enfants-bord-loire.webp\",\"contentUrl\":\"https:\/\/www.camping-bord-de-loire.com\/wp-content\/uploads\/2023\/04\/camping-activites-enfants-bord-loire.webp\",\"width\":1903,\"height\":628,\"caption\":\"Camping Kinderaktivit\u00e4ten an der Loire\"},{\"@type\":\"BreadcrumbList\",\"@id\":\"https:\/\/www.camping-bord-de-loire.com\/de\/camping-animations-loiret\/#breadcrumb\",\"itemListElement\":[{\"@type\":\"ListItem\",\"position\":1,\"name\":\"Camping en bord de Loire\",\"item\":\"https:\/\/www.camping-bord-de-loire.com\/de\/\"},{\"@type\":\"ListItem\",\"position\":2,\"name\":\"Campingplatz mit Aktivit\u00e4ten im Loiret\"}]},{\"@type\":\"WebSite\",\"@id\":\"https:\/\/www.camping-bord-de-loire.com\/#website\",\"url\":\"https:\/\/www.camping-bord-de-loire.com\/\",\"name\":\"Flower Camping le Jardin de Sully\",\"description\":\"\",\"publisher\":{\"@id\":\"https:\/\/www.camping-bord-de-loire.com\/#organization\"},\"alternateName\":\"Camping le Jardin de Sully\",\"potentialAction\":[{\"@type\":\"SearchAction\",\"target\":{\"@type\":\"EntryPoint\",\"urlTemplate\":\"https:\/\/www.camping-bord-de-loire.com\/?s={search_term_string}\"},\"query-input\":{\"@type\":\"PropertyValueSpecification\",\"valueRequired\":true,\"valueName\":\"search_term_string\"}}],\"inLanguage\":\"de\"},{\"@type\":\"Organization\",\"@id\":\"https:\/\/www.camping-bord-de-loire.com\/#organization\",\"name\":\"Flower Camping Le Jardin De Sully (Ouvert \u00e0 l\u2019ann\u00e9e)\",\"alternateName\":\"Camping le Jardin de Sully\",\"url\":\"https:\/\/www.camping-bord-de-loire.com\/\",\"logo\":{\"@type\":\"ImageObject\",\"inLanguage\":\"de\",\"@id\":\"https:\/\/www.camping-bord-de-loire.com\/#\/schema\/logo\/image\/\",\"url\":\"https:\/\/www.camping-bord-de-loire.com\/wp-content\/uploads\/2023\/03\/camping-de-sully-logo-blanc.webp\",\"contentUrl\":\"https:\/\/www.camping-bord-de-loire.com\/wp-content\/uploads\/2023\/03\/camping-de-sully-logo-blanc.webp\",\"width\":250,\"height\":193,\"caption\":\"Flower Camping Le Jardin De Sully (Ouvert \u00e0 l\u2019ann\u00e9e)\"},\"image\":{\"@id\":\"https:\/\/www.camping-bord-de-loire.com\/#\/schema\/logo\/image\/\"},\"sameAs\":[\"https:\/\/www.facebook.com\/CampingLeJardinDeSully\"]}]}<\/script>\n<!-- \/ Yoast SEO plugin. -->","yoast_head_json":{"title":"Camping-Animationen Loiret | Aktivit\u00e4ten, Kinderclub an der Loire","description":"Genie\u00dfen Sie die Sommeranimationen auf unserem Campingplatz an der Loire: Themenabende, Kinderclub, Sportpl\u00e4tze, Minigolf, Schwimmbad...","robots":{"index":"index","follow":"follow","max-snippet":"max-snippet:-1","max-image-preview":"max-image-preview:large","max-video-preview":"max-video-preview:-1"},"canonical":"https:\/\/www.camping-bord-de-loire.com\/de\/camping-animations-loiret\/","og_locale":"de_DE","og_type":"article","og_title":"Camping-Animationen Loiret | Aktivit\u00e4ten, Kinderclub an der Loire","og_description":"Genie\u00dfen Sie die Sommeranimationen auf unserem Campingplatz an der Loire: Themenabende, Kinderclub, Sportpl\u00e4tze, Minigolf, Schwimmbad...","og_url":"https:\/\/www.camping-bord-de-loire.com\/de\/camping-animations-loiret\/","og_site_name":"Le Jardin de Sully","article_publisher":"https:\/\/www.facebook.com\/CampingLeJardinDeSully","article_modified_time":"2025-12-03T15:29:31+00:00","og_image":[{"width":1903,"height":628,"url":"https:\/\/www.camping-bord-de-loire.com\/wp-content\/uploads\/2023\/04\/camping-activites-enfants-bord-loire.webp","type":"image\/webp"}],"twitter_card":"summary_large_image","twitter_misc":{"Gesch\u00e4tzte Lesezeit":"1\u00a0Minute"},"schema":{"@context":"https:\/\/schema.org","@graph":[{"@type":"WebPage","@id":"https:\/\/www.camping-bord-de-loire.com\/de\/camping-animations-loiret\/","url":"https:\/\/www.camping-bord-de-loire.com\/de\/camping-animations-loiret\/","name":"Camping-Animationen Loiret | Aktivit\u00e4ten, Kinderclub an der Loire","isPartOf":{"@id":"https:\/\/www.camping-bord-de-loire.com\/#website"},"primaryImageOfPage":{"@id":"https:\/\/www.camping-bord-de-loire.com\/de\/camping-animations-loiret\/#primaryimage"},"image":{"@id":"https:\/\/www.camping-bord-de-loire.com\/de\/camping-animations-loiret\/#primaryimage"},"thumbnailUrl":"https:\/\/www.camping-bord-de-loire.com\/wp-content\/uploads\/2023\/04\/camping-activites-enfants-bord-loire.webp","datePublished":"2023-03-22T09:32:14+00:00","dateModified":"2025-12-03T15:29:31+00:00","description":"Genie\u00dfen Sie die Sommeranimationen auf unserem Campingplatz an der Loire: Themenabende, Kinderclub, Sportpl\u00e4tze, Minigolf, Schwimmbad...","breadcrumb":{"@id":"https:\/\/www.camping-bord-de-loire.com\/de\/camping-animations-loiret\/#breadcrumb"},"inLanguage":"de","potentialAction":[{"@type":"ReadAction","target":["https:\/\/www.camping-bord-de-loire.com\/de\/camping-animations-loiret\/"]}]},{"@type":"ImageObject","inLanguage":"de","@id":"https:\/\/www.camping-bord-de-loire.com\/de\/camping-animations-loiret\/#primaryimage","url":"https:\/\/www.camping-bord-de-loire.com\/wp-content\/uploads\/2023\/04\/camping-activites-enfants-bord-loire.webp","contentUrl":"https:\/\/www.camping-bord-de-loire.com\/wp-content\/uploads\/2023\/04\/camping-activites-enfants-bord-loire.webp","width":1903,"height":628,"caption":"Camping Kinderaktivit\u00e4ten an der Loire"},{"@type":"BreadcrumbList","@id":"https:\/\/www.camping-bord-de-loire.com\/de\/camping-animations-loiret\/#breadcrumb","itemListElement":[{"@type":"ListItem","position":1,"name":"Camping en bord de Loire","item":"https:\/\/www.camping-bord-de-loire.com\/de\/"},{"@type":"ListItem","position":2,"name":"Campingplatz mit Aktivit\u00e4ten im Loiret"}]},{"@type":"WebSite","@id":"https:\/\/www.camping-bord-de-loire.com\/#website","url":"https:\/\/www.camping-bord-de-loire.com\/","name":"Flower Camping le Jardin de Sully","description":"","publisher":{"@id":"https:\/\/www.camping-bord-de-loire.com\/#organization"},"alternateName":"Camping le Jardin de Sully","potentialAction":[{"@type":"SearchAction","target":{"@type":"EntryPoint","urlTemplate":"https:\/\/www.camping-bord-de-loire.com\/?s={search_term_string}"},"query-input":{"@type":"PropertyValueSpecification","valueRequired":true,"valueName":"search_term_string"}}],"inLanguage":"de"},{"@type":"Organization","@id":"https:\/\/www.camping-bord-de-loire.com\/#organization","name":"Flower Camping Le Jardin De Sully (Ouvert \u00e0 l\u2019ann\u00e9e)","alternateName":"Camping le Jardin de Sully","url":"https:\/\/www.camping-bord-de-loire.com\/","logo":{"@type":"ImageObject","inLanguage":"de","@id":"https:\/\/www.camping-bord-de-loire.com\/#\/schema\/logo\/image\/","url":"https:\/\/www.camping-bord-de-loire.com\/wp-content\/uploads\/2023\/03\/camping-de-sully-logo-blanc.webp","contentUrl":"https:\/\/www.camping-bord-de-loire.com\/wp-content\/uploads\/2023\/03\/camping-de-sully-logo-blanc.webp","width":250,"height":193,"caption":"Flower Camping Le Jardin De Sully (Ouvert \u00e0 l\u2019ann\u00e9e)"},"image":{"@id":"https:\/\/www.camping-bord-de-loire.com\/#\/schema\/logo\/image\/"},"sameAs":["https:\/\/www.facebook.com\/CampingLeJardinDeSully"]}]}},"_links":{"self":[{"href":"https:\/\/www.camping-bord-de-loire.com\/de\/wp-json\/wp\/v2\/pages\/3937","targetHints":{"allow":["GET"]}}],"collection":[{"href":"https:\/\/www.camping-bord-de-loire.com\/de\/wp-json\/wp\/v2\/pages"}],"about":[{"href":"https:\/\/www.camping-bord-de-loire.com\/de\/wp-json\/wp\/v2\/types\/page"}],"author":[{"embeddable":true,"href":"https:\/\/www.camping-bord-de-loire.com\/de\/wp-json\/wp\/v2\/users\/1"}],"replies":[{"embeddable":true,"href":"https:\/\/www.camping-bord-de-loire.com\/de\/wp-json\/wp\/v2\/comments?post=3937"}],"version-history":[{"count":2,"href":"https:\/\/www.camping-bord-de-loire.com\/de\/wp-json\/wp\/v2\/pages\/3937\/revisions"}],"predecessor-version":[{"id":4033,"href":"https:\/\/www.camping-bord-de-loire.com\/de\/wp-json\/wp\/v2\/pages\/3937\/revisions\/4033"}],"wp:featuredmedia":[{"embeddable":true,"href":"https:\/\/www.camping-bord-de-loire.com\/de\/wp-json\/wp\/v2\/media\/3727"}],"wp:attachment":[{"href":"https:\/\/www.camping-bord-de-loire.com\/de\/wp-json\/wp\/v2\/media?parent=3937"}],"wp:term":[{"taxonomy":"sujet","embeddable":true,"href":"https:\/\/www.camping-bord-de-loire.com\/de\/wp-json\/wp\/v2\/sujet?post=3937"}],"curies":[{"name":"wp","href":"https:\/\/api.w.org\/{rel}","templated":true}]}}