{"id":3929,"date":"2023-03-22T10:32:27","date_gmt":"2023-03-22T09:32:27","guid":{"rendered":"https:\/\/www.camping-bord-de-loire.com\/camping-piscine-chauffee-loiret\/"},"modified":"2025-12-03T16:31:39","modified_gmt":"2025-12-03T15:31:39","slug":"camping-piscine-chauffee-loiret","status":"publish","type":"page","link":"https:\/\/www.camping-bord-de-loire.com\/de\/camping-piscine-chauffee-loiret\/","title":{"rendered":"Pool"},"content":{"rendered":"<section id=\"ls-section-block_9a964877910d2026a2b06f51602d2bb1\" class=\"ls-section  home-chapeau has-p-b p-b-0\" >\r\n        <div class=\"container container--wide\">\r\n        \n\n<h1 class=\"ls__heading wp-block-heading has-text-align-center deco-center castel m-b-10\">Erfrischender Moment im <br\/>beheizten Pool im Loiret<\/h1>\n\n\r\n    <\/div>\r\n<\/section><section id=\"ls-section-block_4a4d76498514a153391102e8feef92b3\" class=\"ls-section  page-one has-p-t p-t-10 has-p-b p-b-14\" >\r\n        <div class=\"container container--wide\">\r\n        \n\n<div class=\"wp-block-columns is-layout-flex wp-container-core-columns-is-layout-9d6595d7 wp-block-columns-is-layout-flex\">\n<div class=\"wp-block-column is-layout-flow wp-block-column-is-layout-flow\" style=\"flex-basis:66.66%\">\n<figure class=\"wp-block-image size-full animated fadeIn slow\"><img decoding=\"async\" width=\"864\" height=\"575\" src=\"https:\/\/www.camping-bord-de-loire.com\/wp-content\/uploads\/2023\/04\/camping-piscine-chauffee-loire.webp\" alt=\"Campingplatz beheizter Pool Loire\" class=\"wp-image-804\" srcset=\"https:\/\/www.camping-bord-de-loire.com\/wp-content\/uploads\/2023\/04\/camping-piscine-chauffee-loire.webp 864w, https:\/\/www.camping-bord-de-loire.com\/wp-content\/uploads\/2023\/04\/camping-piscine-chauffee-loire-300x200.webp 300w, https:\/\/www.camping-bord-de-loire.com\/wp-content\/uploads\/2023\/04\/camping-piscine-chauffee-loire-768x511.webp 768w\" sizes=\"(max-width: 864px) 100vw, 864px\" \/><\/figure>\n<\/div>\n\n\n\n<div class=\"wp-block-column is-vertically-aligned-center is-layout-flow wp-block-column-is-layout-flow\" style=\"flex-basis:33.33%\">\n<h2 class=\"ls__heading wp-block-heading deco\">Campingplatz mit beheiztem Pool am Ufer der Loire<\/h2>\n\n\n\n<p class=\"ls-paragraph\">Genie\u00dfe <strong>unseren beheizten Pool<\/strong> direkt bei deiner Ankunft auf dem Campingplatz im Juli und August! Unser Wasserbereich verf\u00fcgt \u00fcber <strong>ein Planschbecken f\u00fcr die Kleinsten<\/strong> sowie Wasserspiele f\u00fcr den ganzen Tag Spa\u00df. Das Beste daran? Unser <strong>Freibad ist beheizt<\/strong> auf die ideale Temperatur, um sich zu entspannen und ein angenehmes Bad zu nehmen.   <\/p>\n\n\n\n<p class=\"ls-paragraph\">Obwohl unser beheizter Wasserbereich keine Rutschen hat, sind die verschiedenen <strong>Wasserspiele<\/strong> f\u00fcr ein <strong>spielerisches Badevergn\u00fcgen<\/strong> allein, mit der Familie oder mit Freunden f\u00fcr die Kleinen v\u00f6llig ausreichend!<\/p>\n\n\n\n<p class=\"ls-paragraph\"><mark style=\"background-color:#81dfb8\" class=\"has-inline-color has-color-white-color\">Denke auch daran, nur Badesachen mitzubringen. <strong>Badeshorts sind strengstens verboten<\/strong> und verhindern den Zugang zum Pool.<\/mark><\/p>\n<\/div>\n<\/div>\n\n\r\n    <\/div>\r\n<\/section><section id=\"ls-section-block_2dbba87feb32fef39bf61fa30cd3ff01\" class=\"ls-section  page-parallax-bis has-background-image has-parallax has-p-t p-t-14 has-p-b p-b-14\" >\r\n    <div class=\"ls-section__background-image opacity-100\"><img decoding=\"async\" src=\"https:\/\/www.camping-bord-de-loire.com\/wp-content\/uploads\/2023\/04\/camping-pataugeoire-loiret-3.webp\" alt=\"Campingplatz Planschbecken Loiret\"><\/div>    <div class=\"container \">\r\n        \r\n    <\/div>\r\n<\/section><section id=\"ls-section-block_974f6acb2ea54bdff31b9de71483b189\" class=\"ls-section  page-parallax\" >\r\n        <div class=\"container container--full\">\r\n        \n\n<div class=\"wp-block-columns is-layout-flex wp-container-core-columns-is-layout-9d6595d7 wp-block-columns-is-layout-flex\">\n<div class=\"wp-block-column left is-layout-flow wp-block-column-is-layout-flow\"><\/div>\n\n\n\n<div class=\"wp-block-column right has-color-white-background-color has-background is-layout-flow wp-block-column-is-layout-flow\">\n<h2 class=\"ls__heading wp-block-heading deco\">Das Planschbecken mit Wasserspielen<\/h2>\n\n\n\n<p class=\"ls-paragraph\">Wir haben an alles gedacht auf dem <a href=\"https:\/\/www.camping-bord-de-loire.com\/de\/\">Campingplatz Le Jardin de Sully<\/a>! Damit die ganze Familie eine <strong>angenehme Zeit am Pool<\/strong> verbringen kann, stellen wir ein beheiztes Planschbecken f\u00fcr die Kleinsten zur Verf\u00fcgung. Babys werden das Vergn\u00fcgen eines kleinen Planschens in der Sonne, umgeben von ihren Lieben, entdecken oder wiederentdecken. Dar\u00fcber hinaus werden unsere <strong>Wasserspiele f\u00fcr Kinder<\/strong> Gro\u00df und Klein an Tagen voller Lachen und Spr\u00fcnge unterhalten!  <\/p>\n\n\n\n<p class=\"ls-paragraph\"><mark style=\"background-color:#81dfb8\" class=\"has-inline-color has-color-white-color\">Unser beheizter Pool im Loiret ist <strong>im Juli und August ge\u00f6ffnet<\/strong>.<\/mark><\/p>\n<\/div>\n<\/div>\n\n\r\n    <\/div>\r\n<\/section><section id=\"ls-section-block_b65cf640870fa89cb698e05d66e14b70\" class=\"ls-section  page-two fond-degrade has-p-b p-b-14\" >\r\n        <div class=\"container container--wide\">\r\n        \n\n<div class=\"wp-block-columns is-layout-flex wp-container-core-columns-is-layout-9d6595d7 wp-block-columns-is-layout-flex\">\n<div class=\"wp-block-column is-vertically-aligned-center is-layout-flow wp-block-column-is-layout-flow\" style=\"flex-basis:33.33%\">\n<h2 class=\"ls__heading wp-block-heading deco\">Perfektioniere deine Br\u00e4une auf den Sonnenliegen<\/h2>\n\n\n\n<p class=\"ls-paragraph\">Lust auf Faulenzen und Sonnenbaden im Loiret? <\/p>\n\n\n\n<p class=\"ls-paragraph\">Lege dich bequem auf eine unserer Liegen am Pool und <strong>genie\u00dfe wohlverdiente Sonnenb\u00e4der!<\/strong> Nichts ist besser, um deine Br\u00e4une zu perfektionieren!<\/p>\n\n\n\n<p class=\"ls-paragraph\">Entspanne dich, bring ein Buch mit, genie\u00dfe eine gute Portion Vitamin D am Pool und <strong>nippe an einem Cocktail auf der Terrasse<\/strong>.<\/p>\n\n\n\n<p class=\"ls-paragraph\">Unser <a href=\"#\">Campingplatz am Flussufer<\/a> mit seinem <strong>beheizten Pool<\/strong> hat alles vorgesehen, um dir ein <strong>100% entspanntes Erlebnis<\/strong> zu bieten.<\/p>\n<\/div>\n\n\n\n<div class=\"wp-block-column is-vertically-aligned-center is-layout-flow wp-block-column-is-layout-flow\" style=\"flex-basis:66.66%\">\n<figure class=\"wp-block-image size-full animated fadeIn slow\"><img decoding=\"async\" width=\"864\" height=\"575\" src=\"https:\/\/www.camping-bord-de-loire.com\/wp-content\/uploads\/2023\/04\/camping-piscine-transat-loire.webp\" alt=\"Campingplatz Pool Liegestuhl Loire\" class=\"wp-image-948\" srcset=\"https:\/\/www.camping-bord-de-loire.com\/wp-content\/uploads\/2023\/04\/camping-piscine-transat-loire.webp 864w, https:\/\/www.camping-bord-de-loire.com\/wp-content\/uploads\/2023\/04\/camping-piscine-transat-loire-300x200.webp 300w, https:\/\/www.camping-bord-de-loire.com\/wp-content\/uploads\/2023\/04\/camping-piscine-transat-loire-768x511.webp 768w\" sizes=\"(max-width: 864px) 100vw, 864px\" \/><\/figure>\n<\/div>\n<\/div>\n\n\r\n    <\/div>\r\n<\/section><section id=\"ls-section-block_04cc3fcede368bcc2689254fe1fe5707\" class=\"ls-section  page-three has-background-image has-p-t p-t-14 has-p-b p-b-14\" >\r\n    <div class=\"ls-section__background-image opacity-100\"><img decoding=\"async\" src=\"https:\/\/www.camping-bord-de-loire.com\/wp-content\/uploads\/2023\/04\/camping-piscine-chauffee-loire.webp\" alt=\"Campingplatz beheizter Pool Loire\"><\/div>    <div class=\"container container--wide\">\r\n        \n\n<div class=\"wp-block-columns is-layout-flex wp-container-core-columns-is-layout-9d6595d7 wp-block-columns-is-layout-flex\">\n<div class=\"wp-block-column is-layout-flow wp-block-column-is-layout-flow\">\n<div id=\"ls-heading ls-titre-div-block_afaf44b87a94c57772ed3404160b5c54\" class=\"ls-titre-div fond-vert border-right-bottom h2-like has-background has-color-2-background-color\" >\n    Was denken unsere Kunden <\/br><span>\u00fcber unseren Pool?<\/span><\/div>\n\n\n<div class=\"avis-container-pages\"><div class=\"avis\"><div class=\"avis-user\"><div class=\"avis-note\">\n                <span><i class=\"sully-etoile\"><\/i><\/span><span><i class=\"sully-etoile\"><\/i><\/span><span><i class=\"sully-etoile\"><\/i><\/span><span><i class=\"sully-etoile\"><\/i><\/span><span><i class=\"sully-etoile\"><\/i><\/span>\n                <\/div><div class=\"avis-name\">Elodie<\/div><div class=\"avis-content\"><p>Wir haben Ende August 2020 3 N\u00e4chte auf diesem Campingplatz verbracht.<br \/>\n\u00dcberschaubar, ruhig und entspannend.<br \/>\nDer Pool ist ziemlich gro\u00df und die Kinder haben den f\u00fcr sie reservierten Bereich mit der Rutsche genossen.<br \/>\nWir hatten einen perfekten, schattigen Stellplatz.<br \/>\nWir werden wiederkommen.<\/p>\n<\/div><\/div><\/div><div class=\"avis\"><div class=\"avis-user\"><div class=\"avis-note\">\n                <span><i class=\"sully-etoile\"><\/i><\/span><span><i class=\"sully-etoile\"><\/i><\/span><span><i class=\"sully-etoile\"><\/i><\/span><span><i class=\"sully-etoile\"><\/i><\/span><span><i class=\"sully-etoile\"><\/i><\/span>\n                <\/div><div class=\"avis-name\"> Regis Museux<\/div><div class=\"avis-content\"><p>Sehr gut ausgestatteter Campingplatz. Vor Ort: Pool f\u00fcr Erwachsene und ein toller Poolbereich f\u00fcr die Kleinen, Snackbar, Minigolf, Tennis. Ausreichend Stellpl\u00e4tze, makellose Sanit\u00e4ranlagen, direkt an der Loire und 15 Gehminuten von Sully und seinem wundersch\u00f6nen Schloss entfernt. Man f\u00fchlt sich auf diesem Campingplatz wohl, ein Lob an den Besitzer.   <\/p>\n<\/div><\/div><\/div><div class=\"avis\"><div class=\"avis-user\"><div class=\"avis-note\">\n                <span><i class=\"sully-etoile\"><\/i><\/span><span><i class=\"sully-etoile\"><\/i><\/span><span><i class=\"sully-etoile\"><\/i><\/span><span><i class=\"sully-etoile\"><\/i><\/span><span><i class=\"sully-etoile\"><\/i><\/span>\n                <\/div><div class=\"avis-name\">Sandrine FOURQUET<\/div><div class=\"avis-content\"><p>Entspannendes Wochenende. Herzlicher Empfang bei unserer Ankunft.<br \/>\nDas Mobilheim entsprach der Beschreibung auf der Website des Campingplatzes.<br \/>\nDer Campingplatz war sauber und der Pool ist ein echter Pluspunkt f\u00fcr einen Familienaufenthalt.<br \/>\nF\u00fcr den Spaziergang mit meinem Haustier war der nahe Zugang zur Loire sehr angenehm.<\/p>\n<\/div><\/div><\/div><\/div>\n<\/div>\n\n\n\n<div class=\"wp-block-column is-layout-flow wp-block-column-is-layout-flow\"><\/div>\n<\/div>\n\n\r\n    <\/div>\r\n<\/section><section id=\"ls-section-block_579ba4fd77c0776d70124ed4d8bac62c\" class=\"ls-section  page-maillage has-p-t p-t-14 has-p-b p-b-14\" >\r\n        <div class=\"container container--wide\">\r\n        \n\n<div id=\"ls-heading ls-titre-div-block_a04215489c753f13cb0bed16cd98c1b9\" class=\"ls-titre-div deco aligncenter h2-like\" >\n    Entdecke die Dienstleistungen, Mietunterk\u00fcnfte und Stellpl\u00e4tze unseres Campingplatzes<\/div>\n\n\n<div id=\"ls-maillage-block_b741a6898b9cc28dd809087202aebcea\" class=\"ls-maillage cta-style-normal\" data-rows=\"3\">\r\n    <div class=\"wp-block-columns\"><div class=\"wp-block-column\">\n\n<a href=\"https:\/\/www.camping-bord-de-loire.com\/de\/location-emplacement-loiret\/\" target=\"\" rel=\"noopener\" class=\"ls-cta__link\">\n\n\t<div class=\"ls-cta__image\"><img decoding=\"async\" src=\"https:\/\/www.camping-bord-de-loire.com\/wp-content\/uploads\/2023\/04\/emplacement-caravaning-loiret.webp\" alt=\"Wohnwagenstellplatz Loiret\"><\/div>\n\t<div class=\"ls-cta__title\">\n\t\tUnsere Stellpl\u00e4tze\t<\/div>\n\n\t\t\n<\/a><\/div><div class=\"wp-block-column\">\n\n<a href=\"https:\/\/www.camping-bord-de-loire.com\/de\/camping-avec-snack-loiret\/\" target=\"\" rel=\"noopener\" class=\"ls-cta__link\">\n\n\t<div class=\"ls-cta__image\"><img decoding=\"async\" src=\"https:\/\/www.camping-bord-de-loire.com\/wp-content\/uploads\/2023\/04\/camping-jeux-societe-loire.webp\" alt=\"Camping Gesellschaftsspiele Loire\"><\/div>\n\t<div class=\"ls-cta__title\">\n\t\tUnsere Services \t<\/div>\n\n\t\t\n<\/a><\/div><div class=\"wp-block-column\">\n\n<a href=\"https:\/\/www.camping-bord-de-loire.com\/de\/location-mobil-home-loiret\/\" target=\"\" rel=\"noopener\" class=\"ls-cta__link\">\n\n\t<div class=\"ls-cta__image\"><img decoding=\"async\" src=\"https:\/\/www.camping-bord-de-loire.com\/wp-content\/uploads\/2023\/04\/camping-pas-cher-loire-2.webp\" alt=\"g\u00fcnstiger Campingplatz Loire 2\"><\/div>\n\t<div class=\"ls-cta__title\">\n\t\tUnsere Unterk\u00fcnfte \t<\/div>\n\n\t\t\n<\/a><\/div><\/div><\/div>\n\r\n    <\/div>\r\n<\/section>","protected":false},"excerpt":{"rendered":"","protected":false},"author":1,"featured_media":3663,"parent":0,"menu_order":0,"comment_status":"closed","ping_status":"closed","template":"","meta":{"_acf_changed":false,"footnotes":""},"sujet":[],"class_list":["post-3929","page","type-page","status-publish","has-post-thumbnail","hentry"],"acf":[],"yoast_head":"<!-- This site is optimized with the Yoast SEO plugin v26.5 - https:\/\/yoast.com\/wordpress\/plugins\/seo\/ -->\n<title>Beheizter Campingpool Loiret | Beheizter Pool am Ufer der Loire<\/title>\n<meta name=\"robots\" content=\"index, follow, max-snippet:-1, max-image-preview:large, max-video-preview:-1\" \/>\n<link rel=\"canonical\" href=\"https:\/\/www.camping-bord-de-loire.com\/de\/camping-piscine-chauffee-loiret\/\" \/>\n<meta property=\"og:locale\" content=\"de_DE\" \/>\n<meta property=\"og:type\" content=\"article\" \/>\n<meta property=\"og:title\" content=\"Beheizter Campingpool Loiret | Beheizter Pool am Ufer der Loire\" \/>\n<meta property=\"og:url\" content=\"https:\/\/www.camping-bord-de-loire.com\/de\/camping-piscine-chauffee-loiret\/\" \/>\n<meta property=\"og:site_name\" content=\"Le Jardin de Sully\" \/>\n<meta property=\"article:publisher\" content=\"https:\/\/www.facebook.com\/CampingLeJardinDeSully\" \/>\n<meta property=\"article:modified_time\" content=\"2025-12-03T15:31:39+00:00\" \/>\n<meta property=\"og:image\" content=\"https:\/\/www.camping-bord-de-loire.com\/wp-content\/uploads\/2023\/04\/camping-piscine-chauffee-bord-loire.webp\" \/>\n\t<meta property=\"og:image:width\" content=\"1903\" \/>\n\t<meta property=\"og:image:height\" content=\"628\" \/>\n\t<meta property=\"og:image:type\" content=\"image\/webp\" \/>\n<meta name=\"twitter:card\" content=\"summary_large_image\" \/>\n<meta name=\"twitter:label1\" content=\"Gesch\u00e4tzte Lesezeit\" \/>\n\t<meta name=\"twitter:data1\" content=\"1\u00a0Minute\" \/>\n<script type=\"application\/ld+json\" class=\"yoast-schema-graph\">{\"@context\":\"https:\/\/schema.org\",\"@graph\":[{\"@type\":\"WebPage\",\"@id\":\"https:\/\/www.camping-bord-de-loire.com\/de\/camping-piscine-chauffee-loiret\/\",\"url\":\"https:\/\/www.camping-bord-de-loire.com\/de\/camping-piscine-chauffee-loiret\/\",\"name\":\"Beheizter Campingpool Loiret | Beheizter Pool am Ufer der Loire\",\"isPartOf\":{\"@id\":\"https:\/\/www.camping-bord-de-loire.com\/#website\"},\"primaryImageOfPage\":{\"@id\":\"https:\/\/www.camping-bord-de-loire.com\/de\/camping-piscine-chauffee-loiret\/#primaryimage\"},\"image\":{\"@id\":\"https:\/\/www.camping-bord-de-loire.com\/de\/camping-piscine-chauffee-loiret\/#primaryimage\"},\"thumbnailUrl\":\"https:\/\/www.camping-bord-de-loire.com\/wp-content\/uploads\/2023\/04\/camping-piscine-chauffee-bord-loire.webp\",\"datePublished\":\"2023-03-22T09:32:27+00:00\",\"dateModified\":\"2025-12-03T15:31:39+00:00\",\"breadcrumb\":{\"@id\":\"https:\/\/www.camping-bord-de-loire.com\/de\/camping-piscine-chauffee-loiret\/#breadcrumb\"},\"inLanguage\":\"de\",\"potentialAction\":[{\"@type\":\"ReadAction\",\"target\":[\"https:\/\/www.camping-bord-de-loire.com\/de\/camping-piscine-chauffee-loiret\/\"]}]},{\"@type\":\"ImageObject\",\"inLanguage\":\"de\",\"@id\":\"https:\/\/www.camping-bord-de-loire.com\/de\/camping-piscine-chauffee-loiret\/#primaryimage\",\"url\":\"https:\/\/www.camping-bord-de-loire.com\/wp-content\/uploads\/2023\/04\/camping-piscine-chauffee-bord-loire.webp\",\"contentUrl\":\"https:\/\/www.camping-bord-de-loire.com\/wp-content\/uploads\/2023\/04\/camping-piscine-chauffee-bord-loire.webp\",\"width\":1903,\"height\":628,\"caption\":\"Campingplatz beheizter Pool Loireufer\"},{\"@type\":\"BreadcrumbList\",\"@id\":\"https:\/\/www.camping-bord-de-loire.com\/de\/camping-piscine-chauffee-loiret\/#breadcrumb\",\"itemListElement\":[{\"@type\":\"ListItem\",\"position\":1,\"name\":\"Camping en bord de Loire\",\"item\":\"https:\/\/www.camping-bord-de-loire.com\/de\/\"},{\"@type\":\"ListItem\",\"position\":2,\"name\":\"Campingplatz mit beheiztem Pool am Ufer der Loire\"}]},{\"@type\":\"WebSite\",\"@id\":\"https:\/\/www.camping-bord-de-loire.com\/#website\",\"url\":\"https:\/\/www.camping-bord-de-loire.com\/\",\"name\":\"Flower Camping le Jardin de Sully\",\"description\":\"\",\"publisher\":{\"@id\":\"https:\/\/www.camping-bord-de-loire.com\/#organization\"},\"alternateName\":\"Camping le Jardin de Sully\",\"potentialAction\":[{\"@type\":\"SearchAction\",\"target\":{\"@type\":\"EntryPoint\",\"urlTemplate\":\"https:\/\/www.camping-bord-de-loire.com\/?s={search_term_string}\"},\"query-input\":{\"@type\":\"PropertyValueSpecification\",\"valueRequired\":true,\"valueName\":\"search_term_string\"}}],\"inLanguage\":\"de\"},{\"@type\":\"Organization\",\"@id\":\"https:\/\/www.camping-bord-de-loire.com\/#organization\",\"name\":\"Flower Camping Le Jardin De Sully (Ouvert \u00e0 l\u2019ann\u00e9e)\",\"alternateName\":\"Camping le Jardin de Sully\",\"url\":\"https:\/\/www.camping-bord-de-loire.com\/\",\"logo\":{\"@type\":\"ImageObject\",\"inLanguage\":\"de\",\"@id\":\"https:\/\/www.camping-bord-de-loire.com\/#\/schema\/logo\/image\/\",\"url\":\"https:\/\/www.camping-bord-de-loire.com\/wp-content\/uploads\/2023\/03\/camping-de-sully-logo-blanc.webp\",\"contentUrl\":\"https:\/\/www.camping-bord-de-loire.com\/wp-content\/uploads\/2023\/03\/camping-de-sully-logo-blanc.webp\",\"width\":250,\"height\":193,\"caption\":\"Flower Camping Le Jardin De Sully (Ouvert \u00e0 l\u2019ann\u00e9e)\"},\"image\":{\"@id\":\"https:\/\/www.camping-bord-de-loire.com\/#\/schema\/logo\/image\/\"},\"sameAs\":[\"https:\/\/www.facebook.com\/CampingLeJardinDeSully\"]}]}<\/script>\n<!-- \/ Yoast SEO plugin. -->","yoast_head_json":{"title":"Beheizter Campingpool Loiret | Beheizter Pool am Ufer der Loire","robots":{"index":"index","follow":"follow","max-snippet":"max-snippet:-1","max-image-preview":"max-image-preview:large","max-video-preview":"max-video-preview:-1"},"canonical":"https:\/\/www.camping-bord-de-loire.com\/de\/camping-piscine-chauffee-loiret\/","og_locale":"de_DE","og_type":"article","og_title":"Beheizter Campingpool Loiret | Beheizter Pool am Ufer der Loire","og_url":"https:\/\/www.camping-bord-de-loire.com\/de\/camping-piscine-chauffee-loiret\/","og_site_name":"Le Jardin de Sully","article_publisher":"https:\/\/www.facebook.com\/CampingLeJardinDeSully","article_modified_time":"2025-12-03T15:31:39+00:00","og_image":[{"width":1903,"height":628,"url":"https:\/\/www.camping-bord-de-loire.com\/wp-content\/uploads\/2023\/04\/camping-piscine-chauffee-bord-loire.webp","type":"image\/webp"}],"twitter_card":"summary_large_image","twitter_misc":{"Gesch\u00e4tzte Lesezeit":"1\u00a0Minute"},"schema":{"@context":"https:\/\/schema.org","@graph":[{"@type":"WebPage","@id":"https:\/\/www.camping-bord-de-loire.com\/de\/camping-piscine-chauffee-loiret\/","url":"https:\/\/www.camping-bord-de-loire.com\/de\/camping-piscine-chauffee-loiret\/","name":"Beheizter Campingpool Loiret | Beheizter Pool am Ufer der Loire","isPartOf":{"@id":"https:\/\/www.camping-bord-de-loire.com\/#website"},"primaryImageOfPage":{"@id":"https:\/\/www.camping-bord-de-loire.com\/de\/camping-piscine-chauffee-loiret\/#primaryimage"},"image":{"@id":"https:\/\/www.camping-bord-de-loire.com\/de\/camping-piscine-chauffee-loiret\/#primaryimage"},"thumbnailUrl":"https:\/\/www.camping-bord-de-loire.com\/wp-content\/uploads\/2023\/04\/camping-piscine-chauffee-bord-loire.webp","datePublished":"2023-03-22T09:32:27+00:00","dateModified":"2025-12-03T15:31:39+00:00","breadcrumb":{"@id":"https:\/\/www.camping-bord-de-loire.com\/de\/camping-piscine-chauffee-loiret\/#breadcrumb"},"inLanguage":"de","potentialAction":[{"@type":"ReadAction","target":["https:\/\/www.camping-bord-de-loire.com\/de\/camping-piscine-chauffee-loiret\/"]}]},{"@type":"ImageObject","inLanguage":"de","@id":"https:\/\/www.camping-bord-de-loire.com\/de\/camping-piscine-chauffee-loiret\/#primaryimage","url":"https:\/\/www.camping-bord-de-loire.com\/wp-content\/uploads\/2023\/04\/camping-piscine-chauffee-bord-loire.webp","contentUrl":"https:\/\/www.camping-bord-de-loire.com\/wp-content\/uploads\/2023\/04\/camping-piscine-chauffee-bord-loire.webp","width":1903,"height":628,"caption":"Campingplatz beheizter Pool Loireufer"},{"@type":"BreadcrumbList","@id":"https:\/\/www.camping-bord-de-loire.com\/de\/camping-piscine-chauffee-loiret\/#breadcrumb","itemListElement":[{"@type":"ListItem","position":1,"name":"Camping en bord de Loire","item":"https:\/\/www.camping-bord-de-loire.com\/de\/"},{"@type":"ListItem","position":2,"name":"Campingplatz mit beheiztem Pool am Ufer der Loire"}]},{"@type":"WebSite","@id":"https:\/\/www.camping-bord-de-loire.com\/#website","url":"https:\/\/www.camping-bord-de-loire.com\/","name":"Flower Camping le Jardin de Sully","description":"","publisher":{"@id":"https:\/\/www.camping-bord-de-loire.com\/#organization"},"alternateName":"Camping le Jardin de Sully","potentialAction":[{"@type":"SearchAction","target":{"@type":"EntryPoint","urlTemplate":"https:\/\/www.camping-bord-de-loire.com\/?s={search_term_string}"},"query-input":{"@type":"PropertyValueSpecification","valueRequired":true,"valueName":"search_term_string"}}],"inLanguage":"de"},{"@type":"Organization","@id":"https:\/\/www.camping-bord-de-loire.com\/#organization","name":"Flower Camping Le Jardin De Sully (Ouvert \u00e0 l\u2019ann\u00e9e)","alternateName":"Camping le Jardin de Sully","url":"https:\/\/www.camping-bord-de-loire.com\/","logo":{"@type":"ImageObject","inLanguage":"de","@id":"https:\/\/www.camping-bord-de-loire.com\/#\/schema\/logo\/image\/","url":"https:\/\/www.camping-bord-de-loire.com\/wp-content\/uploads\/2023\/03\/camping-de-sully-logo-blanc.webp","contentUrl":"https:\/\/www.camping-bord-de-loire.com\/wp-content\/uploads\/2023\/03\/camping-de-sully-logo-blanc.webp","width":250,"height":193,"caption":"Flower Camping Le Jardin De Sully (Ouvert \u00e0 l\u2019ann\u00e9e)"},"image":{"@id":"https:\/\/www.camping-bord-de-loire.com\/#\/schema\/logo\/image\/"},"sameAs":["https:\/\/www.facebook.com\/CampingLeJardinDeSully"]}]}},"_links":{"self":[{"href":"https:\/\/www.camping-bord-de-loire.com\/de\/wp-json\/wp\/v2\/pages\/3929","targetHints":{"allow":["GET"]}}],"collection":[{"href":"https:\/\/www.camping-bord-de-loire.com\/de\/wp-json\/wp\/v2\/pages"}],"about":[{"href":"https:\/\/www.camping-bord-de-loire.com\/de\/wp-json\/wp\/v2\/types\/page"}],"author":[{"embeddable":true,"href":"https:\/\/www.camping-bord-de-loire.com\/de\/wp-json\/wp\/v2\/users\/1"}],"replies":[{"embeddable":true,"href":"https:\/\/www.camping-bord-de-loire.com\/de\/wp-json\/wp\/v2\/comments?post=3929"}],"version-history":[{"count":3,"href":"https:\/\/www.camping-bord-de-loire.com\/de\/wp-json\/wp\/v2\/pages\/3929\/revisions"}],"predecessor-version":[{"id":4056,"href":"https:\/\/www.camping-bord-de-loire.com\/de\/wp-json\/wp\/v2\/pages\/3929\/revisions\/4056"}],"wp:featuredmedia":[{"embeddable":true,"href":"https:\/\/www.camping-bord-de-loire.com\/de\/wp-json\/wp\/v2\/media\/3663"}],"wp:attachment":[{"href":"https:\/\/www.camping-bord-de-loire.com\/de\/wp-json\/wp\/v2\/media?parent=3929"}],"wp:term":[{"taxonomy":"sujet","embeddable":true,"href":"https:\/\/www.camping-bord-de-loire.com\/de\/wp-json\/wp\/v2\/sujet?post=3929"}],"curies":[{"name":"wp","href":"https:\/\/api.w.org\/{rel}","templated":true}]}}