{"id":3836,"date":"2023-03-21T16:43:28","date_gmt":"2023-03-21T15:43:28","guid":{"rendered":"https:\/\/www.camping-bord-de-loire.com\/politique-de-confidentialite\/"},"modified":"2025-12-03T16:28:34","modified_gmt":"2025-12-03T15:28:34","slug":"politique-de-confidentialite","status":"publish","type":"page","link":"https:\/\/www.camping-bord-de-loire.com\/de\/politique-de-confidentialite\/","title":{"rendered":"Datenschutzerkl\u00e4rung"},"content":{"rendered":"<section id=\"ls-section-block_b74eb653f512576ca70ba06d0fa1377b\" class=\"ls-section \" >\r\n        <div class=\"container container--wide\">\r\n        \n\n<h1 class=\"ls__heading wp-block-heading has-text-align-center feuille-deco\">DATENSCHUTZERKL\u00c4RUNG<\/h1>\n\n\n\n<p class=\"ls-paragraph\">Diese Datenschutzerkl\u00e4rung beschreibt die personenbezogenen Daten, die erhoben oder generiert (verarbeitet) werden, wenn Sie die Website nutzen. Diese Datenschutzerkl\u00e4rung beschreibt die Arten von personenbezogenen Daten, die bei der Nutzung unserer Website erhoben werden, und wie Ihre personenbezogenen Daten verwendet, weitergegeben und gesch\u00fctzt werden. Sie erkl\u00e4rt auch, welche Wahlm\u00f6glichkeiten Sie bez\u00fcglich Ihrer personenbezogenen Daten haben und wie Sie uns kontaktieren k\u00f6nnen.  <\/p>\n\n\n\n<h2 class=\"ls__heading wp-block-heading\">Inhaltsverzeichnis<\/h2>\n\n\n\n<ul class=\"ls-list wp-block-list\">\n<li><a href=\"https:\/\/www.camping-bord-de-loire.com\/de\/politique-de-confidentialite\/#gdpr-1\">Wer sind wir?<\/a><\/li>\n\n\n\n<li><a href=\"https:\/\/www.camping-bord-de-loire.com\/de\/politique-de-confidentialite\/#gdpr-2\">Verwendung der erhobenen personenbezogenen Daten<\/a><\/li>\n\n\n\n<li><a href=\"https:\/\/www.camping-bord-de-loire.com\/de\/politique-de-confidentialite\/#gdpr-3\">Kommentare<\/a><\/li>\n\n\n\n<li><a href=\"https:\/\/www.camping-bord-de-loire.com\/de\/politique-de-confidentialite\/#gdpr-4\">Medien<\/a><\/li>\n\n\n\n<li><a href=\"https:\/\/www.camping-bord-de-loire.com\/de\/politique-de-confidentialite\/#gdpr-5\">Kontaktformulare<\/a><\/li>\n\n\n\n<li><a href=\"https:\/\/www.camping-bord-de-loire.com\/de\/politique-de-confidentialite\/#gdpr-6\">Verwendung von Cookies<\/a><\/li>\n\n\n\n<li><a href=\"https:\/\/www.camping-bord-de-loire.com\/de\/politique-de-confidentialite\/#gdpr-7\">Statistiken und Reichweitenmessung<\/a><\/li>\n\n\n\n<li><a href=\"https:\/\/www.camping-bord-de-loire.com\/de\/politique-de-confidentialite\/#gdpr-8\">Speicherdauer Ihrer Daten<\/a><\/li>\n\n\n\n<li><a href=\"https:\/\/www.camping-bord-de-loire.com\/de\/politique-de-confidentialite\/#gdpr-9\">Ihre Rechte bez\u00fcglich Ihrer Daten<\/a><\/li>\n\n\n\n<li><a href=\"https:\/\/www.camping-bord-de-loire.com\/de\/politique-de-confidentialite\/#gdpr-10\">Weitergabe Ihrer personenbezogenen Daten<\/a><\/li>\n\n\n\n<li><a href=\"https:\/\/www.camping-bord-de-loire.com\/de\/politique-de-confidentialite\/#gdpr-11\">Wie wir Ihre Daten sch\u00fctzen<\/a><\/li>\n\n\n\n<li><a href=\"https:\/\/www.camping-bord-de-loire.com\/de\/politique-de-confidentialite\/#gdpr-12\">Kontaktinformationen<\/a><\/li>\n<\/ul>\n\n\n\n<h2 class=\"ls__heading wp-block-heading\" id=\"gdpr-1\">Wer sind wir?<\/h2>\n\n\n\n<p class=\"ls-paragraph\">Alle unsere Informationen finden Sie auf der Seite <a href=\"https:\/\/www.camping-bord-de-loire.com\/de\/?page_id=3488\">Impressum<\/a>.<\/p>\n\n\n\n<h2 class=\"ls__heading wp-block-heading\" id=\"gdpr-2\">Verwendung der erhobenen personenbezogenen Daten<\/h2>\n\n\n\n<p class=\"ls-paragraph\">Wir erheben automatisch und direkt keine Daten \u00fcber Sie.<\/p>\n\n\n\n<p class=\"ls-paragraph\">Dennoch k\u00f6nnen wir Informationen, einschlie\u00dflich personenbezogener Daten, von Dritten erheben (siehe Abschnitt <a href=\"https:\/\/www.camping-bord-de-loire.com\/de\/politique-de-confidentialite\/#gdpr-5\">Cookies<\/a>).<\/p>\n\n\n\n<h2 class=\"ls__heading wp-block-heading\" id=\"gdpr-3\">Kommentare<\/h2>\n\n\n\n<p class=\"ls-paragraph\">Wenn Sie einen Kommentar auf unserer Website hinterlassen, werden die im Kommentarformular eingegebenen Daten, sowie Ihre IP-Adresse und der User-Agent Ihres Browsers erhoben, um uns bei der Erkennung unerw\u00fcnschter Kommentare zu helfen.<\/p>\n\n\n\n<p class=\"ls-paragraph\">Eine anonymisierte Zeichenkette, die aus Ihrer E-Mail-Adresse erstellt wird (auch Hash genannt), kann an den Gravatar-Dienst gesendet werden, um zu pr\u00fcfen, ob Sie diesen nutzen. Die Datenschutzbestimmungen des Gravatar-Dienstes sind verf\u00fcgbar unter https:\/\/automattic.com\/privacy\/. Nach Freigabe Ihres Kommentars wird Ihr Profilbild \u00f6ffentlich neben Ihrem Kommentar sichtbar sein. <\/p>\n\n\n\n<h2 class=\"ls__heading wp-block-heading\" id=\"gdpr-4\">Medien<\/h2>\n\n\n\n<p class=\"ls-paragraph\">Wenn Sie ein registrierter Nutzer sind und Bilder auf die Website hochladen, raten wir Ihnen, keine Bilder hochzuladen, die EXIF-Daten mit GPS-Koordinaten enthalten. Besucher Ihrer Website k\u00f6nnen Standortdaten aus diesen Bildern herunterladen und extrahieren. <\/p>\n\n\n\n<h2 class=\"ls__heading wp-block-heading\" id=\"gdpr-5\">Kontaktformulare<\/h2>\n\n\n\n<p class=\"ls-paragraph\">Sie k\u00f6nnen uns Informationen mitteilen, wenn Sie ein Formular ausf\u00fcllen. Diese werden uns per E-Mail \u00fcbermittelt und nicht au\u00dferhalb unseres E-Mail-Dienstes gespeichert. Diese Informationen werden ausschlie\u00dflich zur Beantwortung Ihrer Anfrage verwendet. Sollten Informationen f\u00fcr kommerzielle Zwecke verwendet werden, wird dies am Ende des Formulars vermerkt. Wir werden immer Ihre Zustimmung einholen, wenn Informationen \u00fcber ein Formular erhoben werden.  <\/p>\n\n\n\n<h2 class=\"ls__heading wp-block-heading\" id=\"gdpr-6\">Verwendung von Cookies<\/h2>\n\n\n\n<p class=\"ls-paragraph\"><strong>Was ist ein Cookie?<\/strong><br\/>Ein Cookie ist eine kleine Datendatei, die auf Ihr Ger\u00e4t \u00fcbertragen und dort gespeichert wird. Konkret erm\u00f6glicht uns ein Cookie beispielsweise, Ihren Browser zu erkennen, Ihre Sprache zu speichern oder Ihre Pr\u00e4ferenzen beizubehalten.<br\/>Auf unserer Website werden zwei Arten von Cookies verwendet: \u201eSitzungscookies\u201c und \u201epermanente Cookies\u201c. Sitzungscookies verfallen, wenn Sie Ihren Browser schlie\u00dfen, w\u00e4hrend permanente Cookies auf Ihrem Ger\u00e4t verbleiben, nachdem Sie Ihren Browser geschlossen haben, und bei Ihrem n\u00e4chsten Besuch auf unserer Website erneut verwendet werden k\u00f6nnen.  <\/p>\n\n\n\n<p class=\"ls-paragraph\">Weitere Informationen unter <a href=\"https:\/\/allaboutcookies.org\/fr\" target=\"_blank\" rel=\"noreferrer noopener\">allaboutcookies.org<\/a>.<\/p>\n\n\n\n<p class=\"ls-paragraph\"><strong>Unsere Cookies<\/strong><\/p>\n\n\n\n<p class=\"ls-paragraph\">Wenn Sie einen Kommentar auf unserer Website hinterlassen, wird Ihnen angeboten, Ihren Namen, Ihre E-Mail-Adresse und Ihre Website in Cookies zu speichern. Dies dient lediglich Ihrem Komfort, damit Sie diese Informationen nicht erneut eingeben m\u00fcssen, wenn Sie sp\u00e4ter einen weiteren Kommentar hinterlassen. Diese Cookies verfallen nach einem Jahr.  <\/p>\n\n\n\n<p class=\"ls-paragraph\">Wenn Sie ein Konto haben und sich auf dieser Website anmelden, wird ein tempor\u00e4res Cookie erstellt, um festzustellen, ob Ihr Browser Cookies akzeptiert. Es enth\u00e4lt keine personenbezogenen Daten und wird beim Schlie\u00dfen Ihres Browsers automatisch gel\u00f6scht. <\/p>\n\n\n\n<p class=\"ls-paragraph\">Wenn Sie sich anmelden, setzen wir eine Reihe von Cookies ein, um Ihre Anmeldeinformationen und Bildschirmpr\u00e4ferenzen zu speichern. Die Lebensdauer eines Anmelde-Cookies betr\u00e4gt zwei Tage, die eines Bildschirmoptions-Cookies ein Jahr. Wenn Sie \u201eAngemeldet bleiben\u201c ankreuzen, wird Ihr Anmelde-Cookie zwei Wochen lang gespeichert. Wenn Sie sich von Ihrem Konto abmelden, wird das Anmelde-Cookie gel\u00f6scht.   <\/p>\n\n\n\n<p class=\"ls-paragraph\">Wenn Sie einen Artikel bearbeiten oder ver\u00f6ffentlichen, wird ein zus\u00e4tzliches Cookie in Ihrem Browser gespeichert. Dieses Cookie enth\u00e4lt keine personenbezogenen Daten. Es zeigt lediglich die ID des Artikels an, den Sie gerade bearbeitet haben. Es verf\u00e4llt nach einem Tag.   <\/p>\n\n\n\n<p class=\"ls-paragraph\"><strong>Drittanbieter-Cookies<\/strong><\/p>\n\n\n\n<p class=\"ls-paragraph\">Die Artikel auf dieser Website k\u00f6nnen eingebettete Inhalte enthalten (z. B. Videos, Bilder, Artikel\u2026). Eingebettete Inhalte von anderen Websites verhalten sich genauso, als ob der Besucher diese andere Website besuchen w\u00fcrde. <\/p>\n\n\n\n<p class=\"ls-paragraph\">Diese Websites k\u00f6nnten Daten \u00fcber Sie sammeln, Cookies verwenden, Drittanbieter-Tracking-Tools einbetten und Ihre Interaktionen mit diesen eingebetteten Inhalten verfolgen, wenn Sie ein angemeldetes Konto auf deren Website haben.<\/p>\n\n\n\n<p class=\"ls-paragraph\">Wir k\u00f6nnen bestimmten Gesch\u00e4ftspartnern erlauben, Technologien auf unserer Website zu installieren. Diese Partner nutzen diese Technologien, um uns zu helfen, die Art und Weise zu analysieren, wie Sie die Website nutzen, wie zum Beispiel die Erfassung der Drittanbieterdienste, \u00fcber die Sie auf die Plattform gelangt sind, unsere Dienste auf unserer Website und auf Websites Dritter zu vermarkten und zu bewerben, uns bei der Erkennung und Verhinderung von Betrug oder der Durchf\u00fchrung von Risikobewertungen zu unterst\u00fctzen oder Informationen \u00fcber Ihre Aktivit\u00e4ten auf der Website zu sammeln. <\/p>\n\n\n\n<p class=\"ls-paragraph\">Unsere Website kann soziale Plugins verwenden, die von Drittunternehmen bereitgestellt und betrieben werden, wie zum Beispiel der Facebook-\u201eGef\u00e4llt mir\u201c-Button. Infolgedessen k\u00f6nnen Sie dem Drittanbieter die Informationen senden, die Sie in einem bestimmten Bereich unserer Website ansehen. Wenn Sie nicht bei Ihrem Konto des Drittanbieters angemeldet sind, kann dieser Ihre Identit\u00e4t nicht erfahren. Wenn Sie bei Ihrem Konto des Drittanbieters angemeldet sind, kann dieser die Informationen oder Aktionen bez\u00fcglich Ihrer Interaktionen mit unserer Website mit dem Konto verkn\u00fcpfen, das Sie bei dem betreffenden Drittanbieter haben. Bitte konsultieren Sie die Datenschutzrichtlinien des Drittanbieters, um mehr \u00fcber dessen Datenpraktiken zu erfahren.    <\/p>\n\n\n\n<p class=\"ls-paragraph\">Die Liste der auf dieser Website verwendeten Drittanbieter-Cookies ist \u00fcber das <a href=\"#moove_gdpr_cookie_modal\">Cookie-Verwaltungsfeld<\/a> verf\u00fcgbar.<\/p>\n\n\n\n<h2 class=\"ls__heading wp-block-heading\" id=\"gdpr-7\">Statistiken und Reichweitenmessung<\/h2>\n\n\n\n<p class=\"ls-paragraph\">F\u00fcr Analysezwecke arbeiten wir mit Google Analytics zusammen, um Informationen \u00fcber die Nutzung unserer Website zu erhalten und diese zu verbessern. Dieses kann \u00fcber das <a href=\"#moove_gdpr_cookie_modal\">Cookie-Verwaltungsfeld<\/a> deaktiviert werden. <\/p>\n\n\n\n<p class=\"ls-paragraph\">Um zu verhindern, dass Google Analytics Ihre Informationen f\u00fcr Analysezwecke verwendet, k\u00f6nnen Sie auch das Browser-Add-on zur Deaktivierung von Google Analytics installieren, indem Sie <a href=\"https:\/\/tools.google.com\/dlpage\/gaoptout\" rel=\"noreferrer noopener\" target=\"_blank\">hier<\/a> klicken. Beachten Sie, dass wir keine Kontrolle \u00fcber diesen Deaktivierungslink haben und nicht f\u00fcr die Verf\u00fcgbarkeit oder Richtigkeit dieses Mechanismus verantwortlich sind. Konsultieren Sie <a href=\"https:\/\/support.google.com\/analytics\/answer\/6004245\" rel=\"noreferrer noopener\" target=\"_blank\">diese Dokumentation<\/a> f\u00fcr weitere Informationen.  <\/p>\n\n\n\n<h2 class=\"ls__heading wp-block-heading\" id=\"gdpr-8\">Speicherdauer Ihrer Daten<\/h2>\n\n\n\n<p class=\"ls-paragraph\">Wenn Sie einen Kommentar hinterlassen, werden der Kommentar und seine Metadaten unbegrenzt gespeichert. Dies erm\u00f6glicht es, nachfolgende Kommentare automatisch zu erkennen und freizugeben, anstatt sie in der Moderationswarteschlange zu belassen. <\/p>\n\n\n\n<p class=\"ls-paragraph\">F\u00fcr Nutzer, die sich auf unserer Website registrieren (sofern dies m\u00f6glich ist), speichern wir auch die in ihrem Profil angegebenen personenbezogenen Daten. Alle Nutzer k\u00f6nnen ihre pers\u00f6nlichen Informationen jederzeit einsehen, \u00e4ndern oder l\u00f6schen (mit Ausnahme ihres Benutzernamens). Die Website-Administratoren k\u00f6nnen diese Informationen ebenfalls einsehen und \u00e4ndern.  <\/p>\n\n\n\n<h2 class=\"ls__heading wp-block-heading\" id=\"gdpr-9\">Ihre Rechte bez\u00fcglich Ihrer Daten<\/h2>\n\n\n\n<p class=\"ls-paragraph\">Wenn Sie ein Konto haben oder Kommentare auf der Website hinterlassen haben, k\u00f6nnen Sie eine Datei mit allen personenbezogenen Daten anfordern, die wir \u00fcber Sie gespeichert haben, einschlie\u00dflich derer, die Sie uns zur Verf\u00fcgung gestellt haben. Sie k\u00f6nnen auch die L\u00f6schung Ihrer personenbezogenen Daten verlangen. Dies umfasst keine Daten, die aus administrativen, rechtlichen oder Sicherheitsgr\u00fcnden gespeichert werden.  <\/p>\n\n\n\n<h2 class=\"ls__heading wp-block-heading\" id=\"gdpr-10\">Weitergabe Ihrer personenbezogenen Daten<\/h2>\n\n\n\n<p class=\"ls-paragraph\">Besucherkommentare k\u00f6nnen mithilfe eines automatisierten Dienstes zur Erkennung unerw\u00fcnschter Kommentare \u00fcberpr\u00fcft werden.<br\/>Alle von uns verarbeiteten personenbezogenen Daten werden im Herzen der Europ\u00e4ischen Union verarbeitet.<\/p>\n\n\n\n<h2 class=\"ls__heading wp-block-heading\" id=\"gdpr-11\">Wie wir Ihre Daten sch\u00fctzen<\/h2>\n\n\n\n<p class=\"ls-paragraph\">Wir implementieren und aktualisieren st\u00e4ndig die <strong>Sicherheit<\/strong> der Website, um Ihre Informationen vor unbefugtem Zugriff, Verlust, Zerst\u00f6rung oder Ver\u00e4nderung zu sch\u00fctzen. Wir arbeiten daran, Ihre Daten so unverwundbar wie m\u00f6glich zu machen. Da das Internet keine 100% sichere Umgebung ist, k\u00f6nnen wir die Sicherheit der \u00dcbertragung oder Speicherung Ihrer Informationen nicht vollst\u00e4ndig garantieren.  <\/p>\n\n\n\n<h2 class=\"ls__heading wp-block-heading\" id=\"gdpr-12\">Kontaktinformationen<\/h2>\n\n\n\n<p class=\"ls-paragraph\">F\u00fcr Anfragen oder Fragen bez\u00fcglich Ihrer personenbezogenen Daten kontaktieren Sie uns unter rgpd@geek-tonic.com. Weitere Kontaktinformationen finden Sie in unserem <a href=\"https:\/\/www.camping-bord-de-loire.com\/de\/?page_id=3488\">Impressum<\/a>. Bitte beachten Sie, dass wir Sie m\u00f6glicherweise bitten, Ihre Identit\u00e4t zu \u00fcberpr\u00fcfen, bevor wir weitere Schritte bez\u00fcglich Ihrer Anfrage unternehmen. <\/p>\n\n\r\n    <\/div>\r\n<\/section>","protected":false},"excerpt":{"rendered":"","protected":false},"author":1,"featured_media":0,"parent":0,"menu_order":0,"comment_status":"closed","ping_status":"open","template":"","meta":{"_acf_changed":false,"footnotes":""},"sujet":[],"class_list":["post-3836","page","type-page","status-publish","hentry"],"acf":[],"yoast_head":"<!-- This site is optimized with the Yoast SEO plugin v26.5 - https:\/\/yoast.com\/wordpress\/plugins\/seo\/ -->\n<title>Datenschutzerkl\u00e4rung - Le Jardin de Sully<\/title>\n<meta name=\"robots\" content=\"noindex, nofollow\" \/>\n<meta property=\"og:locale\" content=\"de_DE\" \/>\n<meta property=\"og:type\" content=\"article\" \/>\n<meta property=\"og:title\" content=\"Datenschutzerkl\u00e4rung - Le Jardin de Sully\" \/>\n<meta property=\"og:url\" content=\"https:\/\/www.camping-bord-de-loire.com\/de\/politique-de-confidentialite\/\" \/>\n<meta property=\"og:site_name\" content=\"Le Jardin de Sully\" \/>\n<meta property=\"article:publisher\" content=\"https:\/\/www.facebook.com\/CampingLeJardinDeSully\" \/>\n<meta property=\"article:modified_time\" content=\"2025-12-03T15:28:34+00:00\" \/>\n<meta name=\"twitter:card\" content=\"summary_large_image\" \/>\n<meta name=\"twitter:label1\" content=\"Gesch\u00e4tzte Lesezeit\" \/>\n\t<meta name=\"twitter:data1\" content=\"6\u00a0Minuten\" \/>\n<script type=\"application\/ld+json\" class=\"yoast-schema-graph\">{\"@context\":\"https:\/\/schema.org\",\"@graph\":[{\"@type\":\"WebPage\",\"@id\":\"https:\/\/www.camping-bord-de-loire.com\/de\/politique-de-confidentialite\/\",\"url\":\"https:\/\/www.camping-bord-de-loire.com\/de\/politique-de-confidentialite\/\",\"name\":\"Datenschutzerkl\u00e4rung - Le Jardin de Sully\",\"isPartOf\":{\"@id\":\"https:\/\/www.camping-bord-de-loire.com\/#website\"},\"datePublished\":\"2023-03-21T15:43:28+00:00\",\"dateModified\":\"2025-12-03T15:28:34+00:00\",\"breadcrumb\":{\"@id\":\"https:\/\/www.camping-bord-de-loire.com\/de\/politique-de-confidentialite\/#breadcrumb\"},\"inLanguage\":\"de\",\"potentialAction\":[{\"@type\":\"ReadAction\",\"target\":[\"https:\/\/www.camping-bord-de-loire.com\/de\/politique-de-confidentialite\/\"]}]},{\"@type\":\"BreadcrumbList\",\"@id\":\"https:\/\/www.camping-bord-de-loire.com\/de\/politique-de-confidentialite\/#breadcrumb\",\"itemListElement\":[{\"@type\":\"ListItem\",\"position\":1,\"name\":\"Camping en bord de Loire\",\"item\":\"https:\/\/www.camping-bord-de-loire.com\/de\/\"},{\"@type\":\"ListItem\",\"position\":2,\"name\":\"Datenschutzerkl\u00e4rung\"}]},{\"@type\":\"WebSite\",\"@id\":\"https:\/\/www.camping-bord-de-loire.com\/#website\",\"url\":\"https:\/\/www.camping-bord-de-loire.com\/\",\"name\":\"Flower Camping le Jardin de Sully\",\"description\":\"\",\"publisher\":{\"@id\":\"https:\/\/www.camping-bord-de-loire.com\/#organization\"},\"alternateName\":\"Camping le Jardin de Sully\",\"potentialAction\":[{\"@type\":\"SearchAction\",\"target\":{\"@type\":\"EntryPoint\",\"urlTemplate\":\"https:\/\/www.camping-bord-de-loire.com\/?s={search_term_string}\"},\"query-input\":{\"@type\":\"PropertyValueSpecification\",\"valueRequired\":true,\"valueName\":\"search_term_string\"}}],\"inLanguage\":\"de\"},{\"@type\":\"Organization\",\"@id\":\"https:\/\/www.camping-bord-de-loire.com\/#organization\",\"name\":\"Flower Camping Le Jardin De Sully (Ouvert \u00e0 l\u2019ann\u00e9e)\",\"alternateName\":\"Camping le Jardin de Sully\",\"url\":\"https:\/\/www.camping-bord-de-loire.com\/\",\"logo\":{\"@type\":\"ImageObject\",\"inLanguage\":\"de\",\"@id\":\"https:\/\/www.camping-bord-de-loire.com\/#\/schema\/logo\/image\/\",\"url\":\"https:\/\/www.camping-bord-de-loire.com\/wp-content\/uploads\/2023\/03\/camping-de-sully-logo-blanc.webp\",\"contentUrl\":\"https:\/\/www.camping-bord-de-loire.com\/wp-content\/uploads\/2023\/03\/camping-de-sully-logo-blanc.webp\",\"width\":250,\"height\":193,\"caption\":\"Flower Camping Le Jardin De Sully (Ouvert \u00e0 l\u2019ann\u00e9e)\"},\"image\":{\"@id\":\"https:\/\/www.camping-bord-de-loire.com\/#\/schema\/logo\/image\/\"},\"sameAs\":[\"https:\/\/www.facebook.com\/CampingLeJardinDeSully\"]}]}<\/script>\n<!-- \/ Yoast SEO plugin. -->","yoast_head_json":{"title":"Datenschutzerkl\u00e4rung - Le Jardin de Sully","robots":{"index":"noindex","follow":"nofollow"},"og_locale":"de_DE","og_type":"article","og_title":"Datenschutzerkl\u00e4rung - Le Jardin de Sully","og_url":"https:\/\/www.camping-bord-de-loire.com\/de\/politique-de-confidentialite\/","og_site_name":"Le Jardin de Sully","article_publisher":"https:\/\/www.facebook.com\/CampingLeJardinDeSully","article_modified_time":"2025-12-03T15:28:34+00:00","twitter_card":"summary_large_image","twitter_misc":{"Gesch\u00e4tzte Lesezeit":"6\u00a0Minuten"},"schema":{"@context":"https:\/\/schema.org","@graph":[{"@type":"WebPage","@id":"https:\/\/www.camping-bord-de-loire.com\/de\/politique-de-confidentialite\/","url":"https:\/\/www.camping-bord-de-loire.com\/de\/politique-de-confidentialite\/","name":"Datenschutzerkl\u00e4rung - Le Jardin de Sully","isPartOf":{"@id":"https:\/\/www.camping-bord-de-loire.com\/#website"},"datePublished":"2023-03-21T15:43:28+00:00","dateModified":"2025-12-03T15:28:34+00:00","breadcrumb":{"@id":"https:\/\/www.camping-bord-de-loire.com\/de\/politique-de-confidentialite\/#breadcrumb"},"inLanguage":"de","potentialAction":[{"@type":"ReadAction","target":["https:\/\/www.camping-bord-de-loire.com\/de\/politique-de-confidentialite\/"]}]},{"@type":"BreadcrumbList","@id":"https:\/\/www.camping-bord-de-loire.com\/de\/politique-de-confidentialite\/#breadcrumb","itemListElement":[{"@type":"ListItem","position":1,"name":"Camping en bord de Loire","item":"https:\/\/www.camping-bord-de-loire.com\/de\/"},{"@type":"ListItem","position":2,"name":"Datenschutzerkl\u00e4rung"}]},{"@type":"WebSite","@id":"https:\/\/www.camping-bord-de-loire.com\/#website","url":"https:\/\/www.camping-bord-de-loire.com\/","name":"Flower Camping le Jardin de Sully","description":"","publisher":{"@id":"https:\/\/www.camping-bord-de-loire.com\/#organization"},"alternateName":"Camping le Jardin de Sully","potentialAction":[{"@type":"SearchAction","target":{"@type":"EntryPoint","urlTemplate":"https:\/\/www.camping-bord-de-loire.com\/?s={search_term_string}"},"query-input":{"@type":"PropertyValueSpecification","valueRequired":true,"valueName":"search_term_string"}}],"inLanguage":"de"},{"@type":"Organization","@id":"https:\/\/www.camping-bord-de-loire.com\/#organization","name":"Flower Camping Le Jardin De Sully (Ouvert \u00e0 l\u2019ann\u00e9e)","alternateName":"Camping le Jardin de Sully","url":"https:\/\/www.camping-bord-de-loire.com\/","logo":{"@type":"ImageObject","inLanguage":"de","@id":"https:\/\/www.camping-bord-de-loire.com\/#\/schema\/logo\/image\/","url":"https:\/\/www.camping-bord-de-loire.com\/wp-content\/uploads\/2023\/03\/camping-de-sully-logo-blanc.webp","contentUrl":"https:\/\/www.camping-bord-de-loire.com\/wp-content\/uploads\/2023\/03\/camping-de-sully-logo-blanc.webp","width":250,"height":193,"caption":"Flower Camping Le Jardin De Sully (Ouvert \u00e0 l\u2019ann\u00e9e)"},"image":{"@id":"https:\/\/www.camping-bord-de-loire.com\/#\/schema\/logo\/image\/"},"sameAs":["https:\/\/www.facebook.com\/CampingLeJardinDeSully"]}]}},"_links":{"self":[{"href":"https:\/\/www.camping-bord-de-loire.com\/de\/wp-json\/wp\/v2\/pages\/3836","targetHints":{"allow":["GET"]}}],"collection":[{"href":"https:\/\/www.camping-bord-de-loire.com\/de\/wp-json\/wp\/v2\/pages"}],"about":[{"href":"https:\/\/www.camping-bord-de-loire.com\/de\/wp-json\/wp\/v2\/types\/page"}],"author":[{"embeddable":true,"href":"https:\/\/www.camping-bord-de-loire.com\/de\/wp-json\/wp\/v2\/users\/1"}],"replies":[{"embeddable":true,"href":"https:\/\/www.camping-bord-de-loire.com\/de\/wp-json\/wp\/v2\/comments?post=3836"}],"version-history":[{"count":3,"href":"https:\/\/www.camping-bord-de-loire.com\/de\/wp-json\/wp\/v2\/pages\/3836\/revisions"}],"predecessor-version":[{"id":4030,"href":"https:\/\/www.camping-bord-de-loire.com\/de\/wp-json\/wp\/v2\/pages\/3836\/revisions\/4030"}],"wp:attachment":[{"href":"https:\/\/www.camping-bord-de-loire.com\/de\/wp-json\/wp\/v2\/media?parent=3836"}],"wp:term":[{"taxonomy":"sujet","embeddable":true,"href":"https:\/\/www.camping-bord-de-loire.com\/de\/wp-json\/wp\/v2\/sujet?post=3836"}],"curies":[{"name":"wp","href":"https:\/\/api.w.org\/{rel}","templated":true}]}}