{"id":3536,"date":"2023-03-22T10:34:20","date_gmt":"2023-03-22T09:34:20","guid":{"rendered":"https:\/\/www.camping-bord-de-loire.com\/cyclisme-loiret\/"},"modified":"2025-12-03T16:32:34","modified_gmt":"2025-12-03T15:32:34","slug":"cyclisme-loiret","status":"publish","type":"page","link":"https:\/\/www.camping-bord-de-loire.com\/de\/cyclisme-loiret\/","title":{"rendered":"Loiret mit dem Fahrrad"},"content":{"rendered":"<section id=\"ls-section-block_648ed764dcf75ca75c9abb9591088913\" class=\"ls-section  home-chapeau has-p-b p-b-0\" >\r\n        <div class=\"container container--wide\">\r\n        \n\n<h1 class=\"ls__heading wp-block-heading has-text-align-center deco-center castel\">Entdecke das Loiret mit dem Fahrrad<\/h1>\n\n\r\n    <\/div>\r\n<\/section><section id=\"ls-section-block_31da86014645221ab0618228b0722df1\" class=\"ls-section  page-one has-p-t p-t-10 has-p-b p-b-14\" >\r\n        <div class=\"container container--wide\">\r\n        \n\n<div class=\"wp-block-columns is-layout-flex wp-container-core-columns-is-layout-9d6595d7 wp-block-columns-is-layout-flex\">\n<div class=\"wp-block-column is-layout-flow wp-block-column-is-layout-flow\" style=\"flex-basis:66.66%\">\n<figure class=\"wp-block-image size-full animated fadeIn slow\"><img decoding=\"async\" width=\"864\" height=\"575\" src=\"https:\/\/www.camping-bord-de-loire.com\/wp-content\/uploads\/2023\/04\/loire-velo-1.webp\" alt=\"Loire Rad\" class=\"wp-image-848\" srcset=\"https:\/\/www.camping-bord-de-loire.com\/wp-content\/uploads\/2023\/04\/loire-velo-1.webp 864w, https:\/\/www.camping-bord-de-loire.com\/wp-content\/uploads\/2023\/04\/loire-velo-1-300x200.webp 300w, https:\/\/www.camping-bord-de-loire.com\/wp-content\/uploads\/2023\/04\/loire-velo-1-768x511.webp 768w\" sizes=\"(max-width: 864px) 100vw, 864px\" \/><\/figure>\n<\/div>\n\n\n\n<div class=\"wp-block-column is-vertically-aligned-center is-layout-flow wp-block-column-is-layout-flow\" style=\"flex-basis:33.33%\">\n<h2 class=\"ls__heading wp-block-heading deco\">Die sch\u00f6nsten Radtouren im Loiret<\/h2>\n\n\n\n<p class=\"ls-paragraph\">Du kannst von unserem <a href=\"https:\/\/www.camping-bord-de-loire.com\/de\/\">Campingplatz im Loiret<\/a> starten und auf dem <strong>Radweg Loire \u00e0 V\u00e9lo<\/strong> fahren oder die <strong>Scandib\u00e9rique<\/strong> im Loiret durchqueren.<\/p>\n\n\n\n<p class=\"ls-paragraph\">Ausfl\u00fcge in die W\u00e4lder von Orl\u00e9ans und Sologne, Teiche der Beauce-Ebene, Weinberge und H\u00fcgel sind nur einige der Landschaften, die du auf deiner Route entdecken wirst. Eine einst\u00fcndige, eint\u00e4gige oder mehrt\u00e4gige Tour \u2013 alles ist m\u00f6glich! <\/p>\n<\/div>\n<\/div>\n\n\r\n    <\/div>\r\n<\/section><section id=\"ls-section-block_0f31212fdcef16181f5cf09a4cd3fd38\" class=\"ls-section  page-parallax-bis has-parallax has-p-t p-t-14 has-p-b p-b-14\" >\r\n        <div class=\"container \">\r\n        \r\n    <\/div>\r\n<\/section><section id=\"ls-section-block_de7b2f7c2c579816de16ffe050a4b267\" class=\"ls-section  page-parallax\" >\r\n        <div class=\"container container--full\">\r\n        \n\n<div class=\"wp-block-columns is-layout-flex wp-container-core-columns-is-layout-9d6595d7 wp-block-columns-is-layout-flex\">\n<div class=\"wp-block-column left is-layout-flow wp-block-column-is-layout-flow\"><\/div>\n\n\n\n<div class=\"wp-block-column right has-color-white-background-color has-background is-layout-flow wp-block-column-is-layout-flow\">\n<h2 class=\"ls__heading wp-block-heading deco\">Unsere Unterk\u00fcnfte f\u00fcr Radfahrer<\/h2>\n\n\n\n<p class=\"ls-paragraph\">Unser Campingplatz liegt ideal in der N\u00e4he von <strong>sch\u00f6nen Radwegen<\/strong> im Loiret. Wir bieten dir sogar \u00dcbernachtungsm\u00f6glichkeiten f\u00fcr deine Ausfl\u00fcge an, um <strong>das Loiret mit dem Fahrrad zu entdecken<\/strong>! Unsere Camp\u00e9toiles und Pods sind zum Beispiel sehr gute Optionen! <\/p>\n<\/div>\n<\/div>\n\n\r\n    <\/div>\r\n<\/section><section id=\"ls-section-block_2dafdf412bcfdb0411d9cd5d7143cdf1\" class=\"ls-section  page-two fond-degrade has-p-b p-b-14\" >\r\n        <div class=\"container container--wide\">\r\n        \n\n<div class=\"wp-block-columns is-layout-flex wp-container-core-columns-is-layout-9d6595d7 wp-block-columns-is-layout-flex\">\n<div class=\"wp-block-column is-vertically-aligned-center is-layout-flow wp-block-column-is-layout-flow\" style=\"flex-basis:33.33%\">\n<h2 class=\"ls__heading wp-block-heading\">Fahrradverleih an der Loire<\/h2>\n\n\n\n<p class=\"ls-paragraph\">Es ist durchaus m\u00f6glich, <strong>ein Fahrrad in der N\u00e4he des Campingplatzes<\/strong> Le Jardin de Sully in 15 Gehminuten zu mieten.<\/p>\n\n\n\n<p class=\"ls-paragraph\">Entdecke die <strong>Loire mit dem Fahrrad<\/strong> und verbringe eine tolle Zeit auf den <strong>Radwegen, allein oder in Begleitung<\/strong>. <\/p>\n<\/div>\n\n\n\n<div class=\"wp-block-column is-layout-flow wp-block-column-is-layout-flow\" style=\"flex-basis:66.66%\">\n<figure class=\"wp-block-image size-full animated fadeIn slow\"><img decoding=\"async\" width=\"864\" height=\"575\" src=\"https:\/\/www.camping-bord-de-loire.com\/wp-content\/uploads\/2023\/04\/loiret-camping-cyclistes-2.webp\" alt=\"Loiret Camping Radfahrer 2\" class=\"wp-image-1067\" srcset=\"https:\/\/www.camping-bord-de-loire.com\/wp-content\/uploads\/2023\/04\/loiret-camping-cyclistes-2.webp 864w, https:\/\/www.camping-bord-de-loire.com\/wp-content\/uploads\/2023\/04\/loiret-camping-cyclistes-2-300x200.webp 300w, https:\/\/www.camping-bord-de-loire.com\/wp-content\/uploads\/2023\/04\/loiret-camping-cyclistes-2-768x511.webp 768w\" sizes=\"(max-width: 864px) 100vw, 864px\" \/><\/figure>\n<\/div>\n<\/div>\n\n\r\n    <\/div>\r\n<\/section><section id=\"ls-section-block_b8df4bae18f29c706ab1422392d8e35d\" class=\"ls-section  page-maillage has-p-t p-t-14 has-p-b p-b-14\" >\r\n        <div class=\"container container--wide\">\r\n        \n\n<div id=\"ls-heading ls-titre-div-block_3bbc0ad5f0e7858979cb76d21c2e55d4\" class=\"ls-titre-div deco aligncenter h2-like\" >\n    Entdecke unsere Stellpl\u00e4tze und die Umgebung des Campingplatzes<\/div>\n\n\n<div id=\"ls-maillage-block_93115b2ba4b83f72687604839681cd07\" class=\"ls-maillage cta-style-normal\" data-rows=\"3\">\r\n    <div class=\"wp-block-columns\"><div class=\"wp-block-column\">\n\n<a href=\"https:\/\/www.camping-bord-de-loire.com\/de\/location-emplacement-loiret\/\" target=\"\" rel=\"noopener\" class=\"ls-cta__link\">\n\n\t<div class=\"ls-cta__image\"><img decoding=\"async\" src=\"https:\/\/www.camping-bord-de-loire.com\/wp-content\/uploads\/2023\/04\/emplacement-caravaning-loiret.webp\" alt=\"Wohnwagenstellplatz Loiret\"><\/div>\n\t<div class=\"ls-cta__title\">\n\t\tUnsere Stellpl\u00e4tze\t<\/div>\n\n\t\t\n<\/a><\/div><div class=\"wp-block-column\">\n\n<a href=\"https:\/\/www.camping-bord-de-loire.com\/de\/tourisme-loiret\/\" target=\"\" rel=\"noopener\" class=\"ls-cta__link\">\n\n\t<div class=\"ls-cta__image\"><img decoding=\"async\" src=\"https:\/\/www.camping-bord-de-loire.com\/wp-content\/uploads\/2023\/04\/chateau-loiret-2-768x512.webp\" alt=\"Schloss Loiret 2\"><\/div>\n\t<div class=\"ls-cta__title\">\n\t\tTourismus\t<\/div>\n\n\t\t\n<\/a><\/div><div class=\"wp-block-column\">\n\n<a href=\"https:\/\/www.camping-bord-de-loire.com\/de\/activites-loiret\/\" target=\"\" rel=\"noopener\" class=\"ls-cta__link\">\n\n\t<div class=\"ls-cta__image\"><img decoding=\"async\" src=\"https:\/\/www.camping-bord-de-loire.com\/wp-content\/uploads\/2023\/04\/vacances-sportives-loiret.webp\" alt=\"Sporturlaub Loiret\"><\/div>\n\t<div class=\"ls-cta__title\">\n\t\tAktivit\u00e4ten im Loiret\t<\/div>\n\n\t\t\n<\/a><\/div><\/div><\/div>\n\r\n    <\/div>\r\n<\/section>","protected":false},"excerpt":{"rendered":"","protected":false},"author":1,"featured_media":3539,"parent":0,"menu_order":0,"comment_status":"closed","ping_status":"closed","template":"","meta":{"_acf_changed":false,"footnotes":""},"sujet":[],"class_list":["post-3536","page","type-page","status-publish","has-post-thumbnail","hentry"],"acf":[],"yoast_head":"<!-- This site is optimized with the Yoast SEO plugin v26.5 - https:\/\/yoast.com\/wordpress\/plugins\/seo\/ -->\n<title>Unterk\u00fcnfte f\u00fcr Radfahrer im Loiret | Radrouten und Radtouren<\/title>\n<meta name=\"description\" content=\"Entdecke das Loiret mit dem Fahrrad und \u00fcbernachte auf dem Campingplatz Le Jardin de Sully, der an der Route der Loire \u00e0 V\u00e9lo und des GR3 liegt\" \/>\n<meta name=\"robots\" content=\"index, follow, max-snippet:-1, max-image-preview:large, max-video-preview:-1\" \/>\n<link rel=\"canonical\" href=\"https:\/\/www.camping-bord-de-loire.com\/de\/?page_id=3536\" \/>\n<meta property=\"og:locale\" content=\"de_DE\" \/>\n<meta property=\"og:type\" content=\"article\" \/>\n<meta property=\"og:title\" content=\"Unterk\u00fcnfte f\u00fcr Radfahrer im Loiret | Radrouten und Radtouren\" \/>\n<meta property=\"og:description\" content=\"Entdecke das Loiret mit dem Fahrrad und \u00fcbernachte auf dem Campingplatz Le Jardin de Sully, der an der Route der Loire \u00e0 V\u00e9lo und des GR3 liegt\" \/>\n<meta property=\"og:url\" content=\"https:\/\/www.camping-bord-de-loire.com\/de\/?page_id=3536\" \/>\n<meta property=\"og:site_name\" content=\"Le Jardin de Sully\" \/>\n<meta property=\"article:publisher\" content=\"https:\/\/www.facebook.com\/CampingLeJardinDeSully\" \/>\n<meta property=\"article:modified_time\" content=\"2025-12-03T15:32:34+00:00\" \/>\n<meta property=\"og:image\" content=\"https:\/\/www.camping-bord-de-loire.com\/wp-content\/uploads\/2023\/04\/loiret-sentiers-cyclistes-1.webp\" \/>\n\t<meta property=\"og:image:width\" content=\"1903\" \/>\n\t<meta property=\"og:image:height\" content=\"628\" \/>\n\t<meta property=\"og:image:type\" content=\"image\/webp\" \/>\n<meta name=\"twitter:card\" content=\"summary_large_image\" \/>\n<meta name=\"twitter:label1\" content=\"Gesch\u00e4tzte Lesezeit\" \/>\n\t<meta name=\"twitter:data1\" content=\"1\u00a0Minute\" \/>\n<script type=\"application\/ld+json\" class=\"yoast-schema-graph\">{\"@context\":\"https:\/\/schema.org\",\"@graph\":[{\"@type\":\"WebPage\",\"@id\":\"https:\/\/www.camping-bord-de-loire.com\/de\/?page_id=3536\",\"url\":\"https:\/\/www.camping-bord-de-loire.com\/de\/?page_id=3536\",\"name\":\"Unterk\u00fcnfte f\u00fcr Radfahrer im Loiret | Radrouten und Radtouren\",\"isPartOf\":{\"@id\":\"https:\/\/www.camping-bord-de-loire.com\/#website\"},\"primaryImageOfPage\":{\"@id\":\"https:\/\/www.camping-bord-de-loire.com\/de\/?page_id=3536#primaryimage\"},\"image\":{\"@id\":\"https:\/\/www.camping-bord-de-loire.com\/de\/?page_id=3536#primaryimage\"},\"thumbnailUrl\":\"https:\/\/www.camping-bord-de-loire.com\/wp-content\/uploads\/2023\/04\/loiret-sentiers-cyclistes-1.webp\",\"datePublished\":\"2023-03-22T09:34:20+00:00\",\"dateModified\":\"2025-12-03T15:32:34+00:00\",\"description\":\"Entdecke das Loiret mit dem Fahrrad und \u00fcbernachte auf dem Campingplatz Le Jardin de Sully, der an der Route der Loire \u00e0 V\u00e9lo und des GR3 liegt\",\"breadcrumb\":{\"@id\":\"https:\/\/www.camping-bord-de-loire.com\/de\/?page_id=3536#breadcrumb\"},\"inLanguage\":\"de\",\"potentialAction\":[{\"@type\":\"ReadAction\",\"target\":[\"https:\/\/www.camping-bord-de-loire.com\/de\/?page_id=3536\"]}]},{\"@type\":\"ImageObject\",\"inLanguage\":\"de\",\"@id\":\"https:\/\/www.camping-bord-de-loire.com\/de\/?page_id=3536#primaryimage\",\"url\":\"https:\/\/www.camping-bord-de-loire.com\/wp-content\/uploads\/2023\/04\/loiret-sentiers-cyclistes-1.webp\",\"contentUrl\":\"https:\/\/www.camping-bord-de-loire.com\/wp-content\/uploads\/2023\/04\/loiret-sentiers-cyclistes-1.webp\",\"width\":1903,\"height\":628,\"caption\":\"Loiret Radwege 1\"},{\"@type\":\"BreadcrumbList\",\"@id\":\"https:\/\/www.camping-bord-de-loire.com\/de\/?page_id=3536#breadcrumb\",\"itemListElement\":[{\"@type\":\"ListItem\",\"position\":1,\"name\":\"Camping en bord de Loire\",\"item\":\"https:\/\/www.camping-bord-de-loire.com\/de\/\"},{\"@type\":\"ListItem\",\"position\":2,\"name\":\"Unterkunft f\u00fcr Radfahrer im Loiret\"}]},{\"@type\":\"WebSite\",\"@id\":\"https:\/\/www.camping-bord-de-loire.com\/#website\",\"url\":\"https:\/\/www.camping-bord-de-loire.com\/\",\"name\":\"Flower Camping le Jardin de Sully\",\"description\":\"\",\"publisher\":{\"@id\":\"https:\/\/www.camping-bord-de-loire.com\/#organization\"},\"alternateName\":\"Camping le Jardin de Sully\",\"potentialAction\":[{\"@type\":\"SearchAction\",\"target\":{\"@type\":\"EntryPoint\",\"urlTemplate\":\"https:\/\/www.camping-bord-de-loire.com\/?s={search_term_string}\"},\"query-input\":{\"@type\":\"PropertyValueSpecification\",\"valueRequired\":true,\"valueName\":\"search_term_string\"}}],\"inLanguage\":\"de\"},{\"@type\":\"Organization\",\"@id\":\"https:\/\/www.camping-bord-de-loire.com\/#organization\",\"name\":\"Flower Camping Le Jardin De Sully (Ouvert \u00e0 l\u2019ann\u00e9e)\",\"alternateName\":\"Camping le Jardin de Sully\",\"url\":\"https:\/\/www.camping-bord-de-loire.com\/\",\"logo\":{\"@type\":\"ImageObject\",\"inLanguage\":\"de\",\"@id\":\"https:\/\/www.camping-bord-de-loire.com\/#\/schema\/logo\/image\/\",\"url\":\"https:\/\/www.camping-bord-de-loire.com\/wp-content\/uploads\/2023\/03\/camping-de-sully-logo-blanc.webp\",\"contentUrl\":\"https:\/\/www.camping-bord-de-loire.com\/wp-content\/uploads\/2023\/03\/camping-de-sully-logo-blanc.webp\",\"width\":250,\"height\":193,\"caption\":\"Flower Camping Le Jardin De Sully (Ouvert \u00e0 l\u2019ann\u00e9e)\"},\"image\":{\"@id\":\"https:\/\/www.camping-bord-de-loire.com\/#\/schema\/logo\/image\/\"},\"sameAs\":[\"https:\/\/www.facebook.com\/CampingLeJardinDeSully\"]}]}<\/script>\n<!-- \/ Yoast SEO plugin. -->","yoast_head_json":{"title":"Unterk\u00fcnfte f\u00fcr Radfahrer im Loiret | Radrouten und Radtouren","description":"Entdecke das Loiret mit dem Fahrrad und \u00fcbernachte auf dem Campingplatz Le Jardin de Sully, der an der Route der Loire \u00e0 V\u00e9lo und des GR3 liegt","robots":{"index":"index","follow":"follow","max-snippet":"max-snippet:-1","max-image-preview":"max-image-preview:large","max-video-preview":"max-video-preview:-1"},"canonical":"https:\/\/www.camping-bord-de-loire.com\/de\/?page_id=3536","og_locale":"de_DE","og_type":"article","og_title":"Unterk\u00fcnfte f\u00fcr Radfahrer im Loiret | Radrouten und Radtouren","og_description":"Entdecke das Loiret mit dem Fahrrad und \u00fcbernachte auf dem Campingplatz Le Jardin de Sully, der an der Route der Loire \u00e0 V\u00e9lo und des GR3 liegt","og_url":"https:\/\/www.camping-bord-de-loire.com\/de\/?page_id=3536","og_site_name":"Le Jardin de Sully","article_publisher":"https:\/\/www.facebook.com\/CampingLeJardinDeSully","article_modified_time":"2025-12-03T15:32:34+00:00","og_image":[{"width":1903,"height":628,"url":"https:\/\/www.camping-bord-de-loire.com\/wp-content\/uploads\/2023\/04\/loiret-sentiers-cyclistes-1.webp","type":"image\/webp"}],"twitter_card":"summary_large_image","twitter_misc":{"Gesch\u00e4tzte Lesezeit":"1\u00a0Minute"},"schema":{"@context":"https:\/\/schema.org","@graph":[{"@type":"WebPage","@id":"https:\/\/www.camping-bord-de-loire.com\/de\/?page_id=3536","url":"https:\/\/www.camping-bord-de-loire.com\/de\/?page_id=3536","name":"Unterk\u00fcnfte f\u00fcr Radfahrer im Loiret | Radrouten und Radtouren","isPartOf":{"@id":"https:\/\/www.camping-bord-de-loire.com\/#website"},"primaryImageOfPage":{"@id":"https:\/\/www.camping-bord-de-loire.com\/de\/?page_id=3536#primaryimage"},"image":{"@id":"https:\/\/www.camping-bord-de-loire.com\/de\/?page_id=3536#primaryimage"},"thumbnailUrl":"https:\/\/www.camping-bord-de-loire.com\/wp-content\/uploads\/2023\/04\/loiret-sentiers-cyclistes-1.webp","datePublished":"2023-03-22T09:34:20+00:00","dateModified":"2025-12-03T15:32:34+00:00","description":"Entdecke das Loiret mit dem Fahrrad und \u00fcbernachte auf dem Campingplatz Le Jardin de Sully, der an der Route der Loire \u00e0 V\u00e9lo und des GR3 liegt","breadcrumb":{"@id":"https:\/\/www.camping-bord-de-loire.com\/de\/?page_id=3536#breadcrumb"},"inLanguage":"de","potentialAction":[{"@type":"ReadAction","target":["https:\/\/www.camping-bord-de-loire.com\/de\/?page_id=3536"]}]},{"@type":"ImageObject","inLanguage":"de","@id":"https:\/\/www.camping-bord-de-loire.com\/de\/?page_id=3536#primaryimage","url":"https:\/\/www.camping-bord-de-loire.com\/wp-content\/uploads\/2023\/04\/loiret-sentiers-cyclistes-1.webp","contentUrl":"https:\/\/www.camping-bord-de-loire.com\/wp-content\/uploads\/2023\/04\/loiret-sentiers-cyclistes-1.webp","width":1903,"height":628,"caption":"Loiret Radwege 1"},{"@type":"BreadcrumbList","@id":"https:\/\/www.camping-bord-de-loire.com\/de\/?page_id=3536#breadcrumb","itemListElement":[{"@type":"ListItem","position":1,"name":"Camping en bord de Loire","item":"https:\/\/www.camping-bord-de-loire.com\/de\/"},{"@type":"ListItem","position":2,"name":"Unterkunft f\u00fcr Radfahrer im Loiret"}]},{"@type":"WebSite","@id":"https:\/\/www.camping-bord-de-loire.com\/#website","url":"https:\/\/www.camping-bord-de-loire.com\/","name":"Flower Camping le Jardin de Sully","description":"","publisher":{"@id":"https:\/\/www.camping-bord-de-loire.com\/#organization"},"alternateName":"Camping le Jardin de Sully","potentialAction":[{"@type":"SearchAction","target":{"@type":"EntryPoint","urlTemplate":"https:\/\/www.camping-bord-de-loire.com\/?s={search_term_string}"},"query-input":{"@type":"PropertyValueSpecification","valueRequired":true,"valueName":"search_term_string"}}],"inLanguage":"de"},{"@type":"Organization","@id":"https:\/\/www.camping-bord-de-loire.com\/#organization","name":"Flower Camping Le Jardin De Sully (Ouvert \u00e0 l\u2019ann\u00e9e)","alternateName":"Camping le Jardin de Sully","url":"https:\/\/www.camping-bord-de-loire.com\/","logo":{"@type":"ImageObject","inLanguage":"de","@id":"https:\/\/www.camping-bord-de-loire.com\/#\/schema\/logo\/image\/","url":"https:\/\/www.camping-bord-de-loire.com\/wp-content\/uploads\/2023\/03\/camping-de-sully-logo-blanc.webp","contentUrl":"https:\/\/www.camping-bord-de-loire.com\/wp-content\/uploads\/2023\/03\/camping-de-sully-logo-blanc.webp","width":250,"height":193,"caption":"Flower Camping Le Jardin De Sully (Ouvert \u00e0 l\u2019ann\u00e9e)"},"image":{"@id":"https:\/\/www.camping-bord-de-loire.com\/#\/schema\/logo\/image\/"},"sameAs":["https:\/\/www.facebook.com\/CampingLeJardinDeSully"]}]}},"_links":{"self":[{"href":"https:\/\/www.camping-bord-de-loire.com\/de\/wp-json\/wp\/v2\/pages\/3536","targetHints":{"allow":["GET"]}}],"collection":[{"href":"https:\/\/www.camping-bord-de-loire.com\/de\/wp-json\/wp\/v2\/pages"}],"about":[{"href":"https:\/\/www.camping-bord-de-loire.com\/de\/wp-json\/wp\/v2\/types\/page"}],"author":[{"embeddable":true,"href":"https:\/\/www.camping-bord-de-loire.com\/de\/wp-json\/wp\/v2\/users\/1"}],"replies":[{"embeddable":true,"href":"https:\/\/www.camping-bord-de-loire.com\/de\/wp-json\/wp\/v2\/comments?post=3536"}],"version-history":[{"count":4,"href":"https:\/\/www.camping-bord-de-loire.com\/de\/wp-json\/wp\/v2\/pages\/3536\/revisions"}],"predecessor-version":[{"id":4077,"href":"https:\/\/www.camping-bord-de-loire.com\/de\/wp-json\/wp\/v2\/pages\/3536\/revisions\/4077"}],"wp:featuredmedia":[{"embeddable":true,"href":"https:\/\/www.camping-bord-de-loire.com\/de\/wp-json\/wp\/v2\/media\/3539"}],"wp:attachment":[{"href":"https:\/\/www.camping-bord-de-loire.com\/de\/wp-json\/wp\/v2\/media?parent=3536"}],"wp:term":[{"taxonomy":"sujet","embeddable":true,"href":"https:\/\/www.camping-bord-de-loire.com\/de\/wp-json\/wp\/v2\/sujet?post=3536"}],"curies":[{"name":"wp","href":"https:\/\/api.w.org\/{rel}","templated":true}]}}