{"id":3510,"date":"2023-03-22T10:34:50","date_gmt":"2023-03-22T09:34:50","guid":{"rendered":"https:\/\/www.camping-bord-de-loire.com\/contact-acces\/"},"modified":"2026-02-25T14:40:03","modified_gmt":"2026-02-25T13:40:03","slug":"kontakt-zugang","status":"publish","type":"page","link":"https:\/\/www.camping-bord-de-loire.com\/de\/kontakt-zugang\/","title":{"rendered":"Kontakt &amp; Anfahrt"},"content":{"rendered":"<section id=\"ls-section-block_94d78c412f18c9ed912a9fb44f221d62\" class=\"ls-section  page-contact\" >\r\n        <div class=\"container \">\r\n        \n\n<h1 class=\"ls__heading wp-block-heading has-text-align-center\">Kontakt und Anfahrt <\/h1>\n\n\r\n    <\/div>\r\n<\/section><section id=\"ls-section-block_ea0c518de2aa7fa400883bc3d2636687\" class=\"ls-section  page-one\" >\r\n        <div class=\"container container--wide\">\r\n        \n\n<div class=\"wp-block-columns is-layout-flex wp-container-core-columns-is-layout-9d6595d7 wp-block-columns-is-layout-flex\">\n<div class=\"wp-block-column is-vertically-aligned-top is-layout-flow wp-block-column-is-layout-flow\">\n<h2 class=\"ls__heading wp-block-heading\">Kontaktiere uns<\/h2>\n\n\n\n<p class=\"ls-paragraph\">M\u00f6chtet ihr auf dem <a href=\"https:\/\/www.camping-bord-de-loire.com\/de\/\">Campingplatz Le Jardin de Sully<\/a> \u00fcbernachten, habt aber noch Fragen, bevor ihr euren Aufenthalt bucht?<\/p>\n\n\n\n<p class=\"ls-paragraph\">Z\u00f6gert nicht, uns zu kontaktieren, unser Team wird euch gerne schnell antworten. <\/p>\n\n\n\n<p class=\"ls-paragraph\">Ihr k\u00f6nnt uns eure Anfrage senden:<\/p>\n\n\n\n<ul class=\"ls-list wp-block-list\">\n\n<li>\u00fcber das Kontaktformular hier, <\/li>\n\n\n<li>per E-Mail <strong>lejardindesully@gmail.com<\/strong> <\/li>\n\n\n<li>oder telefonisch unter <strong>02 38 67 10 84<\/strong><\/li>\n\n<\/ul>\n<\/div>\n\n\n\n<div class=\"wp-block-column is-layout-flow wp-block-column-is-layout-flow\">\n<div class=\"wp-block-contact-form-7-contact-form-selector\">\n<div class=\"wpcf7 no-js\" id=\"wpcf7-f3371-o1\" lang=\"de-DE\" dir=\"ltr\" data-wpcf7-id=\"3371\">\n<div class=\"screen-reader-response\"><p role=\"status\" aria-live=\"polite\" aria-atomic=\"true\"><\/p> <ul><\/ul><\/div>\n<form action=\"\/de\/wp-json\/wp\/v2\/pages\/3510#wpcf7-f3371-o1\" method=\"post\" class=\"wpcf7-form init\" aria-label=\"Kontaktformular\" novalidate=\"novalidate\" data-status=\"init\">\n<fieldset class=\"hidden-fields-container\"><input type=\"hidden\" name=\"_wpcf7\" value=\"3371\" \/><input type=\"hidden\" name=\"_wpcf7_version\" value=\"6.1.4\" \/><input type=\"hidden\" name=\"_wpcf7_locale\" value=\"de_DE\" \/><input type=\"hidden\" name=\"_wpcf7_unit_tag\" value=\"wpcf7-f3371-o1\" \/><input type=\"hidden\" name=\"_wpcf7_container_post\" value=\"0\" \/><input type=\"hidden\" name=\"_wpcf7_posted_data_hash\" value=\"\" \/><input type=\"hidden\" name=\"_wpcf7_recaptcha_response\" value=\"\" \/>\n<\/fieldset>\n<p><label> Ihr Name<br \/>\n<span class=\"wpcf7-form-control-wrap\" data-name=\"your-name\"><input size=\"40\" maxlength=\"400\" class=\"wpcf7-form-control wpcf7-text wpcf7-validates-as-required\" autocomplete=\"name\" aria-required=\"true\" aria-invalid=\"false\" value=\"\" type=\"text\" name=\"your-name\" \/><\/span> <\/label>\n<\/p>\n<p><label> Deine E-Mail<br \/>\n<span class=\"wpcf7-form-control-wrap\" data-name=\"your-email\"><input size=\"40\" maxlength=\"400\" class=\"wpcf7-form-control wpcf7-email wpcf7-validates-as-required wpcf7-text wpcf7-validates-as-email\" autocomplete=\"email\" aria-required=\"true\" aria-invalid=\"false\" value=\"\" type=\"email\" name=\"your-email\" \/><\/span> <\/label>\n<\/p>\n<p><label> Objekt<br \/>\n<span class=\"wpcf7-form-control-wrap\" data-name=\"your-subject\"><input size=\"40\" maxlength=\"400\" class=\"wpcf7-form-control wpcf7-text wpcf7-validates-as-required\" aria-required=\"true\" aria-invalid=\"false\" value=\"\" type=\"text\" name=\"your-subject\" \/><\/span> <\/label>\n<\/p>\n<p><label> Deine Botschaft<br \/>\n<span class=\"wpcf7-form-control-wrap\" data-name=\"your-message\"><textarea cols=\"40\" rows=\"10\" maxlength=\"2000\" class=\"wpcf7-form-control wpcf7-textarea\" aria-invalid=\"false\" name=\"your-message\"><\/textarea><\/span> <\/label>\n<\/p>\n<p><span class=\"wpcf7-form-control-wrap\" data-name=\"acceptance-553\"><span class=\"wpcf7-form-control wpcf7-acceptance\"><span class=\"wpcf7-list-item\"><label><input type=\"checkbox\" name=\"acceptance-553\" value=\"1\" aria-invalid=\"false\" \/><span class=\"wpcf7-list-item-label\">Indem ich dieses K\u00e4stchen ankreuze, stimme ich der <a href=\"\/politique-de-confidentialite\/\" rel=\"nofollow\" target=\"_blank\">Datenschutzrichtlinie<\/a> dieser Seite zu.<\/span><\/label><\/span><\/span><\/span><input class=\"wpcf7-form-control wpcf7-submit has-spinner\" type=\"submit\" value=\"Senden\" \/>\n<\/p><div class=\"wpcf7-response-output\" aria-hidden=\"true\"><\/div>\n<\/form>\n<\/div>\n<\/div>\n<\/div>\n<\/div>\n\n\r\n    <\/div>\r\n<\/section><section id=\"ls-section-block_76b1cef9b20dceffc2c665495239f780\" class=\"ls-section  page-two fond-degrade\" >\r\n        <div class=\"container container--full\">\r\n        \n\n<div class=\"wp-block-columns is-layout-flex wp-container-core-columns-is-layout-9d6595d7 wp-block-columns-is-layout-flex\">\n<div class=\"wp-block-column is-layout-flow wp-block-column-is-layout-flow\">\n<iframe src=\"https:\/\/www.google.com\/maps\/embed?pb=!1m23!1m12!1m3!1d99122.11831394646!2d2.3305638153904757!3d47.78033958584455!2m3!1f0!2f0!3f0!3m2!1i1024!2i768!4f13.1!4m8!3e0!4m0!4m5!1s0x47e5152cdf4368b1%3A0x6faf9a793f8c3855!2sFlower%20Camping%20Le%20Jardin%20De%20Sully%2C%201%20Rue%20d'Orl%C3%A9ans%2C%2045600%20Saint-P%C3%A8re-sur-Loire!3m2!1d47.771485999999996!2d2.3622449!5e0!3m2!1sfr!2sfr!4v1681735470503!5m2!1sfr!2sfr\" width=\"100%\" height=\"450\" style=\"border:0;\" allowfullscreen=\"\" loading=\"lazy\" referrerpolicy=\"no-referrer-when-downgrade\"><\/iframe>\n<\/div>\n\n\n\n<div class=\"wp-block-column is-vertically-aligned-center is-layout-flow wp-block-column-is-layout-flow\">\n<h2 class=\"ls__heading wp-block-heading\">Anfahrt zum Campingplatz<\/h2>\n\n\n\n<p class=\"ls-paragraph\">Der Campingplatz Le Jardin de Sully befindet sich in: 1 Rue d&#8217;Orl\u00e9ans, 45600 Saint-P\u00e8re-sur-Loire<\/p>\n\n\n\n<p class=\"ls-paragraph\">GPS-Koordinaten: <\/p>\n\n\n\n<ul class=\"ls-list wp-block-list\">\n\n<li>Breitengrad: 47.771563<\/li>\n\n\n<li>L\u00e4ngengrad: 2.362490<\/li>\n\n<\/ul>\n<\/div>\n<\/div>\n\n\n\n<div class=\"wp-block-columns is-layout-flex wp-container-core-columns-is-layout-9d6595d7 wp-block-columns-is-layout-flex\">\n<div class=\"wp-block-column is-vertically-aligned-center is-layout-flow wp-block-column-is-layout-flow\">\n<h2 class=\"ls__heading wp-block-heading\">Mit dem Auto<\/h2>\n\n\n\n<p class=\"ls-paragraph\">Von <strong>Orl\u00e9ans<\/strong> (45 Minuten): schnelle Anfahrt \u00fcber die <strong>D2060<\/strong>, <strong>D951<\/strong> und dann die <strong>D60<\/strong>.<\/p>\n\n\n\n<p class=\"ls-paragraph\">Von <strong>Paris<\/strong> (1h 45min): Autobahnen <strong>A10<\/strong> oder <strong>A77<\/strong>, dann Richtung Sully-sur-Loire (<strong>D2060<\/strong>).<\/p>\n<\/div>\n\n\n\n<div class=\"wp-block-column is-layout-flow wp-block-column-is-layout-flow\">\n<h2 class=\"ls__heading wp-block-heading\">Mit \u00f6ffentlichen Verkehrsmitteln<\/h2>\n\n\n\n<p class=\"ls-paragraph\">N\u00e4chste Bahnh\u00f6fe: <strong>Orl\u00e9ans<\/strong>, <strong>Les Aubrais <\/strong>(45 km) und <strong>Gien <\/strong>(25 km).<\/p>\n\n\n\n<p class=\"ls-paragraph\"><strong><a href=\"https:\/\/www.remi-centrevaldeloire.fr\/horaires-et-itineraires\/horaires-car-remi\/\">R\u00e9mi-Bus<\/a><\/strong>: Linien <strong>3<\/strong>, <strong>7A <\/strong>und <strong>7B<\/strong> nach Sully-sur-Loire.<\/p>\n\n\n\n<p class=\"ls-paragraph\">Von der Bushaltestelle Sully aus erreichst du den Campingplatz zu Fu\u00df (15 Minuten \u00fcber die Fu\u00dfg\u00e4ngerbr\u00fccke), mit dem Fahrrad oder per Mitfahrgelegenheit.<\/p>\n<\/div>\n<\/div>\n\n\r\n    <\/div>\r\n<\/section>","protected":false},"excerpt":{"rendered":"","protected":false},"author":1,"featured_media":3513,"parent":0,"menu_order":0,"comment_status":"closed","ping_status":"closed","template":"","meta":{"_acf_changed":false,"footnotes":""},"sujet":[],"class_list":["post-3510","page","type-page","status-publish","has-post-thumbnail","hentry"],"acf":[],"yoast_head":"<!-- This site is optimized with the Yoast SEO plugin v26.5 - https:\/\/yoast.com\/wordpress\/plugins\/seo\/ -->\n<title>Den Campingplatz Le Jardin de Sully kontaktieren<\/title>\n<meta name=\"description\" content=\"Camping le Jardin de Sully, 1 RUE D&#039;ORL\u00c9ANS 45600 Saint P\u00e8re sur Loire. Telefon: 02 38 67 10 84 - lejardindesully@gmail.com\" \/>\n<meta name=\"robots\" content=\"index, follow, max-snippet:-1, max-image-preview:large, max-video-preview:-1\" \/>\n<link rel=\"canonical\" href=\"https:\/\/www.camping-bord-de-loire.com\/de\/kontakt-zugang\/\" \/>\n<meta property=\"og:locale\" content=\"de_DE\" \/>\n<meta property=\"og:type\" content=\"article\" \/>\n<meta property=\"og:title\" content=\"Den Campingplatz Le Jardin de Sully kontaktieren\" \/>\n<meta property=\"og:description\" content=\"Camping le Jardin de Sully, 1 RUE D&#039;ORL\u00c9ANS 45600 Saint P\u00e8re sur Loire. Telefon: 02 38 67 10 84 - lejardindesully@gmail.com\" \/>\n<meta property=\"og:url\" content=\"https:\/\/www.camping-bord-de-loire.com\/de\/kontakt-zugang\/\" \/>\n<meta property=\"og:site_name\" content=\"Le Jardin de Sully\" \/>\n<meta property=\"article:publisher\" content=\"https:\/\/www.facebook.com\/CampingLeJardinDeSully\" \/>\n<meta property=\"article:modified_time\" content=\"2026-02-25T13:40:03+00:00\" \/>\n<meta property=\"og:image\" content=\"https:\/\/www.camping-bord-de-loire.com\/wp-content\/uploads\/2023\/04\/camping-loiret-1.webp\" \/>\n\t<meta property=\"og:image:width\" content=\"2000\" \/>\n\t<meta property=\"og:image:height\" content=\"660\" \/>\n\t<meta property=\"og:image:type\" content=\"image\/webp\" \/>\n<meta name=\"twitter:card\" content=\"summary_large_image\" \/>\n<meta name=\"twitter:label1\" content=\"Gesch\u00e4tzte Lesezeit\" \/>\n\t<meta name=\"twitter:data1\" content=\"1\u00a0Minute\" \/>\n<script type=\"application\/ld+json\" class=\"yoast-schema-graph\">{\"@context\":\"https:\/\/schema.org\",\"@graph\":[{\"@type\":\"WebPage\",\"@id\":\"https:\/\/www.camping-bord-de-loire.com\/de\/kontakt-zugang\/\",\"url\":\"https:\/\/www.camping-bord-de-loire.com\/de\/kontakt-zugang\/\",\"name\":\"Den Campingplatz Le Jardin de Sully kontaktieren\",\"isPartOf\":{\"@id\":\"https:\/\/www.camping-bord-de-loire.com\/#website\"},\"primaryImageOfPage\":{\"@id\":\"https:\/\/www.camping-bord-de-loire.com\/de\/kontakt-zugang\/#primaryimage\"},\"image\":{\"@id\":\"https:\/\/www.camping-bord-de-loire.com\/de\/kontakt-zugang\/#primaryimage\"},\"thumbnailUrl\":\"https:\/\/www.camping-bord-de-loire.com\/wp-content\/uploads\/2023\/04\/camping-loiret-1.webp\",\"datePublished\":\"2023-03-22T09:34:50+00:00\",\"dateModified\":\"2026-02-25T13:40:03+00:00\",\"description\":\"Camping le Jardin de Sully, 1 RUE D'ORL\u00c9ANS 45600 Saint P\u00e8re sur Loire. Telefon: 02 38 67 10 84 - lejardindesully@gmail.com\",\"breadcrumb\":{\"@id\":\"https:\/\/www.camping-bord-de-loire.com\/de\/kontakt-zugang\/#breadcrumb\"},\"inLanguage\":\"de\",\"potentialAction\":[{\"@type\":\"ReadAction\",\"target\":[\"https:\/\/www.camping-bord-de-loire.com\/de\/kontakt-zugang\/\"]}]},{\"@type\":\"ImageObject\",\"inLanguage\":\"de\",\"@id\":\"https:\/\/www.camping-bord-de-loire.com\/de\/kontakt-zugang\/#primaryimage\",\"url\":\"https:\/\/www.camping-bord-de-loire.com\/wp-content\/uploads\/2023\/04\/camping-loiret-1.webp\",\"contentUrl\":\"https:\/\/www.camping-bord-de-loire.com\/wp-content\/uploads\/2023\/04\/camping-loiret-1.webp\",\"width\":2000,\"height\":660,\"caption\":\"Camping Loiret finden\"},{\"@type\":\"BreadcrumbList\",\"@id\":\"https:\/\/www.camping-bord-de-loire.com\/de\/kontakt-zugang\/#breadcrumb\",\"itemListElement\":[{\"@type\":\"ListItem\",\"position\":1,\"name\":\"Camping en bord de Loire\",\"item\":\"https:\/\/www.camping-bord-de-loire.com\/de\/\"},{\"@type\":\"ListItem\",\"position\":2,\"name\":\"Kontakt und Anfahrt\"}]},{\"@type\":\"WebSite\",\"@id\":\"https:\/\/www.camping-bord-de-loire.com\/#website\",\"url\":\"https:\/\/www.camping-bord-de-loire.com\/\",\"name\":\"Flower Camping le Jardin de Sully\",\"description\":\"\",\"publisher\":{\"@id\":\"https:\/\/www.camping-bord-de-loire.com\/#organization\"},\"alternateName\":\"Camping le Jardin de Sully\",\"potentialAction\":[{\"@type\":\"SearchAction\",\"target\":{\"@type\":\"EntryPoint\",\"urlTemplate\":\"https:\/\/www.camping-bord-de-loire.com\/?s={search_term_string}\"},\"query-input\":{\"@type\":\"PropertyValueSpecification\",\"valueRequired\":true,\"valueName\":\"search_term_string\"}}],\"inLanguage\":\"de\"},{\"@type\":\"Organization\",\"@id\":\"https:\/\/www.camping-bord-de-loire.com\/#organization\",\"name\":\"Flower Camping Le Jardin De Sully (Ouvert \u00e0 l\u2019ann\u00e9e)\",\"alternateName\":\"Camping le Jardin de Sully\",\"url\":\"https:\/\/www.camping-bord-de-loire.com\/\",\"logo\":{\"@type\":\"ImageObject\",\"inLanguage\":\"de\",\"@id\":\"https:\/\/www.camping-bord-de-loire.com\/#\/schema\/logo\/image\/\",\"url\":\"https:\/\/www.camping-bord-de-loire.com\/wp-content\/uploads\/2023\/03\/camping-de-sully-logo-blanc.webp\",\"contentUrl\":\"https:\/\/www.camping-bord-de-loire.com\/wp-content\/uploads\/2023\/03\/camping-de-sully-logo-blanc.webp\",\"width\":250,\"height\":193,\"caption\":\"Flower Camping Le Jardin De Sully (Ouvert \u00e0 l\u2019ann\u00e9e)\"},\"image\":{\"@id\":\"https:\/\/www.camping-bord-de-loire.com\/#\/schema\/logo\/image\/\"},\"sameAs\":[\"https:\/\/www.facebook.com\/CampingLeJardinDeSully\"]}]}<\/script>\n<!-- \/ Yoast SEO plugin. -->","yoast_head_json":{"title":"Den Campingplatz Le Jardin de Sully kontaktieren","description":"Camping le Jardin de Sully, 1 RUE D'ORL\u00c9ANS 45600 Saint P\u00e8re sur Loire. Telefon: 02 38 67 10 84 - lejardindesully@gmail.com","robots":{"index":"index","follow":"follow","max-snippet":"max-snippet:-1","max-image-preview":"max-image-preview:large","max-video-preview":"max-video-preview:-1"},"canonical":"https:\/\/www.camping-bord-de-loire.com\/de\/kontakt-zugang\/","og_locale":"de_DE","og_type":"article","og_title":"Den Campingplatz Le Jardin de Sully kontaktieren","og_description":"Camping le Jardin de Sully, 1 RUE D'ORL\u00c9ANS 45600 Saint P\u00e8re sur Loire. Telefon: 02 38 67 10 84 - lejardindesully@gmail.com","og_url":"https:\/\/www.camping-bord-de-loire.com\/de\/kontakt-zugang\/","og_site_name":"Le Jardin de Sully","article_publisher":"https:\/\/www.facebook.com\/CampingLeJardinDeSully","article_modified_time":"2026-02-25T13:40:03+00:00","og_image":[{"width":2000,"height":660,"url":"https:\/\/www.camping-bord-de-loire.com\/wp-content\/uploads\/2023\/04\/camping-loiret-1.webp","type":"image\/webp"}],"twitter_card":"summary_large_image","twitter_misc":{"Gesch\u00e4tzte Lesezeit":"1\u00a0Minute"},"schema":{"@context":"https:\/\/schema.org","@graph":[{"@type":"WebPage","@id":"https:\/\/www.camping-bord-de-loire.com\/de\/kontakt-zugang\/","url":"https:\/\/www.camping-bord-de-loire.com\/de\/kontakt-zugang\/","name":"Den Campingplatz Le Jardin de Sully kontaktieren","isPartOf":{"@id":"https:\/\/www.camping-bord-de-loire.com\/#website"},"primaryImageOfPage":{"@id":"https:\/\/www.camping-bord-de-loire.com\/de\/kontakt-zugang\/#primaryimage"},"image":{"@id":"https:\/\/www.camping-bord-de-loire.com\/de\/kontakt-zugang\/#primaryimage"},"thumbnailUrl":"https:\/\/www.camping-bord-de-loire.com\/wp-content\/uploads\/2023\/04\/camping-loiret-1.webp","datePublished":"2023-03-22T09:34:50+00:00","dateModified":"2026-02-25T13:40:03+00:00","description":"Camping le Jardin de Sully, 1 RUE D'ORL\u00c9ANS 45600 Saint P\u00e8re sur Loire. Telefon: 02 38 67 10 84 - lejardindesully@gmail.com","breadcrumb":{"@id":"https:\/\/www.camping-bord-de-loire.com\/de\/kontakt-zugang\/#breadcrumb"},"inLanguage":"de","potentialAction":[{"@type":"ReadAction","target":["https:\/\/www.camping-bord-de-loire.com\/de\/kontakt-zugang\/"]}]},{"@type":"ImageObject","inLanguage":"de","@id":"https:\/\/www.camping-bord-de-loire.com\/de\/kontakt-zugang\/#primaryimage","url":"https:\/\/www.camping-bord-de-loire.com\/wp-content\/uploads\/2023\/04\/camping-loiret-1.webp","contentUrl":"https:\/\/www.camping-bord-de-loire.com\/wp-content\/uploads\/2023\/04\/camping-loiret-1.webp","width":2000,"height":660,"caption":"Camping Loiret finden"},{"@type":"BreadcrumbList","@id":"https:\/\/www.camping-bord-de-loire.com\/de\/kontakt-zugang\/#breadcrumb","itemListElement":[{"@type":"ListItem","position":1,"name":"Camping en bord de Loire","item":"https:\/\/www.camping-bord-de-loire.com\/de\/"},{"@type":"ListItem","position":2,"name":"Kontakt und Anfahrt"}]},{"@type":"WebSite","@id":"https:\/\/www.camping-bord-de-loire.com\/#website","url":"https:\/\/www.camping-bord-de-loire.com\/","name":"Flower Camping le Jardin de Sully","description":"","publisher":{"@id":"https:\/\/www.camping-bord-de-loire.com\/#organization"},"alternateName":"Camping le Jardin de Sully","potentialAction":[{"@type":"SearchAction","target":{"@type":"EntryPoint","urlTemplate":"https:\/\/www.camping-bord-de-loire.com\/?s={search_term_string}"},"query-input":{"@type":"PropertyValueSpecification","valueRequired":true,"valueName":"search_term_string"}}],"inLanguage":"de"},{"@type":"Organization","@id":"https:\/\/www.camping-bord-de-loire.com\/#organization","name":"Flower Camping Le Jardin De Sully (Ouvert \u00e0 l\u2019ann\u00e9e)","alternateName":"Camping le Jardin de Sully","url":"https:\/\/www.camping-bord-de-loire.com\/","logo":{"@type":"ImageObject","inLanguage":"de","@id":"https:\/\/www.camping-bord-de-loire.com\/#\/schema\/logo\/image\/","url":"https:\/\/www.camping-bord-de-loire.com\/wp-content\/uploads\/2023\/03\/camping-de-sully-logo-blanc.webp","contentUrl":"https:\/\/www.camping-bord-de-loire.com\/wp-content\/uploads\/2023\/03\/camping-de-sully-logo-blanc.webp","width":250,"height":193,"caption":"Flower Camping Le Jardin De Sully (Ouvert \u00e0 l\u2019ann\u00e9e)"},"image":{"@id":"https:\/\/www.camping-bord-de-loire.com\/#\/schema\/logo\/image\/"},"sameAs":["https:\/\/www.facebook.com\/CampingLeJardinDeSully"]}]}},"_links":{"self":[{"href":"https:\/\/www.camping-bord-de-loire.com\/de\/wp-json\/wp\/v2\/pages\/3510","targetHints":{"allow":["GET"]}}],"collection":[{"href":"https:\/\/www.camping-bord-de-loire.com\/de\/wp-json\/wp\/v2\/pages"}],"about":[{"href":"https:\/\/www.camping-bord-de-loire.com\/de\/wp-json\/wp\/v2\/types\/page"}],"author":[{"embeddable":true,"href":"https:\/\/www.camping-bord-de-loire.com\/de\/wp-json\/wp\/v2\/users\/1"}],"replies":[{"embeddable":true,"href":"https:\/\/www.camping-bord-de-loire.com\/de\/wp-json\/wp\/v2\/comments?post=3510"}],"version-history":[{"count":7,"href":"https:\/\/www.camping-bord-de-loire.com\/de\/wp-json\/wp\/v2\/pages\/3510\/revisions"}],"predecessor-version":[{"id":4218,"href":"https:\/\/www.camping-bord-de-loire.com\/de\/wp-json\/wp\/v2\/pages\/3510\/revisions\/4218"}],"wp:featuredmedia":[{"embeddable":true,"href":"https:\/\/www.camping-bord-de-loire.com\/de\/wp-json\/wp\/v2\/media\/3513"}],"wp:attachment":[{"href":"https:\/\/www.camping-bord-de-loire.com\/de\/wp-json\/wp\/v2\/media?parent=3510"}],"wp:term":[{"taxonomy":"sujet","embeddable":true,"href":"https:\/\/www.camping-bord-de-loire.com\/de\/wp-json\/wp\/v2\/sujet?post=3510"}],"curies":[{"name":"wp","href":"https:\/\/api.w.org\/{rel}","templated":true}]}}