{"id":3488,"date":"2023-04-18T16:37:04","date_gmt":"2023-04-18T14:37:04","guid":{"rendered":"https:\/\/www.camping-bord-de-loire.com\/mentions-legales\/"},"modified":"2025-12-03T16:31:54","modified_gmt":"2025-12-03T15:31:54","slug":"mentions-legales","status":"publish","type":"page","link":"https:\/\/www.camping-bord-de-loire.com\/de\/mentions-legales\/","title":{"rendered":"Impressum"},"content":{"rendered":"<section id=\"ls-section-block_eacdf31944110540b32ba0c15e27ab90\" class=\"ls-section \" >\r\n        <div class=\"container container--wide\">\r\n        \n\n<h1 class=\"ls__heading wp-block-heading has-text-align-center\">Impressum<\/h1>\n\n\r\n    <\/div>\r\n<\/section><section id=\"ls-section-block_eacdf31944110540b32ba0c15e27ab90\" class=\"ls-section \" >\r\n        <div class=\"container container--wide\">\r\n        \n\n<h2 class=\"ls__heading wp-block-heading\">Verantwortlich f\u00fcr den Inhalt<\/h2>\n\n\n\n<p class=\"ls-paragraph\"><strong>Camping Le Jardin de Sully<\/strong><br\/>1 rue d&#8217;Orl\u00e9ans<br\/>45600 SAINT-P\u00c8RE-SUR-LOIRE<br\/>Tel.: 02 38 67 10 84<br\/>E-Mail: lejardindesully@gmail.com<br\/>SIRET: 79291129900016<br\/>Stammkapital: 1.000,00 \u20ac<br\/>USt-IdNr.: FR 96 792911299<br\/>Verantwortlich f\u00fcr die Ver\u00f6ffentlichung: Christelle Aubry <\/p>\n\n\n\n<h2 class=\"ls__heading wp-block-heading\">UMSETZUNG<\/h2>\n\n\n\n<p class=\"ls-paragraph\"><strong>GEEK TONIC<\/strong><br\/>Vertreten durch Herrn Yohan Darmayan in seiner Eigenschaft als Gesch\u00e4ftsf\u00fchrer<br\/>Sitz der Gesellschaft: 50 AV. DU LAC MARION 64200 BIARRITZ<br\/>Tel.: 05 32 74 11 52<br\/>E-Mail: support@geek-tonic.com<br\/>Website: <a href=\"https:\/\/www.geek-tonic.com\/\">www.geek-tonic.com<\/a><br\/>SIRET: 89746755100015<br\/>APE: 6201Z <\/p>\n\n\n\n<h2 class=\"ls__heading wp-block-heading\">URHEBERRECHT UND COPYRIGHT<\/h2>\n\n\n\n<p class=\"ls-paragraph\">Der gesamte Inhalt dieser Website unterliegt dem Urheberrecht sowie dem geistigen Eigentum der franz\u00f6sischen Gesetzgebung. Jegliche Vervielf\u00e4ltigung (einschlie\u00dflich Fotos, Icons und herunterladbarer Dokumente) ist ohne vorherige Zustimmung von GEEK TONIC untersagt. Die Vervielf\u00e4ltigung der gesamten oder eines Teils der Website auf einem elektronischen Medium in Papier- oder elektronischer Form ist untersagt. GEEK TONIC \u00fcbernimmt keine Verantwortung f\u00fcr den Inhalt der Website. GEEK TONIC \u00fcbernimmt auch keine Verantwortung f\u00fcr externe Links, die auf die vorliegende Website verweisen.   <\/p>\n\n\n\n<h2 class=\"ls__heading wp-block-heading\" id=\"m-t-6\">DATENSCHUTZ UND PERSONENBEZOGENE DATEN<\/h2>\n\n\n\n<p class=\"ls-paragraph\">Sie haben das Recht auf Zugang, \u00c4nderung, Berichtigung und L\u00f6schung Ihrer Daten gem\u00e4\u00df Artikel 34 des Gesetzes \u201eInformatique et Libert\u00e9s\u201c Nr. 78-17 vom 6. Januar 1978, ge\u00e4ndert am 6. August 2018. Um dieses Zugangsrecht auszu\u00fcben, k\u00f6nnen Sie dies auf einfache schriftliche Anfrage an den Herausgeber der Website tun. <\/p>\n\n\n\n<h2 class=\"ls__heading wp-block-heading\">RECHTLICHES<\/h2>\n\n\n\n<p class=\"ls-paragraph\">Gem\u00e4\u00df dem Gesetz vom 11. M\u00e4rz 1957 (Art. 41) und dem Gesetzbuch \u00fcber geistiges Eigentum vom 1. Juli 1992 ist es untersagt, Teile der Website ohne vorherige Genehmigung des Herausgebers der Website ganz oder teilweise zu reproduzieren. Logos, Grafiken, Fotos, Videos, grafische Richtlinien und Texte sind Eigentum ihrer jeweiligen Inhaber. Diese Website kann, ohne unser Wissen, \u00fcber Hyperlinks mit anderen Websites verkn\u00fcpft worden sein. Der Herausgeber der Website \u00fcbernimmt keine Verantwortung f\u00fcr die auf diesen anderen Websites pr\u00e4sentierten Informationen. Der Nutzer erkennt an, dass die Nutzung dieser Website dem franz\u00f6sischen Recht unterliegt.    <\/p>\n\n\r\n    <\/div>\r\n<\/section>","protected":false},"excerpt":{"rendered":"","protected":false},"author":1,"featured_media":0,"parent":0,"menu_order":0,"comment_status":"closed","ping_status":"closed","template":"","meta":{"_acf_changed":false,"footnotes":""},"sujet":[],"class_list":["post-3488","page","type-page","status-publish","hentry"],"acf":[],"yoast_head":"<!-- This site is optimized with the Yoast SEO plugin v26.5 - https:\/\/yoast.com\/wordpress\/plugins\/seo\/ -->\n<title>Impressum - Le Jardin de Sully<\/title>\n<meta name=\"robots\" content=\"noindex, nofollow\" \/>\n<meta property=\"og:locale\" content=\"de_DE\" \/>\n<meta property=\"og:type\" content=\"article\" \/>\n<meta property=\"og:title\" content=\"Impressum - Le Jardin de Sully\" \/>\n<meta property=\"og:url\" content=\"https:\/\/www.camping-bord-de-loire.com\/de\/?page_id=3488\" \/>\n<meta property=\"og:site_name\" content=\"Le Jardin de Sully\" \/>\n<meta property=\"article:publisher\" content=\"https:\/\/www.facebook.com\/CampingLeJardinDeSully\" \/>\n<meta property=\"article:modified_time\" content=\"2025-12-03T15:31:54+00:00\" \/>\n<meta name=\"twitter:card\" content=\"summary_large_image\" \/>\n<meta name=\"twitter:label1\" content=\"Gesch\u00e4tzte Lesezeit\" \/>\n\t<meta name=\"twitter:data1\" content=\"1\u00a0Minute\" \/>\n<script type=\"application\/ld+json\" class=\"yoast-schema-graph\">{\"@context\":\"https:\/\/schema.org\",\"@graph\":[{\"@type\":\"WebPage\",\"@id\":\"https:\/\/www.camping-bord-de-loire.com\/de\/?page_id=3488\",\"url\":\"https:\/\/www.camping-bord-de-loire.com\/de\/?page_id=3488\",\"name\":\"Impressum - Le Jardin de Sully\",\"isPartOf\":{\"@id\":\"https:\/\/www.camping-bord-de-loire.com\/#website\"},\"datePublished\":\"2023-04-18T14:37:04+00:00\",\"dateModified\":\"2025-12-03T15:31:54+00:00\",\"breadcrumb\":{\"@id\":\"https:\/\/www.camping-bord-de-loire.com\/de\/?page_id=3488#breadcrumb\"},\"inLanguage\":\"de\",\"potentialAction\":[{\"@type\":\"ReadAction\",\"target\":[\"https:\/\/www.camping-bord-de-loire.com\/de\/?page_id=3488\"]}]},{\"@type\":\"BreadcrumbList\",\"@id\":\"https:\/\/www.camping-bord-de-loire.com\/de\/?page_id=3488#breadcrumb\",\"itemListElement\":[{\"@type\":\"ListItem\",\"position\":1,\"name\":\"Camping en bord de Loire\",\"item\":\"https:\/\/www.camping-bord-de-loire.com\/de\/\"},{\"@type\":\"ListItem\",\"position\":2,\"name\":\"Impressum\"}]},{\"@type\":\"WebSite\",\"@id\":\"https:\/\/www.camping-bord-de-loire.com\/#website\",\"url\":\"https:\/\/www.camping-bord-de-loire.com\/\",\"name\":\"Flower Camping le Jardin de Sully\",\"description\":\"\",\"publisher\":{\"@id\":\"https:\/\/www.camping-bord-de-loire.com\/#organization\"},\"alternateName\":\"Camping le Jardin de Sully\",\"potentialAction\":[{\"@type\":\"SearchAction\",\"target\":{\"@type\":\"EntryPoint\",\"urlTemplate\":\"https:\/\/www.camping-bord-de-loire.com\/?s={search_term_string}\"},\"query-input\":{\"@type\":\"PropertyValueSpecification\",\"valueRequired\":true,\"valueName\":\"search_term_string\"}}],\"inLanguage\":\"de\"},{\"@type\":\"Organization\",\"@id\":\"https:\/\/www.camping-bord-de-loire.com\/#organization\",\"name\":\"Flower Camping Le Jardin De Sully (Ouvert \u00e0 l\u2019ann\u00e9e)\",\"alternateName\":\"Camping le Jardin de Sully\",\"url\":\"https:\/\/www.camping-bord-de-loire.com\/\",\"logo\":{\"@type\":\"ImageObject\",\"inLanguage\":\"de\",\"@id\":\"https:\/\/www.camping-bord-de-loire.com\/#\/schema\/logo\/image\/\",\"url\":\"https:\/\/www.camping-bord-de-loire.com\/wp-content\/uploads\/2023\/03\/camping-de-sully-logo-blanc.webp\",\"contentUrl\":\"https:\/\/www.camping-bord-de-loire.com\/wp-content\/uploads\/2023\/03\/camping-de-sully-logo-blanc.webp\",\"width\":250,\"height\":193,\"caption\":\"Flower Camping Le Jardin De Sully (Ouvert \u00e0 l\u2019ann\u00e9e)\"},\"image\":{\"@id\":\"https:\/\/www.camping-bord-de-loire.com\/#\/schema\/logo\/image\/\"},\"sameAs\":[\"https:\/\/www.facebook.com\/CampingLeJardinDeSully\"]}]}<\/script>\n<!-- \/ Yoast SEO plugin. -->","yoast_head_json":{"title":"Impressum - Le Jardin de Sully","robots":{"index":"noindex","follow":"nofollow"},"og_locale":"de_DE","og_type":"article","og_title":"Impressum - Le Jardin de Sully","og_url":"https:\/\/www.camping-bord-de-loire.com\/de\/?page_id=3488","og_site_name":"Le Jardin de Sully","article_publisher":"https:\/\/www.facebook.com\/CampingLeJardinDeSully","article_modified_time":"2025-12-03T15:31:54+00:00","twitter_card":"summary_large_image","twitter_misc":{"Gesch\u00e4tzte Lesezeit":"1\u00a0Minute"},"schema":{"@context":"https:\/\/schema.org","@graph":[{"@type":"WebPage","@id":"https:\/\/www.camping-bord-de-loire.com\/de\/?page_id=3488","url":"https:\/\/www.camping-bord-de-loire.com\/de\/?page_id=3488","name":"Impressum - Le Jardin de Sully","isPartOf":{"@id":"https:\/\/www.camping-bord-de-loire.com\/#website"},"datePublished":"2023-04-18T14:37:04+00:00","dateModified":"2025-12-03T15:31:54+00:00","breadcrumb":{"@id":"https:\/\/www.camping-bord-de-loire.com\/de\/?page_id=3488#breadcrumb"},"inLanguage":"de","potentialAction":[{"@type":"ReadAction","target":["https:\/\/www.camping-bord-de-loire.com\/de\/?page_id=3488"]}]},{"@type":"BreadcrumbList","@id":"https:\/\/www.camping-bord-de-loire.com\/de\/?page_id=3488#breadcrumb","itemListElement":[{"@type":"ListItem","position":1,"name":"Camping en bord de Loire","item":"https:\/\/www.camping-bord-de-loire.com\/de\/"},{"@type":"ListItem","position":2,"name":"Impressum"}]},{"@type":"WebSite","@id":"https:\/\/www.camping-bord-de-loire.com\/#website","url":"https:\/\/www.camping-bord-de-loire.com\/","name":"Flower Camping le Jardin de Sully","description":"","publisher":{"@id":"https:\/\/www.camping-bord-de-loire.com\/#organization"},"alternateName":"Camping le Jardin de Sully","potentialAction":[{"@type":"SearchAction","target":{"@type":"EntryPoint","urlTemplate":"https:\/\/www.camping-bord-de-loire.com\/?s={search_term_string}"},"query-input":{"@type":"PropertyValueSpecification","valueRequired":true,"valueName":"search_term_string"}}],"inLanguage":"de"},{"@type":"Organization","@id":"https:\/\/www.camping-bord-de-loire.com\/#organization","name":"Flower Camping Le Jardin De Sully (Ouvert \u00e0 l\u2019ann\u00e9e)","alternateName":"Camping le Jardin de Sully","url":"https:\/\/www.camping-bord-de-loire.com\/","logo":{"@type":"ImageObject","inLanguage":"de","@id":"https:\/\/www.camping-bord-de-loire.com\/#\/schema\/logo\/image\/","url":"https:\/\/www.camping-bord-de-loire.com\/wp-content\/uploads\/2023\/03\/camping-de-sully-logo-blanc.webp","contentUrl":"https:\/\/www.camping-bord-de-loire.com\/wp-content\/uploads\/2023\/03\/camping-de-sully-logo-blanc.webp","width":250,"height":193,"caption":"Flower Camping Le Jardin De Sully (Ouvert \u00e0 l\u2019ann\u00e9e)"},"image":{"@id":"https:\/\/www.camping-bord-de-loire.com\/#\/schema\/logo\/image\/"},"sameAs":["https:\/\/www.facebook.com\/CampingLeJardinDeSully"]}]}},"_links":{"self":[{"href":"https:\/\/www.camping-bord-de-loire.com\/de\/wp-json\/wp\/v2\/pages\/3488","targetHints":{"allow":["GET"]}}],"collection":[{"href":"https:\/\/www.camping-bord-de-loire.com\/de\/wp-json\/wp\/v2\/pages"}],"about":[{"href":"https:\/\/www.camping-bord-de-loire.com\/de\/wp-json\/wp\/v2\/types\/page"}],"author":[{"embeddable":true,"href":"https:\/\/www.camping-bord-de-loire.com\/de\/wp-json\/wp\/v2\/users\/1"}],"replies":[{"embeddable":true,"href":"https:\/\/www.camping-bord-de-loire.com\/de\/wp-json\/wp\/v2\/comments?post=3488"}],"version-history":[{"count":4,"href":"https:\/\/www.camping-bord-de-loire.com\/de\/wp-json\/wp\/v2\/pages\/3488\/revisions"}],"predecessor-version":[{"id":4064,"href":"https:\/\/www.camping-bord-de-loire.com\/de\/wp-json\/wp\/v2\/pages\/3488\/revisions\/4064"}],"wp:attachment":[{"href":"https:\/\/www.camping-bord-de-loire.com\/de\/wp-json\/wp\/v2\/media?parent=3488"}],"wp:term":[{"taxonomy":"sujet","embeddable":true,"href":"https:\/\/www.camping-bord-de-loire.com\/de\/wp-json\/wp\/v2\/sujet?post=3488"}],"curies":[{"name":"wp","href":"https:\/\/api.w.org\/{rel}","templated":true}]}}