{"id":3406,"date":"2023-03-22T10:33:20","date_gmt":"2023-03-22T09:33:20","guid":{"rendered":"https:\/\/www.camping-bord-de-loire.com\/location-emplacement-loiret\/"},"modified":"2025-12-03T16:33:48","modified_gmt":"2025-12-03T15:33:48","slug":"location-emplacement-loiret","status":"publish","type":"page","link":"https:\/\/www.camping-bord-de-loire.com\/de\/location-emplacement-loiret\/","title":{"rendered":"Stellpl\u00e4tze"},"content":{"rendered":"<section id=\"ls-section-block_359e2288687b856043b81daca2536260\" class=\"ls-section  home-chapeau has-p-b p-b-0\" >\r\n        <div class=\"container container--wide\">\r\n        \n\n<h1 class=\"ls__heading wp-block-heading has-text-align-center deco-center castel\">Dein Camping- und Caravaning-Urlaub<br\/>in Sully-sur-Loire<\/h1>\n\n\r\n    <\/div>\r\n<\/section><section id=\"ls-section-block_7c266692daf3da6e1b80d126c897f2f0\" class=\"ls-section \" >\r\n        <div class=\"container \">\r\n        \n\n<script>\n    window.ctoutvert = {\n\t\tid: 3090, \n\t\tlang: 'auto', \n\t\turl: 'https:\/\/bookingpremium.secureholiday.net\/widgets\/'\n    };\n\n    (function (w, d, s, ctv, r, js, fjs) {\n        r=new XMLHttpRequest();r.open('GET',w[ctv].url+'js\/src.json');\n        r.responseType='json';r.json=true;r.send();\n        r.onload=function(){w[ctv].src=r.responseType=='json'?r.response:JSON.parse(r.response);\n        js.src=w[ctv].src[0];fjs.parentNode.insertBefore(js, fjs);}\n        js=d.createElement(s),fjs=d.getElementsByTagName(s)[0];\n        js.id='ctvwidget';js.async=1;\ndata-product-pitch ;\n\n\n    }(window, document, 'script', 'ctoutvert'));\n<\/script>\n\n<ctv-availability data-product-id=\"122808;36766;36767\" data-background-color=\"#FFFFFFFF\"><\/ctv-availability>\n<ctv-offers data-product-id=\"122808\" data-display-mode=\"carousel\"><\/ctv-offers>\n\n\r\n    <\/div>\r\n<\/section><section id=\"ls-section-block_4a0af175bee5e2daf5502ff4c2c77de9\" class=\"ls-section  page-one has-p-t p-t-10 has-p-b p-b-14\" >\r\n        <div class=\"container container--wide\">\r\n        \n\n<div class=\"wp-block-columns is-layout-flex wp-container-core-columns-is-layout-9d6595d7 wp-block-columns-is-layout-flex\">\n<div class=\"wp-block-column is-vertically-aligned-center is-layout-flow wp-block-column-is-layout-flow\" style=\"flex-basis:66.66%\">\n<figure class=\"wp-block-image size-full animated fadeIn slow\"><img decoding=\"async\" width=\"800\" height=\"600\" src=\"https:\/\/www.camping-bord-de-loire.com\/wp-content\/uploads\/2023\/04\/louer-emplacement-loiret.webp\" alt=\"Stellplatz mieten Loiret\" class=\"wp-image-786\" srcset=\"https:\/\/www.camping-bord-de-loire.com\/wp-content\/uploads\/2023\/04\/louer-emplacement-loiret.webp 800w, https:\/\/www.camping-bord-de-loire.com\/wp-content\/uploads\/2023\/04\/louer-emplacement-loiret-300x225.webp 300w, https:\/\/www.camping-bord-de-loire.com\/wp-content\/uploads\/2023\/04\/louer-emplacement-loiret-768x576.webp 768w\" sizes=\"(max-width: 800px) 100vw, 800px\" \/><\/figure>\n<\/div>\n\n\n\n<div class=\"wp-block-column is-vertically-aligned-center is-layout-flow wp-block-column-is-layout-flow\" style=\"flex-basis:33.33%\">\n<h2 class=\"ls__heading wp-block-heading deco\">Stellpl\u00e4tze mieten im Loiret<\/h2>\n\n\n\n<p class=\"ls-paragraph\">Auf dem <a href=\"https:\/\/www.camping-bord-de-loire.com\/de\/\">Campingplatz Le Jardin de Sully<\/a> kannst du <strong>einen Stellplatz f\u00fcr Wohnwagen oder Zelt mieten<\/strong>, der deinen Bed\u00fcrfnissen und deinem Budget entspricht, f\u00fcr <strong>maximal 6 Personen<\/strong>. Die Stellpl\u00e4tze sind sonnig oder schattig; z\u00f6gere nicht, uns deine Pr\u00e4ferenz bei der Buchung mitzuteilen, falls du eine hast. <\/p>\n\n\n\n<p class=\"ls-paragraph\">Du kannst w\u00e4hlen aus einer <a href=\"https:\/\/www.camping-bord-de-loire.com\/de\/?page_id=3260\">g\u00fcnstigen Stellplatzmiete<\/a>:<\/p>\n\n\n\n<p class=\"ls-paragraph\">Beachte, dass alle unsere <strong>Stellpl\u00e4tze mit Strom gemietet werden k\u00f6nnen<\/strong> und wir dir <strong>Adapter leihen k\u00f6nnen<\/strong>, falls n\u00f6tig.<\/p>\n<\/div>\n<\/div>\n\n\r\n    <\/div>\r\n<\/section><section id=\"ls-section-block_688a66cd57286ac0f481113465ed3b3c\" class=\"ls-section  page-parallax-bis has-background-image has-parallax has-p-t p-t-14 has-p-b p-b-14\" >\r\n    <div class=\"ls-section__background-image opacity-100\"><img decoding=\"async\" src=\"https:\/\/www.camping-bord-de-loire.com\/wp-content\/uploads\/2023\/04\/louer-emplacement-bord-loire.webp\" alt=\"Stellplatz am Loire-Ufer mieten\"><\/div>    <div class=\"container \">\r\n        \r\n    <\/div>\r\n<\/section><section id=\"ls-section-block_1df76051a4f0ea2be224a6ee57cba118\" class=\"ls-section  page-parallax\" >\r\n        <div class=\"container container--full\">\r\n        \n\n<div class=\"wp-block-columns is-layout-flex wp-container-core-columns-is-layout-9d6595d7 wp-block-columns-is-layout-flex\">\n<div class=\"wp-block-column left is-layout-flow wp-block-column-is-layout-flow\"><\/div>\n\n\n\n<div class=\"wp-block-column right has-color-white-background-color has-background is-layout-flow wp-block-column-is-layout-flow\">\n<h2 class=\"ls__heading wp-block-heading deco\">Unsere Zusatzausstattung<\/h2>\n\n\n\n<p class=\"ls-paragraph\">F\u00fcr noch mehr Komfort w\u00e4hrend deines Urlaubs kannst du <strong>einen K\u00fchlschrank mieten<\/strong>, falls du ihn brauchst. Da er nicht im Mietpreis des Stellplatzes enthalten ist, erm\u00f6glicht dir diese <strong>zus\u00e4tzliche Miete<\/strong>, deine Lebensmittel und Getr\u00e4nke k\u00fchl zu halten, um deinen Campingurlaub noch mehr zu genie\u00dfen. <\/p>\n\n\n\n<p class=\"ls-paragraph\">Hast du <strong>Tiere<\/strong> und m\u00f6chtest sie mit in den Urlaub nehmen? Auf unserem Campingplatz an der Loire ist das m\u00f6glich! Du kannst <strong>bis zu 2 zus\u00e4tzliche Tiere<\/strong> mitbringen. Du brauchst keinen Tiersitter mehr f\u00fcr deinen Hund oder deine Katze!   <\/p>\n<\/div>\n<\/div>\n\n\r\n    <\/div>\r\n<\/section><section id=\"ls-section-block_d84a5886a867a4c63a028ab3bfa20c1c\" class=\"ls-section  page-two fond-degrade has-p-b p-b-14\" >\r\n        <div class=\"container container--wide\">\r\n        \n\n<div class=\"wp-block-columns is-layout-flex wp-container-core-columns-is-layout-9d6595d7 wp-block-columns-is-layout-flex\">\n<div class=\"wp-block-column is-vertically-aligned-center is-layout-flow wp-block-column-is-layout-flow\" style=\"flex-basis:33.33%\">\n<h2 class=\"ls__heading wp-block-heading deco\">Unsere Sanit\u00e4ranlagen in der N\u00e4he deines Stellplatzes<\/h2>\n\n\n\n<p class=\"ls-paragraph\">Unser 3-Sterne-Campingplatz setzt vor allem auf Komfort, egal ob du auf einem Stellplatz \u00fcbernachtest oder <a href=\"https:\/\/www.camping-bord-de-loire.com\/de\/location-mobil-home-loiret\/\">ein Mobilheim mietest<\/a>.<br\/>F\u00fcr uns z\u00e4hlt jedes Detail, um deinen Aufenthalt angenehm zu gestalten. Deshalb stellen wir moderne, saubere und praktische Sanit\u00e4ranlagen zur Verf\u00fcgung. Direkt in der N\u00e4he deines Stellplatzes gelegen, garantieren sie dir jederzeit einen einfachen und schnellen Zugang.  <\/p>\n\n\n\n<p class=\"ls-paragraph\">Unsere Sanit\u00e4ranlagen f\u00fcr Camper werden t\u00e4glich gereinigt und sind an deine Bed\u00fcrfnisse angepasst. <\/p>\n\n\n\n<p class=\"ls-paragraph\">Wir verf\u00fcgen \u00fcber <strong>2 Sanit\u00e4rgeb\u00e4ude<\/strong>, von denen eines <strong>beheizt<\/strong>, <strong>barrierefrei zug\u00e4nglich<\/strong> und mit einem <strong>Babybereich<\/strong> f\u00fcr die Kleinsten ausgestattet ist. <\/p>\n\n\n\n<p class=\"ls-paragraph\">Die Stellplatzmiete im Loiret f\u00fcr deinen Urlaub war noch nie so angenehm und komfortabel!<\/p>\n<\/div>\n\n\n\n<div class=\"wp-block-column is-layout-flow wp-block-column-is-layout-flow\" style=\"flex-basis:66.66%\">\n<figure class=\"wp-block-gallery has-nested-images columns-default is-cropped wp-block-gallery-1 is-layout-flex wp-block-gallery-is-layout-flex\">\n<figure class=\"wp-block-image size-large\"><a href=\"https:\/\/www.camping-bord-de-loire.com\/wp-content\/uploads\/2023\/03\/douches.webp\"><img decoding=\"async\" width=\"1000\" height=\"750\" data-id=\"1366\" src=\"https:\/\/www.camping-bord-de-loire.com\/wp-content\/uploads\/2023\/03\/douches.webp\" alt=\"Duschen\" class=\"wp-image-1366\" srcset=\"https:\/\/www.camping-bord-de-loire.com\/wp-content\/uploads\/2023\/03\/douches.webp 1000w, https:\/\/www.camping-bord-de-loire.com\/wp-content\/uploads\/2023\/03\/douches-300x225.webp 300w, https:\/\/www.camping-bord-de-loire.com\/wp-content\/uploads\/2023\/03\/douches-768x576.webp 768w\" sizes=\"(max-width: 1000px) 100vw, 1000px\" \/><\/a><\/figure>\n\n\n\n<figure class=\"wp-block-image size-large\"><a href=\"https:\/\/www.camping-bord-de-loire.com\/wp-content\/uploads\/2023\/04\/sanitaires-propres.webp\"><img decoding=\"async\" width=\"1000\" height=\"750\" data-id=\"1362\" src=\"https:\/\/www.camping-bord-de-loire.com\/wp-content\/uploads\/2023\/04\/sanitaires-propres.webp\" alt=\"saubere Sanit&#xE4;ranlagen\" class=\"wp-image-1362\" srcset=\"https:\/\/www.camping-bord-de-loire.com\/wp-content\/uploads\/2023\/04\/sanitaires-propres.webp 1000w, https:\/\/www.camping-bord-de-loire.com\/wp-content\/uploads\/2023\/04\/sanitaires-propres-300x225.webp 300w, https:\/\/www.camping-bord-de-loire.com\/wp-content\/uploads\/2023\/04\/sanitaires-propres-768x576.webp 768w\" sizes=\"(max-width: 1000px) 100vw, 1000px\" \/><\/a><\/figure>\n<\/figure>\n\n\n<div class=\"wp-block-image animated fadeIn slow\">\n<figure class=\"aligncenter size-full\"><img decoding=\"async\" width=\"864\" height=\"575\" src=\"https:\/\/www.camping-bord-de-loire.com\/wp-content\/uploads\/2023\/04\/location-emplacement-loiret-3.webp\" alt=\"Stellplatzmiete Loiret 3\" class=\"wp-image-783\" srcset=\"https:\/\/www.camping-bord-de-loire.com\/wp-content\/uploads\/2023\/04\/location-emplacement-loiret-3.webp 864w, https:\/\/www.camping-bord-de-loire.com\/wp-content\/uploads\/2023\/04\/location-emplacement-loiret-3-300x200.webp 300w, https:\/\/www.camping-bord-de-loire.com\/wp-content\/uploads\/2023\/04\/location-emplacement-loiret-3-768x511.webp 768w\" sizes=\"(max-width: 864px) 100vw, 864px\" \/><\/figure>\n<\/div><\/div>\n<\/div>\n\n\r\n    <\/div>\r\n<\/section><section id=\"ls-section-block_b561286fe2754f3b1faa54769eb5240f\" class=\"ls-section  page-three has-background-image has-p-t p-t-14 has-p-b p-b-14\" >\r\n    <div class=\"ls-section__background-image opacity-100\"><img decoding=\"async\" src=\"https:\/\/www.camping-bord-de-loire.com\/wp-content\/uploads\/2023\/04\/sanitaires-propres.webp\" alt=\"saubere Sanit\u00e4ranlagen\"><\/div>    <div class=\"container container--wide\">\r\n        \n\n<div class=\"wp-block-columns is-layout-flex wp-container-core-columns-is-layout-9d6595d7 wp-block-columns-is-layout-flex\">\n<div class=\"wp-block-column is-layout-flow wp-block-column-is-layout-flow\">\n<div id=\"ls-heading ls-titre-div-block_39a5ae0269cbc11c1ffbf2af71d04019\" class=\"ls-titre-div fond-vert border-right-bottom h2-like has-background has-color-2-background-color\" >\n    Was denken unsere Kunden <\/br><span>\u00fcber den Pool?<\/span><\/div>\n\n\n<div class=\"avis-container-pages\"><div class=\"avis\"><div class=\"avis-user\"><div class=\"avis-note\">\n                <span><i class=\"sully-etoile\"><\/i><\/span><span><i class=\"sully-etoile\"><\/i><\/span><span><i class=\"sully-etoile\"><\/i><\/span><span><i class=\"sully-etoile\"><\/i><\/span><span><i class=\"sully-etoile\"><\/i><\/span>\n                <\/div><div class=\"avis-name\">Karine Bouttefeux<\/div><div class=\"avis-content\"><p>Tolle Einrichtungen f\u00fcr Kinder. Sch\u00f6ne Stellpl\u00e4tze. Eine sch\u00f6ne Lage.  <\/p>\n<\/div><\/div><\/div><div class=\"avis\"><div class=\"avis-user\"><div class=\"avis-note\">\n                <span><i class=\"sully-etoile\"><\/i><\/span><span><i class=\"sully-etoile\"><\/i><\/span><span><i class=\"sully-etoile\"><\/i><\/span><span><i class=\"sully-etoile\"><\/i><\/span><span><i class=\"sully-etoile\"><\/i><\/span>\n                <\/div><div class=\"avis-name\">Vincent LORENTZ<\/div><div class=\"avis-content\"><p>Angenehmer Campingplatz mit freundlichem Empfang. Ruhige Stellpl\u00e4tze in der N\u00e4he der Loire. <\/p>\n<\/div><\/div><\/div><div class=\"avis\"><div class=\"avis-user\"><div class=\"avis-note\">\n                <span><i class=\"sully-etoile\"><\/i><\/span><span><i class=\"sully-etoile\"><\/i><\/span><span><i class=\"sully-etoile\"><\/i><\/span><span><i class=\"sully-etoile\"><\/i><\/span><span><i class=\"sully-etoile\"><\/i><\/span>\n                <\/div><div class=\"avis-name\"> Nicolas Franchet<\/div><div class=\"avis-content\"><p>Sehr guter Campingplatz. Die Besitzer sind sehr nett. Ich kann ihn wirklich empfehlen.<br \/>\nMobilheim, gut ausgestattete kleine H\u00fctte oder Stellplatz f\u00fcr Wohnmobil und Zelt.  <\/p>\n<\/div><\/div><\/div><\/div>\n<\/div>\n\n\n\n<div class=\"wp-block-column is-layout-flow wp-block-column-is-layout-flow\"><\/div>\n<\/div>\n\n\r\n    <\/div>\r\n<\/section><section id=\"ls-section-block_c3a72c26fa6ee4c8a226e66dabc69b41\" class=\"ls-section  page-maillage has-p-t p-t-14 has-p-b p-b-14\" >\r\n        <div class=\"container container--wide\">\r\n        \n\n<div id=\"ls-heading ls-titre-div-block_337425de773d7f07fc0e4b7e6dc4676d\" class=\"ls-titre-div deco aligncenter h2-like\" >\n    Entdecke unsere Mietunterk\u00fcnfte, unsere Preise und unseren Pool auf dem Campingplatz<\/div>\n\n\n<div id=\"ls-maillage-block_fb82570c160f4ea1a36ecc9895ec4a07\" class=\"ls-maillage cta-style-normal\" data-rows=\"3\">\r\n    <div class=\"wp-block-columns\"><div class=\"wp-block-column\">\n\n<a href=\"https:\/\/www.camping-bord-de-loire.com\/de\/?page_id=3260\" target=\"\" rel=\"noopener\" class=\"ls-cta__link\">\n\n\t<div class=\"ls-cta__image\"><img decoding=\"async\" src=\"https:\/\/www.camping-bord-de-loire.com\/wp-content\/uploads\/2023\/04\/camping-pas-cher-loire-1.webp\" alt=\"g\u00fcnstiger Campingplatz Loire 1\"><\/div>\n\t<div class=\"ls-cta__title\">\n\t\tUnsere Preise\t<\/div>\n\n\t\t\n<\/a><\/div><div class=\"wp-block-column\">\n\n<a href=\"https:\/\/www.camping-bord-de-loire.com\/de\/camping-piscine-chauffee-loiret\/\" target=\"\" rel=\"noopener\" class=\"ls-cta__link\">\n\n\t<div class=\"ls-cta__image\"><img decoding=\"async\" src=\"https:\/\/www.camping-bord-de-loire.com\/wp-content\/uploads\/2023\/04\/camping-piscinebord-loire.webp\" alt=\"Campingplatz Pool Loireufer\"><\/div>\n\t<div class=\"ls-cta__title\">\n\t\tUnser Pool\t<\/div>\n\n\t\t\n<\/a><\/div><div class=\"wp-block-column\">\n\n<a href=\"https:\/\/www.camping-bord-de-loire.com\/de\/location-mobil-home-loiret\/\" target=\"\" rel=\"noopener\" class=\"ls-cta__link\">\n\n\t<div class=\"ls-cta__image\"><img decoding=\"async\" src=\"https:\/\/www.camping-bord-de-loire.com\/wp-content\/uploads\/2023\/04\/camping-pas-cher-loire-2.webp\" alt=\"g\u00fcnstiger Campingplatz Loire 2\"><\/div>\n\t<div class=\"ls-cta__title\">\n\t\tUnsere Unterk\u00fcnfte \t<\/div>\n\n\t\t\n<\/a><\/div><\/div><\/div>\n\r\n    <\/div>\r\n<\/section>","protected":false},"excerpt":{"rendered":"","protected":false},"author":1,"featured_media":3410,"parent":0,"menu_order":0,"comment_status":"closed","ping_status":"closed","template":"","meta":{"_acf_changed":false,"footnotes":""},"sujet":[],"class_list":["post-3406","page","type-page","status-publish","has-post-thumbnail","hentry"],"acf":[],"yoast_head":"<!-- This site is optimized with the Yoast SEO plugin v26.5 - https:\/\/yoast.com\/wordpress\/plugins\/seo\/ -->\n<title>Wohnmobil-, Wohnwagenstellplatz | Stellplatz am Loire-Ufer<\/title>\n<meta name=\"description\" content=\"Le Jardin de Sully bietet dir ruhige Campingstellpl\u00e4tze am Flussufer mit Blick auf die Loire.\" \/>\n<meta name=\"robots\" content=\"index, follow, max-snippet:-1, max-image-preview:large, max-video-preview:-1\" \/>\n<link rel=\"canonical\" href=\"https:\/\/www.camping-bord-de-loire.com\/de\/?page_id=3406\" \/>\n<meta property=\"og:locale\" content=\"de_DE\" \/>\n<meta property=\"og:type\" content=\"article\" \/>\n<meta property=\"og:title\" content=\"Wohnmobil-, Wohnwagenstellplatz | Stellplatz am Loire-Ufer\" \/>\n<meta property=\"og:description\" content=\"Le Jardin de Sully bietet dir ruhige Campingstellpl\u00e4tze am Flussufer mit Blick auf die Loire.\" \/>\n<meta property=\"og:url\" content=\"https:\/\/www.camping-bord-de-loire.com\/de\/?page_id=3406\" \/>\n<meta property=\"og:site_name\" content=\"Le Jardin de Sully\" \/>\n<meta property=\"article:publisher\" content=\"https:\/\/www.facebook.com\/CampingLeJardinDeSully\" \/>\n<meta property=\"article:modified_time\" content=\"2025-12-03T15:33:48+00:00\" \/>\n<meta property=\"og:image\" content=\"https:\/\/www.camping-bord-de-loire.com\/wp-content\/uploads\/2023\/04\/emplacement-caravaning-bord-loire.webp\" \/>\n\t<meta property=\"og:image:width\" content=\"1903\" \/>\n\t<meta property=\"og:image:height\" content=\"628\" \/>\n\t<meta property=\"og:image:type\" content=\"image\/webp\" \/>\n<meta name=\"twitter:card\" content=\"summary_large_image\" \/>\n<meta name=\"twitter:label1\" content=\"Gesch\u00e4tzte Lesezeit\" \/>\n\t<meta name=\"twitter:data1\" content=\"2\u00a0Minuten\" \/>\n<script type=\"application\/ld+json\" class=\"yoast-schema-graph\">{\"@context\":\"https:\/\/schema.org\",\"@graph\":[{\"@type\":\"WebPage\",\"@id\":\"https:\/\/www.camping-bord-de-loire.com\/de\/?page_id=3406\",\"url\":\"https:\/\/www.camping-bord-de-loire.com\/de\/?page_id=3406\",\"name\":\"Wohnmobil-, Wohnwagenstellplatz | Stellplatz am Loire-Ufer\",\"isPartOf\":{\"@id\":\"https:\/\/www.camping-bord-de-loire.com\/#website\"},\"primaryImageOfPage\":{\"@id\":\"https:\/\/www.camping-bord-de-loire.com\/de\/?page_id=3406#primaryimage\"},\"image\":{\"@id\":\"https:\/\/www.camping-bord-de-loire.com\/de\/?page_id=3406#primaryimage\"},\"thumbnailUrl\":\"https:\/\/www.camping-bord-de-loire.com\/wp-content\/uploads\/2023\/04\/emplacement-caravaning-bord-loire.webp\",\"datePublished\":\"2023-03-22T09:33:20+00:00\",\"dateModified\":\"2025-12-03T15:33:48+00:00\",\"description\":\"Le Jardin de Sully bietet dir ruhige Campingstellpl\u00e4tze am Flussufer mit Blick auf die Loire.\",\"breadcrumb\":{\"@id\":\"https:\/\/www.camping-bord-de-loire.com\/de\/?page_id=3406#breadcrumb\"},\"inLanguage\":\"de\",\"potentialAction\":[{\"@type\":\"ReadAction\",\"target\":[\"https:\/\/www.camping-bord-de-loire.com\/de\/?page_id=3406\"]}]},{\"@type\":\"ImageObject\",\"inLanguage\":\"de\",\"@id\":\"https:\/\/www.camping-bord-de-loire.com\/de\/?page_id=3406#primaryimage\",\"url\":\"https:\/\/www.camping-bord-de-loire.com\/wp-content\/uploads\/2023\/04\/emplacement-caravaning-bord-loire.webp\",\"contentUrl\":\"https:\/\/www.camping-bord-de-loire.com\/wp-content\/uploads\/2023\/04\/emplacement-caravaning-bord-loire.webp\",\"width\":1903,\"height\":628,\"caption\":\"Wohnwagenstellplatz am Loire-Ufer\"},{\"@type\":\"BreadcrumbList\",\"@id\":\"https:\/\/www.camping-bord-de-loire.com\/de\/?page_id=3406#breadcrumb\",\"itemListElement\":[{\"@type\":\"ListItem\",\"position\":1,\"name\":\"Camping en bord de Loire\",\"item\":\"https:\/\/www.camping-bord-de-loire.com\/de\/\"},{\"@type\":\"ListItem\",\"position\":2,\"name\":\"Stellpl\u00e4tze mieten im Loiret\"}]},{\"@type\":\"WebSite\",\"@id\":\"https:\/\/www.camping-bord-de-loire.com\/#website\",\"url\":\"https:\/\/www.camping-bord-de-loire.com\/\",\"name\":\"Flower Camping le Jardin de Sully\",\"description\":\"\",\"publisher\":{\"@id\":\"https:\/\/www.camping-bord-de-loire.com\/#organization\"},\"alternateName\":\"Camping le Jardin de Sully\",\"potentialAction\":[{\"@type\":\"SearchAction\",\"target\":{\"@type\":\"EntryPoint\",\"urlTemplate\":\"https:\/\/www.camping-bord-de-loire.com\/?s={search_term_string}\"},\"query-input\":{\"@type\":\"PropertyValueSpecification\",\"valueRequired\":true,\"valueName\":\"search_term_string\"}}],\"inLanguage\":\"de\"},{\"@type\":\"Organization\",\"@id\":\"https:\/\/www.camping-bord-de-loire.com\/#organization\",\"name\":\"Flower Camping Le Jardin De Sully (Ouvert \u00e0 l\u2019ann\u00e9e)\",\"alternateName\":\"Camping le Jardin de Sully\",\"url\":\"https:\/\/www.camping-bord-de-loire.com\/\",\"logo\":{\"@type\":\"ImageObject\",\"inLanguage\":\"de\",\"@id\":\"https:\/\/www.camping-bord-de-loire.com\/#\/schema\/logo\/image\/\",\"url\":\"https:\/\/www.camping-bord-de-loire.com\/wp-content\/uploads\/2023\/03\/camping-de-sully-logo-blanc.webp\",\"contentUrl\":\"https:\/\/www.camping-bord-de-loire.com\/wp-content\/uploads\/2023\/03\/camping-de-sully-logo-blanc.webp\",\"width\":250,\"height\":193,\"caption\":\"Flower Camping Le Jardin De Sully (Ouvert \u00e0 l\u2019ann\u00e9e)\"},\"image\":{\"@id\":\"https:\/\/www.camping-bord-de-loire.com\/#\/schema\/logo\/image\/\"},\"sameAs\":[\"https:\/\/www.facebook.com\/CampingLeJardinDeSully\"]}]}<\/script>\n<!-- \/ Yoast SEO plugin. -->","yoast_head_json":{"title":"Wohnmobil-, Wohnwagenstellplatz | Stellplatz am Loire-Ufer","description":"Le Jardin de Sully bietet dir ruhige Campingstellpl\u00e4tze am Flussufer mit Blick auf die Loire.","robots":{"index":"index","follow":"follow","max-snippet":"max-snippet:-1","max-image-preview":"max-image-preview:large","max-video-preview":"max-video-preview:-1"},"canonical":"https:\/\/www.camping-bord-de-loire.com\/de\/?page_id=3406","og_locale":"de_DE","og_type":"article","og_title":"Wohnmobil-, Wohnwagenstellplatz | Stellplatz am Loire-Ufer","og_description":"Le Jardin de Sully bietet dir ruhige Campingstellpl\u00e4tze am Flussufer mit Blick auf die Loire.","og_url":"https:\/\/www.camping-bord-de-loire.com\/de\/?page_id=3406","og_site_name":"Le Jardin de Sully","article_publisher":"https:\/\/www.facebook.com\/CampingLeJardinDeSully","article_modified_time":"2025-12-03T15:33:48+00:00","og_image":[{"width":1903,"height":628,"url":"https:\/\/www.camping-bord-de-loire.com\/wp-content\/uploads\/2023\/04\/emplacement-caravaning-bord-loire.webp","type":"image\/webp"}],"twitter_card":"summary_large_image","twitter_misc":{"Gesch\u00e4tzte Lesezeit":"2\u00a0Minuten"},"schema":{"@context":"https:\/\/schema.org","@graph":[{"@type":"WebPage","@id":"https:\/\/www.camping-bord-de-loire.com\/de\/?page_id=3406","url":"https:\/\/www.camping-bord-de-loire.com\/de\/?page_id=3406","name":"Wohnmobil-, Wohnwagenstellplatz | Stellplatz am Loire-Ufer","isPartOf":{"@id":"https:\/\/www.camping-bord-de-loire.com\/#website"},"primaryImageOfPage":{"@id":"https:\/\/www.camping-bord-de-loire.com\/de\/?page_id=3406#primaryimage"},"image":{"@id":"https:\/\/www.camping-bord-de-loire.com\/de\/?page_id=3406#primaryimage"},"thumbnailUrl":"https:\/\/www.camping-bord-de-loire.com\/wp-content\/uploads\/2023\/04\/emplacement-caravaning-bord-loire.webp","datePublished":"2023-03-22T09:33:20+00:00","dateModified":"2025-12-03T15:33:48+00:00","description":"Le Jardin de Sully bietet dir ruhige Campingstellpl\u00e4tze am Flussufer mit Blick auf die Loire.","breadcrumb":{"@id":"https:\/\/www.camping-bord-de-loire.com\/de\/?page_id=3406#breadcrumb"},"inLanguage":"de","potentialAction":[{"@type":"ReadAction","target":["https:\/\/www.camping-bord-de-loire.com\/de\/?page_id=3406"]}]},{"@type":"ImageObject","inLanguage":"de","@id":"https:\/\/www.camping-bord-de-loire.com\/de\/?page_id=3406#primaryimage","url":"https:\/\/www.camping-bord-de-loire.com\/wp-content\/uploads\/2023\/04\/emplacement-caravaning-bord-loire.webp","contentUrl":"https:\/\/www.camping-bord-de-loire.com\/wp-content\/uploads\/2023\/04\/emplacement-caravaning-bord-loire.webp","width":1903,"height":628,"caption":"Wohnwagenstellplatz am Loire-Ufer"},{"@type":"BreadcrumbList","@id":"https:\/\/www.camping-bord-de-loire.com\/de\/?page_id=3406#breadcrumb","itemListElement":[{"@type":"ListItem","position":1,"name":"Camping en bord de Loire","item":"https:\/\/www.camping-bord-de-loire.com\/de\/"},{"@type":"ListItem","position":2,"name":"Stellpl\u00e4tze mieten im Loiret"}]},{"@type":"WebSite","@id":"https:\/\/www.camping-bord-de-loire.com\/#website","url":"https:\/\/www.camping-bord-de-loire.com\/","name":"Flower Camping le Jardin de Sully","description":"","publisher":{"@id":"https:\/\/www.camping-bord-de-loire.com\/#organization"},"alternateName":"Camping le Jardin de Sully","potentialAction":[{"@type":"SearchAction","target":{"@type":"EntryPoint","urlTemplate":"https:\/\/www.camping-bord-de-loire.com\/?s={search_term_string}"},"query-input":{"@type":"PropertyValueSpecification","valueRequired":true,"valueName":"search_term_string"}}],"inLanguage":"de"},{"@type":"Organization","@id":"https:\/\/www.camping-bord-de-loire.com\/#organization","name":"Flower Camping Le Jardin De Sully (Ouvert \u00e0 l\u2019ann\u00e9e)","alternateName":"Camping le Jardin de Sully","url":"https:\/\/www.camping-bord-de-loire.com\/","logo":{"@type":"ImageObject","inLanguage":"de","@id":"https:\/\/www.camping-bord-de-loire.com\/#\/schema\/logo\/image\/","url":"https:\/\/www.camping-bord-de-loire.com\/wp-content\/uploads\/2023\/03\/camping-de-sully-logo-blanc.webp","contentUrl":"https:\/\/www.camping-bord-de-loire.com\/wp-content\/uploads\/2023\/03\/camping-de-sully-logo-blanc.webp","width":250,"height":193,"caption":"Flower Camping Le Jardin De Sully (Ouvert \u00e0 l\u2019ann\u00e9e)"},"image":{"@id":"https:\/\/www.camping-bord-de-loire.com\/#\/schema\/logo\/image\/"},"sameAs":["https:\/\/www.facebook.com\/CampingLeJardinDeSully"]}]}},"_links":{"self":[{"href":"https:\/\/www.camping-bord-de-loire.com\/de\/wp-json\/wp\/v2\/pages\/3406","targetHints":{"allow":["GET"]}}],"collection":[{"href":"https:\/\/www.camping-bord-de-loire.com\/de\/wp-json\/wp\/v2\/pages"}],"about":[{"href":"https:\/\/www.camping-bord-de-loire.com\/de\/wp-json\/wp\/v2\/types\/page"}],"author":[{"embeddable":true,"href":"https:\/\/www.camping-bord-de-loire.com\/de\/wp-json\/wp\/v2\/users\/1"}],"replies":[{"embeddable":true,"href":"https:\/\/www.camping-bord-de-loire.com\/de\/wp-json\/wp\/v2\/comments?post=3406"}],"version-history":[{"count":4,"href":"https:\/\/www.camping-bord-de-loire.com\/de\/wp-json\/wp\/v2\/pages\/3406\/revisions"}],"predecessor-version":[{"id":4096,"href":"https:\/\/www.camping-bord-de-loire.com\/de\/wp-json\/wp\/v2\/pages\/3406\/revisions\/4096"}],"wp:featuredmedia":[{"embeddable":true,"href":"https:\/\/www.camping-bord-de-loire.com\/de\/wp-json\/wp\/v2\/media\/3410"}],"wp:attachment":[{"href":"https:\/\/www.camping-bord-de-loire.com\/de\/wp-json\/wp\/v2\/media?parent=3406"}],"wp:term":[{"taxonomy":"sujet","embeddable":true,"href":"https:\/\/www.camping-bord-de-loire.com\/de\/wp-json\/wp\/v2\/sujet?post=3406"}],"curies":[{"name":"wp","href":"https:\/\/api.w.org\/{rel}","templated":true}]}}