{"id":3324,"date":"2025-11-01T12:30:01","date_gmt":"2025-11-01T11:30:01","guid":{"rendered":"https:\/\/www.camping-bord-de-loire.com\/actualites-conseils\/"},"modified":"2026-02-25T14:40:03","modified_gmt":"2026-02-25T13:40:03","slug":"actualites-conseils","status":"publish","type":"page","link":"https:\/\/www.camping-bord-de-loire.com\/de\/actualites-conseils\/","title":{"rendered":"Aktuelles und Tipps"},"content":{"rendered":"<section id=\"ls-section-block_699b3b6716366993614e93ef01674705\" class=\"ls-section  home-chapeau has-p-b p-b-0\" >\r\n        <div class=\"container container--wide\">\r\n        \n\n<h1 class=\"ls__heading wp-block-heading has-text-align-center deco-center castel\">Neuigkeiten vom Jardin de Sully<\/h1>\n\n\r\n    <\/div>\r\n<\/section><section id=\"ls-section-block_8aafc0eff597c3a0fbadf5a5af8b2761\" class=\"ls-section  page-one has-p-t p-t-10 has-p-b p-b-14\" >\r\n        <div class=\"container container--wide\">\r\n        \n\n<div class=\"wp-block-columns is-layout-flex wp-container-core-columns-is-layout-9d6595d7 wp-block-columns-is-layout-flex\">\n<div class=\"wp-block-column is-layout-flow wp-block-column-is-layout-flow\" style=\"flex-basis:66.66%\">\n<figure class=\"wp-block-image size-full animated fadeIn slow\"><img decoding=\"async\" src=\"https:\/\/www.camping-bord-de-loire.com\/wp-content\/uploads\/2023\/03\/Belvedere-des-Caillettes-&#xA9;Communaute-de-Communes-du-Pithiverais-Gatinais.-_21_-1.webp\" alt=\"Holzdenkmal\" class=\"wp-image-2768\"\/><\/figure>\n<\/div>\n\n\n\n<div class=\"wp-block-column is-vertically-aligned-center is-layout-flow wp-block-column-is-layout-flow\" style=\"flex-basis:33.33%\">\n<p class=\"ls-paragraph\">Willkommen auf der Seite <strong>Neuigkeiten &amp; Tipps<\/strong> des <strong>Flower Camping Le Jardin de Sully<\/strong>, deinem ganzj\u00e4hrig ge\u00f6ffneten Familiencampingplatz in Saint-P\u00e8re-sur-Loire, gegen\u00fcber dem Schloss Sully-sur-Loire.<br\/>Hier findest du alle unsere <strong>Ideen f\u00fcr Aufenthalte<\/strong>, unsere <strong>praktischen Tipps<\/strong> und die <strong>Neuheiten des Campingplatzes<\/strong> im Laufe der Jahreszeiten.<\/p>\n<\/div>\n<\/div>\n\n\r\n    <\/div>\r\n<\/section><section id=\"ls-section-block_89abff559b663519cd20a87a2c9ea95a\" class=\"ls-section  page-parallax-bis has-background-image has-parallax has-p-t p-t-14 has-p-b p-b-14\" >\r\n    <div class=\"ls-section__background-image opacity-100\"><img decoding=\"async\" src=\"https:\/\/www.camping-bord-de-loire.com\/wp-content\/uploads\/2023\/04\/visiter-chateau-loire-3-scaled.webp\" alt=\"Schloss Sully besuchen\"><\/div>    <div class=\"container \">\r\n        \r\n    <\/div>\r\n<\/section><section id=\"ls-section-block_e5cfdff79c951ce98a67a80783b53a91\" class=\"ls-section  page-parallax\" >\r\n        <div class=\"container container--full\">\r\n        \n\n<div class=\"wp-block-columns is-layout-flex wp-container-core-columns-is-layout-9d6595d7 wp-block-columns-is-layout-flex\">\n<div class=\"wp-block-column left is-layout-flow wp-block-column-is-layout-flow\"><\/div>\n\n\n\n<div class=\"wp-block-column right has-color-white-background-color has-background is-layout-flow wp-block-column-is-layout-flow\">\n<h2 class=\"ls__heading wp-block-heading deco\">Ideen f\u00fcr Aufenthalte im Loiret<\/h2>\n\n\n\n<p class=\"ls-paragraph\">Lust auf ein Wochenende im Herbst an der Loire, einen gem\u00fctlichen Winteraufenthalt, einen Naturausflug im Fr\u00fchling oder die malerischen D\u00f6rfer zu besuchen und die Sonne im Sommer zu genie\u00dfen?<br\/><strong>Unsere Artikel<\/strong> geben dir Ideen, wie du deinen Aufenthalt im Loiret in vollen Z\u00fcgen genie\u00dfen kannst, egal ob du im Mobilheim, Zelt oder Wohnmobil bist.<\/p>\n\n\n\n<p class=\"ls-paragraph\">Entdecke unsere Wochenendvorschl\u00e4ge und unsere Tipps, um Sully-sur-Loire und seine Umgebung das ganze Jahr \u00fcber zu besuchen.<\/p>\n<\/div>\n<\/div>\n\n\r\n    <\/div>\r\n<\/section><section id=\"ls-section-block_6e0b8c93b37ddc4a09814f04ecce9178\" class=\"ls-section  page-two fond-degrade has-p-b p-b-14\" >\r\n        <div class=\"container container--wide\">\r\n        \n\n<div class=\"wp-block-columns is-layout-flex wp-container-core-columns-is-layout-9d6595d7 wp-block-columns-is-layout-flex\">\n<div class=\"wp-block-column is-layout-flow wp-block-column-is-layout-flow\">\n<h2 class=\"ls__heading wp-block-heading deco\">Neuigkeiten vom Campingplatz<\/h2>\n\n\n\n<p class=\"ls-paragraph\">Folge den Kulissen des <strong><a href=\"https:\/\/www.camping-bord-de-loire.com\/de\/\">Jardin de Sully<\/a><\/strong>: Verbesserungsarbeiten, neue Aktivit\u00e4ten, nachhaltige Projekte oder Anekdoten aus dem Campingplatzleben.<br\/>Wir teilen hier alles, was das Campingplatzleben ausmacht, in aller Transparenz und mit der uns eigenen Geselligkeit.<\/p>\n\n\n\n<p class=\"ls-paragraph\">Schau regelm\u00e4\u00dfig in dieser Rubrik vorbei, um keine unserer Neuigkeiten zu verpassen!<\/p>\n\n\n\n<h2 class=\"ls__heading wp-block-heading deco\">Entdeckungen rund um Sully-sur-Loire<\/h2>\n\n\n\n<p class=\"ls-paragraph\">Der Campingplatz ist der ideale Ausgangspunkt, um <strong>die Loire<\/strong> und ihre Sch\u00e4tze zu erkunden: Kulturerbe, Gastronomie, Wanderungen oder Radtouren.<br\/>Wir zeigen dir unsere lokalen Favoriten, unsere <strong>Lieblingsd\u00f6rfer<\/strong> und die Veranstaltungen, die du im Loiret nicht verpassen solltest.<\/p>\n\n\n\n<p class=\"ls-paragraph\">Lass dich f\u00fcr deine n\u00e4chsten Ausfl\u00fcge in der Region <strong>Centre-Val de Loire<\/strong> inspirieren.<\/p>\n\n\n\n<h2 class=\"ls__heading wp-block-heading deco\">Tipps und Praktisches<\/h2>\n\n\n\n<p class=\"ls-paragraph\">Bereite deinen Aufenthalt optimal vor mit unseren Tipps zum leichten Reisen, zur Auswahl deiner Unterkunft oder um die Region in aller Ruhe zu entdecken.<br\/>Egal ob du ein erfahrener Camper oder ein Komfortliebhaber bist, wir teilen unsere besten Tipps f\u00fcr einen gelungenen Aufenthalt.<\/p>\n<\/div>\n\n\n\n<div class=\"wp-block-column is-layout-flow wp-block-column-is-layout-flow\">\n<figure class=\"wp-block-image size-large\"><img decoding=\"async\" src=\"https:\/\/www.camping-bord-de-loire.com\/wp-content\/uploads\/2025\/10\/2023-09-08-Camping-Le-Jardin-de-Sully-_web_-&#xA9;-Pomme-Jean-Marc_15_0-edited-1.webp\" alt=\"Campingplatzbetreiber Sully\" class=\"wp-image-2793\" style=\"aspect-ratio:3\/4;object-fit:cover\"\/><\/figure>\n<\/div>\n<\/div>\n\n\r\n    <\/div>\r\n<\/section><section id=\"ls-section-block_9e712fdf9725fd2393f568d55bdf5dbe\" class=\"ls-section  page-maillage has-p-t p-t-14 has-p-b p-b-14\" >\r\n        <div class=\"container container--wide\">\r\n        \n\n<div id=\"ls-heading ls-titre-div-block_10a2053a9ef1cb3e189c924dd70cdd96\" class=\"ls-titre-div deco aligncenter h2-like\" >\n    Entdecke unsere Artikel<\/div>\n\n\n\n<div class=\"wp-block-columns is-layout-flex wp-container-core-columns-is-layout-9d6595d7 wp-block-columns-is-layout-flex\">\n<div class=\"wp-block-column is-layout-flow wp-block-column-is-layout-flow\">\r\n<div id=\"ls-cta-block_866144390a682aeb2a3e83630a9d3aad\" class=\"ls-cta\">  \r\n    \n\n<a href=\"https:\/\/www.camping-bord-de-loire.com\/de\/ideen-fur-aufenthalte\/\" target=\"\" rel=\"noopener\" class=\"ls-cta__link\">\n\n\t<div class=\"ls-cta__image\"><img decoding=\"async\" src=\"https:\/\/www.camping-bord-de-loire.com\/wp-content\/uploads\/2023\/03\/escapade-dans-le-loiret-proche-paris.jpg\" alt=\"Flucht im Loiret bei Paris\"><\/div>\n\t<div class=\"ls-cta__title\">\n\t\tIdeen f\u00fcr Aufenthalte\t<\/div>\n\n\t\t\n<\/a><\/div><\/div>\n\n\n\n<div class=\"wp-block-column is-layout-flow wp-block-column-is-layout-flow\">\r\n<div id=\"ls-cta-block_3d824b009ef3fe03cb0a5d567e443d71\" class=\"ls-cta\">  \r\n    \n\n<a href=\"https:\/\/www.camping-bord-de-loire.com\/decouvrir-sully-sur-loire\/\" target=\"\" rel=\"noopener\" class=\"ls-cta__link\">\n\n\t<div class=\"ls-cta__image\"><img decoding=\"async\" src=\"https:\/\/www.camping-bord-de-loire.com\/wp-content\/uploads\/2025\/11\/camping-ouvert-toute-lannee-proche-paris.jpg\" alt=\"Campingstellpl\u00e4tze f\u00fcr Wohnwagen und Vans\"><\/div>\n\t<div class=\"ls-cta__title\">\n\t\tDie Region entdecken\t<\/div>\n\n\t\t\n<\/a><\/div><\/div>\n\n\n\n<div class=\"wp-block-column is-layout-flow wp-block-column-is-layout-flow\"><\/div>\n<\/div>\n\n\r\n    <\/div>\r\n<\/section><section id=\"ls-section-block_9e712fdf9725fd2393f568d55bdf5dbe\" class=\"ls-section  page-maillage has-p-t p-t-14 has-p-b p-b-14\" >\r\n        <div class=\"container container--wide\">\r\n        \n\n<div id=\"ls-heading ls-titre-div-block_c2892fd324214c80b71cc5f0e5e2c55a\" class=\"ls-titre-div deco aligncenter h2-like\" >\n    Plane jetzt deinen n\u00e4chsten Urlaub<\/div>\n\n\n\n<p class=\"ls-paragraph\">Der <strong>Flower Camping Le Jardin de Sully<\/strong> empf\u00e4ngt dich das ganze Jahr \u00fcber an der Loire, in einer ruhigen und gr\u00fcnen Umgebung.<br\/>F\u00fcr ein Wochenende, einen Urlaub oder eine entspannende Pause erwarten dich unsere Mobilheime, Stellpl\u00e4tze und Lodges nur einen Steinwurf vom Schloss Sully-sur-Loire entfernt.<\/p>\n\n\n\n<p class=\"ls-paragraph\"><a href=\"https:\/\/www.camping-bord-de-loire.com\/de\/location-mobil-home-loiret\/\">Entdecke unsere Unterk\u00fcnfte<\/a><\/p>\n\n\n\n<p class=\"ls-paragraph\"><a href=\"https:\/\/www.camping-bord-de-loire.com\/de\/?page_id=3510\">Kontaktiere uns, um deinen Aufenthalt zu buchen<\/a><\/p>\n\n\n\n<div id=\"ls-heading ls-titre-div-block_aa058bb3c76495ffa11985fa213c6509\" class=\"ls-titre-div deco aligncenter h2-like\" >\n    Entdecke den Campingplatz und seine Umgebung<\/div>\n\n\n<div id=\"ls-maillage-block_9197ea580e7e7df08b3abb508ee8bce3\" class=\"ls-maillage cta-style-normal\" data-rows=\"3\">\r\n    <div class=\"wp-block-columns\"><div class=\"wp-block-column\">\n\n<a href=\"https:\/\/www.camping-bord-de-loire.com\/de\/location-emplacement-loiret\/\" target=\"\" rel=\"noopener\" class=\"ls-cta__link\">\n\n\t<div class=\"ls-cta__image\"><img decoding=\"async\" src=\"https:\/\/www.camping-bord-de-loire.com\/wp-content\/uploads\/2023\/04\/emplacement-caravaning-loiret.webp\" alt=\"Wohnwagenstellplatz Loiret\"><\/div>\n\t<div class=\"ls-cta__title\">\n\t\tUnsere Stellpl\u00e4tze\t<\/div>\n\n\t\t\n<\/a><\/div><div class=\"wp-block-column\">\n\n<a href=\"https:\/\/www.camping-bord-de-loire.com\/de\/tourisme-loiret\/\" target=\"\" rel=\"noopener\" class=\"ls-cta__link\">\n\n\t<div class=\"ls-cta__image\"><img decoding=\"async\" src=\"https:\/\/www.camping-bord-de-loire.com\/wp-content\/uploads\/2023\/04\/chateau-loiret-2-768x512.webp\" alt=\"Schloss Loiret 2\"><\/div>\n\t<div class=\"ls-cta__title\">\n\t\tTourismus\t<\/div>\n\n\t\t\n<\/a><\/div><div class=\"wp-block-column\">\n\n<a href=\"https:\/\/www.camping-bord-de-loire.com\/de\/activites-loiret\/\" target=\"\" rel=\"noopener\" class=\"ls-cta__link\">\n\n\t<div class=\"ls-cta__image\"><img decoding=\"async\" src=\"https:\/\/www.camping-bord-de-loire.com\/wp-content\/uploads\/2023\/04\/vacances-sportives-loiret.webp\" alt=\"Sporturlaub Loiret\"><\/div>\n\t<div class=\"ls-cta__title\">\n\t\tAktivit\u00e4ten im Loiret\t<\/div>\n\n\t\t\n<\/a><\/div><\/div><\/div>\n\r\n    <\/div>\r\n<\/section><section id=\"ls-section-block_5844242e4daacb0c669cc7fb4942a668\" class=\"ls-section \" >\r\n        <div class=\"container \">\r\n        \r\n    <\/div>\r\n<\/section>","protected":false},"excerpt":{"rendered":"","protected":false},"author":2,"featured_media":3331,"parent":0,"menu_order":0,"comment_status":"closed","ping_status":"closed","template":"","meta":{"_acf_changed":false,"footnotes":""},"sujet":[],"class_list":["post-3324","page","type-page","status-publish","has-post-thumbnail","hentry"],"acf":[],"yoast_head":"<!-- This site is optimized with the Yoast SEO plugin v26.5 - https:\/\/yoast.com\/wordpress\/plugins\/seo\/ -->\n<title>Neuigkeiten | Camping Le Jardin de Sully in Saint-P\u00e8re-sur-Loire<\/title>\n<meta name=\"description\" content=\"Entdecke alle Neuigkeiten, Tipps und Ideen f\u00fcr Aufenthalte im Jardin de Sully, einem ganzj\u00e4hrig ge\u00f6ffneten Familiencampingplatz an der Loire.\" \/>\n<meta name=\"robots\" content=\"index, follow, max-snippet:-1, max-image-preview:large, max-video-preview:-1\" \/>\n<link rel=\"canonical\" href=\"https:\/\/www.camping-bord-de-loire.com\/de\/actualites-conseils\/\" \/>\n<meta property=\"og:locale\" content=\"de_DE\" \/>\n<meta property=\"og:type\" content=\"article\" \/>\n<meta property=\"og:title\" content=\"Neuigkeiten | Camping Le Jardin de Sully in Saint-P\u00e8re-sur-Loire\" \/>\n<meta property=\"og:description\" content=\"Entdecke alle Neuigkeiten, Tipps und Ideen f\u00fcr Aufenthalte im Jardin de Sully, einem ganzj\u00e4hrig ge\u00f6ffneten Familiencampingplatz an der Loire.\" \/>\n<meta property=\"og:url\" content=\"https:\/\/www.camping-bord-de-loire.com\/de\/actualites-conseils\/\" \/>\n<meta property=\"og:site_name\" content=\"Le Jardin de Sully\" \/>\n<meta property=\"article:publisher\" content=\"https:\/\/www.facebook.com\/CampingLeJardinDeSully\" \/>\n<meta property=\"article:modified_time\" content=\"2026-02-25T13:40:03+00:00\" \/>\n<meta property=\"og:image\" content=\"https:\/\/www.camping-bord-de-loire.com\/wp-content\/uploads\/2023\/03\/photo-de-balade-dans-le-loiret.webp\" \/>\n\t<meta property=\"og:image:width\" content=\"1600\" \/>\n\t<meta property=\"og:image:height\" content=\"896\" \/>\n\t<meta property=\"og:image:type\" content=\"image\/webp\" \/>\n<meta name=\"twitter:card\" content=\"summary_large_image\" \/>\n<meta name=\"twitter:label1\" content=\"Gesch\u00e4tzte Lesezeit\" \/>\n\t<meta name=\"twitter:data1\" content=\"2\u00a0Minuten\" \/>\n<script type=\"application\/ld+json\" class=\"yoast-schema-graph\">{\"@context\":\"https:\/\/schema.org\",\"@graph\":[{\"@type\":\"WebPage\",\"@id\":\"https:\/\/www.camping-bord-de-loire.com\/de\/actualites-conseils\/\",\"url\":\"https:\/\/www.camping-bord-de-loire.com\/de\/actualites-conseils\/\",\"name\":\"Neuigkeiten | Camping Le Jardin de Sully in Saint-P\u00e8re-sur-Loire\",\"isPartOf\":{\"@id\":\"https:\/\/www.camping-bord-de-loire.com\/#website\"},\"primaryImageOfPage\":{\"@id\":\"https:\/\/www.camping-bord-de-loire.com\/de\/actualites-conseils\/#primaryimage\"},\"image\":{\"@id\":\"https:\/\/www.camping-bord-de-loire.com\/de\/actualites-conseils\/#primaryimage\"},\"thumbnailUrl\":\"https:\/\/www.camping-bord-de-loire.com\/wp-content\/uploads\/2023\/03\/photo-de-balade-dans-le-loiret.webp\",\"datePublished\":\"2025-11-01T11:30:01+00:00\",\"dateModified\":\"2026-02-25T13:40:03+00:00\",\"description\":\"Entdecke alle Neuigkeiten, Tipps und Ideen f\u00fcr Aufenthalte im Jardin de Sully, einem ganzj\u00e4hrig ge\u00f6ffneten Familiencampingplatz an der Loire.\",\"breadcrumb\":{\"@id\":\"https:\/\/www.camping-bord-de-loire.com\/de\/actualites-conseils\/#breadcrumb\"},\"inLanguage\":\"de\",\"potentialAction\":[{\"@type\":\"ReadAction\",\"target\":[\"https:\/\/www.camping-bord-de-loire.com\/de\/actualites-conseils\/\"]}]},{\"@type\":\"ImageObject\",\"inLanguage\":\"de\",\"@id\":\"https:\/\/www.camping-bord-de-loire.com\/de\/actualites-conseils\/#primaryimage\",\"url\":\"https:\/\/www.camping-bord-de-loire.com\/wp-content\/uploads\/2023\/03\/photo-de-balade-dans-le-loiret.webp\",\"contentUrl\":\"https:\/\/www.camping-bord-de-loire.com\/wp-content\/uploads\/2023\/03\/photo-de-balade-dans-le-loiret.webp\",\"width\":1600,\"height\":896,\"caption\":\"photo de balade dans le loiret\"},{\"@type\":\"BreadcrumbList\",\"@id\":\"https:\/\/www.camping-bord-de-loire.com\/de\/actualites-conseils\/#breadcrumb\",\"itemListElement\":[{\"@type\":\"ListItem\",\"position\":1,\"name\":\"Camping en bord de Loire\",\"item\":\"https:\/\/www.camping-bord-de-loire.com\/de\/\"},{\"@type\":\"ListItem\",\"position\":2,\"name\":\"Aktuelles und Tipps\"}]},{\"@type\":\"WebSite\",\"@id\":\"https:\/\/www.camping-bord-de-loire.com\/#website\",\"url\":\"https:\/\/www.camping-bord-de-loire.com\/\",\"name\":\"Flower Camping le Jardin de Sully\",\"description\":\"\",\"publisher\":{\"@id\":\"https:\/\/www.camping-bord-de-loire.com\/#organization\"},\"alternateName\":\"Camping le Jardin de Sully\",\"potentialAction\":[{\"@type\":\"SearchAction\",\"target\":{\"@type\":\"EntryPoint\",\"urlTemplate\":\"https:\/\/www.camping-bord-de-loire.com\/?s={search_term_string}\"},\"query-input\":{\"@type\":\"PropertyValueSpecification\",\"valueRequired\":true,\"valueName\":\"search_term_string\"}}],\"inLanguage\":\"de\"},{\"@type\":\"Organization\",\"@id\":\"https:\/\/www.camping-bord-de-loire.com\/#organization\",\"name\":\"Flower Camping Le Jardin De Sully (Ouvert \u00e0 l\u2019ann\u00e9e)\",\"alternateName\":\"Camping le Jardin de Sully\",\"url\":\"https:\/\/www.camping-bord-de-loire.com\/\",\"logo\":{\"@type\":\"ImageObject\",\"inLanguage\":\"de\",\"@id\":\"https:\/\/www.camping-bord-de-loire.com\/#\/schema\/logo\/image\/\",\"url\":\"https:\/\/www.camping-bord-de-loire.com\/wp-content\/uploads\/2023\/03\/camping-de-sully-logo-blanc.webp\",\"contentUrl\":\"https:\/\/www.camping-bord-de-loire.com\/wp-content\/uploads\/2023\/03\/camping-de-sully-logo-blanc.webp\",\"width\":250,\"height\":193,\"caption\":\"Flower Camping Le Jardin De Sully (Ouvert \u00e0 l\u2019ann\u00e9e)\"},\"image\":{\"@id\":\"https:\/\/www.camping-bord-de-loire.com\/#\/schema\/logo\/image\/\"},\"sameAs\":[\"https:\/\/www.facebook.com\/CampingLeJardinDeSully\"]}]}<\/script>\n<!-- \/ Yoast SEO plugin. -->","yoast_head_json":{"title":"Neuigkeiten | Camping Le Jardin de Sully in Saint-P\u00e8re-sur-Loire","description":"Entdecke alle Neuigkeiten, Tipps und Ideen f\u00fcr Aufenthalte im Jardin de Sully, einem ganzj\u00e4hrig ge\u00f6ffneten Familiencampingplatz an der Loire.","robots":{"index":"index","follow":"follow","max-snippet":"max-snippet:-1","max-image-preview":"max-image-preview:large","max-video-preview":"max-video-preview:-1"},"canonical":"https:\/\/www.camping-bord-de-loire.com\/de\/actualites-conseils\/","og_locale":"de_DE","og_type":"article","og_title":"Neuigkeiten | Camping Le Jardin de Sully in Saint-P\u00e8re-sur-Loire","og_description":"Entdecke alle Neuigkeiten, Tipps und Ideen f\u00fcr Aufenthalte im Jardin de Sully, einem ganzj\u00e4hrig ge\u00f6ffneten Familiencampingplatz an der Loire.","og_url":"https:\/\/www.camping-bord-de-loire.com\/de\/actualites-conseils\/","og_site_name":"Le Jardin de Sully","article_publisher":"https:\/\/www.facebook.com\/CampingLeJardinDeSully","article_modified_time":"2026-02-25T13:40:03+00:00","og_image":[{"width":1600,"height":896,"url":"https:\/\/www.camping-bord-de-loire.com\/wp-content\/uploads\/2023\/03\/photo-de-balade-dans-le-loiret.webp","type":"image\/webp"}],"twitter_card":"summary_large_image","twitter_misc":{"Gesch\u00e4tzte Lesezeit":"2\u00a0Minuten"},"schema":{"@context":"https:\/\/schema.org","@graph":[{"@type":"WebPage","@id":"https:\/\/www.camping-bord-de-loire.com\/de\/actualites-conseils\/","url":"https:\/\/www.camping-bord-de-loire.com\/de\/actualites-conseils\/","name":"Neuigkeiten | Camping Le Jardin de Sully in Saint-P\u00e8re-sur-Loire","isPartOf":{"@id":"https:\/\/www.camping-bord-de-loire.com\/#website"},"primaryImageOfPage":{"@id":"https:\/\/www.camping-bord-de-loire.com\/de\/actualites-conseils\/#primaryimage"},"image":{"@id":"https:\/\/www.camping-bord-de-loire.com\/de\/actualites-conseils\/#primaryimage"},"thumbnailUrl":"https:\/\/www.camping-bord-de-loire.com\/wp-content\/uploads\/2023\/03\/photo-de-balade-dans-le-loiret.webp","datePublished":"2025-11-01T11:30:01+00:00","dateModified":"2026-02-25T13:40:03+00:00","description":"Entdecke alle Neuigkeiten, Tipps und Ideen f\u00fcr Aufenthalte im Jardin de Sully, einem ganzj\u00e4hrig ge\u00f6ffneten Familiencampingplatz an der Loire.","breadcrumb":{"@id":"https:\/\/www.camping-bord-de-loire.com\/de\/actualites-conseils\/#breadcrumb"},"inLanguage":"de","potentialAction":[{"@type":"ReadAction","target":["https:\/\/www.camping-bord-de-loire.com\/de\/actualites-conseils\/"]}]},{"@type":"ImageObject","inLanguage":"de","@id":"https:\/\/www.camping-bord-de-loire.com\/de\/actualites-conseils\/#primaryimage","url":"https:\/\/www.camping-bord-de-loire.com\/wp-content\/uploads\/2023\/03\/photo-de-balade-dans-le-loiret.webp","contentUrl":"https:\/\/www.camping-bord-de-loire.com\/wp-content\/uploads\/2023\/03\/photo-de-balade-dans-le-loiret.webp","width":1600,"height":896,"caption":"photo de balade dans le loiret"},{"@type":"BreadcrumbList","@id":"https:\/\/www.camping-bord-de-loire.com\/de\/actualites-conseils\/#breadcrumb","itemListElement":[{"@type":"ListItem","position":1,"name":"Camping en bord de Loire","item":"https:\/\/www.camping-bord-de-loire.com\/de\/"},{"@type":"ListItem","position":2,"name":"Aktuelles und Tipps"}]},{"@type":"WebSite","@id":"https:\/\/www.camping-bord-de-loire.com\/#website","url":"https:\/\/www.camping-bord-de-loire.com\/","name":"Flower Camping le Jardin de Sully","description":"","publisher":{"@id":"https:\/\/www.camping-bord-de-loire.com\/#organization"},"alternateName":"Camping le Jardin de Sully","potentialAction":[{"@type":"SearchAction","target":{"@type":"EntryPoint","urlTemplate":"https:\/\/www.camping-bord-de-loire.com\/?s={search_term_string}"},"query-input":{"@type":"PropertyValueSpecification","valueRequired":true,"valueName":"search_term_string"}}],"inLanguage":"de"},{"@type":"Organization","@id":"https:\/\/www.camping-bord-de-loire.com\/#organization","name":"Flower Camping Le Jardin De Sully (Ouvert \u00e0 l\u2019ann\u00e9e)","alternateName":"Camping le Jardin de Sully","url":"https:\/\/www.camping-bord-de-loire.com\/","logo":{"@type":"ImageObject","inLanguage":"de","@id":"https:\/\/www.camping-bord-de-loire.com\/#\/schema\/logo\/image\/","url":"https:\/\/www.camping-bord-de-loire.com\/wp-content\/uploads\/2023\/03\/camping-de-sully-logo-blanc.webp","contentUrl":"https:\/\/www.camping-bord-de-loire.com\/wp-content\/uploads\/2023\/03\/camping-de-sully-logo-blanc.webp","width":250,"height":193,"caption":"Flower Camping Le Jardin De Sully (Ouvert \u00e0 l\u2019ann\u00e9e)"},"image":{"@id":"https:\/\/www.camping-bord-de-loire.com\/#\/schema\/logo\/image\/"},"sameAs":["https:\/\/www.facebook.com\/CampingLeJardinDeSully"]}]}},"_links":{"self":[{"href":"https:\/\/www.camping-bord-de-loire.com\/de\/wp-json\/wp\/v2\/pages\/3324","targetHints":{"allow":["GET"]}}],"collection":[{"href":"https:\/\/www.camping-bord-de-loire.com\/de\/wp-json\/wp\/v2\/pages"}],"about":[{"href":"https:\/\/www.camping-bord-de-loire.com\/de\/wp-json\/wp\/v2\/types\/page"}],"author":[{"embeddable":true,"href":"https:\/\/www.camping-bord-de-loire.com\/de\/wp-json\/wp\/v2\/users\/2"}],"replies":[{"embeddable":true,"href":"https:\/\/www.camping-bord-de-loire.com\/de\/wp-json\/wp\/v2\/comments?post=3324"}],"version-history":[{"count":5,"href":"https:\/\/www.camping-bord-de-loire.com\/de\/wp-json\/wp\/v2\/pages\/3324\/revisions"}],"predecessor-version":[{"id":4006,"href":"https:\/\/www.camping-bord-de-loire.com\/de\/wp-json\/wp\/v2\/pages\/3324\/revisions\/4006"}],"wp:featuredmedia":[{"embeddable":true,"href":"https:\/\/www.camping-bord-de-loire.com\/de\/wp-json\/wp\/v2\/media\/3331"}],"wp:attachment":[{"href":"https:\/\/www.camping-bord-de-loire.com\/de\/wp-json\/wp\/v2\/media?parent=3324"}],"wp:term":[{"taxonomy":"sujet","embeddable":true,"href":"https:\/\/www.camping-bord-de-loire.com\/de\/wp-json\/wp\/v2\/sujet?post=3324"}],"curies":[{"name":"wp","href":"https:\/\/api.w.org\/{rel}","templated":true}]}}